{"id":14886,"date":"2026-04-17T09:08:51","date_gmt":"2026-04-17T07:08:51","guid":{"rendered":"https:\/\/partsandpieces.nl\/?post_type=product&#038;p=14886"},"modified":"2026-04-17T09:32:35","modified_gmt":"2026-04-17T07:32:35","slug":"greep-koperkleurig-antiek-klassiek-serie-752-160mm","status":"publish","type":"product","link":"https:\/\/partsandpieces.nl\/de\/product\/greep-koperkleurig-antiek-klassiek-serie-752-160mm\/","title":{"rendered":"Griff Kupferfarbene antike Classic-Serie 752 160 mm (10 St\u00fcck)"},"content":{"rendered":"<p><strong>Griff Antik kupferfarben, Serie Classic 752, 160 mm<\/strong> ist ein wundersch\u00f6ner, eleganter Griff aus der Decor-Linie Serie 752 von Giusti. Der Griff ist aus einer Zinklegierung gefertigt und hat eine antike kupferfarbene Oberfl\u00e4che.<\/p>\n<p>Dieser hochwertige Griff wird in Italien hergestellt.<\/p>\n<p><strong>Ma\u00dfe<br \/>\n<\/strong>Greep Koperkleurig antiek Klassiek serie 752 160mm is 175mm breed en 15mm hoog. Na montage steekt deze greep 33mm uit. De boorgaten liggen 160mm uit elkaar.<\/p>\n<p><strong>Lieferung<\/strong><br \/>\nDiese Griffe werden Ihnen direkt vom Hersteller geliefert. Die Lieferung dauert in der Regel 3 bis 4 Werktage.<br \/>\nBen\u00f6tigen Sie weitere Teile? Kontaktieren Sie mich f\u00fcr ein individuelles Angebot.<\/p>","protected":false},"excerpt":{"rendered":"<p>Greep Koperkleurig antiek Klassiek serie 752 160mm is een mooie, strakke greep uit de Decor lijn serie 752 van Giusti. De greep is gemaakt van een zink legering en heeft een antieke koperkleurige finish. Deze kwalitatief uitstekende greep is gemaakt in Itali\u00eb. Afmetingen Greep Koperkleurig antiek Klassiek serie 752 160mm is 175mm breed en 15mm [&hellip;]<\/p>\n","protected":false},"featured_media":14899,"template":"","meta":{"_acf_changed":false},"product_brand":[],"product_cat":[25,29,41,23],"product_tag":[],"class_list":{"0":"post-14886","1":"product","2":"type-product","3":"status-publish","4":"has-post-thumbnail","6":"product_cat-aluminium-en-rvs","7":"product_cat-deurtrekkers","8":"product_cat-ladetrekkers","9":"product_cat-meubelbeslag","11":"first","12":"instock","13":"taxable","14":"shipping-taxable","15":"purchasable","16":"product-type-simple"},"acf":[],"yoast_head":"<!-- This site is optimized with the Yoast SEO plugin v27.4 - https:\/\/yoast.com\/product\/yoast-seo-wordpress\/ -->\n<title>Greep Koperkleurig antiek klassiek 160mm<\/title>\n<meta name=\"description\" content=\"Greep Koperkleurig antiek klassiek serie 752 160mm is een mooie, strakke greep gemaakt van een zink legering en met een antieke koperkleurige finish.\" \/>\n<meta name=\"robots\" content=\"index, follow, max-snippet:-1, max-image-preview:large, max-video-preview:-1\" \/>\n<link rel=\"canonical\" href=\"https:\/\/partsandpieces.nl\/de\/produkt\/greep-koperkleurig-antiek-klassiek-serie-752-160mm\/\" \/>\n<meta property=\"og:locale\" content=\"de_DE\" \/>\n<meta property=\"og:type\" content=\"article\" \/>\n<meta property=\"og:title\" content=\"Greep Koperkleurig antiek klassiek 160mm\" \/>\n<meta property=\"og:description\" content=\"Greep Koperkleurig antiek klassiek serie 752 160mm is een mooie, strakke greep gemaakt van een zink legering en met een antieke koperkleurige finish.\" \/>\n<meta property=\"og:url\" content=\"https:\/\/partsandpieces.nl\/de\/produkt\/greep-koperkleurig-antiek-klassiek-serie-752-160mm\/\" \/>\n<meta property=\"og:site_name\" content=\"Parts &amp; Pieces\" \/>\n<meta property=\"article:modified_time\" content=\"2026-04-17T07:32:35+00:00\" \/>\n<meta property=\"og:image\" content=\"https:\/\/partsandpieces.nl\/wp-content\/uploads\/2026\/04\/Greep-Koperkleurig-antiek-Klassiek-serie-752-160mm.jpg\" \/>\n\t<meta property=\"og:image:width\" content=\"1440\" \/>\n\t<meta property=\"og:image:height\" content=\"1440\" \/>\n\t<meta property=\"og:image:type\" content=\"image\/jpeg\" \/>\n<meta name=\"twitter:card\" content=\"summary_large_image\" \/>\n<meta name=\"twitter:label1\" content=\"Gesch\u00e4tzte Lesezeit\" \/>\n\t<meta name=\"twitter:data1\" content=\"1\u00a0Minute\" \/>\n<script type=\"application\/ld+json\" class=\"yoast-schema-graph\">{\"@context\":\"https:\\\/\\\/schema.org\",\"@graph\":[{\"@type\":\"WebPage\",\"@id\":\"https:\\\/\\\/partsandpieces.nl\\\/product\\\/greep-koperkleurig-antiek-klassiek-serie-752-160mm\\\/\",\"url\":\"https:\\\/\\\/partsandpieces.nl\\\/product\\\/greep-koperkleurig-antiek-klassiek-serie-752-160mm\\\/\",\"name\":\"Greep Koperkleurig antiek klassiek 160mm\",\"isPartOf\":{\"@id\":\"https:\\\/\\\/partsandpieces.nl\\\/#website\"},\"primaryImageOfPage\":{\"@id\":\"https:\\\/\\\/partsandpieces.nl\\\/product\\\/greep-koperkleurig-antiek-klassiek-serie-752-160mm\\\/#primaryimage\"},\"image\":{\"@id\":\"https:\\\/\\\/partsandpieces.nl\\\/product\\\/greep-koperkleurig-antiek-klassiek-serie-752-160mm\\\/#primaryimage\"},\"thumbnailUrl\":\"https:\\\/\\\/partsandpieces.nl\\\/wp-content\\\/uploads\\\/2026\\\/04\\\/Greep-Koperkleurig-antiek-Klassiek-serie-752-160mm.jpg\",\"datePublished\":\"2026-04-17T07:08:51+00:00\",\"dateModified\":\"2026-04-17T07:32:35+00:00\",\"description\":\"Greep Koperkleurig antiek klassiek serie 752 160mm is een mooie, strakke greep gemaakt van een zink legering en met een antieke koperkleurige finish.\",\"breadcrumb\":{\"@id\":\"https:\\\/\\\/partsandpieces.nl\\\/product\\\/greep-koperkleurig-antiek-klassiek-serie-752-160mm\\\/#breadcrumb\"},\"inLanguage\":\"de\",\"potentialAction\":[{\"@type\":\"ReadAction\",\"target\":[\"https:\\\/\\\/partsandpieces.nl\\\/product\\\/greep-koperkleurig-antiek-klassiek-serie-752-160mm\\\/\"]}]},{\"@type\":\"ImageObject\",\"inLanguage\":\"de\",\"@id\":\"https:\\\/\\\/partsandpieces.nl\\\/product\\\/greep-koperkleurig-antiek-klassiek-serie-752-160mm\\\/#primaryimage\",\"url\":\"https:\\\/\\\/partsandpieces.nl\\\/wp-content\\\/uploads\\\/2026\\\/04\\\/Greep-Koperkleurig-antiek-Klassiek-serie-752-160mm.jpg\",\"contentUrl\":\"https:\\\/\\\/partsandpieces.nl\\\/wp-content\\\/uploads\\\/2026\\\/04\\\/Greep-Koperkleurig-antiek-Klassiek-serie-752-160mm.jpg\",\"width\":1440,\"height\":1440,\"caption\":\"Greep Koperkleurig antiek Klassiek serie 752 160mm\"},{\"@type\":\"BreadcrumbList\",\"@id\":\"https:\\\/\\\/partsandpieces.nl\\\/product\\\/greep-koperkleurig-antiek-klassiek-serie-752-160mm\\\/#breadcrumb\",\"itemListElement\":[{\"@type\":\"ListItem\",\"position\":1,\"name\":\"Home\",\"item\":\"https:\\\/\\\/partsandpieces.nl\\\/home\\\/\"},{\"@type\":\"ListItem\",\"position\":2,\"name\":\"Winkel\",\"item\":\"https:\\\/\\\/partsandpieces.nl\\\/winkel\\\/\"},{\"@type\":\"ListItem\",\"position\":3,\"name\":\"Greep Koperkleurig antiek Klassiek serie 752 160mm (10 stuks)\"}]},{\"@type\":\"WebSite\",\"@id\":\"https:\\\/\\\/partsandpieces.nl\\\/#website\",\"url\":\"https:\\\/\\\/partsandpieces.nl\\\/\",\"name\":\"Parts &amp; Pieces\",\"description\":\"Alles voor uw meubelrestauratie en -onderhoud!\",\"potentialAction\":[{\"@type\":\"SearchAction\",\"target\":{\"@type\":\"EntryPoint\",\"urlTemplate\":\"https:\\\/\\\/partsandpieces.nl\\\/?s={search_term_string}\"},\"query-input\":{\"@type\":\"PropertyValueSpecification\",\"valueRequired\":true,\"valueName\":\"search_term_string\"}}],\"inLanguage\":\"de\"}]}<\/script>\n<!-- \/ Yoast SEO plugin. -->","yoast_head_json":{"title":"Greep Koperkleurig antiek klassiek 160mm","description":"Greep Koperkleurig antiek klassiek serie 752 160mm is een mooie, strakke greep gemaakt van een zink legering en met een antieke koperkleurige finish.","robots":{"index":"index","follow":"follow","max-snippet":"max-snippet:-1","max-image-preview":"max-image-preview:large","max-video-preview":"max-video-preview:-1"},"canonical":"https:\/\/partsandpieces.nl\/de\/produkt\/greep-koperkleurig-antiek-klassiek-serie-752-160mm\/","og_locale":"de_DE","og_type":"article","og_title":"Greep Koperkleurig antiek klassiek 160mm","og_description":"Greep Koperkleurig antiek klassiek serie 752 160mm is een mooie, strakke greep gemaakt van een zink legering en met een antieke koperkleurige finish.","og_url":"https:\/\/partsandpieces.nl\/de\/produkt\/greep-koperkleurig-antiek-klassiek-serie-752-160mm\/","og_site_name":"Parts &amp; Pieces","article_modified_time":"2026-04-17T07:32:35+00:00","og_image":[{"width":1440,"height":1440,"url":"https:\/\/partsandpieces.nl\/wp-content\/uploads\/2026\/04\/Greep-Koperkleurig-antiek-Klassiek-serie-752-160mm.jpg","type":"image\/jpeg"}],"twitter_card":"summary_large_image","twitter_misc":{"Gesch\u00e4tzte Lesezeit":"1\u00a0Minute"},"schema":{"@context":"https:\/\/schema.org","@graph":[{"@type":"WebPage","@id":"https:\/\/partsandpieces.nl\/product\/greep-koperkleurig-antiek-klassiek-serie-752-160mm\/","url":"https:\/\/partsandpieces.nl\/product\/greep-koperkleurig-antiek-klassiek-serie-752-160mm\/","name":"Greep Koperkleurig antiek klassiek 160mm","isPartOf":{"@id":"https:\/\/partsandpieces.nl\/#website"},"primaryImageOfPage":{"@id":"https:\/\/partsandpieces.nl\/product\/greep-koperkleurig-antiek-klassiek-serie-752-160mm\/#primaryimage"},"image":{"@id":"https:\/\/partsandpieces.nl\/product\/greep-koperkleurig-antiek-klassiek-serie-752-160mm\/#primaryimage"},"thumbnailUrl":"https:\/\/partsandpieces.nl\/wp-content\/uploads\/2026\/04\/Greep-Koperkleurig-antiek-Klassiek-serie-752-160mm.jpg","datePublished":"2026-04-17T07:08:51+00:00","dateModified":"2026-04-17T07:32:35+00:00","description":"Greep Koperkleurig antiek klassiek serie 752 160mm is een mooie, strakke greep gemaakt van een zink legering en met een antieke koperkleurige finish.","breadcrumb":{"@id":"https:\/\/partsandpieces.nl\/product\/greep-koperkleurig-antiek-klassiek-serie-752-160mm\/#breadcrumb"},"inLanguage":"de","potentialAction":[{"@type":"ReadAction","target":["https:\/\/partsandpieces.nl\/product\/greep-koperkleurig-antiek-klassiek-serie-752-160mm\/"]}]},{"@type":"ImageObject","inLanguage":"de","@id":"https:\/\/partsandpieces.nl\/product\/greep-koperkleurig-antiek-klassiek-serie-752-160mm\/#primaryimage","url":"https:\/\/partsandpieces.nl\/wp-content\/uploads\/2026\/04\/Greep-Koperkleurig-antiek-Klassiek-serie-752-160mm.jpg","contentUrl":"https:\/\/partsandpieces.nl\/wp-content\/uploads\/2026\/04\/Greep-Koperkleurig-antiek-Klassiek-serie-752-160mm.jpg","width":1440,"height":1440,"caption":"Greep Koperkleurig antiek Klassiek serie 752 160mm"},{"@type":"BreadcrumbList","@id":"https:\/\/partsandpieces.nl\/product\/greep-koperkleurig-antiek-klassiek-serie-752-160mm\/#breadcrumb","itemListElement":[{"@type":"ListItem","position":1,"name":"Home","item":"https:\/\/partsandpieces.nl\/home\/"},{"@type":"ListItem","position":2,"name":"Winkel","item":"https:\/\/partsandpieces.nl\/winkel\/"},{"@type":"ListItem","position":3,"name":"Greep Koperkleurig antiek Klassiek serie 752 160mm (10 stuks)"}]},{"@type":"WebSite","@id":"https:\/\/partsandpieces.nl\/#website","url":"https:\/\/partsandpieces.nl\/","name":"Teile &amp; St\u00fccke","description":"Alles f\u00fcr Ihre M\u00f6belrestaurierung und -pflege!","potentialAction":[{"@type":"SearchAction","target":{"@type":"EntryPoint","urlTemplate":"https:\/\/partsandpieces.nl\/?s={search_term_string}"},"query-input":{"@type":"PropertyValueSpecification","valueRequired":true,"valueName":"search_term_string"}}],"inLanguage":"de"}]}},"_links":{"self":[{"href":"https:\/\/partsandpieces.nl\/de\/wp-json\/wp\/v2\/product\/14886","targetHints":{"allow":["GET"]}}],"collection":[{"href":"https:\/\/partsandpieces.nl\/de\/wp-json\/wp\/v2\/product"}],"about":[{"href":"https:\/\/partsandpieces.nl\/de\/wp-json\/wp\/v2\/types\/product"}],"wp:featuredmedia":[{"embeddable":true,"href":"https:\/\/partsandpieces.nl\/de\/wp-json\/wp\/v2\/media\/14899"}],"wp:attachment":[{"href":"https:\/\/partsandpieces.nl\/de\/wp-json\/wp\/v2\/media?parent=14886"}],"wp:term":[{"taxonomy":"product_brand","embeddable":true,"href":"https:\/\/partsandpieces.nl\/de\/wp-json\/wp\/v2\/product_brand?post=14886"},{"taxonomy":"product_cat","embeddable":true,"href":"https:\/\/partsandpieces.nl\/de\/wp-json\/wp\/v2\/product_cat?post=14886"},{"taxonomy":"product_tag","embeddable":true,"href":"https:\/\/partsandpieces.nl\/de\/wp-json\/wp\/v2\/product_tag?post=14886"}],"curies":[{"name":"wp","href":"https:\/\/api.w.org\/{rel}","templated":true}]}}