{"id":14926,"date":"2026-04-20T12:55:13","date_gmt":"2026-04-20T10:55:13","guid":{"rendered":"https:\/\/partsandpieces.nl\/?post_type=product&#038;p=14926"},"modified":"2026-04-20T13:01:00","modified_gmt":"2026-04-20T11:01:00","slug":"griff-schwarz-satiniert-gerade-160-mm-10-stuck","status":"publish","type":"product","link":"https:\/\/partsandpieces.nl\/de\/product\/greep-zwart-satijn-recht-160mm-10-stuks\/","title":{"rendered":"Griff Schwarz Satin gerade 160 mm (10 St\u00fcck)"},"content":{"rendered":"<p><strong>Griff Schwarz Satin gerade 160 mm<\/strong> Dieser robuste M\u00f6belgriff besticht durch seine matte, seidenmatte, schwarze Oberfl\u00e4che. Er ist quadratisch mit abgerundeten Enden und leicht gew\u00f6lbten Seiten. Gefertigt aus einer Zinklegierung (Zamac), ist er besonders langlebig und widerstandsf\u00e4hig.<\/p>\n<p>Dieser hochwertige Griff wird in Italien hergestellt.<\/p>\n<p><strong>Ma\u00dfe<br \/>\n<\/strong>Der gerade, schwarz satinierte Griff (160 mm) ist insgesamt 175 mm breit. Nach der Montage steht er 29 mm hervor. Die Grifff\u00fc\u00dfe haben die Ma\u00dfe 15 x 15 mm, der Abstand zwischen den Bohrl\u00f6chern betr\u00e4gt 128 mm.<\/p>\n<p><strong>Bearbeiten<br \/>\n<\/strong>Diese Griffe werden Ihnen direkt vom Hersteller geliefert. Die Lieferung dauert in der Regel 3 bis 4 Werktage.<br \/>\nBen\u00f6tigen Sie weitere Teile? Kontaktieren Sie mich f\u00fcr ein individuelles Angebot.<\/p>","protected":false},"excerpt":{"rendered":"<p>Greep Zwart satijn recht 160mm is een stoere meubelgreep met een mat satijnen zwarte afwerking. De greep is vierkant van vorm met gebogen uiteindes. De zijdes zijn heel licht gebogen. De greep is gemaakt van een zink legering \/ zamac wat de greep erg duurzaam en robuust maakt. Deze kwalitatief uitstekende greep is gemaakt in [&hellip;]<\/p>\n","protected":false},"featured_media":14931,"template":"","meta":{"_acf_changed":false},"product_brand":[],"product_cat":[29,41,23,53],"product_tag":[],"class_list":{"0":"post-14926","1":"product","2":"type-product","3":"status-publish","4":"has-post-thumbnail","6":"product_cat-deurtrekkers","7":"product_cat-ladetrekkers","8":"product_cat-meubelbeslag","9":"product_cat-vintage-grepen","11":"first","12":"instock","13":"taxable","14":"shipping-taxable","15":"purchasable","16":"product-type-simple"},"acf":[],"yoast_head":"<!-- This site is optimized with the Yoast SEO plugin v27.4 - https:\/\/yoast.com\/product\/yoast-seo-wordpress\/ -->\n<title>Greep Zwart satijn recht 160mm<\/title>\n<meta name=\"description\" content=\"Greep Zwart satijn recht 160mm is een stoere meubelgreep met een mat antiek messing afwerking. De greep is vierkant van vorm met gebogen uiteindes.\" \/>\n<meta name=\"robots\" content=\"index, follow, max-snippet:-1, max-image-preview:large, max-video-preview:-1\" \/>\n<link rel=\"canonical\" href=\"https:\/\/partsandpieces.nl\/de\/produkt\/griff-schwarz-satiniert-gerade-160-mm-10-stuck\/\" \/>\n<meta property=\"og:locale\" content=\"de_DE\" \/>\n<meta property=\"og:type\" content=\"article\" \/>\n<meta property=\"og:title\" content=\"Greep Zwart satijn recht 160mm\" \/>\n<meta property=\"og:description\" content=\"Greep Zwart satijn recht 160mm is een stoere meubelgreep met een mat antiek messing afwerking. De greep is vierkant van vorm met gebogen uiteindes.\" \/>\n<meta property=\"og:url\" content=\"https:\/\/partsandpieces.nl\/de\/produkt\/griff-schwarz-satiniert-gerade-160-mm-10-stuck\/\" \/>\n<meta property=\"og:site_name\" content=\"Parts &amp; Pieces\" \/>\n<meta property=\"article:modified_time\" content=\"2026-04-20T11:01:00+00:00\" \/>\n<meta property=\"og:image\" content=\"https:\/\/partsandpieces.nl\/wp-content\/uploads\/2026\/04\/Greep-Zwart-satijn-recht-160mm.jpg\" \/>\n\t<meta property=\"og:image:width\" content=\"1440\" \/>\n\t<meta property=\"og:image:height\" content=\"1440\" \/>\n\t<meta property=\"og:image:type\" content=\"image\/jpeg\" \/>\n<meta name=\"twitter:card\" content=\"summary_large_image\" \/>\n<meta name=\"twitter:label1\" content=\"Gesch\u00e4tzte Lesezeit\" \/>\n\t<meta name=\"twitter:data1\" content=\"1\u00a0Minute\" \/>\n<script type=\"application\/ld+json\" class=\"yoast-schema-graph\">{\"@context\":\"https:\\\/\\\/schema.org\",\"@graph\":[{\"@type\":\"WebPage\",\"@id\":\"https:\\\/\\\/partsandpieces.nl\\\/product\\\/greep-zwart-satijn-recht-160mm-10-stuks\\\/\",\"url\":\"https:\\\/\\\/partsandpieces.nl\\\/product\\\/greep-zwart-satijn-recht-160mm-10-stuks\\\/\",\"name\":\"Greep Zwart satijn recht 160mm\",\"isPartOf\":{\"@id\":\"https:\\\/\\\/partsandpieces.nl\\\/#website\"},\"primaryImageOfPage\":{\"@id\":\"https:\\\/\\\/partsandpieces.nl\\\/product\\\/greep-zwart-satijn-recht-160mm-10-stuks\\\/#primaryimage\"},\"image\":{\"@id\":\"https:\\\/\\\/partsandpieces.nl\\\/product\\\/greep-zwart-satijn-recht-160mm-10-stuks\\\/#primaryimage\"},\"thumbnailUrl\":\"https:\\\/\\\/partsandpieces.nl\\\/wp-content\\\/uploads\\\/2026\\\/04\\\/Greep-Zwart-satijn-recht-160mm.jpg\",\"datePublished\":\"2026-04-20T10:55:13+00:00\",\"dateModified\":\"2026-04-20T11:01:00+00:00\",\"description\":\"Greep Zwart satijn recht 160mm is een stoere meubelgreep met een mat antiek messing afwerking. De greep is vierkant van vorm met gebogen uiteindes.\",\"breadcrumb\":{\"@id\":\"https:\\\/\\\/partsandpieces.nl\\\/product\\\/greep-zwart-satijn-recht-160mm-10-stuks\\\/#breadcrumb\"},\"inLanguage\":\"de\",\"potentialAction\":[{\"@type\":\"ReadAction\",\"target\":[\"https:\\\/\\\/partsandpieces.nl\\\/product\\\/greep-zwart-satijn-recht-160mm-10-stuks\\\/\"]}]},{\"@type\":\"ImageObject\",\"inLanguage\":\"de\",\"@id\":\"https:\\\/\\\/partsandpieces.nl\\\/product\\\/greep-zwart-satijn-recht-160mm-10-stuks\\\/#primaryimage\",\"url\":\"https:\\\/\\\/partsandpieces.nl\\\/wp-content\\\/uploads\\\/2026\\\/04\\\/Greep-Zwart-satijn-recht-160mm.jpg\",\"contentUrl\":\"https:\\\/\\\/partsandpieces.nl\\\/wp-content\\\/uploads\\\/2026\\\/04\\\/Greep-Zwart-satijn-recht-160mm.jpg\",\"width\":1440,\"height\":1440,\"caption\":\"Greep Zwart satijn recht 160mm\"},{\"@type\":\"BreadcrumbList\",\"@id\":\"https:\\\/\\\/partsandpieces.nl\\\/product\\\/greep-zwart-satijn-recht-160mm-10-stuks\\\/#breadcrumb\",\"itemListElement\":[{\"@type\":\"ListItem\",\"position\":1,\"name\":\"Home\",\"item\":\"https:\\\/\\\/partsandpieces.nl\\\/home\\\/\"},{\"@type\":\"ListItem\",\"position\":2,\"name\":\"Winkel\",\"item\":\"https:\\\/\\\/partsandpieces.nl\\\/winkel\\\/\"},{\"@type\":\"ListItem\",\"position\":3,\"name\":\"Greep Zwart satijn recht 160mm (10 stuks)\"}]},{\"@type\":\"WebSite\",\"@id\":\"https:\\\/\\\/partsandpieces.nl\\\/#website\",\"url\":\"https:\\\/\\\/partsandpieces.nl\\\/\",\"name\":\"Parts &amp; Pieces\",\"description\":\"Alles voor uw meubelrestauratie en -onderhoud!\",\"potentialAction\":[{\"@type\":\"SearchAction\",\"target\":{\"@type\":\"EntryPoint\",\"urlTemplate\":\"https:\\\/\\\/partsandpieces.nl\\\/?s={search_term_string}\"},\"query-input\":{\"@type\":\"PropertyValueSpecification\",\"valueRequired\":true,\"valueName\":\"search_term_string\"}}],\"inLanguage\":\"de\"}]}<\/script>\n<!-- \/ Yoast SEO plugin. -->","yoast_head_json":{"title":"Griff Schwarz Satin gerade 160 mm","description":"Der gerade, schwarze Satin-M\u00f6belgriff (160 mm) ist robust und besticht durch seine matte, antike Messingoberfl\u00e4che. Er ist quadratisch mit abgerundeten Enden.","robots":{"index":"index","follow":"follow","max-snippet":"max-snippet:-1","max-image-preview":"max-image-preview:large","max-video-preview":"max-video-preview:-1"},"canonical":"https:\/\/partsandpieces.nl\/de\/produkt\/griff-schwarz-satiniert-gerade-160-mm-10-stuck\/","og_locale":"de_DE","og_type":"article","og_title":"Greep Zwart satijn recht 160mm","og_description":"Greep Zwart satijn recht 160mm is een stoere meubelgreep met een mat antiek messing afwerking. De greep is vierkant van vorm met gebogen uiteindes.","og_url":"https:\/\/partsandpieces.nl\/de\/produkt\/griff-schwarz-satiniert-gerade-160-mm-10-stuck\/","og_site_name":"Parts &amp; Pieces","article_modified_time":"2026-04-20T11:01:00+00:00","og_image":[{"width":1440,"height":1440,"url":"https:\/\/partsandpieces.nl\/wp-content\/uploads\/2026\/04\/Greep-Zwart-satijn-recht-160mm.jpg","type":"image\/jpeg"}],"twitter_card":"summary_large_image","twitter_misc":{"Gesch\u00e4tzte Lesezeit":"1\u00a0Minute"},"schema":{"@context":"https:\/\/schema.org","@graph":[{"@type":"WebPage","@id":"https:\/\/partsandpieces.nl\/product\/greep-zwart-satijn-recht-160mm-10-stuks\/","url":"https:\/\/partsandpieces.nl\/product\/greep-zwart-satijn-recht-160mm-10-stuks\/","name":"Griff Schwarz Satin gerade 160 mm","isPartOf":{"@id":"https:\/\/partsandpieces.nl\/#website"},"primaryImageOfPage":{"@id":"https:\/\/partsandpieces.nl\/product\/greep-zwart-satijn-recht-160mm-10-stuks\/#primaryimage"},"image":{"@id":"https:\/\/partsandpieces.nl\/product\/greep-zwart-satijn-recht-160mm-10-stuks\/#primaryimage"},"thumbnailUrl":"https:\/\/partsandpieces.nl\/wp-content\/uploads\/2026\/04\/Greep-Zwart-satijn-recht-160mm.jpg","datePublished":"2026-04-20T10:55:13+00:00","dateModified":"2026-04-20T11:01:00+00:00","description":"Der gerade, schwarze Satin-M\u00f6belgriff (160 mm) ist robust und besticht durch seine matte, antike Messingoberfl\u00e4che. Er ist quadratisch mit abgerundeten Enden.","breadcrumb":{"@id":"https:\/\/partsandpieces.nl\/product\/greep-zwart-satijn-recht-160mm-10-stuks\/#breadcrumb"},"inLanguage":"de","potentialAction":[{"@type":"ReadAction","target":["https:\/\/partsandpieces.nl\/product\/greep-zwart-satijn-recht-160mm-10-stuks\/"]}]},{"@type":"ImageObject","inLanguage":"de","@id":"https:\/\/partsandpieces.nl\/product\/greep-zwart-satijn-recht-160mm-10-stuks\/#primaryimage","url":"https:\/\/partsandpieces.nl\/wp-content\/uploads\/2026\/04\/Greep-Zwart-satijn-recht-160mm.jpg","contentUrl":"https:\/\/partsandpieces.nl\/wp-content\/uploads\/2026\/04\/Greep-Zwart-satijn-recht-160mm.jpg","width":1440,"height":1440,"caption":"Greep Zwart satijn recht 160mm"},{"@type":"BreadcrumbList","@id":"https:\/\/partsandpieces.nl\/product\/greep-zwart-satijn-recht-160mm-10-stuks\/#breadcrumb","itemListElement":[{"@type":"ListItem","position":1,"name":"Home","item":"https:\/\/partsandpieces.nl\/home\/"},{"@type":"ListItem","position":2,"name":"Winkel","item":"https:\/\/partsandpieces.nl\/winkel\/"},{"@type":"ListItem","position":3,"name":"Greep Zwart satijn recht 160mm (10 stuks)"}]},{"@type":"WebSite","@id":"https:\/\/partsandpieces.nl\/#website","url":"https:\/\/partsandpieces.nl\/","name":"Teile &amp; St\u00fccke","description":"Alles f\u00fcr Ihre M\u00f6belrestaurierung und -pflege!","potentialAction":[{"@type":"SearchAction","target":{"@type":"EntryPoint","urlTemplate":"https:\/\/partsandpieces.nl\/?s={search_term_string}"},"query-input":{"@type":"PropertyValueSpecification","valueRequired":true,"valueName":"search_term_string"}}],"inLanguage":"de"}]}},"_links":{"self":[{"href":"https:\/\/partsandpieces.nl\/de\/wp-json\/wp\/v2\/product\/14926","targetHints":{"allow":["GET"]}}],"collection":[{"href":"https:\/\/partsandpieces.nl\/de\/wp-json\/wp\/v2\/product"}],"about":[{"href":"https:\/\/partsandpieces.nl\/de\/wp-json\/wp\/v2\/types\/product"}],"wp:featuredmedia":[{"embeddable":true,"href":"https:\/\/partsandpieces.nl\/de\/wp-json\/wp\/v2\/media\/14931"}],"wp:attachment":[{"href":"https:\/\/partsandpieces.nl\/de\/wp-json\/wp\/v2\/media?parent=14926"}],"wp:term":[{"taxonomy":"product_brand","embeddable":true,"href":"https:\/\/partsandpieces.nl\/de\/wp-json\/wp\/v2\/product_brand?post=14926"},{"taxonomy":"product_cat","embeddable":true,"href":"https:\/\/partsandpieces.nl\/de\/wp-json\/wp\/v2\/product_cat?post=14926"},{"taxonomy":"product_tag","embeddable":true,"href":"https:\/\/partsandpieces.nl\/de\/wp-json\/wp\/v2\/product_tag?post=14926"}],"curies":[{"name":"wp","href":"https:\/\/api.w.org\/{rel}","templated":true}]}}