{"id":1495,"date":"2020-08-06T13:21:25","date_gmt":"2020-08-06T13:21:25","guid":{"rendered":"https:\/\/partsandpieces.bonsaidev.nl\/?product=sleutelplaat-messing-ant-27x125"},"modified":"2026-03-19T05:08:11","modified_gmt":"2026-03-19T04:08:11","slug":"schlusselplatte-messing-antik-vertikal-orient-30x128mm","status":"publish","type":"product","link":"https:\/\/partsandpieces.nl\/de\/product\/sleutelplaat-messing-antiek-verticaal-orient-30x128mm\/","title":{"rendered":"Schl\u00fcsselplatte Messing antik vertikal &#039;Orient&#039; 30x128mm"},"content":{"rendered":"<p><strong>Schl\u00fcsselplatte Messing antik vertikal &#039;Orient&#039; 30x128mm<\/strong> ist ein echter Hingucker. Das Schl\u00fcsselschild sieht an (M\u00f6bel-)T\u00fcren wundersch\u00f6n aus. Das Schl\u00fcsselschild hat ein antikes Messingfinish und ist aufwendig mit orientalischen Motiven verziert.<\/p>\n<p><strong>Ma\u00dfe<br \/>\n<\/strong>Schl\u00fcsselplatte Messing antik vertikal &#039;Orient&#039; 30x128mm hat eine Breite von 30mm und eine H\u00f6he von 128mm. Das Schl\u00fcsselloch ist 14 mm hoch.<\/p>\n<p><strong>Bearbeiten<br \/>\n<\/strong>Sie k\u00f6nnen die Schl\u00fcsselplatte mit montieren\u00a0<span style=\"text-decoration: underline;\"><a href=\"https:\/\/partsandpieces.nl\/de\/produkt\/schrauben-mit-rundkopf-antikbronze-mit-schlitz-2-x-14-mm\/\">Schraube Rundkopf Antik Bronze mit Schlitz (2x14mm)<\/a><\/span>. Ich schicke diese Schrauben\u00a0<strong>FREI<\/strong>\u00a0mit Ihrer Bestellung.<\/p>","protected":false},"excerpt":{"rendered":"<p>Sleutelplaat Messing antiek verticaal \u2018Orient\u2019 30x128mm is een echte blikvanger. De sleutelplaat staat prachtig op (meubel)deuren. De sleutelplaat heeft een antiek messing afwerking en is uitbundig versierd met ori\u00ebntaalse motieven. Afmetingen Sleutelplaat Messing antiek verticaal \u2018Orient\u2019 30x128mm heeft een breedte van 30mm en een hoogte van 128mm. Het sleutelgat is 14mm hoog. Montage Je kunt [&hellip;]<\/p>\n","protected":false},"featured_media":8008,"template":"","meta":{"_acf_changed":false},"product_brand":[],"product_cat":[23,48],"product_tag":[],"class_list":{"0":"post-1495","1":"product","2":"type-product","3":"status-publish","4":"has-post-thumbnail","6":"product_cat-meubelbeslag","7":"product_cat-sleutelplaten","9":"first","10":"instock","11":"taxable","12":"shipping-taxable","13":"purchasable","14":"product-type-simple"},"acf":[],"yoast_head":"<!-- This site is optimized with the Yoast SEO plugin v27.3 - https:\/\/yoast.com\/product\/yoast-seo-wordpress\/ -->\n<title>Sleutelplaat Messing antiek 30x128mm verticaal \u2018Orient\u2019<\/title>\n<meta name=\"description\" content=\"Sleutelplaat Messing antiek verticaal \u2018Orient\u2019 30x128mm heeft een antiek messing afwerking en is uitbundig versierd met ori\u00ebntaalse motieven.\" \/>\n<meta name=\"robots\" content=\"index, follow, max-snippet:-1, max-image-preview:large, max-video-preview:-1\" \/>\n<link rel=\"canonical\" href=\"https:\/\/partsandpieces.nl\/de\/produkt\/schlusselplatte-messing-antik-vertikal-orient-30x128mm\/\" \/>\n<meta property=\"og:locale\" content=\"de_DE\" \/>\n<meta property=\"og:type\" content=\"article\" \/>\n<meta property=\"og:title\" content=\"Sleutelplaat Messing antiek 30x128mm verticaal \u2018Orient\u2019\" \/>\n<meta property=\"og:description\" content=\"Sleutelplaat Messing antiek verticaal \u2018Orient\u2019 30x128mm heeft een antiek messing afwerking en is uitbundig versierd met ori\u00ebntaalse motieven.\" \/>\n<meta property=\"og:url\" content=\"https:\/\/partsandpieces.nl\/de\/produkt\/schlusselplatte-messing-antik-vertikal-orient-30x128mm\/\" \/>\n<meta property=\"og:site_name\" content=\"Parts &amp; Pieces\" \/>\n<meta property=\"article:modified_time\" content=\"2026-03-19T04:08:11+00:00\" \/>\n<meta property=\"og:image\" content=\"https:\/\/partsandpieces.nl\/wp-content\/uploads\/2020\/08\/Sleutelplaat-Messing-antiek-verticaal-\u2018Orient-30x128mm.jpg\" \/>\n\t<meta property=\"og:image:width\" content=\"440\" \/>\n\t<meta property=\"og:image:height\" content=\"440\" \/>\n\t<meta property=\"og:image:type\" content=\"image\/jpeg\" \/>\n<meta name=\"twitter:card\" content=\"summary_large_image\" \/>\n<meta name=\"twitter:label1\" content=\"Gesch\u00e4tzte Lesezeit\" \/>\n\t<meta name=\"twitter:data1\" content=\"1\u00a0Minute\" \/>\n<script type=\"application\/ld+json\" class=\"yoast-schema-graph\">{\"@context\":\"https:\\\/\\\/schema.org\",\"@graph\":[{\"@type\":\"WebPage\",\"@id\":\"https:\\\/\\\/partsandpieces.nl\\\/product\\\/sleutelplaat-messing-antiek-verticaal-orient-30x128mm\\\/\",\"url\":\"https:\\\/\\\/partsandpieces.nl\\\/product\\\/sleutelplaat-messing-antiek-verticaal-orient-30x128mm\\\/\",\"name\":\"Sleutelplaat Messing antiek 30x128mm verticaal \u2018Orient\u2019\",\"isPartOf\":{\"@id\":\"https:\\\/\\\/partsandpieces.nl\\\/#website\"},\"primaryImageOfPage\":{\"@id\":\"https:\\\/\\\/partsandpieces.nl\\\/product\\\/sleutelplaat-messing-antiek-verticaal-orient-30x128mm\\\/#primaryimage\"},\"image\":{\"@id\":\"https:\\\/\\\/partsandpieces.nl\\\/product\\\/sleutelplaat-messing-antiek-verticaal-orient-30x128mm\\\/#primaryimage\"},\"thumbnailUrl\":\"https:\\\/\\\/partsandpieces.nl\\\/wp-content\\\/uploads\\\/2020\\\/08\\\/Sleutelplaat-Messing-antiek-verticaal-\u2018Orient-30x128mm.jpg\",\"datePublished\":\"2020-08-06T13:21:25+00:00\",\"dateModified\":\"2026-03-19T04:08:11+00:00\",\"description\":\"Sleutelplaat Messing antiek verticaal \u2018Orient\u2019 30x128mm heeft een antiek messing afwerking en is uitbundig versierd met ori\u00ebntaalse motieven.\",\"breadcrumb\":{\"@id\":\"https:\\\/\\\/partsandpieces.nl\\\/product\\\/sleutelplaat-messing-antiek-verticaal-orient-30x128mm\\\/#breadcrumb\"},\"inLanguage\":\"de\",\"potentialAction\":[{\"@type\":\"ReadAction\",\"target\":[\"https:\\\/\\\/partsandpieces.nl\\\/product\\\/sleutelplaat-messing-antiek-verticaal-orient-30x128mm\\\/\"]}]},{\"@type\":\"ImageObject\",\"inLanguage\":\"de\",\"@id\":\"https:\\\/\\\/partsandpieces.nl\\\/product\\\/sleutelplaat-messing-antiek-verticaal-orient-30x128mm\\\/#primaryimage\",\"url\":\"https:\\\/\\\/partsandpieces.nl\\\/wp-content\\\/uploads\\\/2020\\\/08\\\/Sleutelplaat-Messing-antiek-verticaal-\u2018Orient-30x128mm.jpg\",\"contentUrl\":\"https:\\\/\\\/partsandpieces.nl\\\/wp-content\\\/uploads\\\/2020\\\/08\\\/Sleutelplaat-Messing-antiek-verticaal-\u2018Orient-30x128mm.jpg\",\"width\":440,\"height\":440,\"caption\":\"Sleutelplaat Messing antiek verticaal \u2018Orient\u2019 30x128mm\"},{\"@type\":\"BreadcrumbList\",\"@id\":\"https:\\\/\\\/partsandpieces.nl\\\/product\\\/sleutelplaat-messing-antiek-verticaal-orient-30x128mm\\\/#breadcrumb\",\"itemListElement\":[{\"@type\":\"ListItem\",\"position\":1,\"name\":\"Home\",\"item\":\"https:\\\/\\\/partsandpieces.nl\\\/home\\\/\"},{\"@type\":\"ListItem\",\"position\":2,\"name\":\"Winkel\",\"item\":\"https:\\\/\\\/partsandpieces.nl\\\/winkel\\\/\"},{\"@type\":\"ListItem\",\"position\":3,\"name\":\"Sleutelplaat Messing antiek verticaal \u2018Orient\u2019 30x128mm\"}]},{\"@type\":\"WebSite\",\"@id\":\"https:\\\/\\\/partsandpieces.nl\\\/#website\",\"url\":\"https:\\\/\\\/partsandpieces.nl\\\/\",\"name\":\"Parts &amp; Pieces\",\"description\":\"Alles voor uw meubelrestauratie en -onderhoud!\",\"potentialAction\":[{\"@type\":\"SearchAction\",\"target\":{\"@type\":\"EntryPoint\",\"urlTemplate\":\"https:\\\/\\\/partsandpieces.nl\\\/?s={search_term_string}\"},\"query-input\":{\"@type\":\"PropertyValueSpecification\",\"valueRequired\":true,\"valueName\":\"search_term_string\"}}],\"inLanguage\":\"de\"}]}<\/script>\n<!-- \/ Yoast SEO plugin. -->","yoast_head_json":{"title":"Schl\u00fcsselschild Messing antik 30x128mm vertikal &#039;Orient&#039;","description":"Schl\u00fcsselschild Messing antik vertikal &#039;Orient&#039; 30x128mm hat ein antikes Messingfinish und ist aufwendig mit orientalischen Motiven verziert.","robots":{"index":"index","follow":"follow","max-snippet":"max-snippet:-1","max-image-preview":"max-image-preview:large","max-video-preview":"max-video-preview:-1"},"canonical":"https:\/\/partsandpieces.nl\/de\/produkt\/schlusselplatte-messing-antik-vertikal-orient-30x128mm\/","og_locale":"de_DE","og_type":"article","og_title":"Sleutelplaat Messing antiek 30x128mm verticaal \u2018Orient\u2019","og_description":"Sleutelplaat Messing antiek verticaal \u2018Orient\u2019 30x128mm heeft een antiek messing afwerking en is uitbundig versierd met ori\u00ebntaalse motieven.","og_url":"https:\/\/partsandpieces.nl\/de\/produkt\/schlusselplatte-messing-antik-vertikal-orient-30x128mm\/","og_site_name":"Parts &amp; Pieces","article_modified_time":"2026-03-19T04:08:11+00:00","og_image":[{"width":440,"height":440,"url":"https:\/\/partsandpieces.nl\/wp-content\/uploads\/2020\/08\/Sleutelplaat-Messing-antiek-verticaal-\u2018Orient-30x128mm.jpg","type":"image\/jpeg"}],"twitter_card":"summary_large_image","twitter_misc":{"Gesch\u00e4tzte Lesezeit":"1\u00a0Minute"},"schema":{"@context":"https:\/\/schema.org","@graph":[{"@type":"WebPage","@id":"https:\/\/partsandpieces.nl\/product\/sleutelplaat-messing-antiek-verticaal-orient-30x128mm\/","url":"https:\/\/partsandpieces.nl\/product\/sleutelplaat-messing-antiek-verticaal-orient-30x128mm\/","name":"Schl\u00fcsselschild Messing antik 30x128mm vertikal &#039;Orient&#039;","isPartOf":{"@id":"https:\/\/partsandpieces.nl\/#website"},"primaryImageOfPage":{"@id":"https:\/\/partsandpieces.nl\/product\/sleutelplaat-messing-antiek-verticaal-orient-30x128mm\/#primaryimage"},"image":{"@id":"https:\/\/partsandpieces.nl\/product\/sleutelplaat-messing-antiek-verticaal-orient-30x128mm\/#primaryimage"},"thumbnailUrl":"https:\/\/partsandpieces.nl\/wp-content\/uploads\/2020\/08\/Sleutelplaat-Messing-antiek-verticaal-\u2018Orient-30x128mm.jpg","datePublished":"2020-08-06T13:21:25+00:00","dateModified":"2026-03-19T04:08:11+00:00","description":"Schl\u00fcsselschild Messing antik vertikal &#039;Orient&#039; 30x128mm hat ein antikes Messingfinish und ist aufwendig mit orientalischen Motiven verziert.","breadcrumb":{"@id":"https:\/\/partsandpieces.nl\/product\/sleutelplaat-messing-antiek-verticaal-orient-30x128mm\/#breadcrumb"},"inLanguage":"de","potentialAction":[{"@type":"ReadAction","target":["https:\/\/partsandpieces.nl\/product\/sleutelplaat-messing-antiek-verticaal-orient-30x128mm\/"]}]},{"@type":"ImageObject","inLanguage":"de","@id":"https:\/\/partsandpieces.nl\/product\/sleutelplaat-messing-antiek-verticaal-orient-30x128mm\/#primaryimage","url":"https:\/\/partsandpieces.nl\/wp-content\/uploads\/2020\/08\/Sleutelplaat-Messing-antiek-verticaal-\u2018Orient-30x128mm.jpg","contentUrl":"https:\/\/partsandpieces.nl\/wp-content\/uploads\/2020\/08\/Sleutelplaat-Messing-antiek-verticaal-\u2018Orient-30x128mm.jpg","width":440,"height":440,"caption":"Sleutelplaat Messing antiek verticaal \u2018Orient\u2019 30x128mm"},{"@type":"BreadcrumbList","@id":"https:\/\/partsandpieces.nl\/product\/sleutelplaat-messing-antiek-verticaal-orient-30x128mm\/#breadcrumb","itemListElement":[{"@type":"ListItem","position":1,"name":"Home","item":"https:\/\/partsandpieces.nl\/home\/"},{"@type":"ListItem","position":2,"name":"Winkel","item":"https:\/\/partsandpieces.nl\/winkel\/"},{"@type":"ListItem","position":3,"name":"Sleutelplaat Messing antiek verticaal \u2018Orient\u2019 30x128mm"}]},{"@type":"WebSite","@id":"https:\/\/partsandpieces.nl\/#website","url":"https:\/\/partsandpieces.nl\/","name":"Teile &amp; St\u00fccke","description":"Alles f\u00fcr Ihre M\u00f6belrestaurierung und -pflege!","potentialAction":[{"@type":"SearchAction","target":{"@type":"EntryPoint","urlTemplate":"https:\/\/partsandpieces.nl\/?s={search_term_string}"},"query-input":{"@type":"PropertyValueSpecification","valueRequired":true,"valueName":"search_term_string"}}],"inLanguage":"de"}]}},"_links":{"self":[{"href":"https:\/\/partsandpieces.nl\/de\/wp-json\/wp\/v2\/product\/1495","targetHints":{"allow":["GET"]}}],"collection":[{"href":"https:\/\/partsandpieces.nl\/de\/wp-json\/wp\/v2\/product"}],"about":[{"href":"https:\/\/partsandpieces.nl\/de\/wp-json\/wp\/v2\/types\/product"}],"wp:featuredmedia":[{"embeddable":true,"href":"https:\/\/partsandpieces.nl\/de\/wp-json\/wp\/v2\/media\/8008"}],"wp:attachment":[{"href":"https:\/\/partsandpieces.nl\/de\/wp-json\/wp\/v2\/media?parent=1495"}],"wp:term":[{"taxonomy":"product_brand","embeddable":true,"href":"https:\/\/partsandpieces.nl\/de\/wp-json\/wp\/v2\/product_brand?post=1495"},{"taxonomy":"product_cat","embeddable":true,"href":"https:\/\/partsandpieces.nl\/de\/wp-json\/wp\/v2\/product_cat?post=1495"},{"taxonomy":"product_tag","embeddable":true,"href":"https:\/\/partsandpieces.nl\/de\/wp-json\/wp\/v2\/product_tag?post=1495"}],"curies":[{"name":"wp","href":"https:\/\/api.w.org\/{rel}","templated":true}]}}