{"id":1501,"date":"2020-08-06T13:30:52","date_gmt":"2020-08-06T13:30:52","guid":{"rendered":"https:\/\/partsandpieces.bonsaidev.nl\/?product=sleutelplaat-13245"},"modified":"2026-03-30T15:35:59","modified_gmt":"2026-03-30T13:35:59","slug":"schlusselplatte-messing-antik-horizontaler-rosenbusch-132x45mm","status":"publish","type":"product","link":"https:\/\/partsandpieces.nl\/de\/product\/sleutelplaat-messing-antiek-horizontaal-rozenstruik-132x45mm\/","title":{"rendered":"Schl\u00fcsselplatte Messing Antik horizontal &#039;Rosenbush&#039; 132x45mm"},"content":{"rendered":"<p><strong>Schl\u00fcsselplatte Messing Antik horizontal &#039;Rosenbush&#039; 132x45mm<\/strong> ist eine solide Schl\u00fcsselplatte mit antikem Messingfinish. Das Schl\u00fcsselschild hat eine sch\u00f6ne, markante Verzierung mit Rosenstr\u00e4uchern. Passt gut auf Ihre antiken oder klassischen M\u00f6bel und Schubladen.<\/p>\n<p><strong>Ma\u00dfe<br \/>\n<\/strong>Das Schl\u00fcsselschild Messing Antik horizontal &#039;Rosenbush&#039; 132x45mm ist insgesamt 132mm breit und 45mm hoch. Das Schl\u00fcsselloch ist 15 mm hoch.<\/p>\n<p><strong>Bearbeiten<br \/>\n<\/strong>Sie k\u00f6nnen die Schl\u00fcsselplatte mit montieren\u00a0<span style=\"text-decoration: underline;\"><a href=\"https:\/\/partsandpieces.nl\/de\/produkt\/schrauben-mit-rundkopf-antikbronze-mit-schlitz-2-x-14-mm\/\">Schraube Rundkopf Antik Bronze mit Schlitz (2x14mm)<\/a><\/span>. Ich schicke diese Schrauben\u00a0<strong>FREI<\/strong>\u00a0mit Ihrer Bestellung.<\/p>","protected":false},"excerpt":{"rendered":"<p>Sleutelplaat Messing Antiek horizontaal &#8216;Rozenstruik&#8217; 132x45mm is een massieve sleutelplaat met een antieke messing afwerking. De sleutelplaat heeft een mooie, uitgesproken decoratie met rozenstruiken. Past goed op je antieke of klassieke meubel en lades. Afmetingen Sleutelplaat Messing Antiek horizontaal &#8216;Rozenstruik&#8217; 132x45mm is in zijn geheel 132mm breed en 45mm hoog. Het sleutelgat is 15mm hoog. [&hellip;]<\/p>\n","protected":false},"featured_media":7866,"template":"","meta":{"_acf_changed":false},"product_brand":[],"product_cat":[23,48],"product_tag":[],"class_list":{"0":"post-1501","1":"product","2":"type-product","3":"status-publish","4":"has-post-thumbnail","6":"product_cat-meubelbeslag","7":"product_cat-sleutelplaten","9":"first","10":"instock","11":"taxable","12":"shipping-taxable","13":"purchasable","14":"product-type-simple"},"acf":[],"yoast_head":"<!-- This site is optimized with the Yoast SEO plugin v27.3 - https:\/\/yoast.com\/product\/yoast-seo-wordpress\/ -->\n<title>Sleutelplaat Antiek horizontaal 132x45mm &#039;Rozenstruik&#039;<\/title>\n<meta name=\"description\" content=\"Sleutelplaat Messing Antiek horizontaal &#039;Rozenstruik&#039; 132x45mm is een massieve sleutelplaat met een mooie, uitgesproken decoratie met rozenstruiken.\" \/>\n<meta name=\"robots\" content=\"index, follow, max-snippet:-1, max-image-preview:large, max-video-preview:-1\" \/>\n<link rel=\"canonical\" href=\"https:\/\/partsandpieces.nl\/de\/produkt\/schlusselplatte-messing-antik-horizontaler-rosenbusch-132x45mm\/\" \/>\n<meta property=\"og:locale\" content=\"de_DE\" \/>\n<meta property=\"og:type\" content=\"article\" \/>\n<meta property=\"og:title\" content=\"Sleutelplaat Antiek horizontaal 132x45mm &#039;Rozenstruik&#039;\" \/>\n<meta property=\"og:description\" content=\"Sleutelplaat Messing Antiek horizontaal &#039;Rozenstruik&#039; 132x45mm is een massieve sleutelplaat met een mooie, uitgesproken decoratie met rozenstruiken.\" \/>\n<meta property=\"og:url\" content=\"https:\/\/partsandpieces.nl\/de\/produkt\/schlusselplatte-messing-antik-horizontaler-rosenbusch-132x45mm\/\" \/>\n<meta property=\"og:site_name\" content=\"Parts &amp; Pieces\" \/>\n<meta property=\"article:modified_time\" content=\"2026-03-30T13:35:59+00:00\" \/>\n<meta property=\"og:image\" content=\"https:\/\/partsandpieces.nl\/wp-content\/uploads\/2020\/08\/Sleutelplaat-Messing-Antiek-horizontaal-Rozenstruik-132x45mm.jpg\" \/>\n\t<meta property=\"og:image:width\" content=\"470\" \/>\n\t<meta property=\"og:image:height\" content=\"471\" \/>\n\t<meta property=\"og:image:type\" content=\"image\/jpeg\" \/>\n<meta name=\"twitter:card\" content=\"summary_large_image\" \/>\n<meta name=\"twitter:label1\" content=\"Gesch\u00e4tzte Lesezeit\" \/>\n\t<meta name=\"twitter:data1\" content=\"1\u00a0Minute\" \/>\n<script type=\"application\/ld+json\" class=\"yoast-schema-graph\">{\"@context\":\"https:\\\/\\\/schema.org\",\"@graph\":[{\"@type\":\"WebPage\",\"@id\":\"https:\\\/\\\/partsandpieces.nl\\\/product\\\/sleutelplaat-messing-antiek-horizontaal-rozenstruik-132x45mm\\\/\",\"url\":\"https:\\\/\\\/partsandpieces.nl\\\/product\\\/sleutelplaat-messing-antiek-horizontaal-rozenstruik-132x45mm\\\/\",\"name\":\"Sleutelplaat Antiek horizontaal 132x45mm 'Rozenstruik'\",\"isPartOf\":{\"@id\":\"https:\\\/\\\/partsandpieces.nl\\\/#website\"},\"primaryImageOfPage\":{\"@id\":\"https:\\\/\\\/partsandpieces.nl\\\/product\\\/sleutelplaat-messing-antiek-horizontaal-rozenstruik-132x45mm\\\/#primaryimage\"},\"image\":{\"@id\":\"https:\\\/\\\/partsandpieces.nl\\\/product\\\/sleutelplaat-messing-antiek-horizontaal-rozenstruik-132x45mm\\\/#primaryimage\"},\"thumbnailUrl\":\"https:\\\/\\\/partsandpieces.nl\\\/wp-content\\\/uploads\\\/2020\\\/08\\\/Sleutelplaat-Messing-Antiek-horizontaal-Rozenstruik-132x45mm.jpg\",\"datePublished\":\"2020-08-06T13:30:52+00:00\",\"dateModified\":\"2026-03-30T13:35:59+00:00\",\"description\":\"Sleutelplaat Messing Antiek horizontaal 'Rozenstruik' 132x45mm is een massieve sleutelplaat met een mooie, uitgesproken decoratie met rozenstruiken.\",\"breadcrumb\":{\"@id\":\"https:\\\/\\\/partsandpieces.nl\\\/product\\\/sleutelplaat-messing-antiek-horizontaal-rozenstruik-132x45mm\\\/#breadcrumb\"},\"inLanguage\":\"de\",\"potentialAction\":[{\"@type\":\"ReadAction\",\"target\":[\"https:\\\/\\\/partsandpieces.nl\\\/product\\\/sleutelplaat-messing-antiek-horizontaal-rozenstruik-132x45mm\\\/\"]}]},{\"@type\":\"ImageObject\",\"inLanguage\":\"de\",\"@id\":\"https:\\\/\\\/partsandpieces.nl\\\/product\\\/sleutelplaat-messing-antiek-horizontaal-rozenstruik-132x45mm\\\/#primaryimage\",\"url\":\"https:\\\/\\\/partsandpieces.nl\\\/wp-content\\\/uploads\\\/2020\\\/08\\\/Sleutelplaat-Messing-Antiek-horizontaal-Rozenstruik-132x45mm.jpg\",\"contentUrl\":\"https:\\\/\\\/partsandpieces.nl\\\/wp-content\\\/uploads\\\/2020\\\/08\\\/Sleutelplaat-Messing-Antiek-horizontaal-Rozenstruik-132x45mm.jpg\",\"width\":470,\"height\":471,\"caption\":\"Sleutelplaat Messing Antiek horizontaal 'Rozenstruik' 132x45mm\"},{\"@type\":\"BreadcrumbList\",\"@id\":\"https:\\\/\\\/partsandpieces.nl\\\/product\\\/sleutelplaat-messing-antiek-horizontaal-rozenstruik-132x45mm\\\/#breadcrumb\",\"itemListElement\":[{\"@type\":\"ListItem\",\"position\":1,\"name\":\"Home\",\"item\":\"https:\\\/\\\/partsandpieces.nl\\\/home\\\/\"},{\"@type\":\"ListItem\",\"position\":2,\"name\":\"Winkel\",\"item\":\"https:\\\/\\\/partsandpieces.nl\\\/winkel\\\/\"},{\"@type\":\"ListItem\",\"position\":3,\"name\":\"Sleutelplaat Messing Antiek horizontaal &#8216;Rozenstruik&#8217; 132x45mm\"}]},{\"@type\":\"WebSite\",\"@id\":\"https:\\\/\\\/partsandpieces.nl\\\/#website\",\"url\":\"https:\\\/\\\/partsandpieces.nl\\\/\",\"name\":\"Parts &amp; Pieces\",\"description\":\"Alles voor uw meubelrestauratie en -onderhoud!\",\"potentialAction\":[{\"@type\":\"SearchAction\",\"target\":{\"@type\":\"EntryPoint\",\"urlTemplate\":\"https:\\\/\\\/partsandpieces.nl\\\/?s={search_term_string}\"},\"query-input\":{\"@type\":\"PropertyValueSpecification\",\"valueRequired\":true,\"valueName\":\"search_term_string\"}}],\"inLanguage\":\"de\"}]}<\/script>\n<!-- \/ Yoast SEO plugin. -->","yoast_head_json":{"title":"Schl\u00fcsselplatte Antik horizontal 132x45mm &#039;Rosenstruik&#039;","description":"Schl\u00fcsselplatte Messing Antik horizontal &#039;Rosenbusch&#039; 132x45mm ist eine solide Schl\u00fcsselplatte mit einer sch\u00f6nen, unverwechselbaren Dekoration mit Rosenb\u00fcschen.","robots":{"index":"index","follow":"follow","max-snippet":"max-snippet:-1","max-image-preview":"max-image-preview:large","max-video-preview":"max-video-preview:-1"},"canonical":"https:\/\/partsandpieces.nl\/de\/produkt\/schlusselplatte-messing-antik-horizontaler-rosenbusch-132x45mm\/","og_locale":"de_DE","og_type":"article","og_title":"Sleutelplaat Antiek horizontaal 132x45mm 'Rozenstruik'","og_description":"Sleutelplaat Messing Antiek horizontaal 'Rozenstruik' 132x45mm is een massieve sleutelplaat met een mooie, uitgesproken decoratie met rozenstruiken.","og_url":"https:\/\/partsandpieces.nl\/de\/produkt\/schlusselplatte-messing-antik-horizontaler-rosenbusch-132x45mm\/","og_site_name":"Parts &amp; Pieces","article_modified_time":"2026-03-30T13:35:59+00:00","og_image":[{"width":470,"height":471,"url":"https:\/\/partsandpieces.nl\/wp-content\/uploads\/2020\/08\/Sleutelplaat-Messing-Antiek-horizontaal-Rozenstruik-132x45mm.jpg","type":"image\/jpeg"}],"twitter_card":"summary_large_image","twitter_misc":{"Gesch\u00e4tzte Lesezeit":"1\u00a0Minute"},"schema":{"@context":"https:\/\/schema.org","@graph":[{"@type":"WebPage","@id":"https:\/\/partsandpieces.nl\/product\/sleutelplaat-messing-antiek-horizontaal-rozenstruik-132x45mm\/","url":"https:\/\/partsandpieces.nl\/product\/sleutelplaat-messing-antiek-horizontaal-rozenstruik-132x45mm\/","name":"Schl\u00fcsselplatte Antik horizontal 132x45mm &#039;Rosenstruik&#039;","isPartOf":{"@id":"https:\/\/partsandpieces.nl\/#website"},"primaryImageOfPage":{"@id":"https:\/\/partsandpieces.nl\/product\/sleutelplaat-messing-antiek-horizontaal-rozenstruik-132x45mm\/#primaryimage"},"image":{"@id":"https:\/\/partsandpieces.nl\/product\/sleutelplaat-messing-antiek-horizontaal-rozenstruik-132x45mm\/#primaryimage"},"thumbnailUrl":"https:\/\/partsandpieces.nl\/wp-content\/uploads\/2020\/08\/Sleutelplaat-Messing-Antiek-horizontaal-Rozenstruik-132x45mm.jpg","datePublished":"2020-08-06T13:30:52+00:00","dateModified":"2026-03-30T13:35:59+00:00","description":"Schl\u00fcsselplatte Messing Antik horizontal &#039;Rosenbusch&#039; 132x45mm ist eine solide Schl\u00fcsselplatte mit einer sch\u00f6nen, unverwechselbaren Dekoration mit Rosenb\u00fcschen.","breadcrumb":{"@id":"https:\/\/partsandpieces.nl\/product\/sleutelplaat-messing-antiek-horizontaal-rozenstruik-132x45mm\/#breadcrumb"},"inLanguage":"de","potentialAction":[{"@type":"ReadAction","target":["https:\/\/partsandpieces.nl\/product\/sleutelplaat-messing-antiek-horizontaal-rozenstruik-132x45mm\/"]}]},{"@type":"ImageObject","inLanguage":"de","@id":"https:\/\/partsandpieces.nl\/product\/sleutelplaat-messing-antiek-horizontaal-rozenstruik-132x45mm\/#primaryimage","url":"https:\/\/partsandpieces.nl\/wp-content\/uploads\/2020\/08\/Sleutelplaat-Messing-Antiek-horizontaal-Rozenstruik-132x45mm.jpg","contentUrl":"https:\/\/partsandpieces.nl\/wp-content\/uploads\/2020\/08\/Sleutelplaat-Messing-Antiek-horizontaal-Rozenstruik-132x45mm.jpg","width":470,"height":471,"caption":"Sleutelplaat Messing Antiek horizontaal 'Rozenstruik' 132x45mm"},{"@type":"BreadcrumbList","@id":"https:\/\/partsandpieces.nl\/product\/sleutelplaat-messing-antiek-horizontaal-rozenstruik-132x45mm\/#breadcrumb","itemListElement":[{"@type":"ListItem","position":1,"name":"Home","item":"https:\/\/partsandpieces.nl\/home\/"},{"@type":"ListItem","position":2,"name":"Winkel","item":"https:\/\/partsandpieces.nl\/winkel\/"},{"@type":"ListItem","position":3,"name":"Sleutelplaat Messing Antiek horizontaal &#8216;Rozenstruik&#8217; 132x45mm"}]},{"@type":"WebSite","@id":"https:\/\/partsandpieces.nl\/#website","url":"https:\/\/partsandpieces.nl\/","name":"Teile &amp; St\u00fccke","description":"Alles f\u00fcr Ihre M\u00f6belrestaurierung und -pflege!","potentialAction":[{"@type":"SearchAction","target":{"@type":"EntryPoint","urlTemplate":"https:\/\/partsandpieces.nl\/?s={search_term_string}"},"query-input":{"@type":"PropertyValueSpecification","valueRequired":true,"valueName":"search_term_string"}}],"inLanguage":"de"}]}},"_links":{"self":[{"href":"https:\/\/partsandpieces.nl\/de\/wp-json\/wp\/v2\/product\/1501","targetHints":{"allow":["GET"]}}],"collection":[{"href":"https:\/\/partsandpieces.nl\/de\/wp-json\/wp\/v2\/product"}],"about":[{"href":"https:\/\/partsandpieces.nl\/de\/wp-json\/wp\/v2\/types\/product"}],"wp:featuredmedia":[{"embeddable":true,"href":"https:\/\/partsandpieces.nl\/de\/wp-json\/wp\/v2\/media\/7866"}],"wp:attachment":[{"href":"https:\/\/partsandpieces.nl\/de\/wp-json\/wp\/v2\/media?parent=1501"}],"wp:term":[{"taxonomy":"product_brand","embeddable":true,"href":"https:\/\/partsandpieces.nl\/de\/wp-json\/wp\/v2\/product_brand?post=1501"},{"taxonomy":"product_cat","embeddable":true,"href":"https:\/\/partsandpieces.nl\/de\/wp-json\/wp\/v2\/product_cat?post=1501"},{"taxonomy":"product_tag","embeddable":true,"href":"https:\/\/partsandpieces.nl\/de\/wp-json\/wp\/v2\/product_tag?post=1501"}],"curies":[{"name":"wp","href":"https:\/\/api.w.org\/{rel}","templated":true}]}}