{"id":1507,"date":"2020-08-06T13:47:19","date_gmt":"2020-08-06T13:47:19","guid":{"rendered":"https:\/\/partsandpieces.bonsaidev.nl\/?product=sleutelplaat-messing-glans-59x115mm"},"modified":"2026-03-18T20:01:24","modified_gmt":"2026-03-18T19:01:24","slug":"schlusselplatte-messing-glanzend-oval-gros-60x120mm","status":"publish","type":"product","link":"https:\/\/partsandpieces.nl\/de\/product\/sleutelplaat-messing-glanzend-ovaal-groot-60x120mm\/","title":{"rendered":"Schl\u00fcsselplatte Messing gl\u00e4nzend oval Gro\u00df 60x120mm"},"content":{"rendered":"<p><strong>Schl\u00fcsselplatte Messing gl\u00e4nzend oval Gro\u00df 60x120mm<\/strong> ist eine sch\u00f6ne, solide Schl\u00fcsselplatte aus Eisen mit gl\u00e4nzendem Messingfinish. Die Schl\u00fcsselplatte ist vertikal ausgerichtet und hat eine sch\u00f6ne Verzierung. Ein echter Hingucker f\u00fcr Ihre antiken oder klassischen M\u00f6bel.<\/p>\n<p><strong>Ma\u00dfe<br \/>\n<\/strong>Schl\u00fcsselplatte Messing gl\u00e4nzend oval Gro\u00df 60x120mm hat eine Breite von 60mm und eine H\u00f6he von 120mm. Das Schl\u00fcsselloch ist 18 mm hoch.<\/p>\n<p><strong>Bearbeiten<br \/>\n<\/strong>Sie k\u00f6nnen die Schl\u00fcsselplatte mit 2 kleinen Schrauben befestigen. Ich werde diese Schrauben NICHT mit Ihrer Bestellung mitsenden.<\/p>","protected":false},"excerpt":{"rendered":"<p>Sleutelplaat Messing glanzend ovaal Groot 60x120mm is een prachtige, massieve sleutelplaat gemaakt van ijzer met een glanzende messing afwerking. De sleutelplaat is verticaal gericht en heeft een mooie versiering. Echt een eye-catcher voor op je antieke of klassieke meubel. Afmetingen Sleutelplaat Messing glanzend ovaal Groot 60x120mm heeft een breedte van 60mm en een hoogte van [&hellip;]<\/p>\n","protected":false},"featured_media":7843,"template":"","meta":{"_acf_changed":false},"product_brand":[],"product_cat":[23,48],"product_tag":[],"class_list":{"0":"post-1507","1":"product","2":"type-product","3":"status-publish","4":"has-post-thumbnail","6":"product_cat-meubelbeslag","7":"product_cat-sleutelplaten","9":"first","10":"instock","11":"taxable","12":"shipping-taxable","13":"purchasable","14":"product-type-simple"},"acf":[],"yoast_head":"<!-- This site is optimized with the Yoast SEO plugin v27.3 - https:\/\/yoast.com\/product\/yoast-seo-wordpress\/ -->\n<title>Sleutelplaat Messing ovaal Groot 60x120mm glanzend<\/title>\n<meta name=\"description\" content=\"Sleutelplaat Messing glanzend ovaal Groot 60x120mm is een prachtige, massieve sleutelplaat met een glanzende messing afwerking.\" \/>\n<meta name=\"robots\" content=\"index, follow, max-snippet:-1, max-image-preview:large, max-video-preview:-1\" \/>\n<link rel=\"canonical\" href=\"https:\/\/partsandpieces.nl\/de\/produkt\/schlusselplatte-messing-glanzend-oval-gros-60x120mm\/\" \/>\n<meta property=\"og:locale\" content=\"de_DE\" \/>\n<meta property=\"og:type\" content=\"article\" \/>\n<meta property=\"og:title\" content=\"Sleutelplaat Messing ovaal Groot 60x120mm glanzend\" \/>\n<meta property=\"og:description\" content=\"Sleutelplaat Messing glanzend ovaal Groot 60x120mm is een prachtige, massieve sleutelplaat met een glanzende messing afwerking.\" \/>\n<meta property=\"og:url\" content=\"https:\/\/partsandpieces.nl\/de\/produkt\/schlusselplatte-messing-glanzend-oval-gros-60x120mm\/\" \/>\n<meta property=\"og:site_name\" content=\"Parts &amp; Pieces\" \/>\n<meta property=\"article:modified_time\" content=\"2026-03-18T19:01:24+00:00\" \/>\n<meta property=\"og:image\" content=\"https:\/\/partsandpieces.nl\/wp-content\/uploads\/2020\/08\/Sleutelplaat-Messing-glanzend-ovaal-Groot-60x120mm.jpg\" \/>\n\t<meta property=\"og:image:width\" content=\"440\" \/>\n\t<meta property=\"og:image:height\" content=\"440\" \/>\n\t<meta property=\"og:image:type\" content=\"image\/jpeg\" \/>\n<meta name=\"twitter:card\" content=\"summary_large_image\" \/>\n<meta name=\"twitter:label1\" content=\"Gesch\u00e4tzte Lesezeit\" \/>\n\t<meta name=\"twitter:data1\" content=\"1\u00a0Minute\" \/>\n<script type=\"application\/ld+json\" class=\"yoast-schema-graph\">{\"@context\":\"https:\\\/\\\/schema.org\",\"@graph\":[{\"@type\":\"WebPage\",\"@id\":\"https:\\\/\\\/partsandpieces.nl\\\/product\\\/sleutelplaat-messing-glanzend-ovaal-groot-60x120mm\\\/\",\"url\":\"https:\\\/\\\/partsandpieces.nl\\\/product\\\/sleutelplaat-messing-glanzend-ovaal-groot-60x120mm\\\/\",\"name\":\"Sleutelplaat Messing ovaal Groot 60x120mm glanzend\",\"isPartOf\":{\"@id\":\"https:\\\/\\\/partsandpieces.nl\\\/#website\"},\"primaryImageOfPage\":{\"@id\":\"https:\\\/\\\/partsandpieces.nl\\\/product\\\/sleutelplaat-messing-glanzend-ovaal-groot-60x120mm\\\/#primaryimage\"},\"image\":{\"@id\":\"https:\\\/\\\/partsandpieces.nl\\\/product\\\/sleutelplaat-messing-glanzend-ovaal-groot-60x120mm\\\/#primaryimage\"},\"thumbnailUrl\":\"https:\\\/\\\/partsandpieces.nl\\\/wp-content\\\/uploads\\\/2020\\\/08\\\/Sleutelplaat-Messing-glanzend-ovaal-Groot-60x120mm.jpg\",\"datePublished\":\"2020-08-06T13:47:19+00:00\",\"dateModified\":\"2026-03-18T19:01:24+00:00\",\"description\":\"Sleutelplaat Messing glanzend ovaal Groot 60x120mm is een prachtige, massieve sleutelplaat met een glanzende messing afwerking.\",\"breadcrumb\":{\"@id\":\"https:\\\/\\\/partsandpieces.nl\\\/product\\\/sleutelplaat-messing-glanzend-ovaal-groot-60x120mm\\\/#breadcrumb\"},\"inLanguage\":\"de\",\"potentialAction\":[{\"@type\":\"ReadAction\",\"target\":[\"https:\\\/\\\/partsandpieces.nl\\\/product\\\/sleutelplaat-messing-glanzend-ovaal-groot-60x120mm\\\/\"]}]},{\"@type\":\"ImageObject\",\"inLanguage\":\"de\",\"@id\":\"https:\\\/\\\/partsandpieces.nl\\\/product\\\/sleutelplaat-messing-glanzend-ovaal-groot-60x120mm\\\/#primaryimage\",\"url\":\"https:\\\/\\\/partsandpieces.nl\\\/wp-content\\\/uploads\\\/2020\\\/08\\\/Sleutelplaat-Messing-glanzend-ovaal-Groot-60x120mm.jpg\",\"contentUrl\":\"https:\\\/\\\/partsandpieces.nl\\\/wp-content\\\/uploads\\\/2020\\\/08\\\/Sleutelplaat-Messing-glanzend-ovaal-Groot-60x120mm.jpg\",\"width\":440,\"height\":440,\"caption\":\"Sleutelplaat Messing glanzend ovaal Groot 60x120mm\"},{\"@type\":\"BreadcrumbList\",\"@id\":\"https:\\\/\\\/partsandpieces.nl\\\/product\\\/sleutelplaat-messing-glanzend-ovaal-groot-60x120mm\\\/#breadcrumb\",\"itemListElement\":[{\"@type\":\"ListItem\",\"position\":1,\"name\":\"Home\",\"item\":\"https:\\\/\\\/partsandpieces.nl\\\/home\\\/\"},{\"@type\":\"ListItem\",\"position\":2,\"name\":\"Winkel\",\"item\":\"https:\\\/\\\/partsandpieces.nl\\\/winkel\\\/\"},{\"@type\":\"ListItem\",\"position\":3,\"name\":\"Sleutelplaat Messing glanzend ovaal Groot 60x120mm\"}]},{\"@type\":\"WebSite\",\"@id\":\"https:\\\/\\\/partsandpieces.nl\\\/#website\",\"url\":\"https:\\\/\\\/partsandpieces.nl\\\/\",\"name\":\"Parts &amp; Pieces\",\"description\":\"Alles voor uw meubelrestauratie en -onderhoud!\",\"potentialAction\":[{\"@type\":\"SearchAction\",\"target\":{\"@type\":\"EntryPoint\",\"urlTemplate\":\"https:\\\/\\\/partsandpieces.nl\\\/?s={search_term_string}\"},\"query-input\":{\"@type\":\"PropertyValueSpecification\",\"valueRequired\":true,\"valueName\":\"search_term_string\"}}],\"inLanguage\":\"de\"}]}<\/script>\n<!-- \/ Yoast SEO plugin. -->","yoast_head_json":{"title":"Schl\u00fcsselplatte Messing oval gro\u00df 60x120mm gl\u00e4nzend","description":"Schl\u00fcsselplatte aus Messing, gl\u00e4nzend, oval, gro\u00df, 60 x 120 mm, ist eine sch\u00f6ne, solide Schl\u00fcsselplatte mit einer gl\u00e4nzenden Messingoberfl\u00e4che.","robots":{"index":"index","follow":"follow","max-snippet":"max-snippet:-1","max-image-preview":"max-image-preview:large","max-video-preview":"max-video-preview:-1"},"canonical":"https:\/\/partsandpieces.nl\/de\/produkt\/schlusselplatte-messing-glanzend-oval-gros-60x120mm\/","og_locale":"de_DE","og_type":"article","og_title":"Sleutelplaat Messing ovaal Groot 60x120mm glanzend","og_description":"Sleutelplaat Messing glanzend ovaal Groot 60x120mm is een prachtige, massieve sleutelplaat met een glanzende messing afwerking.","og_url":"https:\/\/partsandpieces.nl\/de\/produkt\/schlusselplatte-messing-glanzend-oval-gros-60x120mm\/","og_site_name":"Parts &amp; Pieces","article_modified_time":"2026-03-18T19:01:24+00:00","og_image":[{"width":440,"height":440,"url":"https:\/\/partsandpieces.nl\/wp-content\/uploads\/2020\/08\/Sleutelplaat-Messing-glanzend-ovaal-Groot-60x120mm.jpg","type":"image\/jpeg"}],"twitter_card":"summary_large_image","twitter_misc":{"Gesch\u00e4tzte Lesezeit":"1\u00a0Minute"},"schema":{"@context":"https:\/\/schema.org","@graph":[{"@type":"WebPage","@id":"https:\/\/partsandpieces.nl\/product\/sleutelplaat-messing-glanzend-ovaal-groot-60x120mm\/","url":"https:\/\/partsandpieces.nl\/product\/sleutelplaat-messing-glanzend-ovaal-groot-60x120mm\/","name":"Schl\u00fcsselplatte Messing oval gro\u00df 60x120mm gl\u00e4nzend","isPartOf":{"@id":"https:\/\/partsandpieces.nl\/#website"},"primaryImageOfPage":{"@id":"https:\/\/partsandpieces.nl\/product\/sleutelplaat-messing-glanzend-ovaal-groot-60x120mm\/#primaryimage"},"image":{"@id":"https:\/\/partsandpieces.nl\/product\/sleutelplaat-messing-glanzend-ovaal-groot-60x120mm\/#primaryimage"},"thumbnailUrl":"https:\/\/partsandpieces.nl\/wp-content\/uploads\/2020\/08\/Sleutelplaat-Messing-glanzend-ovaal-Groot-60x120mm.jpg","datePublished":"2020-08-06T13:47:19+00:00","dateModified":"2026-03-18T19:01:24+00:00","description":"Schl\u00fcsselplatte aus Messing, gl\u00e4nzend, oval, gro\u00df, 60 x 120 mm, ist eine sch\u00f6ne, solide Schl\u00fcsselplatte mit einer gl\u00e4nzenden Messingoberfl\u00e4che.","breadcrumb":{"@id":"https:\/\/partsandpieces.nl\/product\/sleutelplaat-messing-glanzend-ovaal-groot-60x120mm\/#breadcrumb"},"inLanguage":"de","potentialAction":[{"@type":"ReadAction","target":["https:\/\/partsandpieces.nl\/product\/sleutelplaat-messing-glanzend-ovaal-groot-60x120mm\/"]}]},{"@type":"ImageObject","inLanguage":"de","@id":"https:\/\/partsandpieces.nl\/product\/sleutelplaat-messing-glanzend-ovaal-groot-60x120mm\/#primaryimage","url":"https:\/\/partsandpieces.nl\/wp-content\/uploads\/2020\/08\/Sleutelplaat-Messing-glanzend-ovaal-Groot-60x120mm.jpg","contentUrl":"https:\/\/partsandpieces.nl\/wp-content\/uploads\/2020\/08\/Sleutelplaat-Messing-glanzend-ovaal-Groot-60x120mm.jpg","width":440,"height":440,"caption":"Sleutelplaat Messing glanzend ovaal Groot 60x120mm"},{"@type":"BreadcrumbList","@id":"https:\/\/partsandpieces.nl\/product\/sleutelplaat-messing-glanzend-ovaal-groot-60x120mm\/#breadcrumb","itemListElement":[{"@type":"ListItem","position":1,"name":"Home","item":"https:\/\/partsandpieces.nl\/home\/"},{"@type":"ListItem","position":2,"name":"Winkel","item":"https:\/\/partsandpieces.nl\/winkel\/"},{"@type":"ListItem","position":3,"name":"Sleutelplaat Messing glanzend ovaal Groot 60x120mm"}]},{"@type":"WebSite","@id":"https:\/\/partsandpieces.nl\/#website","url":"https:\/\/partsandpieces.nl\/","name":"Teile &amp; St\u00fccke","description":"Alles f\u00fcr Ihre M\u00f6belrestaurierung und -pflege!","potentialAction":[{"@type":"SearchAction","target":{"@type":"EntryPoint","urlTemplate":"https:\/\/partsandpieces.nl\/?s={search_term_string}"},"query-input":{"@type":"PropertyValueSpecification","valueRequired":true,"valueName":"search_term_string"}}],"inLanguage":"de"}]}},"_links":{"self":[{"href":"https:\/\/partsandpieces.nl\/de\/wp-json\/wp\/v2\/product\/1507","targetHints":{"allow":["GET"]}}],"collection":[{"href":"https:\/\/partsandpieces.nl\/de\/wp-json\/wp\/v2\/product"}],"about":[{"href":"https:\/\/partsandpieces.nl\/de\/wp-json\/wp\/v2\/types\/product"}],"wp:featuredmedia":[{"embeddable":true,"href":"https:\/\/partsandpieces.nl\/de\/wp-json\/wp\/v2\/media\/7843"}],"wp:attachment":[{"href":"https:\/\/partsandpieces.nl\/de\/wp-json\/wp\/v2\/media?parent=1507"}],"wp:term":[{"taxonomy":"product_brand","embeddable":true,"href":"https:\/\/partsandpieces.nl\/de\/wp-json\/wp\/v2\/product_brand?post=1507"},{"taxonomy":"product_cat","embeddable":true,"href":"https:\/\/partsandpieces.nl\/de\/wp-json\/wp\/v2\/product_cat?post=1507"},{"taxonomy":"product_tag","embeddable":true,"href":"https:\/\/partsandpieces.nl\/de\/wp-json\/wp\/v2\/product_tag?post=1507"}],"curies":[{"name":"wp","href":"https:\/\/api.w.org\/{rel}","templated":true}]}}