{"id":15135,"date":"2026-05-13T14:58:27","date_gmt":"2026-05-13T12:58:27","guid":{"rendered":"https:\/\/partsandpieces.nl\/?post_type=product&#038;p=15135"},"modified":"2026-05-13T15:08:55","modified_gmt":"2026-05-13T13:08:55","slug":"meubelgreep-messing-antiek-lauwerkrans-verticaal-34mm","status":"publish","type":"product","link":"https:\/\/partsandpieces.nl\/de\/product\/meubelgreep-messing-antiek-lauwerkrans-verticaal-34mm\/","title":{"rendered":"Meubelgreep Messing antiek Lauwerkrans verticaal 34mm"},"content":{"rendered":"<p><strong>Meubelgreep Messing antiek Lauwerkrans verticaal 34mm<\/strong> is een mooie deurgreep gemaakt van zamak* met een antieke messing afwerking. De meubelgreep bestaat uit een ring met een ovale, afgeronde vorm om je deurtje mee open te trekken. Deze ring is met een knopje bevestigd aan een achterplaat die is versierd met een lauwerkrans. De rand is versierd met een kabelmotief. De uitstraling van deze klassieke greep is mat. Deze greep past goed op je antieke of klassieke meubel en lades.<\/p>\n<p>Dieser hochwertige M\u00f6belgriff wird in Italien hergestellt.<\/p>\n<p><strong>Ma\u00dfe<br \/>\n<\/strong>De meubelgreep Messing antiek &#8216;Lauwerkrans&#8217; verticaal is in zijn geheel 34mm breed en 96mm hoog. De greep zelf is 31mm breed en 40mm hoog. Na montage steekt deze greep 12mm uit.<\/p>\n<p><strong>Bearbeiten<br \/>\n<\/strong>Sie k\u00f6nnen den Griff mit blind montieren <span style=\"text-decoration: underline;\"><a href=\"https:\/\/partsandpieces.nl\/de\/produkt\/schrauben-mit-rundkopf-antikbronze-mit-schlitz-2-x-14-mm\/\">Schraube Rundkopf Antik Bronze mit Schlitz (2x14mm)<\/a><\/span>. Ich schicke diese Schrauben\u00a0<strong>FREI<\/strong>\u00a0mit Ihrer Bestellung.<\/p>\n<p>* Zamak ist eine Legierung mit Zink als Hauptbestandteil. Es hat einen relativ niedrigen Schmelzpunkt und ist leicht zu gie\u00dfen. Der Name ist ein Akronym, abgeleitet von den Anfangsbuchstaben der deutschen Bezeichnungen f\u00fcr die Metalle, aus denen sich der Werkstoff zusammensetzt: Zink, Aluminium, MAGnesium, Kupfer. Zamak wird in der Auto- und M\u00f6belindustrie f\u00fcr T\u00fcrgriffe, Griffe, Logos und Zierleisten verwendet. Es wird auch h\u00e4ufig als Ersatz f\u00fcr das giftige Blei verwendet.<\/p>","protected":false},"excerpt":{"rendered":"<p>Meubelgreep Messing antiek Lauwerkrans verticaal 34mm is een mooie deurgreep gemaakt van zamak* met een antieke messing afwerking. De meubelgreep bestaat uit een ring met een ovale, afgeronde vorm om je deurtje mee open te trekken. Deze ring is met een knopje bevestigd aan een achterplaat die is versierd met een lauwerkrans. De rand is [&hellip;]<\/p>\n","protected":false},"featured_media":4977,"template":"","meta":{"_acf_changed":false},"product_brand":[],"product_cat":[29,23],"product_tag":[],"class_list":{"0":"post-15135","1":"product","2":"type-product","3":"status-publish","4":"has-post-thumbnail","6":"product_cat-deurtrekkers","7":"product_cat-meubelbeslag","9":"first","10":"instock","11":"taxable","12":"shipping-taxable","13":"purchasable","14":"product-type-simple"},"acf":[],"yoast_head":"<!-- This site is optimized with the Yoast SEO plugin v27.6 - https:\/\/yoast.com\/product\/yoast-seo-wordpress\/ -->\n<title>Meubelgreep Messing Lauwerkrans verticaal antiek 34mm<\/title>\n<meta name=\"description\" content=\"Meubelgreep Messing antiek Lauwerkrans verticaal antiek 34mm heeft een antieke bronzen afwerking. Past goed op je antieke of klassieke meubel en lades.\" \/>\n<meta name=\"robots\" content=\"index, follow, max-snippet:-1, max-image-preview:large, max-video-preview:-1\" \/>\n<link rel=\"canonical\" href=\"https:\/\/partsandpieces.nl\/de\/produkt\/meubelgreep-messing-antiek-lauwerkrans-verticaal-34mm\/\" \/>\n<meta property=\"og:locale\" content=\"de_DE\" \/>\n<meta property=\"og:type\" content=\"article\" \/>\n<meta property=\"og:title\" content=\"Meubelgreep Messing Lauwerkrans verticaal antiek 34mm\" \/>\n<meta property=\"og:description\" content=\"Meubelgreep Messing antiek Lauwerkrans verticaal antiek 34mm heeft een antieke bronzen afwerking. Past goed op je antieke of klassieke meubel en lades.\" \/>\n<meta property=\"og:url\" content=\"https:\/\/partsandpieces.nl\/de\/produkt\/meubelgreep-messing-antiek-lauwerkrans-verticaal-34mm\/\" \/>\n<meta property=\"og:site_name\" content=\"Parts &amp; Pieces\" \/>\n<meta property=\"article:modified_time\" content=\"2026-05-13T13:08:55+00:00\" \/>\n<meta property=\"og:image\" content=\"https:\/\/partsandpieces.nl\/wp-content\/uploads\/2020\/07\/Meubelgreep-Brons-antiek-Lauwerkrans-verticaal-34mm.jpg\" \/>\n\t<meta property=\"og:image:width\" content=\"480\" \/>\n\t<meta property=\"og:image:height\" content=\"640\" \/>\n\t<meta property=\"og:image:type\" content=\"image\/jpeg\" \/>\n<meta name=\"twitter:card\" content=\"summary_large_image\" \/>\n<meta name=\"twitter:label1\" content=\"Gesch\u00e4tzte Lesezeit\" \/>\n\t<meta name=\"twitter:data1\" content=\"2\u00a0Minuten\" \/>\n<script type=\"application\/ld+json\" class=\"yoast-schema-graph\">{\"@context\":\"https:\\\/\\\/schema.org\",\"@graph\":[{\"@type\":\"WebPage\",\"@id\":\"https:\\\/\\\/partsandpieces.nl\\\/product\\\/meubelgreep-messing-antiek-lauwerkrans-verticaal-34mm\\\/\",\"url\":\"https:\\\/\\\/partsandpieces.nl\\\/product\\\/meubelgreep-messing-antiek-lauwerkrans-verticaal-34mm\\\/\",\"name\":\"Meubelgreep Messing Lauwerkrans verticaal antiek 34mm\",\"isPartOf\":{\"@id\":\"https:\\\/\\\/partsandpieces.nl\\\/#website\"},\"primaryImageOfPage\":{\"@id\":\"https:\\\/\\\/partsandpieces.nl\\\/product\\\/meubelgreep-messing-antiek-lauwerkrans-verticaal-34mm\\\/#primaryimage\"},\"image\":{\"@id\":\"https:\\\/\\\/partsandpieces.nl\\\/product\\\/meubelgreep-messing-antiek-lauwerkrans-verticaal-34mm\\\/#primaryimage\"},\"thumbnailUrl\":\"https:\\\/\\\/partsandpieces.nl\\\/wp-content\\\/uploads\\\/2020\\\/07\\\/Meubelgreep-Brons-antiek-Lauwerkrans-verticaal-34mm.jpg\",\"datePublished\":\"2026-05-13T12:58:27+00:00\",\"dateModified\":\"2026-05-13T13:08:55+00:00\",\"description\":\"Meubelgreep Messing antiek Lauwerkrans verticaal antiek 34mm heeft een antieke bronzen afwerking. Past goed op je antieke of klassieke meubel en lades.\",\"breadcrumb\":{\"@id\":\"https:\\\/\\\/partsandpieces.nl\\\/product\\\/meubelgreep-messing-antiek-lauwerkrans-verticaal-34mm\\\/#breadcrumb\"},\"inLanguage\":\"de\",\"potentialAction\":[{\"@type\":\"ReadAction\",\"target\":[\"https:\\\/\\\/partsandpieces.nl\\\/product\\\/meubelgreep-messing-antiek-lauwerkrans-verticaal-34mm\\\/\"]}]},{\"@type\":\"ImageObject\",\"inLanguage\":\"de\",\"@id\":\"https:\\\/\\\/partsandpieces.nl\\\/product\\\/meubelgreep-messing-antiek-lauwerkrans-verticaal-34mm\\\/#primaryimage\",\"url\":\"https:\\\/\\\/partsandpieces.nl\\\/wp-content\\\/uploads\\\/2020\\\/07\\\/Meubelgreep-Brons-antiek-Lauwerkrans-verticaal-34mm.jpg\",\"contentUrl\":\"https:\\\/\\\/partsandpieces.nl\\\/wp-content\\\/uploads\\\/2020\\\/07\\\/Meubelgreep-Brons-antiek-Lauwerkrans-verticaal-34mm.jpg\",\"width\":480,\"height\":640,\"caption\":\"Meubelgreep Brons antiek Lauwerkrans verticaal 34mm\"},{\"@type\":\"BreadcrumbList\",\"@id\":\"https:\\\/\\\/partsandpieces.nl\\\/product\\\/meubelgreep-messing-antiek-lauwerkrans-verticaal-34mm\\\/#breadcrumb\",\"itemListElement\":[{\"@type\":\"ListItem\",\"position\":1,\"name\":\"Home\",\"item\":\"https:\\\/\\\/partsandpieces.nl\\\/home\\\/\"},{\"@type\":\"ListItem\",\"position\":2,\"name\":\"Winkel\",\"item\":\"https:\\\/\\\/partsandpieces.nl\\\/winkel\\\/\"},{\"@type\":\"ListItem\",\"position\":3,\"name\":\"Meubelgreep Messing antiek Lauwerkrans verticaal 34mm\"}]},{\"@type\":\"WebSite\",\"@id\":\"https:\\\/\\\/partsandpieces.nl\\\/#website\",\"url\":\"https:\\\/\\\/partsandpieces.nl\\\/\",\"name\":\"Parts &amp; Pieces\",\"description\":\"Alles voor uw meubelrestauratie en -onderhoud!\",\"potentialAction\":[{\"@type\":\"SearchAction\",\"target\":{\"@type\":\"EntryPoint\",\"urlTemplate\":\"https:\\\/\\\/partsandpieces.nl\\\/?s={search_term_string}\"},\"query-input\":{\"@type\":\"PropertyValueSpecification\",\"valueRequired\":true,\"valueName\":\"search_term_string\"}}],\"inLanguage\":\"de\"}]}<\/script>\n<!-- \/ Yoast SEO plugin. -->","yoast_head_json":{"title":"Meubelgreep Messing Lauwerkrans verticaal antiek 34mm","description":"Meubelgreep Messing antiek Lauwerkrans verticaal antiek 34mm heeft een antieke bronzen afwerking. Past goed op je antieke of klassieke meubel en lades.","robots":{"index":"index","follow":"follow","max-snippet":"max-snippet:-1","max-image-preview":"max-image-preview:large","max-video-preview":"max-video-preview:-1"},"canonical":"https:\/\/partsandpieces.nl\/de\/produkt\/meubelgreep-messing-antiek-lauwerkrans-verticaal-34mm\/","og_locale":"de_DE","og_type":"article","og_title":"Meubelgreep Messing Lauwerkrans verticaal antiek 34mm","og_description":"Meubelgreep Messing antiek Lauwerkrans verticaal antiek 34mm heeft een antieke bronzen afwerking. Past goed op je antieke of klassieke meubel en lades.","og_url":"https:\/\/partsandpieces.nl\/de\/produkt\/meubelgreep-messing-antiek-lauwerkrans-verticaal-34mm\/","og_site_name":"Parts &amp; Pieces","article_modified_time":"2026-05-13T13:08:55+00:00","og_image":[{"width":480,"height":640,"url":"https:\/\/partsandpieces.nl\/wp-content\/uploads\/2020\/07\/Meubelgreep-Brons-antiek-Lauwerkrans-verticaal-34mm.jpg","type":"image\/jpeg"}],"twitter_card":"summary_large_image","twitter_misc":{"Gesch\u00e4tzte Lesezeit":"2\u00a0Minuten"},"schema":{"@context":"https:\/\/schema.org","@graph":[{"@type":"WebPage","@id":"https:\/\/partsandpieces.nl\/product\/meubelgreep-messing-antiek-lauwerkrans-verticaal-34mm\/","url":"https:\/\/partsandpieces.nl\/product\/meubelgreep-messing-antiek-lauwerkrans-verticaal-34mm\/","name":"Meubelgreep Messing Lauwerkrans verticaal antiek 34mm","isPartOf":{"@id":"https:\/\/partsandpieces.nl\/#website"},"primaryImageOfPage":{"@id":"https:\/\/partsandpieces.nl\/product\/meubelgreep-messing-antiek-lauwerkrans-verticaal-34mm\/#primaryimage"},"image":{"@id":"https:\/\/partsandpieces.nl\/product\/meubelgreep-messing-antiek-lauwerkrans-verticaal-34mm\/#primaryimage"},"thumbnailUrl":"https:\/\/partsandpieces.nl\/wp-content\/uploads\/2020\/07\/Meubelgreep-Brons-antiek-Lauwerkrans-verticaal-34mm.jpg","datePublished":"2026-05-13T12:58:27+00:00","dateModified":"2026-05-13T13:08:55+00:00","description":"Meubelgreep Messing antiek Lauwerkrans verticaal antiek 34mm heeft een antieke bronzen afwerking. Past goed op je antieke of klassieke meubel en lades.","breadcrumb":{"@id":"https:\/\/partsandpieces.nl\/product\/meubelgreep-messing-antiek-lauwerkrans-verticaal-34mm\/#breadcrumb"},"inLanguage":"de","potentialAction":[{"@type":"ReadAction","target":["https:\/\/partsandpieces.nl\/product\/meubelgreep-messing-antiek-lauwerkrans-verticaal-34mm\/"]}]},{"@type":"ImageObject","inLanguage":"de","@id":"https:\/\/partsandpieces.nl\/product\/meubelgreep-messing-antiek-lauwerkrans-verticaal-34mm\/#primaryimage","url":"https:\/\/partsandpieces.nl\/wp-content\/uploads\/2020\/07\/Meubelgreep-Brons-antiek-Lauwerkrans-verticaal-34mm.jpg","contentUrl":"https:\/\/partsandpieces.nl\/wp-content\/uploads\/2020\/07\/Meubelgreep-Brons-antiek-Lauwerkrans-verticaal-34mm.jpg","width":480,"height":640,"caption":"Meubelgreep Brons antiek Lauwerkrans verticaal 34mm"},{"@type":"BreadcrumbList","@id":"https:\/\/partsandpieces.nl\/product\/meubelgreep-messing-antiek-lauwerkrans-verticaal-34mm\/#breadcrumb","itemListElement":[{"@type":"ListItem","position":1,"name":"Home","item":"https:\/\/partsandpieces.nl\/home\/"},{"@type":"ListItem","position":2,"name":"Winkel","item":"https:\/\/partsandpieces.nl\/winkel\/"},{"@type":"ListItem","position":3,"name":"Meubelgreep Messing antiek Lauwerkrans verticaal 34mm"}]},{"@type":"WebSite","@id":"https:\/\/partsandpieces.nl\/#website","url":"https:\/\/partsandpieces.nl\/","name":"Teile &amp; St\u00fccke","description":"Alles f\u00fcr Ihre M\u00f6belrestaurierung und -pflege!","potentialAction":[{"@type":"SearchAction","target":{"@type":"EntryPoint","urlTemplate":"https:\/\/partsandpieces.nl\/?s={search_term_string}"},"query-input":{"@type":"PropertyValueSpecification","valueRequired":true,"valueName":"search_term_string"}}],"inLanguage":"de"}]}},"_links":{"self":[{"href":"https:\/\/partsandpieces.nl\/de\/wp-json\/wp\/v2\/product\/15135","targetHints":{"allow":["GET"]}}],"collection":[{"href":"https:\/\/partsandpieces.nl\/de\/wp-json\/wp\/v2\/product"}],"about":[{"href":"https:\/\/partsandpieces.nl\/de\/wp-json\/wp\/v2\/types\/product"}],"wp:featuredmedia":[{"embeddable":true,"href":"https:\/\/partsandpieces.nl\/de\/wp-json\/wp\/v2\/media\/4977"}],"wp:attachment":[{"href":"https:\/\/partsandpieces.nl\/de\/wp-json\/wp\/v2\/media?parent=15135"}],"wp:term":[{"taxonomy":"product_brand","embeddable":true,"href":"https:\/\/partsandpieces.nl\/de\/wp-json\/wp\/v2\/product_brand?post=15135"},{"taxonomy":"product_cat","embeddable":true,"href":"https:\/\/partsandpieces.nl\/de\/wp-json\/wp\/v2\/product_cat?post=15135"},{"taxonomy":"product_tag","embeddable":true,"href":"https:\/\/partsandpieces.nl\/de\/wp-json\/wp\/v2\/product_tag?post=15135"}],"curies":[{"name":"wp","href":"https:\/\/api.w.org\/{rel}","templated":true}]}}