{"id":1521,"date":"2020-08-10T09:26:15","date_gmt":"2020-08-10T09:26:15","guid":{"rendered":"https:\/\/partsandpieces.bonsaidev.nl\/?product=sleutel-zam-mat-chr-70x256mm"},"modified":"2025-10-16T09:11:12","modified_gmt":"2025-10-16T07:11:12","slug":"schlusseldekor-5500-antiksilber-42mm","status":"publish","type":"product","link":"https:\/\/partsandpieces.nl\/de\/product\/sleutel-decor-5500-antiek-zilver-42mm\/","title":{"rendered":"Schl\u00fcsseldekor 5500 Antiksilber 42mm"},"content":{"rendered":"<p><strong>Schl\u00fcsseldekor 5500 Antiksilber 42mm<\/strong> ist ein mittelgro\u00dfer Schl\u00fcssel aus der Decor 5500-Linie von Giusti. Der Schl\u00fcssel besteht aus Zamak* und hat ein antikes Silberfinish. Der Schl\u00fcssel hat am Ende ein Loch und einen kleinen Bart.<\/p>\n<p>Dieser Schl\u00fcssel passt f\u00fcr alle\u00a0<span style=\"text-decoration: underline;\"><a href=\"https:\/\/partsandpieces.nl\/de\/produktkategorie-2\/mobelbeschlage\/schlosser\/\">Einsteckschl\u00f6sser f\u00fcr den hinteren Eingang und Decksschl\u00f6sser<\/a><\/span>\u00a0im webshop.<\/p>\n<p>Dieser hochwertige Schl\u00fcssel wird in Italien hergestellt.<\/p>\n<p><strong>Ma\u00dfe<br \/>\n<\/strong>Die Gesamtl\u00e4nge des Schl\u00fcsseldekors 5500 Antiksilber 42 mm betr\u00e4gt 71 mm. Sie k\u00f6nnen den Schl\u00fcssel maximal 42 mm in das Schloss einf\u00fchren. Am Ende hat der Schl\u00fcssel ein Loch und einen kleinen Bart von 6 mm H\u00f6he und 7 mm Breite. Der Durchmesser des Stiels betr\u00e4gt 6 mm, die Innengr\u00f6\u00dfe des Lochs betr\u00e4gt 4 mm und das Auge ist etwa 25 mm breit.<\/p>\n<p>* Zamak ist eine Legierung mit Zink als Hauptbestandteil. Es hat einen relativ niedrigen Schmelzpunkt und ist leicht zu gie\u00dfen. Der Name ist ein Akronym, abgeleitet von den Anfangsbuchstaben der deutschen Bezeichnungen f\u00fcr die Metalle, aus denen sich der Werkstoff zusammensetzt: Zink, Aluminium, MAGnesium, Kupfer. Zamak wird in der Auto- und M\u00f6belindustrie f\u00fcr T\u00fcrgriffe, Griffe, Logos und Zierleisten verwendet. Es wird auch h\u00e4ufig als Ersatz f\u00fcr das giftige Blei verwendet.<\/p>","protected":false},"excerpt":{"rendered":"<p>Sleutel Decor 5500 Antiek Zilver 42mm is een middelgrote sleutel uit de Decor 5500 lijn van Giusti. De sleutel is gemaakt van Zamak* en heeft een antieke zilveren finish. De sleutel heeft een gat aan het uiteinde en een kleine baard. Deze sleutel past op alle\u00a0achterinlaat- insteek- en opdeksloten\u00a0in de webshop. Deze kwalitatief uitstekende sleutel [&hellip;]<\/p>\n","protected":false},"featured_media":6187,"template":"","meta":{"_acf_changed":false},"product_brand":[],"product_cat":[49,23],"product_tag":[],"class_list":{"0":"post-1521","1":"product","2":"type-product","3":"status-publish","4":"has-post-thumbnail","6":"product_cat-antieke-sleutels","7":"product_cat-meubelbeslag","9":"first","10":"instock","11":"taxable","12":"shipping-taxable","13":"purchasable","14":"product-type-simple"},"acf":[],"yoast_head":"<!-- This site is optimized with the Yoast SEO plugin v27.3 - https:\/\/yoast.com\/product\/yoast-seo-wordpress\/ -->\n<title>Sleutel Antiek Zilver 42mm<\/title>\n<meta name=\"description\" content=\"Sleutel Decor 5500 Antiek Zilver 42mm is een sleutel uit de Decor 5500 lijn van Giusti. Heeft een antieke zilveren finish, een gat uiteinde en kleine baard.\" \/>\n<meta name=\"robots\" content=\"index, follow, max-snippet:-1, max-image-preview:large, max-video-preview:-1\" \/>\n<link rel=\"canonical\" href=\"https:\/\/partsandpieces.nl\/de\/produkt\/schlusseldekor-5500-antiksilber-42mm\/\" \/>\n<meta property=\"og:locale\" content=\"de_DE\" \/>\n<meta property=\"og:type\" content=\"article\" \/>\n<meta property=\"og:title\" content=\"Sleutel Antiek Zilver 42mm\" \/>\n<meta property=\"og:description\" content=\"Sleutel Decor 5500 Antiek Zilver 42mm is een sleutel uit de Decor 5500 lijn van Giusti. Heeft een antieke zilveren finish, een gat uiteinde en kleine baard.\" \/>\n<meta property=\"og:url\" content=\"https:\/\/partsandpieces.nl\/de\/produkt\/schlusseldekor-5500-antiksilber-42mm\/\" \/>\n<meta property=\"og:site_name\" content=\"Parts &amp; Pieces\" \/>\n<meta property=\"article:modified_time\" content=\"2025-10-16T07:11:12+00:00\" \/>\n<meta property=\"og:image\" content=\"https:\/\/partsandpieces.nl\/wp-content\/uploads\/2020\/08\/Sleutel-Decor-5500-Antiek-Zilver-42mm.jpg\" \/>\n\t<meta property=\"og:image:width\" content=\"480\" \/>\n\t<meta property=\"og:image:height\" content=\"481\" \/>\n\t<meta property=\"og:image:type\" content=\"image\/jpeg\" \/>\n<meta name=\"twitter:card\" content=\"summary_large_image\" \/>\n<meta name=\"twitter:label1\" content=\"Gesch\u00e4tzte Lesezeit\" \/>\n\t<meta name=\"twitter:data1\" content=\"1\u00a0Minute\" \/>\n<script type=\"application\/ld+json\" class=\"yoast-schema-graph\">{\"@context\":\"https:\\\/\\\/schema.org\",\"@graph\":[{\"@type\":\"WebPage\",\"@id\":\"https:\\\/\\\/partsandpieces.nl\\\/product\\\/sleutel-decor-5500-antiek-zilver-42mm\\\/\",\"url\":\"https:\\\/\\\/partsandpieces.nl\\\/product\\\/sleutel-decor-5500-antiek-zilver-42mm\\\/\",\"name\":\"Sleutel Antiek Zilver 42mm\",\"isPartOf\":{\"@id\":\"https:\\\/\\\/partsandpieces.nl\\\/#website\"},\"primaryImageOfPage\":{\"@id\":\"https:\\\/\\\/partsandpieces.nl\\\/product\\\/sleutel-decor-5500-antiek-zilver-42mm\\\/#primaryimage\"},\"image\":{\"@id\":\"https:\\\/\\\/partsandpieces.nl\\\/product\\\/sleutel-decor-5500-antiek-zilver-42mm\\\/#primaryimage\"},\"thumbnailUrl\":\"https:\\\/\\\/partsandpieces.nl\\\/wp-content\\\/uploads\\\/2020\\\/08\\\/Sleutel-Decor-5500-Antiek-Zilver-42mm.jpg\",\"datePublished\":\"2020-08-10T09:26:15+00:00\",\"dateModified\":\"2025-10-16T07:11:12+00:00\",\"description\":\"Sleutel Decor 5500 Antiek Zilver 42mm is een sleutel uit de Decor 5500 lijn van Giusti. Heeft een antieke zilveren finish, een gat uiteinde en kleine baard.\",\"breadcrumb\":{\"@id\":\"https:\\\/\\\/partsandpieces.nl\\\/product\\\/sleutel-decor-5500-antiek-zilver-42mm\\\/#breadcrumb\"},\"inLanguage\":\"de\",\"potentialAction\":[{\"@type\":\"ReadAction\",\"target\":[\"https:\\\/\\\/partsandpieces.nl\\\/product\\\/sleutel-decor-5500-antiek-zilver-42mm\\\/\"]}]},{\"@type\":\"ImageObject\",\"inLanguage\":\"de\",\"@id\":\"https:\\\/\\\/partsandpieces.nl\\\/product\\\/sleutel-decor-5500-antiek-zilver-42mm\\\/#primaryimage\",\"url\":\"https:\\\/\\\/partsandpieces.nl\\\/wp-content\\\/uploads\\\/2020\\\/08\\\/Sleutel-Decor-5500-Antiek-Zilver-42mm.jpg\",\"contentUrl\":\"https:\\\/\\\/partsandpieces.nl\\\/wp-content\\\/uploads\\\/2020\\\/08\\\/Sleutel-Decor-5500-Antiek-Zilver-42mm.jpg\",\"width\":480,\"height\":481,\"caption\":\"Sleutel Decor 5500 Antiek Zilver 42mm\"},{\"@type\":\"BreadcrumbList\",\"@id\":\"https:\\\/\\\/partsandpieces.nl\\\/product\\\/sleutel-decor-5500-antiek-zilver-42mm\\\/#breadcrumb\",\"itemListElement\":[{\"@type\":\"ListItem\",\"position\":1,\"name\":\"Home\",\"item\":\"https:\\\/\\\/partsandpieces.nl\\\/home\\\/\"},{\"@type\":\"ListItem\",\"position\":2,\"name\":\"Winkel\",\"item\":\"https:\\\/\\\/partsandpieces.nl\\\/winkel\\\/\"},{\"@type\":\"ListItem\",\"position\":3,\"name\":\"Sleutel Decor 5500 Antiek Zilver 42mm\"}]},{\"@type\":\"WebSite\",\"@id\":\"https:\\\/\\\/partsandpieces.nl\\\/#website\",\"url\":\"https:\\\/\\\/partsandpieces.nl\\\/\",\"name\":\"Parts &amp; Pieces\",\"description\":\"Alles voor uw meubelrestauratie en -onderhoud!\",\"potentialAction\":[{\"@type\":\"SearchAction\",\"target\":{\"@type\":\"EntryPoint\",\"urlTemplate\":\"https:\\\/\\\/partsandpieces.nl\\\/?s={search_term_string}\"},\"query-input\":{\"@type\":\"PropertyValueSpecification\",\"valueRequired\":true,\"valueName\":\"search_term_string\"}}],\"inLanguage\":\"de\"}]}<\/script>\n<!-- \/ Yoast SEO plugin. -->","yoast_head_json":{"title":"Schl\u00fcssel Antiksilber 42mm","description":"Der Schl\u00fcssel Decor 5500 Antiksilber 42 mm ist ein Schl\u00fcssel aus der Decor 5500-Linie von Giusti. Hat ein antikes Silberfinish, ein Lochende und einen kleinen Bart.","robots":{"index":"index","follow":"follow","max-snippet":"max-snippet:-1","max-image-preview":"max-image-preview:large","max-video-preview":"max-video-preview:-1"},"canonical":"https:\/\/partsandpieces.nl\/de\/produkt\/schlusseldekor-5500-antiksilber-42mm\/","og_locale":"de_DE","og_type":"article","og_title":"Sleutel Antiek Zilver 42mm","og_description":"Sleutel Decor 5500 Antiek Zilver 42mm is een sleutel uit de Decor 5500 lijn van Giusti. Heeft een antieke zilveren finish, een gat uiteinde en kleine baard.","og_url":"https:\/\/partsandpieces.nl\/de\/produkt\/schlusseldekor-5500-antiksilber-42mm\/","og_site_name":"Parts &amp; Pieces","article_modified_time":"2025-10-16T07:11:12+00:00","og_image":[{"width":480,"height":481,"url":"https:\/\/partsandpieces.nl\/wp-content\/uploads\/2020\/08\/Sleutel-Decor-5500-Antiek-Zilver-42mm.jpg","type":"image\/jpeg"}],"twitter_card":"summary_large_image","twitter_misc":{"Gesch\u00e4tzte Lesezeit":"1\u00a0Minute"},"schema":{"@context":"https:\/\/schema.org","@graph":[{"@type":"WebPage","@id":"https:\/\/partsandpieces.nl\/product\/sleutel-decor-5500-antiek-zilver-42mm\/","url":"https:\/\/partsandpieces.nl\/product\/sleutel-decor-5500-antiek-zilver-42mm\/","name":"Schl\u00fcssel Antiksilber 42mm","isPartOf":{"@id":"https:\/\/partsandpieces.nl\/#website"},"primaryImageOfPage":{"@id":"https:\/\/partsandpieces.nl\/product\/sleutel-decor-5500-antiek-zilver-42mm\/#primaryimage"},"image":{"@id":"https:\/\/partsandpieces.nl\/product\/sleutel-decor-5500-antiek-zilver-42mm\/#primaryimage"},"thumbnailUrl":"https:\/\/partsandpieces.nl\/wp-content\/uploads\/2020\/08\/Sleutel-Decor-5500-Antiek-Zilver-42mm.jpg","datePublished":"2020-08-10T09:26:15+00:00","dateModified":"2025-10-16T07:11:12+00:00","description":"Der Schl\u00fcssel Decor 5500 Antiksilber 42 mm ist ein Schl\u00fcssel aus der Decor 5500-Linie von Giusti. Hat ein antikes Silberfinish, ein Lochende und einen kleinen Bart.","breadcrumb":{"@id":"https:\/\/partsandpieces.nl\/product\/sleutel-decor-5500-antiek-zilver-42mm\/#breadcrumb"},"inLanguage":"de","potentialAction":[{"@type":"ReadAction","target":["https:\/\/partsandpieces.nl\/product\/sleutel-decor-5500-antiek-zilver-42mm\/"]}]},{"@type":"ImageObject","inLanguage":"de","@id":"https:\/\/partsandpieces.nl\/product\/sleutel-decor-5500-antiek-zilver-42mm\/#primaryimage","url":"https:\/\/partsandpieces.nl\/wp-content\/uploads\/2020\/08\/Sleutel-Decor-5500-Antiek-Zilver-42mm.jpg","contentUrl":"https:\/\/partsandpieces.nl\/wp-content\/uploads\/2020\/08\/Sleutel-Decor-5500-Antiek-Zilver-42mm.jpg","width":480,"height":481,"caption":"Sleutel Decor 5500 Antiek Zilver 42mm"},{"@type":"BreadcrumbList","@id":"https:\/\/partsandpieces.nl\/product\/sleutel-decor-5500-antiek-zilver-42mm\/#breadcrumb","itemListElement":[{"@type":"ListItem","position":1,"name":"Home","item":"https:\/\/partsandpieces.nl\/home\/"},{"@type":"ListItem","position":2,"name":"Winkel","item":"https:\/\/partsandpieces.nl\/winkel\/"},{"@type":"ListItem","position":3,"name":"Sleutel Decor 5500 Antiek Zilver 42mm"}]},{"@type":"WebSite","@id":"https:\/\/partsandpieces.nl\/#website","url":"https:\/\/partsandpieces.nl\/","name":"Teile &amp; St\u00fccke","description":"Alles f\u00fcr Ihre M\u00f6belrestaurierung und -pflege!","potentialAction":[{"@type":"SearchAction","target":{"@type":"EntryPoint","urlTemplate":"https:\/\/partsandpieces.nl\/?s={search_term_string}"},"query-input":{"@type":"PropertyValueSpecification","valueRequired":true,"valueName":"search_term_string"}}],"inLanguage":"de"}]}},"_links":{"self":[{"href":"https:\/\/partsandpieces.nl\/de\/wp-json\/wp\/v2\/product\/1521","targetHints":{"allow":["GET"]}}],"collection":[{"href":"https:\/\/partsandpieces.nl\/de\/wp-json\/wp\/v2\/product"}],"about":[{"href":"https:\/\/partsandpieces.nl\/de\/wp-json\/wp\/v2\/types\/product"}],"wp:featuredmedia":[{"embeddable":true,"href":"https:\/\/partsandpieces.nl\/de\/wp-json\/wp\/v2\/media\/6187"}],"wp:attachment":[{"href":"https:\/\/partsandpieces.nl\/de\/wp-json\/wp\/v2\/media?parent=1521"}],"wp:term":[{"taxonomy":"product_brand","embeddable":true,"href":"https:\/\/partsandpieces.nl\/de\/wp-json\/wp\/v2\/product_brand?post=1521"},{"taxonomy":"product_cat","embeddable":true,"href":"https:\/\/partsandpieces.nl\/de\/wp-json\/wp\/v2\/product_cat?post=1521"},{"taxonomy":"product_tag","embeddable":true,"href":"https:\/\/partsandpieces.nl\/de\/wp-json\/wp\/v2\/product_tag?post=1521"}],"curies":[{"name":"wp","href":"https:\/\/api.w.org\/{rel}","templated":true}]}}