{"id":1529,"date":"2020-08-10T09:35:56","date_gmt":"2020-08-10T07:35:56","guid":{"rendered":"https:\/\/partsandpieces.bonsaidev.nl\/?product=sleutel-zam-60x30mm"},"modified":"2026-03-23T12:54:36","modified_gmt":"2026-03-23T11:54:36","slug":"schlussel-bronze-retro-kurz-33mm","status":"publish","type":"product","link":"https:\/\/partsandpieces.nl\/de\/product\/sleutel-brons-retro-kort-33mm\/","title":{"rendered":"Schl\u00fcssel Bronze Retro mittel 33 mm"},"content":{"rendered":"<p><strong>Schl\u00fcssel Bronze Retro mittel 33 mm<\/strong>\u00a0ist ein kurzer, klassischer Schl\u00fcssel mit bronzefarbener Oberfl\u00e4che. Der Schl\u00fcssel hat eine sch\u00f6ne Patina. Der Schl\u00fcssel hat ein Loch und einen kleinen Bart.<\/p>\n<p>Ich habe auch einen dieser Modellschl\u00fcssel <a href=\"https:\/\/partsandpieces.nl\/de\/produkt\/schlussel-bronze-retro-lang-42mm\/\"><span style=\"text-decoration: underline;\">lange Version<\/span><\/a> auf Lager.<\/p>\n<p>Dieser Schl\u00fcssel passt f\u00fcr alle\u00a0<a href=\"https:\/\/partsandpieces.nl\/de\/produktkategorie-2\/mobelbeschlage\/schlosser\/\"><span style=\"text-decoration: underline;\">Einsteckschl\u00f6sser f\u00fcr den hinteren Eingang und Decksschl\u00f6sser<\/span><\/a>\u00a0im webshop.<\/p>\n<p>Dieser hochwertige Schl\u00fcssel wird in Italien hergestellt.<\/p>\n<p><strong>Ma\u00dfe<br \/>\n<\/strong>Der mittelbraune Retro-Schl\u00fcssel hat eine Gesamtl\u00e4nge von 59 mm und kann bis zu 33 mm tief in das Schloss eingef\u00fchrt werden. Am Schl\u00fcsselende befindet sich ein Loch mit einer kleinen \u00d6se von 6 mm H\u00f6he und 7 mm Breite. Der Schaftdurchmesser betr\u00e4gt 6 mm, der Innendurchmesser des Lochs 4 mm und die \u00d6se ist ca. 30 mm breit.<\/p>","protected":false},"excerpt":{"rendered":"<p>Sleutel Brons Retro middel 33mm\u00a0is een korte, klassieke sleutel met een bronskleurige afwerking. De sleutel heeft een mooie patina. De sleutel heeft een gat en een kleine baard. Van dit model sleutel heb ik ook een lange versie op voorraad. Deze sleutel past op alle\u00a0achterinlaat- insteek- en opdeksloten\u00a0in de webshop. Deze kwalitatief uitstekende sleutel is [&hellip;]<\/p>\n","protected":false},"featured_media":4986,"template":"","meta":{"_acf_changed":false},"product_brand":[],"product_cat":[49,23],"product_tag":[],"class_list":{"0":"post-1529","1":"product","2":"type-product","3":"status-publish","4":"has-post-thumbnail","6":"product_cat-antieke-sleutels","7":"product_cat-meubelbeslag","9":"first","10":"instock","11":"taxable","12":"shipping-taxable","13":"purchasable","14":"product-type-simple"},"acf":[],"yoast_head":"<!-- This site is optimized with the Yoast SEO plugin v27.3 - https:\/\/yoast.com\/product\/yoast-seo-wordpress\/ -->\n<title>Sleutel Brons Retro kort 33mm<\/title>\n<meta name=\"description\" content=\"Sleutel Brons Retro kort 33mm\u00a0is een korte, klassieke sleutel met een bronskleurige afwerking. De sleutel heeft een gat en een kleine baard.\" \/>\n<meta name=\"robots\" content=\"index, follow, max-snippet:-1, max-image-preview:large, max-video-preview:-1\" \/>\n<link rel=\"canonical\" href=\"https:\/\/partsandpieces.nl\/de\/produkt\/schlussel-bronze-retro-kurz-33mm\/\" \/>\n<meta property=\"og:locale\" content=\"de_DE\" \/>\n<meta property=\"og:type\" content=\"article\" \/>\n<meta property=\"og:title\" content=\"Sleutel Brons Retro kort 33mm\" \/>\n<meta property=\"og:description\" content=\"Sleutel Brons Retro kort 33mm\u00a0is een korte, klassieke sleutel met een bronskleurige afwerking. De sleutel heeft een gat en een kleine baard.\" \/>\n<meta property=\"og:url\" content=\"https:\/\/partsandpieces.nl\/de\/produkt\/schlussel-bronze-retro-kurz-33mm\/\" \/>\n<meta property=\"og:site_name\" content=\"Parts &amp; Pieces\" \/>\n<meta property=\"article:modified_time\" content=\"2026-03-23T11:54:36+00:00\" \/>\n<meta property=\"og:image\" content=\"https:\/\/partsandpieces.nl\/wp-content\/uploads\/2020\/08\/Sleutel-Brons-Retro-kort-33mm.jpg\" \/>\n\t<meta property=\"og:image:width\" content=\"480\" \/>\n\t<meta property=\"og:image:height\" content=\"481\" \/>\n\t<meta property=\"og:image:type\" content=\"image\/jpeg\" \/>\n<meta name=\"twitter:card\" content=\"summary_large_image\" \/>\n<meta name=\"twitter:label1\" content=\"Gesch\u00e4tzte Lesezeit\" \/>\n\t<meta name=\"twitter:data1\" content=\"1\u00a0Minute\" \/>\n<script type=\"application\/ld+json\" class=\"yoast-schema-graph\">{\"@context\":\"https:\\\/\\\/schema.org\",\"@graph\":[{\"@type\":\"WebPage\",\"@id\":\"https:\\\/\\\/partsandpieces.nl\\\/product\\\/sleutel-brons-retro-kort-33mm\\\/\",\"url\":\"https:\\\/\\\/partsandpieces.nl\\\/product\\\/sleutel-brons-retro-kort-33mm\\\/\",\"name\":\"Sleutel Brons Retro kort 33mm\",\"isPartOf\":{\"@id\":\"https:\\\/\\\/partsandpieces.nl\\\/#website\"},\"primaryImageOfPage\":{\"@id\":\"https:\\\/\\\/partsandpieces.nl\\\/product\\\/sleutel-brons-retro-kort-33mm\\\/#primaryimage\"},\"image\":{\"@id\":\"https:\\\/\\\/partsandpieces.nl\\\/product\\\/sleutel-brons-retro-kort-33mm\\\/#primaryimage\"},\"thumbnailUrl\":\"https:\\\/\\\/partsandpieces.nl\\\/wp-content\\\/uploads\\\/2020\\\/08\\\/Sleutel-Brons-Retro-kort-33mm.jpg\",\"datePublished\":\"2020-08-10T07:35:56+00:00\",\"dateModified\":\"2026-03-23T11:54:36+00:00\",\"description\":\"Sleutel Brons Retro kort 33mm\u00a0is een korte, klassieke sleutel met een bronskleurige afwerking. De sleutel heeft een gat en een kleine baard.\",\"breadcrumb\":{\"@id\":\"https:\\\/\\\/partsandpieces.nl\\\/product\\\/sleutel-brons-retro-kort-33mm\\\/#breadcrumb\"},\"inLanguage\":\"de\",\"potentialAction\":[{\"@type\":\"ReadAction\",\"target\":[\"https:\\\/\\\/partsandpieces.nl\\\/product\\\/sleutel-brons-retro-kort-33mm\\\/\"]}]},{\"@type\":\"ImageObject\",\"inLanguage\":\"de\",\"@id\":\"https:\\\/\\\/partsandpieces.nl\\\/product\\\/sleutel-brons-retro-kort-33mm\\\/#primaryimage\",\"url\":\"https:\\\/\\\/partsandpieces.nl\\\/wp-content\\\/uploads\\\/2020\\\/08\\\/Sleutel-Brons-Retro-kort-33mm.jpg\",\"contentUrl\":\"https:\\\/\\\/partsandpieces.nl\\\/wp-content\\\/uploads\\\/2020\\\/08\\\/Sleutel-Brons-Retro-kort-33mm.jpg\",\"width\":480,\"height\":481,\"caption\":\"Sleutel Brons Retro kort 33mm\"},{\"@type\":\"BreadcrumbList\",\"@id\":\"https:\\\/\\\/partsandpieces.nl\\\/product\\\/sleutel-brons-retro-kort-33mm\\\/#breadcrumb\",\"itemListElement\":[{\"@type\":\"ListItem\",\"position\":1,\"name\":\"Home\",\"item\":\"https:\\\/\\\/partsandpieces.nl\\\/home\\\/\"},{\"@type\":\"ListItem\",\"position\":2,\"name\":\"Winkel\",\"item\":\"https:\\\/\\\/partsandpieces.nl\\\/winkel\\\/\"},{\"@type\":\"ListItem\",\"position\":3,\"name\":\"Sleutel Brons Retro middel 33mm\"}]},{\"@type\":\"WebSite\",\"@id\":\"https:\\\/\\\/partsandpieces.nl\\\/#website\",\"url\":\"https:\\\/\\\/partsandpieces.nl\\\/\",\"name\":\"Parts &amp; Pieces\",\"description\":\"Alles voor uw meubelrestauratie en -onderhoud!\",\"potentialAction\":[{\"@type\":\"SearchAction\",\"target\":{\"@type\":\"EntryPoint\",\"urlTemplate\":\"https:\\\/\\\/partsandpieces.nl\\\/?s={search_term_string}\"},\"query-input\":{\"@type\":\"PropertyValueSpecification\",\"valueRequired\":true,\"valueName\":\"search_term_string\"}}],\"inLanguage\":\"de\"}]}<\/script>\n<!-- \/ Yoast SEO plugin. -->","yoast_head_json":{"title":"Schl\u00fcssel Bronze Retro kurz 33mm","description":"Der Schl\u00fcssel Bronze Retro kurz 33 mm ist ein kurzer, klassischer Schl\u00fcssel mit bronzefarbener Oberfl\u00e4che. Der Schl\u00fcssel hat ein Loch und einen kleinen Bart.","robots":{"index":"index","follow":"follow","max-snippet":"max-snippet:-1","max-image-preview":"max-image-preview:large","max-video-preview":"max-video-preview:-1"},"canonical":"https:\/\/partsandpieces.nl\/de\/produkt\/schlussel-bronze-retro-kurz-33mm\/","og_locale":"de_DE","og_type":"article","og_title":"Sleutel Brons Retro kort 33mm","og_description":"Sleutel Brons Retro kort 33mm\u00a0is een korte, klassieke sleutel met een bronskleurige afwerking. De sleutel heeft een gat en een kleine baard.","og_url":"https:\/\/partsandpieces.nl\/de\/produkt\/schlussel-bronze-retro-kurz-33mm\/","og_site_name":"Parts &amp; Pieces","article_modified_time":"2026-03-23T11:54:36+00:00","og_image":[{"width":480,"height":481,"url":"https:\/\/partsandpieces.nl\/wp-content\/uploads\/2020\/08\/Sleutel-Brons-Retro-kort-33mm.jpg","type":"image\/jpeg"}],"twitter_card":"summary_large_image","twitter_misc":{"Gesch\u00e4tzte Lesezeit":"1\u00a0Minute"},"schema":{"@context":"https:\/\/schema.org","@graph":[{"@type":"WebPage","@id":"https:\/\/partsandpieces.nl\/product\/sleutel-brons-retro-kort-33mm\/","url":"https:\/\/partsandpieces.nl\/product\/sleutel-brons-retro-kort-33mm\/","name":"Schl\u00fcssel Bronze Retro kurz 33mm","isPartOf":{"@id":"https:\/\/partsandpieces.nl\/#website"},"primaryImageOfPage":{"@id":"https:\/\/partsandpieces.nl\/product\/sleutel-brons-retro-kort-33mm\/#primaryimage"},"image":{"@id":"https:\/\/partsandpieces.nl\/product\/sleutel-brons-retro-kort-33mm\/#primaryimage"},"thumbnailUrl":"https:\/\/partsandpieces.nl\/wp-content\/uploads\/2020\/08\/Sleutel-Brons-Retro-kort-33mm.jpg","datePublished":"2020-08-10T07:35:56+00:00","dateModified":"2026-03-23T11:54:36+00:00","description":"Der Schl\u00fcssel Bronze Retro kurz 33 mm ist ein kurzer, klassischer Schl\u00fcssel mit bronzefarbener Oberfl\u00e4che. Der Schl\u00fcssel hat ein Loch und einen kleinen Bart.","breadcrumb":{"@id":"https:\/\/partsandpieces.nl\/product\/sleutel-brons-retro-kort-33mm\/#breadcrumb"},"inLanguage":"de","potentialAction":[{"@type":"ReadAction","target":["https:\/\/partsandpieces.nl\/product\/sleutel-brons-retro-kort-33mm\/"]}]},{"@type":"ImageObject","inLanguage":"de","@id":"https:\/\/partsandpieces.nl\/product\/sleutel-brons-retro-kort-33mm\/#primaryimage","url":"https:\/\/partsandpieces.nl\/wp-content\/uploads\/2020\/08\/Sleutel-Brons-Retro-kort-33mm.jpg","contentUrl":"https:\/\/partsandpieces.nl\/wp-content\/uploads\/2020\/08\/Sleutel-Brons-Retro-kort-33mm.jpg","width":480,"height":481,"caption":"Sleutel Brons Retro kort 33mm"},{"@type":"BreadcrumbList","@id":"https:\/\/partsandpieces.nl\/product\/sleutel-brons-retro-kort-33mm\/#breadcrumb","itemListElement":[{"@type":"ListItem","position":1,"name":"Home","item":"https:\/\/partsandpieces.nl\/home\/"},{"@type":"ListItem","position":2,"name":"Winkel","item":"https:\/\/partsandpieces.nl\/winkel\/"},{"@type":"ListItem","position":3,"name":"Sleutel Brons Retro middel 33mm"}]},{"@type":"WebSite","@id":"https:\/\/partsandpieces.nl\/#website","url":"https:\/\/partsandpieces.nl\/","name":"Teile &amp; St\u00fccke","description":"Alles f\u00fcr Ihre M\u00f6belrestaurierung und -pflege!","potentialAction":[{"@type":"SearchAction","target":{"@type":"EntryPoint","urlTemplate":"https:\/\/partsandpieces.nl\/?s={search_term_string}"},"query-input":{"@type":"PropertyValueSpecification","valueRequired":true,"valueName":"search_term_string"}}],"inLanguage":"de"}]}},"_links":{"self":[{"href":"https:\/\/partsandpieces.nl\/de\/wp-json\/wp\/v2\/product\/1529","targetHints":{"allow":["GET"]}}],"collection":[{"href":"https:\/\/partsandpieces.nl\/de\/wp-json\/wp\/v2\/product"}],"about":[{"href":"https:\/\/partsandpieces.nl\/de\/wp-json\/wp\/v2\/types\/product"}],"wp:featuredmedia":[{"embeddable":true,"href":"https:\/\/partsandpieces.nl\/de\/wp-json\/wp\/v2\/media\/4986"}],"wp:attachment":[{"href":"https:\/\/partsandpieces.nl\/de\/wp-json\/wp\/v2\/media?parent=1529"}],"wp:term":[{"taxonomy":"product_brand","embeddable":true,"href":"https:\/\/partsandpieces.nl\/de\/wp-json\/wp\/v2\/product_brand?post=1529"},{"taxonomy":"product_cat","embeddable":true,"href":"https:\/\/partsandpieces.nl\/de\/wp-json\/wp\/v2\/product_cat?post=1529"},{"taxonomy":"product_tag","embeddable":true,"href":"https:\/\/partsandpieces.nl\/de\/wp-json\/wp\/v2\/product_tag?post=1529"}],"curies":[{"name":"wp","href":"https:\/\/api.w.org\/{rel}","templated":true}]}}