{"id":1533,"date":"2020-08-10T09:39:26","date_gmt":"2020-08-10T07:39:26","guid":{"rendered":"https:\/\/partsandpieces.bonsaidev.nl\/?product=sleutel-50mm-ant-gepatineerd"},"modified":"2026-03-14T10:03:37","modified_gmt":"2026-03-14T09:03:37","slug":"schlussel-messing-antik-kurz-22mm","status":"publish","type":"product","link":"https:\/\/partsandpieces.nl\/de\/product\/sleutel-messing-antiek-kort-22mm\/","title":{"rendered":"Schl\u00fcssel Messing antik kurz 22mm"},"content":{"rendered":"<p><strong>Schl\u00fcssel Messing antik kurz 22mm<\/strong> ist ein kurzer, klassischer Schl\u00fcssel mit Messing-, Bronze-Finish. Der Schl\u00fcssel hat eine sch\u00f6ne Patina. Der Schl\u00fcssel hat ein Loch und einen kleinen Bart.<\/p>\n<p>Dieser Schl\u00fcssel passt f\u00fcr alle <a href=\"https:\/\/partsandpieces.nl\/de\/produktkategorie-2\/mobelbeschlage\/schlosser\/\"><span style=\"text-decoration: underline;\">Einsteckschl\u00f6sser f\u00fcr den hinteren Eingang und Decksschl\u00f6sser<\/span><\/a> im webshop.<\/p>\n<p>Dieser hochwertige Schl\u00fcssel wird in Italien hergestellt.<\/p>\n<p><strong>Ma\u00dfe<br \/>\n<\/strong>Die Gesamtl\u00e4nge des antiken Messingschl\u00fcssels 22 mm betr\u00e4gt 50 mm. Sie k\u00f6nnen den Schl\u00fcssel maximal 22 mm in das Schloss einf\u00fchren. Am Ende hat der Schl\u00fcssel ein Loch und einen kleinen Bart von 6 mm H\u00f6he und 7 mm Breite. Der Durchmesser des Stiels betr\u00e4gt 6 mm, die Innengr\u00f6\u00dfe des Lochs betr\u00e4gt 4 mm und das Auge ist etwa 30 mm breit.<\/p>","protected":false},"excerpt":{"rendered":"<p>Sleutel Messing Antiek kort 22mm is een korte, klassieke sleutel met een messing, bronskleurige afwerking. De sleutel heeft een mooie patina. De sleutel heeft een gat en een kleine baard. Deze sleutel past op alle achterinlaat- insteek- en opdeksloten in de webshop. Deze kwalitatief uitstekende sleutel is gemaakt in Itali\u00eb. Afmetingen De totale lengte van [&hellip;]<\/p>\n","protected":false},"featured_media":10110,"template":"","meta":{"_acf_changed":false},"product_brand":[],"product_cat":[49,23],"product_tag":[],"class_list":{"0":"post-1533","1":"product","2":"type-product","3":"status-publish","4":"has-post-thumbnail","6":"product_cat-antieke-sleutels","7":"product_cat-meubelbeslag","9":"first","10":"instock","11":"taxable","12":"shipping-taxable","13":"purchasable","14":"product-type-simple"},"acf":[],"yoast_head":"<!-- This site is optimized with the Yoast SEO plugin v27.3 - https:\/\/yoast.com\/product\/yoast-seo-wordpress\/ -->\n<title>Sleutel Messing Antiek 22mm<\/title>\n<meta name=\"description\" content=\"Sleutel Messing Antiek kort 22mm is kort met een messing, bronskleurige afwerking. De sleutel heeft een mooie patina. Heeft een gat en een kleine baard.\" \/>\n<meta name=\"robots\" content=\"index, follow, max-snippet:-1, max-image-preview:large, max-video-preview:-1\" \/>\n<link rel=\"canonical\" href=\"https:\/\/partsandpieces.nl\/de\/produkt\/schlussel-messing-antik-kurz-22mm\/\" \/>\n<meta property=\"og:locale\" content=\"de_DE\" \/>\n<meta property=\"og:type\" content=\"article\" \/>\n<meta property=\"og:title\" content=\"Sleutel Messing Antiek 22mm\" \/>\n<meta property=\"og:description\" content=\"Sleutel Messing Antiek kort 22mm is kort met een messing, bronskleurige afwerking. De sleutel heeft een mooie patina. Heeft een gat en een kleine baard.\" \/>\n<meta property=\"og:url\" content=\"https:\/\/partsandpieces.nl\/de\/produkt\/schlussel-messing-antik-kurz-22mm\/\" \/>\n<meta property=\"og:site_name\" content=\"Parts &amp; Pieces\" \/>\n<meta property=\"article:modified_time\" content=\"2026-03-14T09:03:37+00:00\" \/>\n<meta property=\"og:image\" content=\"https:\/\/partsandpieces.nl\/wp-content\/uploads\/2020\/08\/Sleutel-Messing-Antiek-kort-22mm.jpg\" \/>\n\t<meta property=\"og:image:width\" content=\"1273\" \/>\n\t<meta property=\"og:image:height\" content=\"1261\" \/>\n\t<meta property=\"og:image:type\" content=\"image\/jpeg\" \/>\n<meta name=\"twitter:card\" content=\"summary_large_image\" \/>\n<meta name=\"twitter:label1\" content=\"Gesch\u00e4tzte Lesezeit\" \/>\n\t<meta name=\"twitter:data1\" content=\"1\u00a0Minute\" \/>\n<script type=\"application\/ld+json\" class=\"yoast-schema-graph\">{\"@context\":\"https:\\\/\\\/schema.org\",\"@graph\":[{\"@type\":\"WebPage\",\"@id\":\"https:\\\/\\\/partsandpieces.nl\\\/product\\\/sleutel-messing-antiek-kort-22mm\\\/\",\"url\":\"https:\\\/\\\/partsandpieces.nl\\\/product\\\/sleutel-messing-antiek-kort-22mm\\\/\",\"name\":\"Sleutel Messing Antiek 22mm\",\"isPartOf\":{\"@id\":\"https:\\\/\\\/partsandpieces.nl\\\/#website\"},\"primaryImageOfPage\":{\"@id\":\"https:\\\/\\\/partsandpieces.nl\\\/product\\\/sleutel-messing-antiek-kort-22mm\\\/#primaryimage\"},\"image\":{\"@id\":\"https:\\\/\\\/partsandpieces.nl\\\/product\\\/sleutel-messing-antiek-kort-22mm\\\/#primaryimage\"},\"thumbnailUrl\":\"https:\\\/\\\/partsandpieces.nl\\\/wp-content\\\/uploads\\\/2020\\\/08\\\/Sleutel-Messing-Antiek-kort-22mm.jpg\",\"datePublished\":\"2020-08-10T07:39:26+00:00\",\"dateModified\":\"2026-03-14T09:03:37+00:00\",\"description\":\"Sleutel Messing Antiek kort 22mm is kort met een messing, bronskleurige afwerking. De sleutel heeft een mooie patina. Heeft een gat en een kleine baard.\",\"breadcrumb\":{\"@id\":\"https:\\\/\\\/partsandpieces.nl\\\/product\\\/sleutel-messing-antiek-kort-22mm\\\/#breadcrumb\"},\"inLanguage\":\"de\",\"potentialAction\":[{\"@type\":\"ReadAction\",\"target\":[\"https:\\\/\\\/partsandpieces.nl\\\/product\\\/sleutel-messing-antiek-kort-22mm\\\/\"]}]},{\"@type\":\"ImageObject\",\"inLanguage\":\"de\",\"@id\":\"https:\\\/\\\/partsandpieces.nl\\\/product\\\/sleutel-messing-antiek-kort-22mm\\\/#primaryimage\",\"url\":\"https:\\\/\\\/partsandpieces.nl\\\/wp-content\\\/uploads\\\/2020\\\/08\\\/Sleutel-Messing-Antiek-kort-22mm.jpg\",\"contentUrl\":\"https:\\\/\\\/partsandpieces.nl\\\/wp-content\\\/uploads\\\/2020\\\/08\\\/Sleutel-Messing-Antiek-kort-22mm.jpg\",\"width\":1273,\"height\":1261,\"caption\":\"Sleutel Messing Antiek kort 22mm\"},{\"@type\":\"BreadcrumbList\",\"@id\":\"https:\\\/\\\/partsandpieces.nl\\\/product\\\/sleutel-messing-antiek-kort-22mm\\\/#breadcrumb\",\"itemListElement\":[{\"@type\":\"ListItem\",\"position\":1,\"name\":\"Home\",\"item\":\"https:\\\/\\\/partsandpieces.nl\\\/home\\\/\"},{\"@type\":\"ListItem\",\"position\":2,\"name\":\"Winkel\",\"item\":\"https:\\\/\\\/partsandpieces.nl\\\/winkel\\\/\"},{\"@type\":\"ListItem\",\"position\":3,\"name\":\"Sleutel Messing Antiek kort 22mm\"}]},{\"@type\":\"WebSite\",\"@id\":\"https:\\\/\\\/partsandpieces.nl\\\/#website\",\"url\":\"https:\\\/\\\/partsandpieces.nl\\\/\",\"name\":\"Parts &amp; Pieces\",\"description\":\"Alles voor uw meubelrestauratie en -onderhoud!\",\"potentialAction\":[{\"@type\":\"SearchAction\",\"target\":{\"@type\":\"EntryPoint\",\"urlTemplate\":\"https:\\\/\\\/partsandpieces.nl\\\/?s={search_term_string}\"},\"query-input\":{\"@type\":\"PropertyValueSpecification\",\"valueRequired\":true,\"valueName\":\"search_term_string\"}}],\"inLanguage\":\"de\"}]}<\/script>\n<!-- \/ Yoast SEO plugin. -->","yoast_head_json":{"title":"Schl\u00fcssel Messing Antik 22mm","description":"Schl\u00fcssel Messing Antik kurz 22 mm ist kurz mit einem Messing-, Bronze-Finish. Der Schl\u00fcssel hat eine sch\u00f6ne Patina. Hat ein Loch und einen kleinen Bart.","robots":{"index":"index","follow":"follow","max-snippet":"max-snippet:-1","max-image-preview":"max-image-preview:large","max-video-preview":"max-video-preview:-1"},"canonical":"https:\/\/partsandpieces.nl\/de\/produkt\/schlussel-messing-antik-kurz-22mm\/","og_locale":"de_DE","og_type":"article","og_title":"Sleutel Messing Antiek 22mm","og_description":"Sleutel Messing Antiek kort 22mm is kort met een messing, bronskleurige afwerking. De sleutel heeft een mooie patina. Heeft een gat en een kleine baard.","og_url":"https:\/\/partsandpieces.nl\/de\/produkt\/schlussel-messing-antik-kurz-22mm\/","og_site_name":"Parts &amp; Pieces","article_modified_time":"2026-03-14T09:03:37+00:00","og_image":[{"width":1273,"height":1261,"url":"https:\/\/partsandpieces.nl\/wp-content\/uploads\/2020\/08\/Sleutel-Messing-Antiek-kort-22mm.jpg","type":"image\/jpeg"}],"twitter_card":"summary_large_image","twitter_misc":{"Gesch\u00e4tzte Lesezeit":"1\u00a0Minute"},"schema":{"@context":"https:\/\/schema.org","@graph":[{"@type":"WebPage","@id":"https:\/\/partsandpieces.nl\/product\/sleutel-messing-antiek-kort-22mm\/","url":"https:\/\/partsandpieces.nl\/product\/sleutel-messing-antiek-kort-22mm\/","name":"Schl\u00fcssel Messing Antik 22mm","isPartOf":{"@id":"https:\/\/partsandpieces.nl\/#website"},"primaryImageOfPage":{"@id":"https:\/\/partsandpieces.nl\/product\/sleutel-messing-antiek-kort-22mm\/#primaryimage"},"image":{"@id":"https:\/\/partsandpieces.nl\/product\/sleutel-messing-antiek-kort-22mm\/#primaryimage"},"thumbnailUrl":"https:\/\/partsandpieces.nl\/wp-content\/uploads\/2020\/08\/Sleutel-Messing-Antiek-kort-22mm.jpg","datePublished":"2020-08-10T07:39:26+00:00","dateModified":"2026-03-14T09:03:37+00:00","description":"Schl\u00fcssel Messing Antik kurz 22 mm ist kurz mit einem Messing-, Bronze-Finish. Der Schl\u00fcssel hat eine sch\u00f6ne Patina. Hat ein Loch und einen kleinen Bart.","breadcrumb":{"@id":"https:\/\/partsandpieces.nl\/product\/sleutel-messing-antiek-kort-22mm\/#breadcrumb"},"inLanguage":"de","potentialAction":[{"@type":"ReadAction","target":["https:\/\/partsandpieces.nl\/product\/sleutel-messing-antiek-kort-22mm\/"]}]},{"@type":"ImageObject","inLanguage":"de","@id":"https:\/\/partsandpieces.nl\/product\/sleutel-messing-antiek-kort-22mm\/#primaryimage","url":"https:\/\/partsandpieces.nl\/wp-content\/uploads\/2020\/08\/Sleutel-Messing-Antiek-kort-22mm.jpg","contentUrl":"https:\/\/partsandpieces.nl\/wp-content\/uploads\/2020\/08\/Sleutel-Messing-Antiek-kort-22mm.jpg","width":1273,"height":1261,"caption":"Sleutel Messing Antiek kort 22mm"},{"@type":"BreadcrumbList","@id":"https:\/\/partsandpieces.nl\/product\/sleutel-messing-antiek-kort-22mm\/#breadcrumb","itemListElement":[{"@type":"ListItem","position":1,"name":"Home","item":"https:\/\/partsandpieces.nl\/home\/"},{"@type":"ListItem","position":2,"name":"Winkel","item":"https:\/\/partsandpieces.nl\/winkel\/"},{"@type":"ListItem","position":3,"name":"Sleutel Messing Antiek kort 22mm"}]},{"@type":"WebSite","@id":"https:\/\/partsandpieces.nl\/#website","url":"https:\/\/partsandpieces.nl\/","name":"Teile &amp; St\u00fccke","description":"Alles f\u00fcr Ihre M\u00f6belrestaurierung und -pflege!","potentialAction":[{"@type":"SearchAction","target":{"@type":"EntryPoint","urlTemplate":"https:\/\/partsandpieces.nl\/?s={search_term_string}"},"query-input":{"@type":"PropertyValueSpecification","valueRequired":true,"valueName":"search_term_string"}}],"inLanguage":"de"}]}},"_links":{"self":[{"href":"https:\/\/partsandpieces.nl\/de\/wp-json\/wp\/v2\/product\/1533","targetHints":{"allow":["GET"]}}],"collection":[{"href":"https:\/\/partsandpieces.nl\/de\/wp-json\/wp\/v2\/product"}],"about":[{"href":"https:\/\/partsandpieces.nl\/de\/wp-json\/wp\/v2\/types\/product"}],"wp:featuredmedia":[{"embeddable":true,"href":"https:\/\/partsandpieces.nl\/de\/wp-json\/wp\/v2\/media\/10110"}],"wp:attachment":[{"href":"https:\/\/partsandpieces.nl\/de\/wp-json\/wp\/v2\/media?parent=1533"}],"wp:term":[{"taxonomy":"product_brand","embeddable":true,"href":"https:\/\/partsandpieces.nl\/de\/wp-json\/wp\/v2\/product_brand?post=1533"},{"taxonomy":"product_cat","embeddable":true,"href":"https:\/\/partsandpieces.nl\/de\/wp-json\/wp\/v2\/product_cat?post=1533"},{"taxonomy":"product_tag","embeddable":true,"href":"https:\/\/partsandpieces.nl\/de\/wp-json\/wp\/v2\/product_tag?post=1533"}],"curies":[{"name":"wp","href":"https:\/\/api.w.org\/{rel}","templated":true}]}}