{"id":1543,"date":"2020-08-10T09:49:24","date_gmt":"2020-08-10T07:49:24","guid":{"rendered":"https:\/\/partsandpieces.bonsaidev.nl\/?product=sleutel-ijzer-gat-6mm-lang-59mm"},"modified":"2026-03-29T12:02:09","modified_gmt":"2026-03-29T10:02:09","slug":"schlusseleisen-antikgrau-lackiert-30mm","status":"publish","type":"product","link":"https:\/\/partsandpieces.nl\/de\/product\/sleutel-ijzer-antiek-grijs-gelakt-30mm\/","title":{"rendered":"Schl\u00fcsseleisen Antik grau lackiert 30mm"},"content":{"rendered":"<p><strong>Schl\u00fcsseleisen Antik grau lackiert 30mm<\/strong> ist ein kurzer, klassischer Schl\u00fcssel mit grau lackierter Oberfl\u00e4che. Der Schl\u00fcssel ist aus Eisen. Der Schl\u00fcssel hat ein Lochende und einen kleinen Bart.<\/p>\n<p>Dieser Schl\u00fcssel passt f\u00fcr alle\u00a0<span style=\"text-decoration: underline;\"><a href=\"https:\/\/partsandpieces.nl\/de\/produktkategorie-2\/mobelbeschlage\/schlosser\/\">Einsteckschl\u00f6sser f\u00fcr den hinteren Eingang und Decksschl\u00f6sser<\/a><\/span>\u00a0im webshop.<\/p>\n<p>Dieser hochwertige Schl\u00fcssel wird in Italien hergestellt.<\/p>\n<p><strong>Ma\u00dfe<br \/>\n<\/strong>Die Gesamtl\u00e4nge des Schl\u00fcsseleisens antikgrau lackiert 30mm betr\u00e4gt 60mm. Sie k\u00f6nnen den Schl\u00fcssel maximal 30 mm in das Schloss einf\u00fchren. Am Ende hat der Schl\u00fcssel ein Loch und einen kleinen Bart von 6 mm H\u00f6he und 7 mm Breite. Der Durchmesser des Stiels betr\u00e4gt 6 mm und das Auge ist etwa 25 mm breit.<\/p>","protected":false},"excerpt":{"rendered":"<p>Sleutel IJzer Antiek grijs gelakt 30mm is een korte, klassieke sleutel met een grijs gelakte afwerking. De sleutel is gemaakt van ijzer. De sleutel heeft een gat uiteinde en een kleine baard. Deze sleutel past op alle\u00a0achterinlaat- insteek- en opdeksloten\u00a0in de webshop. Deze kwalitatief uitstekende sleutel is gemaakt in Itali\u00eb. Afmetingen De totale lengte van [&hellip;]<\/p>\n","protected":false},"featured_media":5358,"template":"","meta":{"_acf_changed":false},"product_brand":[],"product_cat":[49,23],"product_tag":[],"class_list":{"0":"post-1543","1":"product","2":"type-product","3":"status-publish","4":"has-post-thumbnail","6":"product_cat-antieke-sleutels","7":"product_cat-meubelbeslag","9":"first","10":"instock","11":"taxable","12":"shipping-taxable","13":"purchasable","14":"product-type-simple"},"acf":[],"yoast_head":"<!-- This site is optimized with the Yoast SEO plugin v27.3 - https:\/\/yoast.com\/product\/yoast-seo-wordpress\/ -->\n<title>Sleutel IJzer Antiek 30mm<\/title>\n<meta name=\"description\" content=\"Sleutel IJzer Antiek grijs gelakt 30mm is een korte, klassieke sleutel met een grijs gelakte afwerking. De sleutel heeft een gat uiteinde en kleine baard.\" \/>\n<meta name=\"robots\" content=\"index, follow, max-snippet:-1, max-image-preview:large, max-video-preview:-1\" \/>\n<link rel=\"canonical\" href=\"https:\/\/partsandpieces.nl\/de\/produkt\/schlusseleisen-antikgrau-lackiert-30mm\/\" \/>\n<meta property=\"og:locale\" content=\"de_DE\" \/>\n<meta property=\"og:type\" content=\"article\" \/>\n<meta property=\"og:title\" content=\"Sleutel IJzer Antiek 30mm\" \/>\n<meta property=\"og:description\" content=\"Sleutel IJzer Antiek grijs gelakt 30mm is een korte, klassieke sleutel met een grijs gelakte afwerking. De sleutel heeft een gat uiteinde en kleine baard.\" \/>\n<meta property=\"og:url\" content=\"https:\/\/partsandpieces.nl\/de\/produkt\/schlusseleisen-antikgrau-lackiert-30mm\/\" \/>\n<meta property=\"og:site_name\" content=\"Parts &amp; Pieces\" \/>\n<meta property=\"article:modified_time\" content=\"2026-03-29T10:02:09+00:00\" \/>\n<meta property=\"og:image\" content=\"https:\/\/partsandpieces.nl\/wp-content\/uploads\/2020\/08\/Sleutel-IJzer-Antiek-grijs-gelakt-30mm.jpg\" \/>\n\t<meta property=\"og:image:width\" content=\"480\" \/>\n\t<meta property=\"og:image:height\" content=\"481\" \/>\n\t<meta property=\"og:image:type\" content=\"image\/jpeg\" \/>\n<meta name=\"twitter:card\" content=\"summary_large_image\" \/>\n<meta name=\"twitter:label1\" content=\"Gesch\u00e4tzte Lesezeit\" \/>\n\t<meta name=\"twitter:data1\" content=\"1\u00a0Minute\" \/>\n<script type=\"application\/ld+json\" class=\"yoast-schema-graph\">{\"@context\":\"https:\\\/\\\/schema.org\",\"@graph\":[{\"@type\":\"WebPage\",\"@id\":\"https:\\\/\\\/partsandpieces.nl\\\/product\\\/sleutel-ijzer-antiek-grijs-gelakt-30mm\\\/\",\"url\":\"https:\\\/\\\/partsandpieces.nl\\\/product\\\/sleutel-ijzer-antiek-grijs-gelakt-30mm\\\/\",\"name\":\"Sleutel IJzer Antiek 30mm\",\"isPartOf\":{\"@id\":\"https:\\\/\\\/partsandpieces.nl\\\/#website\"},\"primaryImageOfPage\":{\"@id\":\"https:\\\/\\\/partsandpieces.nl\\\/product\\\/sleutel-ijzer-antiek-grijs-gelakt-30mm\\\/#primaryimage\"},\"image\":{\"@id\":\"https:\\\/\\\/partsandpieces.nl\\\/product\\\/sleutel-ijzer-antiek-grijs-gelakt-30mm\\\/#primaryimage\"},\"thumbnailUrl\":\"https:\\\/\\\/partsandpieces.nl\\\/wp-content\\\/uploads\\\/2020\\\/08\\\/Sleutel-IJzer-Antiek-grijs-gelakt-30mm.jpg\",\"datePublished\":\"2020-08-10T07:49:24+00:00\",\"dateModified\":\"2026-03-29T10:02:09+00:00\",\"description\":\"Sleutel IJzer Antiek grijs gelakt 30mm is een korte, klassieke sleutel met een grijs gelakte afwerking. De sleutel heeft een gat uiteinde en kleine baard.\",\"breadcrumb\":{\"@id\":\"https:\\\/\\\/partsandpieces.nl\\\/product\\\/sleutel-ijzer-antiek-grijs-gelakt-30mm\\\/#breadcrumb\"},\"inLanguage\":\"de\",\"potentialAction\":[{\"@type\":\"ReadAction\",\"target\":[\"https:\\\/\\\/partsandpieces.nl\\\/product\\\/sleutel-ijzer-antiek-grijs-gelakt-30mm\\\/\"]}]},{\"@type\":\"ImageObject\",\"inLanguage\":\"de\",\"@id\":\"https:\\\/\\\/partsandpieces.nl\\\/product\\\/sleutel-ijzer-antiek-grijs-gelakt-30mm\\\/#primaryimage\",\"url\":\"https:\\\/\\\/partsandpieces.nl\\\/wp-content\\\/uploads\\\/2020\\\/08\\\/Sleutel-IJzer-Antiek-grijs-gelakt-30mm.jpg\",\"contentUrl\":\"https:\\\/\\\/partsandpieces.nl\\\/wp-content\\\/uploads\\\/2020\\\/08\\\/Sleutel-IJzer-Antiek-grijs-gelakt-30mm.jpg\",\"width\":480,\"height\":481,\"caption\":\"Sleutel IJzer Antiek grijs gelakt 30mm\"},{\"@type\":\"BreadcrumbList\",\"@id\":\"https:\\\/\\\/partsandpieces.nl\\\/product\\\/sleutel-ijzer-antiek-grijs-gelakt-30mm\\\/#breadcrumb\",\"itemListElement\":[{\"@type\":\"ListItem\",\"position\":1,\"name\":\"Home\",\"item\":\"https:\\\/\\\/partsandpieces.nl\\\/home\\\/\"},{\"@type\":\"ListItem\",\"position\":2,\"name\":\"Winkel\",\"item\":\"https:\\\/\\\/partsandpieces.nl\\\/winkel\\\/\"},{\"@type\":\"ListItem\",\"position\":3,\"name\":\"Sleutel IJzer Antiek grijs gelakt 30mm\"}]},{\"@type\":\"WebSite\",\"@id\":\"https:\\\/\\\/partsandpieces.nl\\\/#website\",\"url\":\"https:\\\/\\\/partsandpieces.nl\\\/\",\"name\":\"Parts &amp; Pieces\",\"description\":\"Alles voor uw meubelrestauratie en -onderhoud!\",\"potentialAction\":[{\"@type\":\"SearchAction\",\"target\":{\"@type\":\"EntryPoint\",\"urlTemplate\":\"https:\\\/\\\/partsandpieces.nl\\\/?s={search_term_string}\"},\"query-input\":{\"@type\":\"PropertyValueSpecification\",\"valueRequired\":true,\"valueName\":\"search_term_string\"}}],\"inLanguage\":\"de\"}]}<\/script>\n<!-- \/ Yoast SEO plugin. -->","yoast_head_json":{"title":"Schl\u00fcsseleisen Antik 30mm","description":"Key Iron Antikgrau lackiert 30 mm ist ein kurzer, klassischer Schl\u00fcssel mit grau lackierter Oberfl\u00e4che. Der Schl\u00fcssel hat ein Lochende und einen kleinen Bart.","robots":{"index":"index","follow":"follow","max-snippet":"max-snippet:-1","max-image-preview":"max-image-preview:large","max-video-preview":"max-video-preview:-1"},"canonical":"https:\/\/partsandpieces.nl\/de\/produkt\/schlusseleisen-antikgrau-lackiert-30mm\/","og_locale":"de_DE","og_type":"article","og_title":"Sleutel IJzer Antiek 30mm","og_description":"Sleutel IJzer Antiek grijs gelakt 30mm is een korte, klassieke sleutel met een grijs gelakte afwerking. De sleutel heeft een gat uiteinde en kleine baard.","og_url":"https:\/\/partsandpieces.nl\/de\/produkt\/schlusseleisen-antikgrau-lackiert-30mm\/","og_site_name":"Parts &amp; Pieces","article_modified_time":"2026-03-29T10:02:09+00:00","og_image":[{"width":480,"height":481,"url":"https:\/\/partsandpieces.nl\/wp-content\/uploads\/2020\/08\/Sleutel-IJzer-Antiek-grijs-gelakt-30mm.jpg","type":"image\/jpeg"}],"twitter_card":"summary_large_image","twitter_misc":{"Gesch\u00e4tzte Lesezeit":"1\u00a0Minute"},"schema":{"@context":"https:\/\/schema.org","@graph":[{"@type":"WebPage","@id":"https:\/\/partsandpieces.nl\/product\/sleutel-ijzer-antiek-grijs-gelakt-30mm\/","url":"https:\/\/partsandpieces.nl\/product\/sleutel-ijzer-antiek-grijs-gelakt-30mm\/","name":"Schl\u00fcsseleisen Antik 30mm","isPartOf":{"@id":"https:\/\/partsandpieces.nl\/#website"},"primaryImageOfPage":{"@id":"https:\/\/partsandpieces.nl\/product\/sleutel-ijzer-antiek-grijs-gelakt-30mm\/#primaryimage"},"image":{"@id":"https:\/\/partsandpieces.nl\/product\/sleutel-ijzer-antiek-grijs-gelakt-30mm\/#primaryimage"},"thumbnailUrl":"https:\/\/partsandpieces.nl\/wp-content\/uploads\/2020\/08\/Sleutel-IJzer-Antiek-grijs-gelakt-30mm.jpg","datePublished":"2020-08-10T07:49:24+00:00","dateModified":"2026-03-29T10:02:09+00:00","description":"Key Iron Antikgrau lackiert 30 mm ist ein kurzer, klassischer Schl\u00fcssel mit grau lackierter Oberfl\u00e4che. Der Schl\u00fcssel hat ein Lochende und einen kleinen Bart.","breadcrumb":{"@id":"https:\/\/partsandpieces.nl\/product\/sleutel-ijzer-antiek-grijs-gelakt-30mm\/#breadcrumb"},"inLanguage":"de","potentialAction":[{"@type":"ReadAction","target":["https:\/\/partsandpieces.nl\/product\/sleutel-ijzer-antiek-grijs-gelakt-30mm\/"]}]},{"@type":"ImageObject","inLanguage":"de","@id":"https:\/\/partsandpieces.nl\/product\/sleutel-ijzer-antiek-grijs-gelakt-30mm\/#primaryimage","url":"https:\/\/partsandpieces.nl\/wp-content\/uploads\/2020\/08\/Sleutel-IJzer-Antiek-grijs-gelakt-30mm.jpg","contentUrl":"https:\/\/partsandpieces.nl\/wp-content\/uploads\/2020\/08\/Sleutel-IJzer-Antiek-grijs-gelakt-30mm.jpg","width":480,"height":481,"caption":"Sleutel IJzer Antiek grijs gelakt 30mm"},{"@type":"BreadcrumbList","@id":"https:\/\/partsandpieces.nl\/product\/sleutel-ijzer-antiek-grijs-gelakt-30mm\/#breadcrumb","itemListElement":[{"@type":"ListItem","position":1,"name":"Home","item":"https:\/\/partsandpieces.nl\/home\/"},{"@type":"ListItem","position":2,"name":"Winkel","item":"https:\/\/partsandpieces.nl\/winkel\/"},{"@type":"ListItem","position":3,"name":"Sleutel IJzer Antiek grijs gelakt 30mm"}]},{"@type":"WebSite","@id":"https:\/\/partsandpieces.nl\/#website","url":"https:\/\/partsandpieces.nl\/","name":"Teile &amp; St\u00fccke","description":"Alles f\u00fcr Ihre M\u00f6belrestaurierung und -pflege!","potentialAction":[{"@type":"SearchAction","target":{"@type":"EntryPoint","urlTemplate":"https:\/\/partsandpieces.nl\/?s={search_term_string}"},"query-input":{"@type":"PropertyValueSpecification","valueRequired":true,"valueName":"search_term_string"}}],"inLanguage":"de"}]}},"_links":{"self":[{"href":"https:\/\/partsandpieces.nl\/de\/wp-json\/wp\/v2\/product\/1543","targetHints":{"allow":["GET"]}}],"collection":[{"href":"https:\/\/partsandpieces.nl\/de\/wp-json\/wp\/v2\/product"}],"about":[{"href":"https:\/\/partsandpieces.nl\/de\/wp-json\/wp\/v2\/types\/product"}],"wp:featuredmedia":[{"embeddable":true,"href":"https:\/\/partsandpieces.nl\/de\/wp-json\/wp\/v2\/media\/5358"}],"wp:attachment":[{"href":"https:\/\/partsandpieces.nl\/de\/wp-json\/wp\/v2\/media?parent=1543"}],"wp:term":[{"taxonomy":"product_brand","embeddable":true,"href":"https:\/\/partsandpieces.nl\/de\/wp-json\/wp\/v2\/product_brand?post=1543"},{"taxonomy":"product_cat","embeddable":true,"href":"https:\/\/partsandpieces.nl\/de\/wp-json\/wp\/v2\/product_cat?post=1543"},{"taxonomy":"product_tag","embeddable":true,"href":"https:\/\/partsandpieces.nl\/de\/wp-json\/wp\/v2\/product_tag?post=1543"}],"curies":[{"name":"wp","href":"https:\/\/api.w.org\/{rel}","templated":true}]}}