{"id":1547,"date":"2020-08-10T09:52:27","date_gmt":"2020-08-10T07:52:27","guid":{"rendered":"https:\/\/partsandpieces.bonsaidev.nl\/?product=sleutel-ijzer-pen-6mm-lang-69mm"},"modified":"2025-11-03T08:57:51","modified_gmt":"2025-11-03T07:57:51","slug":"schlusselstift-aus-antikgrau-lackiertem-eisen-40-mm","status":"publish","type":"product","link":"https:\/\/partsandpieces.nl\/de\/product\/sleutel-ijzer-antiek-grijs-gelakt-pen-40mm\/","title":{"rendered":"Schl\u00fcsseleisen Antikgrau lackierter Stift 40mm"},"content":{"rendered":"<p><strong>Schl\u00fcsseleisen Antikgrau lackierter Stift 40mm<\/strong> ist ein mittelgro\u00dfer, klassischer Schl\u00fcssel mit grau lackierter Oberfl\u00e4che. Der Schl\u00fcssel ist aus Eisen. Der Schl\u00fcssel hat ein Stiftende und einen gro\u00dfen Bart.<\/p>\n<p>Dieser hochwertige Schl\u00fcssel wird in Italien hergestellt.<\/p>\n<p><strong>Ma\u00dfe<br \/>\n<\/strong>Die Gesamtl\u00e4nge des Schl\u00fcsseleisens antikgrau lackierter Stift 40mm betr\u00e4gt 70mm. Sie k\u00f6nnen den Schl\u00fcssel bis zu 40 mm in das Schloss einf\u00fchren. Am Ende hat der Schl\u00fcssel einen Stift und einen gro\u00dfen Bart von 11 mm H\u00f6he und 13 mm Breite. Der Durchmesser des Stiels betr\u00e4gt 6 mm und die \u00d6se ist etwa 22 mm breit.<\/p>","protected":false},"excerpt":{"rendered":"<p>Sleutel IJzer Antiek grijs gelakt pen 40mm is een middelgrote, klassieke sleutel met een grijs gelakte afwerking. De sleutel is gemaakt van ijzer. De sleutel heeft een pen uiteinde en een grote baard. Deze kwalitatief uitstekende sleutel is gemaakt in Itali\u00eb. Afmetingen De totale lengte van de sleutel ijzer antiek grijs gelakt pen 40mm is [&hellip;]<\/p>\n","protected":false},"featured_media":5368,"template":"","meta":{"_acf_changed":false},"product_brand":[],"product_cat":[49,23],"product_tag":[],"class_list":{"0":"post-1547","1":"product","2":"type-product","3":"status-publish","4":"has-post-thumbnail","6":"product_cat-antieke-sleutels","7":"product_cat-meubelbeslag","9":"first","10":"instock","11":"taxable","12":"shipping-taxable","13":"purchasable","14":"product-type-simple"},"acf":[],"yoast_head":"<!-- This site is optimized with the Yoast SEO plugin v27.3 - https:\/\/yoast.com\/product\/yoast-seo-wordpress\/ -->\n<title>Sleutel Antiek grijs 40mm<\/title>\n<meta name=\"description\" content=\"Sleutel IJzer Antiek grijs gelakt pen 40mm is een klassieke sleutel met een grijs gelakte afwerking. De sleutel heeft een pen uiteinde en grote baard.\" \/>\n<meta name=\"robots\" content=\"index, follow, max-snippet:-1, max-image-preview:large, max-video-preview:-1\" \/>\n<link rel=\"canonical\" href=\"https:\/\/partsandpieces.nl\/de\/produkt\/schlusselstift-aus-antikgrau-lackiertem-eisen-40-mm\/\" \/>\n<meta property=\"og:locale\" content=\"de_DE\" \/>\n<meta property=\"og:type\" content=\"article\" \/>\n<meta property=\"og:title\" content=\"Sleutel Antiek grijs 40mm\" \/>\n<meta property=\"og:description\" content=\"Sleutel IJzer Antiek grijs gelakt pen 40mm is een klassieke sleutel met een grijs gelakte afwerking. De sleutel heeft een pen uiteinde en grote baard.\" \/>\n<meta property=\"og:url\" content=\"https:\/\/partsandpieces.nl\/de\/produkt\/schlusselstift-aus-antikgrau-lackiertem-eisen-40-mm\/\" \/>\n<meta property=\"og:site_name\" content=\"Parts &amp; Pieces\" \/>\n<meta property=\"article:modified_time\" content=\"2025-11-03T07:57:51+00:00\" \/>\n<meta property=\"og:image\" content=\"https:\/\/partsandpieces.nl\/wp-content\/uploads\/2020\/08\/Sleutel-IJzer-Antiek-grijs-gelakt-pen-40mm.jpg\" \/>\n\t<meta property=\"og:image:width\" content=\"480\" \/>\n\t<meta property=\"og:image:height\" content=\"480\" \/>\n\t<meta property=\"og:image:type\" content=\"image\/jpeg\" \/>\n<meta name=\"twitter:card\" content=\"summary_large_image\" \/>\n<meta name=\"twitter:label1\" content=\"Gesch\u00e4tzte Lesezeit\" \/>\n\t<meta name=\"twitter:data1\" content=\"1\u00a0Minute\" \/>\n<script type=\"application\/ld+json\" class=\"yoast-schema-graph\">{\"@context\":\"https:\\\/\\\/schema.org\",\"@graph\":[{\"@type\":\"WebPage\",\"@id\":\"https:\\\/\\\/partsandpieces.nl\\\/product\\\/sleutel-ijzer-antiek-grijs-gelakt-pen-40mm\\\/\",\"url\":\"https:\\\/\\\/partsandpieces.nl\\\/product\\\/sleutel-ijzer-antiek-grijs-gelakt-pen-40mm\\\/\",\"name\":\"Sleutel Antiek grijs 40mm\",\"isPartOf\":{\"@id\":\"https:\\\/\\\/partsandpieces.nl\\\/#website\"},\"primaryImageOfPage\":{\"@id\":\"https:\\\/\\\/partsandpieces.nl\\\/product\\\/sleutel-ijzer-antiek-grijs-gelakt-pen-40mm\\\/#primaryimage\"},\"image\":{\"@id\":\"https:\\\/\\\/partsandpieces.nl\\\/product\\\/sleutel-ijzer-antiek-grijs-gelakt-pen-40mm\\\/#primaryimage\"},\"thumbnailUrl\":\"https:\\\/\\\/partsandpieces.nl\\\/wp-content\\\/uploads\\\/2020\\\/08\\\/Sleutel-IJzer-Antiek-grijs-gelakt-pen-40mm.jpg\",\"datePublished\":\"2020-08-10T07:52:27+00:00\",\"dateModified\":\"2025-11-03T07:57:51+00:00\",\"description\":\"Sleutel IJzer Antiek grijs gelakt pen 40mm is een klassieke sleutel met een grijs gelakte afwerking. De sleutel heeft een pen uiteinde en grote baard.\",\"breadcrumb\":{\"@id\":\"https:\\\/\\\/partsandpieces.nl\\\/product\\\/sleutel-ijzer-antiek-grijs-gelakt-pen-40mm\\\/#breadcrumb\"},\"inLanguage\":\"de\",\"potentialAction\":[{\"@type\":\"ReadAction\",\"target\":[\"https:\\\/\\\/partsandpieces.nl\\\/product\\\/sleutel-ijzer-antiek-grijs-gelakt-pen-40mm\\\/\"]}]},{\"@type\":\"ImageObject\",\"inLanguage\":\"de\",\"@id\":\"https:\\\/\\\/partsandpieces.nl\\\/product\\\/sleutel-ijzer-antiek-grijs-gelakt-pen-40mm\\\/#primaryimage\",\"url\":\"https:\\\/\\\/partsandpieces.nl\\\/wp-content\\\/uploads\\\/2020\\\/08\\\/Sleutel-IJzer-Antiek-grijs-gelakt-pen-40mm.jpg\",\"contentUrl\":\"https:\\\/\\\/partsandpieces.nl\\\/wp-content\\\/uploads\\\/2020\\\/08\\\/Sleutel-IJzer-Antiek-grijs-gelakt-pen-40mm.jpg\",\"width\":480,\"height\":480,\"caption\":\"Sleutel IJzer Antiek grijs gelakt pen 40mm\"},{\"@type\":\"BreadcrumbList\",\"@id\":\"https:\\\/\\\/partsandpieces.nl\\\/product\\\/sleutel-ijzer-antiek-grijs-gelakt-pen-40mm\\\/#breadcrumb\",\"itemListElement\":[{\"@type\":\"ListItem\",\"position\":1,\"name\":\"Home\",\"item\":\"https:\\\/\\\/partsandpieces.nl\\\/home\\\/\"},{\"@type\":\"ListItem\",\"position\":2,\"name\":\"Winkel\",\"item\":\"https:\\\/\\\/partsandpieces.nl\\\/winkel\\\/\"},{\"@type\":\"ListItem\",\"position\":3,\"name\":\"Sleutel IJzer Antiek grijs gelakt pen 40mm\"}]},{\"@type\":\"WebSite\",\"@id\":\"https:\\\/\\\/partsandpieces.nl\\\/#website\",\"url\":\"https:\\\/\\\/partsandpieces.nl\\\/\",\"name\":\"Parts &amp; Pieces\",\"description\":\"Alles voor uw meubelrestauratie en -onderhoud!\",\"potentialAction\":[{\"@type\":\"SearchAction\",\"target\":{\"@type\":\"EntryPoint\",\"urlTemplate\":\"https:\\\/\\\/partsandpieces.nl\\\/?s={search_term_string}\"},\"query-input\":{\"@type\":\"PropertyValueSpecification\",\"valueRequired\":true,\"valueName\":\"search_term_string\"}}],\"inLanguage\":\"de\"}]}<\/script>\n<!-- \/ Yoast SEO plugin. -->","yoast_head_json":{"title":"Schl\u00fcssel Antikgrau 40mm","description":"Key Iron Antique grau lackierter Stift 40 mm ist ein klassischer Schl\u00fcssel mit grau lackierter Oberfl\u00e4che. Der Schl\u00fcssel hat ein Stiftende und einen gro\u00dfen Bart.","robots":{"index":"index","follow":"follow","max-snippet":"max-snippet:-1","max-image-preview":"max-image-preview:large","max-video-preview":"max-video-preview:-1"},"canonical":"https:\/\/partsandpieces.nl\/de\/produkt\/schlusselstift-aus-antikgrau-lackiertem-eisen-40-mm\/","og_locale":"de_DE","og_type":"article","og_title":"Sleutel Antiek grijs 40mm","og_description":"Sleutel IJzer Antiek grijs gelakt pen 40mm is een klassieke sleutel met een grijs gelakte afwerking. De sleutel heeft een pen uiteinde en grote baard.","og_url":"https:\/\/partsandpieces.nl\/de\/produkt\/schlusselstift-aus-antikgrau-lackiertem-eisen-40-mm\/","og_site_name":"Parts &amp; Pieces","article_modified_time":"2025-11-03T07:57:51+00:00","og_image":[{"width":480,"height":480,"url":"https:\/\/partsandpieces.nl\/wp-content\/uploads\/2020\/08\/Sleutel-IJzer-Antiek-grijs-gelakt-pen-40mm.jpg","type":"image\/jpeg"}],"twitter_card":"summary_large_image","twitter_misc":{"Gesch\u00e4tzte Lesezeit":"1\u00a0Minute"},"schema":{"@context":"https:\/\/schema.org","@graph":[{"@type":"WebPage","@id":"https:\/\/partsandpieces.nl\/product\/sleutel-ijzer-antiek-grijs-gelakt-pen-40mm\/","url":"https:\/\/partsandpieces.nl\/product\/sleutel-ijzer-antiek-grijs-gelakt-pen-40mm\/","name":"Schl\u00fcssel Antikgrau 40mm","isPartOf":{"@id":"https:\/\/partsandpieces.nl\/#website"},"primaryImageOfPage":{"@id":"https:\/\/partsandpieces.nl\/product\/sleutel-ijzer-antiek-grijs-gelakt-pen-40mm\/#primaryimage"},"image":{"@id":"https:\/\/partsandpieces.nl\/product\/sleutel-ijzer-antiek-grijs-gelakt-pen-40mm\/#primaryimage"},"thumbnailUrl":"https:\/\/partsandpieces.nl\/wp-content\/uploads\/2020\/08\/Sleutel-IJzer-Antiek-grijs-gelakt-pen-40mm.jpg","datePublished":"2020-08-10T07:52:27+00:00","dateModified":"2025-11-03T07:57:51+00:00","description":"Key Iron Antique grau lackierter Stift 40 mm ist ein klassischer Schl\u00fcssel mit grau lackierter Oberfl\u00e4che. Der Schl\u00fcssel hat ein Stiftende und einen gro\u00dfen Bart.","breadcrumb":{"@id":"https:\/\/partsandpieces.nl\/product\/sleutel-ijzer-antiek-grijs-gelakt-pen-40mm\/#breadcrumb"},"inLanguage":"de","potentialAction":[{"@type":"ReadAction","target":["https:\/\/partsandpieces.nl\/product\/sleutel-ijzer-antiek-grijs-gelakt-pen-40mm\/"]}]},{"@type":"ImageObject","inLanguage":"de","@id":"https:\/\/partsandpieces.nl\/product\/sleutel-ijzer-antiek-grijs-gelakt-pen-40mm\/#primaryimage","url":"https:\/\/partsandpieces.nl\/wp-content\/uploads\/2020\/08\/Sleutel-IJzer-Antiek-grijs-gelakt-pen-40mm.jpg","contentUrl":"https:\/\/partsandpieces.nl\/wp-content\/uploads\/2020\/08\/Sleutel-IJzer-Antiek-grijs-gelakt-pen-40mm.jpg","width":480,"height":480,"caption":"Sleutel IJzer Antiek grijs gelakt pen 40mm"},{"@type":"BreadcrumbList","@id":"https:\/\/partsandpieces.nl\/product\/sleutel-ijzer-antiek-grijs-gelakt-pen-40mm\/#breadcrumb","itemListElement":[{"@type":"ListItem","position":1,"name":"Home","item":"https:\/\/partsandpieces.nl\/home\/"},{"@type":"ListItem","position":2,"name":"Winkel","item":"https:\/\/partsandpieces.nl\/winkel\/"},{"@type":"ListItem","position":3,"name":"Sleutel IJzer Antiek grijs gelakt pen 40mm"}]},{"@type":"WebSite","@id":"https:\/\/partsandpieces.nl\/#website","url":"https:\/\/partsandpieces.nl\/","name":"Teile &amp; St\u00fccke","description":"Alles f\u00fcr Ihre M\u00f6belrestaurierung und -pflege!","potentialAction":[{"@type":"SearchAction","target":{"@type":"EntryPoint","urlTemplate":"https:\/\/partsandpieces.nl\/?s={search_term_string}"},"query-input":{"@type":"PropertyValueSpecification","valueRequired":true,"valueName":"search_term_string"}}],"inLanguage":"de"}]}},"_links":{"self":[{"href":"https:\/\/partsandpieces.nl\/de\/wp-json\/wp\/v2\/product\/1547","targetHints":{"allow":["GET"]}}],"collection":[{"href":"https:\/\/partsandpieces.nl\/de\/wp-json\/wp\/v2\/product"}],"about":[{"href":"https:\/\/partsandpieces.nl\/de\/wp-json\/wp\/v2\/types\/product"}],"wp:featuredmedia":[{"embeddable":true,"href":"https:\/\/partsandpieces.nl\/de\/wp-json\/wp\/v2\/media\/5368"}],"wp:attachment":[{"href":"https:\/\/partsandpieces.nl\/de\/wp-json\/wp\/v2\/media?parent=1547"}],"wp:term":[{"taxonomy":"product_brand","embeddable":true,"href":"https:\/\/partsandpieces.nl\/de\/wp-json\/wp\/v2\/product_brand?post=1547"},{"taxonomy":"product_cat","embeddable":true,"href":"https:\/\/partsandpieces.nl\/de\/wp-json\/wp\/v2\/product_cat?post=1547"},{"taxonomy":"product_tag","embeddable":true,"href":"https:\/\/partsandpieces.nl\/de\/wp-json\/wp\/v2\/product_tag?post=1547"}],"curies":[{"name":"wp","href":"https:\/\/api.w.org\/{rel}","templated":true}]}}