{"id":1561,"date":"2020-08-10T10:07:04","date_gmt":"2020-08-10T10:07:04","guid":{"rendered":"https:\/\/partsandpieces.bonsaidev.nl\/?product=sleutel-ijzer-gat-90mm-grote-baard"},"modified":"2025-11-02T16:26:37","modified_gmt":"2025-11-02T15:26:37","slug":"schlusseleisen-mit-antikem-loch-und-grosem-bart-57-mm","status":"publish","type":"product","link":"https:\/\/partsandpieces.nl\/de\/product\/sleutel-ijzer-antiek-gat-en-grote-baard-57mm\/","title":{"rendered":"Schl\u00fcsseleisen, antikes Loch und gro\u00dfer Bart, 57 mm"},"content":{"rendered":"<p><strong>Schl\u00fcsseleisen, antikes Loch und gro\u00dfer Bart, 57 mm<\/strong> ist ein klassischer Schl\u00fcssel mit grau lackierter Oberfl\u00e4che. Der Schl\u00fcssel ist aus Eisen. Der Schl\u00fcssel hat ein Lochende und einen gro\u00dfen Bart.<\/p>\n<p>Dieser hochwertige Schl\u00fcssel wird in Italien hergestellt.<\/p>\n<p><strong>Ma\u00dfe<br \/>\n<\/strong>Schl\u00fcsseleisen mit antikem Loch und gro\u00dfem Bart, 57 mm, ist insgesamt 90 mm lang. Sie k\u00f6nnen den Schl\u00fcssel maximal 57 mm in das Schloss einf\u00fchren. Am Ende hat der Schl\u00fcssel einen Stift und einen gro\u00dfen Bart von 13 mm H\u00f6he und 14 mm Breite. Der Durchmesser des Stiels betr\u00e4gt 7 mm, die Innengr\u00f6\u00dfe des Lochs betr\u00e4gt 5 mm und das Auge ist etwa 28 mm breit.<\/p>","protected":false},"excerpt":{"rendered":"<p>Sleutel IJzer Antiek Gat en Grote Baard 57mm is een klassieke sleutel met een grijs gelakte afwerking. De sleutel is gemaakt van ijzer. De sleutel heeft een gat uiteinde en een grote baard. Deze kwalitatief uitstekende sleutel is gemaakt in Itali\u00eb. Afmetingen Sleutel IJzer Antiek Gat en Grote Baard 57mm is in totaal 90mm lang. [&hellip;]<\/p>\n","protected":false},"featured_media":7559,"template":"","meta":{"_acf_changed":false},"product_brand":[],"product_cat":[49,23],"product_tag":[],"class_list":{"0":"post-1561","1":"product","2":"type-product","3":"status-publish","4":"has-post-thumbnail","6":"product_cat-antieke-sleutels","7":"product_cat-meubelbeslag","9":"first","10":"instock","11":"taxable","12":"shipping-taxable","13":"purchasable","14":"product-type-simple"},"acf":[],"yoast_head":"<!-- This site is optimized with the Yoast SEO plugin v27.3 - https:\/\/yoast.com\/product\/yoast-seo-wordpress\/ -->\n<title>Sleutel Antiek Gat 57mm<\/title>\n<meta name=\"description\" content=\"Sleutel IJzer Antiek Gat en Grote Baard 57mm is een klassieke sleutel met een grijs gelakte afwerking. De sleutel heeft een gat uiteinde en een grote baard.\" \/>\n<meta name=\"robots\" content=\"index, follow, max-snippet:-1, max-image-preview:large, max-video-preview:-1\" \/>\n<link rel=\"canonical\" href=\"https:\/\/partsandpieces.nl\/de\/produkt\/schlusseleisen-mit-antikem-loch-und-grosem-bart-57-mm\/\" \/>\n<meta property=\"og:locale\" content=\"de_DE\" \/>\n<meta property=\"og:type\" content=\"article\" \/>\n<meta property=\"og:title\" content=\"Sleutel Antiek Gat 57mm\" \/>\n<meta property=\"og:description\" content=\"Sleutel IJzer Antiek Gat en Grote Baard 57mm is een klassieke sleutel met een grijs gelakte afwerking. De sleutel heeft een gat uiteinde en een grote baard.\" \/>\n<meta property=\"og:url\" content=\"https:\/\/partsandpieces.nl\/de\/produkt\/schlusseleisen-mit-antikem-loch-und-grosem-bart-57-mm\/\" \/>\n<meta property=\"og:site_name\" content=\"Parts &amp; Pieces\" \/>\n<meta property=\"article:modified_time\" content=\"2025-11-02T15:26:37+00:00\" \/>\n<meta property=\"og:image\" content=\"https:\/\/partsandpieces.nl\/wp-content\/uploads\/2020\/08\/Sleutel-IJzer-Antiek-Gat-en-Grote-Baard-57mm.jpg\" \/>\n\t<meta property=\"og:image:width\" content=\"400\" \/>\n\t<meta property=\"og:image:height\" content=\"400\" \/>\n\t<meta property=\"og:image:type\" content=\"image\/jpeg\" \/>\n<meta name=\"twitter:card\" content=\"summary_large_image\" \/>\n<meta name=\"twitter:label1\" content=\"Gesch\u00e4tzte Lesezeit\" \/>\n\t<meta name=\"twitter:data1\" content=\"1\u00a0Minute\" \/>\n<script type=\"application\/ld+json\" class=\"yoast-schema-graph\">{\"@context\":\"https:\\\/\\\/schema.org\",\"@graph\":[{\"@type\":\"WebPage\",\"@id\":\"https:\\\/\\\/partsandpieces.nl\\\/product\\\/sleutel-ijzer-antiek-gat-en-grote-baard-57mm\\\/\",\"url\":\"https:\\\/\\\/partsandpieces.nl\\\/product\\\/sleutel-ijzer-antiek-gat-en-grote-baard-57mm\\\/\",\"name\":\"Sleutel Antiek Gat 57mm\",\"isPartOf\":{\"@id\":\"https:\\\/\\\/partsandpieces.nl\\\/#website\"},\"primaryImageOfPage\":{\"@id\":\"https:\\\/\\\/partsandpieces.nl\\\/product\\\/sleutel-ijzer-antiek-gat-en-grote-baard-57mm\\\/#primaryimage\"},\"image\":{\"@id\":\"https:\\\/\\\/partsandpieces.nl\\\/product\\\/sleutel-ijzer-antiek-gat-en-grote-baard-57mm\\\/#primaryimage\"},\"thumbnailUrl\":\"https:\\\/\\\/partsandpieces.nl\\\/wp-content\\\/uploads\\\/2020\\\/08\\\/Sleutel-IJzer-Antiek-Gat-en-Grote-Baard-57mm.jpg\",\"datePublished\":\"2020-08-10T10:07:04+00:00\",\"dateModified\":\"2025-11-02T15:26:37+00:00\",\"description\":\"Sleutel IJzer Antiek Gat en Grote Baard 57mm is een klassieke sleutel met een grijs gelakte afwerking. De sleutel heeft een gat uiteinde en een grote baard.\",\"breadcrumb\":{\"@id\":\"https:\\\/\\\/partsandpieces.nl\\\/product\\\/sleutel-ijzer-antiek-gat-en-grote-baard-57mm\\\/#breadcrumb\"},\"inLanguage\":\"de\",\"potentialAction\":[{\"@type\":\"ReadAction\",\"target\":[\"https:\\\/\\\/partsandpieces.nl\\\/product\\\/sleutel-ijzer-antiek-gat-en-grote-baard-57mm\\\/\"]}]},{\"@type\":\"ImageObject\",\"inLanguage\":\"de\",\"@id\":\"https:\\\/\\\/partsandpieces.nl\\\/product\\\/sleutel-ijzer-antiek-gat-en-grote-baard-57mm\\\/#primaryimage\",\"url\":\"https:\\\/\\\/partsandpieces.nl\\\/wp-content\\\/uploads\\\/2020\\\/08\\\/Sleutel-IJzer-Antiek-Gat-en-Grote-Baard-57mm.jpg\",\"contentUrl\":\"https:\\\/\\\/partsandpieces.nl\\\/wp-content\\\/uploads\\\/2020\\\/08\\\/Sleutel-IJzer-Antiek-Gat-en-Grote-Baard-57mm.jpg\",\"width\":400,\"height\":400,\"caption\":\"Sleutel IJzer Antiek Gat en Grote Baard 57mm\"},{\"@type\":\"BreadcrumbList\",\"@id\":\"https:\\\/\\\/partsandpieces.nl\\\/product\\\/sleutel-ijzer-antiek-gat-en-grote-baard-57mm\\\/#breadcrumb\",\"itemListElement\":[{\"@type\":\"ListItem\",\"position\":1,\"name\":\"Home\",\"item\":\"https:\\\/\\\/partsandpieces.nl\\\/home\\\/\"},{\"@type\":\"ListItem\",\"position\":2,\"name\":\"Winkel\",\"item\":\"https:\\\/\\\/partsandpieces.nl\\\/winkel\\\/\"},{\"@type\":\"ListItem\",\"position\":3,\"name\":\"Sleutel IJzer Antiek Gat en Grote Baard 57mm\"}]},{\"@type\":\"WebSite\",\"@id\":\"https:\\\/\\\/partsandpieces.nl\\\/#website\",\"url\":\"https:\\\/\\\/partsandpieces.nl\\\/\",\"name\":\"Parts &amp; Pieces\",\"description\":\"Alles voor uw meubelrestauratie en -onderhoud!\",\"potentialAction\":[{\"@type\":\"SearchAction\",\"target\":{\"@type\":\"EntryPoint\",\"urlTemplate\":\"https:\\\/\\\/partsandpieces.nl\\\/?s={search_term_string}\"},\"query-input\":{\"@type\":\"PropertyValueSpecification\",\"valueRequired\":true,\"valueName\":\"search_term_string\"}}],\"inLanguage\":\"de\"}]}<\/script>\n<!-- \/ Yoast SEO plugin. -->","yoast_head_json":{"title":"Schl\u00fcssel-Antik-Loch 57 mm","description":"Der Schl\u00fcssel aus Eisen mit antikem Loch und gro\u00dfem Bart 57 mm ist ein klassischer Schl\u00fcssel mit grau lackierter Oberfl\u00e4che. Der Schl\u00fcssel hat ein Lochende und einen gro\u00dfen Bart.","robots":{"index":"index","follow":"follow","max-snippet":"max-snippet:-1","max-image-preview":"max-image-preview:large","max-video-preview":"max-video-preview:-1"},"canonical":"https:\/\/partsandpieces.nl\/de\/produkt\/schlusseleisen-mit-antikem-loch-und-grosem-bart-57-mm\/","og_locale":"de_DE","og_type":"article","og_title":"Sleutel Antiek Gat 57mm","og_description":"Sleutel IJzer Antiek Gat en Grote Baard 57mm is een klassieke sleutel met een grijs gelakte afwerking. De sleutel heeft een gat uiteinde en een grote baard.","og_url":"https:\/\/partsandpieces.nl\/de\/produkt\/schlusseleisen-mit-antikem-loch-und-grosem-bart-57-mm\/","og_site_name":"Parts &amp; Pieces","article_modified_time":"2025-11-02T15:26:37+00:00","og_image":[{"width":400,"height":400,"url":"https:\/\/partsandpieces.nl\/wp-content\/uploads\/2020\/08\/Sleutel-IJzer-Antiek-Gat-en-Grote-Baard-57mm.jpg","type":"image\/jpeg"}],"twitter_card":"summary_large_image","twitter_misc":{"Gesch\u00e4tzte Lesezeit":"1\u00a0Minute"},"schema":{"@context":"https:\/\/schema.org","@graph":[{"@type":"WebPage","@id":"https:\/\/partsandpieces.nl\/product\/sleutel-ijzer-antiek-gat-en-grote-baard-57mm\/","url":"https:\/\/partsandpieces.nl\/product\/sleutel-ijzer-antiek-gat-en-grote-baard-57mm\/","name":"Schl\u00fcssel-Antik-Loch 57 mm","isPartOf":{"@id":"https:\/\/partsandpieces.nl\/#website"},"primaryImageOfPage":{"@id":"https:\/\/partsandpieces.nl\/product\/sleutel-ijzer-antiek-gat-en-grote-baard-57mm\/#primaryimage"},"image":{"@id":"https:\/\/partsandpieces.nl\/product\/sleutel-ijzer-antiek-gat-en-grote-baard-57mm\/#primaryimage"},"thumbnailUrl":"https:\/\/partsandpieces.nl\/wp-content\/uploads\/2020\/08\/Sleutel-IJzer-Antiek-Gat-en-Grote-Baard-57mm.jpg","datePublished":"2020-08-10T10:07:04+00:00","dateModified":"2025-11-02T15:26:37+00:00","description":"Der Schl\u00fcssel aus Eisen mit antikem Loch und gro\u00dfem Bart 57 mm ist ein klassischer Schl\u00fcssel mit grau lackierter Oberfl\u00e4che. Der Schl\u00fcssel hat ein Lochende und einen gro\u00dfen Bart.","breadcrumb":{"@id":"https:\/\/partsandpieces.nl\/product\/sleutel-ijzer-antiek-gat-en-grote-baard-57mm\/#breadcrumb"},"inLanguage":"de","potentialAction":[{"@type":"ReadAction","target":["https:\/\/partsandpieces.nl\/product\/sleutel-ijzer-antiek-gat-en-grote-baard-57mm\/"]}]},{"@type":"ImageObject","inLanguage":"de","@id":"https:\/\/partsandpieces.nl\/product\/sleutel-ijzer-antiek-gat-en-grote-baard-57mm\/#primaryimage","url":"https:\/\/partsandpieces.nl\/wp-content\/uploads\/2020\/08\/Sleutel-IJzer-Antiek-Gat-en-Grote-Baard-57mm.jpg","contentUrl":"https:\/\/partsandpieces.nl\/wp-content\/uploads\/2020\/08\/Sleutel-IJzer-Antiek-Gat-en-Grote-Baard-57mm.jpg","width":400,"height":400,"caption":"Sleutel IJzer Antiek Gat en Grote Baard 57mm"},{"@type":"BreadcrumbList","@id":"https:\/\/partsandpieces.nl\/product\/sleutel-ijzer-antiek-gat-en-grote-baard-57mm\/#breadcrumb","itemListElement":[{"@type":"ListItem","position":1,"name":"Home","item":"https:\/\/partsandpieces.nl\/home\/"},{"@type":"ListItem","position":2,"name":"Winkel","item":"https:\/\/partsandpieces.nl\/winkel\/"},{"@type":"ListItem","position":3,"name":"Sleutel IJzer Antiek Gat en Grote Baard 57mm"}]},{"@type":"WebSite","@id":"https:\/\/partsandpieces.nl\/#website","url":"https:\/\/partsandpieces.nl\/","name":"Teile &amp; St\u00fccke","description":"Alles f\u00fcr Ihre M\u00f6belrestaurierung und -pflege!","potentialAction":[{"@type":"SearchAction","target":{"@type":"EntryPoint","urlTemplate":"https:\/\/partsandpieces.nl\/?s={search_term_string}"},"query-input":{"@type":"PropertyValueSpecification","valueRequired":true,"valueName":"search_term_string"}}],"inLanguage":"de"}]}},"_links":{"self":[{"href":"https:\/\/partsandpieces.nl\/de\/wp-json\/wp\/v2\/product\/1561","targetHints":{"allow":["GET"]}}],"collection":[{"href":"https:\/\/partsandpieces.nl\/de\/wp-json\/wp\/v2\/product"}],"about":[{"href":"https:\/\/partsandpieces.nl\/de\/wp-json\/wp\/v2\/types\/product"}],"wp:featuredmedia":[{"embeddable":true,"href":"https:\/\/partsandpieces.nl\/de\/wp-json\/wp\/v2\/media\/7559"}],"wp:attachment":[{"href":"https:\/\/partsandpieces.nl\/de\/wp-json\/wp\/v2\/media?parent=1561"}],"wp:term":[{"taxonomy":"product_brand","embeddable":true,"href":"https:\/\/partsandpieces.nl\/de\/wp-json\/wp\/v2\/product_brand?post=1561"},{"taxonomy":"product_cat","embeddable":true,"href":"https:\/\/partsandpieces.nl\/de\/wp-json\/wp\/v2\/product_cat?post=1561"},{"taxonomy":"product_tag","embeddable":true,"href":"https:\/\/partsandpieces.nl\/de\/wp-json\/wp\/v2\/product_tag?post=1561"}],"curies":[{"name":"wp","href":"https:\/\/api.w.org\/{rel}","templated":true}]}}