{"id":1562,"date":"2020-08-10T10:11:09","date_gmt":"2020-08-10T08:11:09","guid":{"rendered":"https:\/\/partsandpieces.bonsaidev.nl\/?product=sleutel-66mm-messing-glans"},"modified":"2026-01-20T07:40:44","modified_gmt":"2026-01-20T06:40:44","slug":"schlussel-66mm-messing-glanz","status":"publish","type":"product","link":"https:\/\/partsandpieces.nl\/de\/product\/sleutel-66mm-messing-glans\/","title":{"rendered":"Schl\u00fcssel Messing gl\u00e4nzend 40mm"},"content":{"rendered":"<p><strong>Schl\u00fcssel Messing gl\u00e4nzend 40mm<\/strong> ist ein klassischer Schl\u00fcssel mit gl\u00e4nzender Messingoberfl\u00e4che. Der Schl\u00fcssel hat ein Loch und einen kleinen Bart.<\/p>\n<p>Dieser Schl\u00fcssel passt f\u00fcr alle\u00a0<span style=\"text-decoration: underline;\"><a href=\"https:\/\/partsandpieces.nl\/de\/produktkategorie-2\/mobelbeschlage\/schlosser\/\">Einsteckschl\u00f6sser f\u00fcr den hinteren Eingang und Decksschl\u00f6sser<\/a><\/span>\u00a0im webshop.<\/p>\n<p><strong>Ma\u00dfe<br \/>\n<\/strong>Die Gesamtl\u00e4nge des Key Brass gl\u00e4nzend 40 mm betr\u00e4gt 70 mm. Sie k\u00f6nnen den Schl\u00fcssel maximal 40 mm in das Schloss einf\u00fchren. Am Ende hat der Schl\u00fcssel ein Loch und einen kleinen Bart von 6 mm H\u00f6he und 7 mm Breite. Der Durchmesser des Stiels betr\u00e4gt 6 mm, die Innengr\u00f6\u00dfe des Lochs betr\u00e4gt 4 mm und das Auge ist etwa 26 mm breit.<\/p>","protected":false},"excerpt":{"rendered":"<p>Sleutel Messing glanzend 40mm is een klassieke sleutel met een glanzende messing afwerking. De sleutel heeft een gat en een kleine baard. Deze sleutel past op alle\u00a0achterinlaat- insteek- en opdeksloten\u00a0in de webshop. Afmetingen De totale lengte van de Sleutel Messing glanzend 40mm is 70mm. Je kunt de sleutel maximaal 40mm in het slot steken. Aan [&hellip;]<\/p>\n","protected":false},"featured_media":7864,"template":"","meta":{"_acf_changed":false},"product_brand":[],"product_cat":[49,23],"product_tag":[],"class_list":{"0":"post-1562","1":"product","2":"type-product","3":"status-publish","4":"has-post-thumbnail","6":"product_cat-antieke-sleutels","7":"product_cat-meubelbeslag","9":"first","10":"instock","11":"taxable","12":"shipping-taxable","13":"purchasable","14":"product-type-simple"},"acf":[],"yoast_head":"<!-- This site is optimized with the Yoast SEO plugin v27.3 - https:\/\/yoast.com\/product\/yoast-seo-wordpress\/ -->\n<title>Sleutel Messing glanzend 40mm<\/title>\n<meta name=\"description\" content=\"Sleutel Messing glanzend 40mm is een klassieke sleutel met een glanzende messing afwerking. De sleutel heeft een gat en een kleine baard.\" \/>\n<meta name=\"robots\" content=\"index, follow, max-snippet:-1, max-image-preview:large, max-video-preview:-1\" \/>\n<link rel=\"canonical\" href=\"https:\/\/partsandpieces.nl\/de\/produkt\/schlussel-66mm-messing-glanz\/\" \/>\n<meta property=\"og:locale\" content=\"de_DE\" \/>\n<meta property=\"og:type\" content=\"article\" \/>\n<meta property=\"og:title\" content=\"Sleutel Messing glanzend 40mm\" \/>\n<meta property=\"og:description\" content=\"Sleutel Messing glanzend 40mm is een klassieke sleutel met een glanzende messing afwerking. De sleutel heeft een gat en een kleine baard.\" \/>\n<meta property=\"og:url\" content=\"https:\/\/partsandpieces.nl\/de\/produkt\/schlussel-66mm-messing-glanz\/\" \/>\n<meta property=\"og:site_name\" content=\"Parts &amp; Pieces\" \/>\n<meta property=\"article:modified_time\" content=\"2026-01-20T06:40:44+00:00\" \/>\n<meta property=\"og:image\" content=\"https:\/\/partsandpieces.nl\/wp-content\/uploads\/2020\/08\/Sleutel-Messing-glanzend-40mm.jpg\" \/>\n\t<meta property=\"og:image:width\" content=\"336\" \/>\n\t<meta property=\"og:image:height\" content=\"335\" \/>\n\t<meta property=\"og:image:type\" content=\"image\/jpeg\" \/>\n<meta name=\"twitter:card\" content=\"summary_large_image\" \/>\n<meta name=\"twitter:label1\" content=\"Gesch\u00e4tzte Lesezeit\" \/>\n\t<meta name=\"twitter:data1\" content=\"1\u00a0Minute\" \/>\n<script type=\"application\/ld+json\" class=\"yoast-schema-graph\">{\"@context\":\"https:\\\/\\\/schema.org\",\"@graph\":[{\"@type\":\"WebPage\",\"@id\":\"https:\\\/\\\/partsandpieces.nl\\\/product\\\/sleutel-66mm-messing-glans\\\/\",\"url\":\"https:\\\/\\\/partsandpieces.nl\\\/product\\\/sleutel-66mm-messing-glans\\\/\",\"name\":\"Sleutel Messing glanzend 40mm\",\"isPartOf\":{\"@id\":\"https:\\\/\\\/partsandpieces.nl\\\/#website\"},\"primaryImageOfPage\":{\"@id\":\"https:\\\/\\\/partsandpieces.nl\\\/product\\\/sleutel-66mm-messing-glans\\\/#primaryimage\"},\"image\":{\"@id\":\"https:\\\/\\\/partsandpieces.nl\\\/product\\\/sleutel-66mm-messing-glans\\\/#primaryimage\"},\"thumbnailUrl\":\"https:\\\/\\\/partsandpieces.nl\\\/wp-content\\\/uploads\\\/2020\\\/08\\\/Sleutel-Messing-glanzend-40mm.jpg\",\"datePublished\":\"2020-08-10T08:11:09+00:00\",\"dateModified\":\"2026-01-20T06:40:44+00:00\",\"description\":\"Sleutel Messing glanzend 40mm is een klassieke sleutel met een glanzende messing afwerking. De sleutel heeft een gat en een kleine baard.\",\"breadcrumb\":{\"@id\":\"https:\\\/\\\/partsandpieces.nl\\\/product\\\/sleutel-66mm-messing-glans\\\/#breadcrumb\"},\"inLanguage\":\"de\",\"potentialAction\":[{\"@type\":\"ReadAction\",\"target\":[\"https:\\\/\\\/partsandpieces.nl\\\/product\\\/sleutel-66mm-messing-glans\\\/\"]}]},{\"@type\":\"ImageObject\",\"inLanguage\":\"de\",\"@id\":\"https:\\\/\\\/partsandpieces.nl\\\/product\\\/sleutel-66mm-messing-glans\\\/#primaryimage\",\"url\":\"https:\\\/\\\/partsandpieces.nl\\\/wp-content\\\/uploads\\\/2020\\\/08\\\/Sleutel-Messing-glanzend-40mm.jpg\",\"contentUrl\":\"https:\\\/\\\/partsandpieces.nl\\\/wp-content\\\/uploads\\\/2020\\\/08\\\/Sleutel-Messing-glanzend-40mm.jpg\",\"width\":336,\"height\":335,\"caption\":\"Sleutel Messing glanzend 40mm\"},{\"@type\":\"BreadcrumbList\",\"@id\":\"https:\\\/\\\/partsandpieces.nl\\\/product\\\/sleutel-66mm-messing-glans\\\/#breadcrumb\",\"itemListElement\":[{\"@type\":\"ListItem\",\"position\":1,\"name\":\"Home\",\"item\":\"https:\\\/\\\/partsandpieces.nl\\\/home\\\/\"},{\"@type\":\"ListItem\",\"position\":2,\"name\":\"Winkel\",\"item\":\"https:\\\/\\\/partsandpieces.nl\\\/winkel\\\/\"},{\"@type\":\"ListItem\",\"position\":3,\"name\":\"Sleutel Messing glanzend 40mm\"}]},{\"@type\":\"WebSite\",\"@id\":\"https:\\\/\\\/partsandpieces.nl\\\/#website\",\"url\":\"https:\\\/\\\/partsandpieces.nl\\\/\",\"name\":\"Parts &amp; Pieces\",\"description\":\"Alles voor uw meubelrestauratie en -onderhoud!\",\"potentialAction\":[{\"@type\":\"SearchAction\",\"target\":{\"@type\":\"EntryPoint\",\"urlTemplate\":\"https:\\\/\\\/partsandpieces.nl\\\/?s={search_term_string}\"},\"query-input\":{\"@type\":\"PropertyValueSpecification\",\"valueRequired\":true,\"valueName\":\"search_term_string\"}}],\"inLanguage\":\"de\"}]}<\/script>\n<!-- \/ Yoast SEO plugin. -->","yoast_head_json":{"title":"Schl\u00fcssel Messing gl\u00e4nzend 40mm","description":"Der Schl\u00fcssel Shiny Brass 40 mm ist ein klassischer Schl\u00fcssel mit gl\u00e4nzender Messingoberfl\u00e4che. Der Schl\u00fcssel hat ein Loch und einen kleinen Bart.","robots":{"index":"index","follow":"follow","max-snippet":"max-snippet:-1","max-image-preview":"max-image-preview:large","max-video-preview":"max-video-preview:-1"},"canonical":"https:\/\/partsandpieces.nl\/de\/produkt\/schlussel-66mm-messing-glanz\/","og_locale":"de_DE","og_type":"article","og_title":"Sleutel Messing glanzend 40mm","og_description":"Sleutel Messing glanzend 40mm is een klassieke sleutel met een glanzende messing afwerking. De sleutel heeft een gat en een kleine baard.","og_url":"https:\/\/partsandpieces.nl\/de\/produkt\/schlussel-66mm-messing-glanz\/","og_site_name":"Parts &amp; Pieces","article_modified_time":"2026-01-20T06:40:44+00:00","og_image":[{"width":336,"height":335,"url":"https:\/\/partsandpieces.nl\/wp-content\/uploads\/2020\/08\/Sleutel-Messing-glanzend-40mm.jpg","type":"image\/jpeg"}],"twitter_card":"summary_large_image","twitter_misc":{"Gesch\u00e4tzte Lesezeit":"1\u00a0Minute"},"schema":{"@context":"https:\/\/schema.org","@graph":[{"@type":"WebPage","@id":"https:\/\/partsandpieces.nl\/product\/sleutel-66mm-messing-glans\/","url":"https:\/\/partsandpieces.nl\/product\/sleutel-66mm-messing-glans\/","name":"Schl\u00fcssel Messing gl\u00e4nzend 40mm","isPartOf":{"@id":"https:\/\/partsandpieces.nl\/#website"},"primaryImageOfPage":{"@id":"https:\/\/partsandpieces.nl\/product\/sleutel-66mm-messing-glans\/#primaryimage"},"image":{"@id":"https:\/\/partsandpieces.nl\/product\/sleutel-66mm-messing-glans\/#primaryimage"},"thumbnailUrl":"https:\/\/partsandpieces.nl\/wp-content\/uploads\/2020\/08\/Sleutel-Messing-glanzend-40mm.jpg","datePublished":"2020-08-10T08:11:09+00:00","dateModified":"2026-01-20T06:40:44+00:00","description":"Der Schl\u00fcssel Shiny Brass 40 mm ist ein klassischer Schl\u00fcssel mit gl\u00e4nzender Messingoberfl\u00e4che. Der Schl\u00fcssel hat ein Loch und einen kleinen Bart.","breadcrumb":{"@id":"https:\/\/partsandpieces.nl\/product\/sleutel-66mm-messing-glans\/#breadcrumb"},"inLanguage":"de","potentialAction":[{"@type":"ReadAction","target":["https:\/\/partsandpieces.nl\/product\/sleutel-66mm-messing-glans\/"]}]},{"@type":"ImageObject","inLanguage":"de","@id":"https:\/\/partsandpieces.nl\/product\/sleutel-66mm-messing-glans\/#primaryimage","url":"https:\/\/partsandpieces.nl\/wp-content\/uploads\/2020\/08\/Sleutel-Messing-glanzend-40mm.jpg","contentUrl":"https:\/\/partsandpieces.nl\/wp-content\/uploads\/2020\/08\/Sleutel-Messing-glanzend-40mm.jpg","width":336,"height":335,"caption":"Sleutel Messing glanzend 40mm"},{"@type":"BreadcrumbList","@id":"https:\/\/partsandpieces.nl\/product\/sleutel-66mm-messing-glans\/#breadcrumb","itemListElement":[{"@type":"ListItem","position":1,"name":"Home","item":"https:\/\/partsandpieces.nl\/home\/"},{"@type":"ListItem","position":2,"name":"Winkel","item":"https:\/\/partsandpieces.nl\/winkel\/"},{"@type":"ListItem","position":3,"name":"Sleutel Messing glanzend 40mm"}]},{"@type":"WebSite","@id":"https:\/\/partsandpieces.nl\/#website","url":"https:\/\/partsandpieces.nl\/","name":"Teile &amp; St\u00fccke","description":"Alles f\u00fcr Ihre M\u00f6belrestaurierung und -pflege!","potentialAction":[{"@type":"SearchAction","target":{"@type":"EntryPoint","urlTemplate":"https:\/\/partsandpieces.nl\/?s={search_term_string}"},"query-input":{"@type":"PropertyValueSpecification","valueRequired":true,"valueName":"search_term_string"}}],"inLanguage":"de"}]}},"_links":{"self":[{"href":"https:\/\/partsandpieces.nl\/de\/wp-json\/wp\/v2\/product\/1562","targetHints":{"allow":["GET"]}}],"collection":[{"href":"https:\/\/partsandpieces.nl\/de\/wp-json\/wp\/v2\/product"}],"about":[{"href":"https:\/\/partsandpieces.nl\/de\/wp-json\/wp\/v2\/types\/product"}],"wp:featuredmedia":[{"embeddable":true,"href":"https:\/\/partsandpieces.nl\/de\/wp-json\/wp\/v2\/media\/7864"}],"wp:attachment":[{"href":"https:\/\/partsandpieces.nl\/de\/wp-json\/wp\/v2\/media?parent=1562"}],"wp:term":[{"taxonomy":"product_brand","embeddable":true,"href":"https:\/\/partsandpieces.nl\/de\/wp-json\/wp\/v2\/product_brand?post=1562"},{"taxonomy":"product_cat","embeddable":true,"href":"https:\/\/partsandpieces.nl\/de\/wp-json\/wp\/v2\/product_cat?post=1562"},{"taxonomy":"product_tag","embeddable":true,"href":"https:\/\/partsandpieces.nl\/de\/wp-json\/wp\/v2\/product_tag?post=1562"}],"curies":[{"name":"wp","href":"https:\/\/api.w.org\/{rel}","templated":true}]}}