{"id":1564,"date":"2020-08-10T10:12:50","date_gmt":"2020-08-10T08:12:50","guid":{"rendered":"https:\/\/partsandpieces.bonsaidev.nl\/?product=sleutel-ijzer-geroest-70mm"},"modified":"2026-03-01T11:01:34","modified_gmt":"2026-03-01T10:01:34","slug":"schlussel-eisen-rost-38mm","status":"publish","type":"product","link":"https:\/\/partsandpieces.nl\/de\/product\/sleutel-ijzer-roest-38mm\/","title":{"rendered":"Schl\u00fcsseleisen Rost 38mm"},"content":{"rendered":"<p><strong>Schl\u00fcsseleisen Rost 38mm<\/strong> ist ein mittellanger, klassischer Schl\u00fcssel mit ovalem Auge und rostiger Oberfl\u00e4che. Achtung: Der Schl\u00fcssel kann sich l\u00f6sen! Der Schl\u00fcssel hat ein Loch und einen kleinen Bart.<\/p>\n<p>Dieser Schl\u00fcssel passt f\u00fcr alle\u00a0<span style=\"text-decoration: underline;\"><a href=\"https:\/\/partsandpieces.nl\/de\/produktkategorie-2\/mobelbeschlage\/schlosser\/\">Einsteckschl\u00f6sser f\u00fcr den hinteren Eingang und Decksschl\u00f6sser<\/a><\/span>\u00a0im webshop.<\/p>\n<p>Dieser hochwertige Schl\u00fcssel wird in Italien hergestellt.<\/p>\n<p><strong>Ma\u00dfe<br \/>\n<\/strong>Die Gesamtl\u00e4nge des Schl\u00fcsseleisenrostes 38mm betr\u00e4gt 69mm. Sie k\u00f6nnen den Schl\u00fcssel bis zu 38 mm in das Schloss einf\u00fchren. Am Ende hat der Schl\u00fcssel ein Loch und einen kleinen Bart von 6 mm H\u00f6he und 7 mm Breite. Der Durchmesser des Stiels betr\u00e4gt 6 mm und das Auge ist etwa 26 mm breit.<\/p>","protected":false},"excerpt":{"rendered":"<p>Sleutel IJzer Roest 38mm is een middellange, klassieke sleutel met een ovaal oog en een geroeste afwerking. Let op: de sleutel kan afgeven! De sleutel heeft een gat en een kleine baard. Deze sleutel past op alle\u00a0achterinlaat- insteek- en opdeksloten\u00a0in de webshop. Deze kwalitatief uitstekende sleutel is gemaakt in Itali\u00eb. Afmetingen De totale lengte van [&hellip;]<\/p>\n","protected":false},"featured_media":5316,"template":"","meta":{"_acf_changed":false},"product_brand":[],"product_cat":[49,23],"product_tag":[],"class_list":{"0":"post-1564","1":"product","2":"type-product","3":"status-publish","4":"has-post-thumbnail","6":"product_cat-antieke-sleutels","7":"product_cat-meubelbeslag","9":"first","10":"instock","11":"taxable","12":"shipping-taxable","13":"purchasable","14":"product-type-simple"},"acf":[],"yoast_head":"<!-- This site is optimized with the Yoast SEO plugin v27.3 - https:\/\/yoast.com\/product\/yoast-seo-wordpress\/ -->\n<title>Sleutel IJzer Roest 38mm<\/title>\n<meta name=\"description\" content=\"Sleutel IJzer Roest 38mm is een middellange, klassieke sleutel met een ovaal oog en een geroeste afwerking. De sleutel heeft een gat en een kleine baard.\" \/>\n<meta name=\"robots\" content=\"index, follow, max-snippet:-1, max-image-preview:large, max-video-preview:-1\" \/>\n<link rel=\"canonical\" href=\"https:\/\/partsandpieces.nl\/de\/produkt\/schlussel-eisen-rost-38mm\/\" \/>\n<meta property=\"og:locale\" content=\"de_DE\" \/>\n<meta property=\"og:type\" content=\"article\" \/>\n<meta property=\"og:title\" content=\"Sleutel IJzer Roest 38mm\" \/>\n<meta property=\"og:description\" content=\"Sleutel IJzer Roest 38mm is een middellange, klassieke sleutel met een ovaal oog en een geroeste afwerking. De sleutel heeft een gat en een kleine baard.\" \/>\n<meta property=\"og:url\" content=\"https:\/\/partsandpieces.nl\/de\/produkt\/schlussel-eisen-rost-38mm\/\" \/>\n<meta property=\"og:site_name\" content=\"Parts &amp; Pieces\" \/>\n<meta property=\"article:modified_time\" content=\"2026-03-01T10:01:34+00:00\" \/>\n<meta property=\"og:image\" content=\"https:\/\/partsandpieces.nl\/wp-content\/uploads\/2020\/08\/Sleutel-IJzer-Roest-38mm.jpg\" \/>\n\t<meta property=\"og:image:width\" content=\"480\" \/>\n\t<meta property=\"og:image:height\" content=\"480\" \/>\n\t<meta property=\"og:image:type\" content=\"image\/jpeg\" \/>\n<meta name=\"twitter:card\" content=\"summary_large_image\" \/>\n<meta name=\"twitter:label1\" content=\"Gesch\u00e4tzte Lesezeit\" \/>\n\t<meta name=\"twitter:data1\" content=\"1\u00a0Minute\" \/>\n<script type=\"application\/ld+json\" class=\"yoast-schema-graph\">{\"@context\":\"https:\\\/\\\/schema.org\",\"@graph\":[{\"@type\":\"WebPage\",\"@id\":\"https:\\\/\\\/partsandpieces.nl\\\/product\\\/sleutel-ijzer-roest-38mm\\\/\",\"url\":\"https:\\\/\\\/partsandpieces.nl\\\/product\\\/sleutel-ijzer-roest-38mm\\\/\",\"name\":\"Sleutel IJzer Roest 38mm\",\"isPartOf\":{\"@id\":\"https:\\\/\\\/partsandpieces.nl\\\/#website\"},\"primaryImageOfPage\":{\"@id\":\"https:\\\/\\\/partsandpieces.nl\\\/product\\\/sleutel-ijzer-roest-38mm\\\/#primaryimage\"},\"image\":{\"@id\":\"https:\\\/\\\/partsandpieces.nl\\\/product\\\/sleutel-ijzer-roest-38mm\\\/#primaryimage\"},\"thumbnailUrl\":\"https:\\\/\\\/partsandpieces.nl\\\/wp-content\\\/uploads\\\/2020\\\/08\\\/Sleutel-IJzer-Roest-38mm.jpg\",\"datePublished\":\"2020-08-10T08:12:50+00:00\",\"dateModified\":\"2026-03-01T10:01:34+00:00\",\"description\":\"Sleutel IJzer Roest 38mm is een middellange, klassieke sleutel met een ovaal oog en een geroeste afwerking. De sleutel heeft een gat en een kleine baard.\",\"breadcrumb\":{\"@id\":\"https:\\\/\\\/partsandpieces.nl\\\/product\\\/sleutel-ijzer-roest-38mm\\\/#breadcrumb\"},\"inLanguage\":\"de\",\"potentialAction\":[{\"@type\":\"ReadAction\",\"target\":[\"https:\\\/\\\/partsandpieces.nl\\\/product\\\/sleutel-ijzer-roest-38mm\\\/\"]}]},{\"@type\":\"ImageObject\",\"inLanguage\":\"de\",\"@id\":\"https:\\\/\\\/partsandpieces.nl\\\/product\\\/sleutel-ijzer-roest-38mm\\\/#primaryimage\",\"url\":\"https:\\\/\\\/partsandpieces.nl\\\/wp-content\\\/uploads\\\/2020\\\/08\\\/Sleutel-IJzer-Roest-38mm.jpg\",\"contentUrl\":\"https:\\\/\\\/partsandpieces.nl\\\/wp-content\\\/uploads\\\/2020\\\/08\\\/Sleutel-IJzer-Roest-38mm.jpg\",\"width\":480,\"height\":480,\"caption\":\"Sleutel IJzer Roest 38mm\"},{\"@type\":\"BreadcrumbList\",\"@id\":\"https:\\\/\\\/partsandpieces.nl\\\/product\\\/sleutel-ijzer-roest-38mm\\\/#breadcrumb\",\"itemListElement\":[{\"@type\":\"ListItem\",\"position\":1,\"name\":\"Home\",\"item\":\"https:\\\/\\\/partsandpieces.nl\\\/home\\\/\"},{\"@type\":\"ListItem\",\"position\":2,\"name\":\"Winkel\",\"item\":\"https:\\\/\\\/partsandpieces.nl\\\/winkel\\\/\"},{\"@type\":\"ListItem\",\"position\":3,\"name\":\"Sleutel IJzer Roest 38mm\"}]},{\"@type\":\"WebSite\",\"@id\":\"https:\\\/\\\/partsandpieces.nl\\\/#website\",\"url\":\"https:\\\/\\\/partsandpieces.nl\\\/\",\"name\":\"Parts &amp; Pieces\",\"description\":\"Alles voor uw meubelrestauratie en -onderhoud!\",\"potentialAction\":[{\"@type\":\"SearchAction\",\"target\":{\"@type\":\"EntryPoint\",\"urlTemplate\":\"https:\\\/\\\/partsandpieces.nl\\\/?s={search_term_string}\"},\"query-input\":{\"@type\":\"PropertyValueSpecification\",\"valueRequired\":true,\"valueName\":\"search_term_string\"}}],\"inLanguage\":\"de\"}]}<\/script>\n<!-- \/ Yoast SEO plugin. -->","yoast_head_json":{"title":"Schl\u00fcsseleisen Rost 38mm","description":"Key Iron Rust 38 mm ist ein mittellanger, klassischer Schl\u00fcssel mit ovalem Auge und rostiger Oberfl\u00e4che. Der Schl\u00fcssel hat ein Loch und einen kleinen Bart.","robots":{"index":"index","follow":"follow","max-snippet":"max-snippet:-1","max-image-preview":"max-image-preview:large","max-video-preview":"max-video-preview:-1"},"canonical":"https:\/\/partsandpieces.nl\/de\/produkt\/schlussel-eisen-rost-38mm\/","og_locale":"de_DE","og_type":"article","og_title":"Sleutel IJzer Roest 38mm","og_description":"Sleutel IJzer Roest 38mm is een middellange, klassieke sleutel met een ovaal oog en een geroeste afwerking. De sleutel heeft een gat en een kleine baard.","og_url":"https:\/\/partsandpieces.nl\/de\/produkt\/schlussel-eisen-rost-38mm\/","og_site_name":"Parts &amp; Pieces","article_modified_time":"2026-03-01T10:01:34+00:00","og_image":[{"width":480,"height":480,"url":"https:\/\/partsandpieces.nl\/wp-content\/uploads\/2020\/08\/Sleutel-IJzer-Roest-38mm.jpg","type":"image\/jpeg"}],"twitter_card":"summary_large_image","twitter_misc":{"Gesch\u00e4tzte Lesezeit":"1\u00a0Minute"},"schema":{"@context":"https:\/\/schema.org","@graph":[{"@type":"WebPage","@id":"https:\/\/partsandpieces.nl\/product\/sleutel-ijzer-roest-38mm\/","url":"https:\/\/partsandpieces.nl\/product\/sleutel-ijzer-roest-38mm\/","name":"Schl\u00fcsseleisen Rost 38mm","isPartOf":{"@id":"https:\/\/partsandpieces.nl\/#website"},"primaryImageOfPage":{"@id":"https:\/\/partsandpieces.nl\/product\/sleutel-ijzer-roest-38mm\/#primaryimage"},"image":{"@id":"https:\/\/partsandpieces.nl\/product\/sleutel-ijzer-roest-38mm\/#primaryimage"},"thumbnailUrl":"https:\/\/partsandpieces.nl\/wp-content\/uploads\/2020\/08\/Sleutel-IJzer-Roest-38mm.jpg","datePublished":"2020-08-10T08:12:50+00:00","dateModified":"2026-03-01T10:01:34+00:00","description":"Key Iron Rust 38 mm ist ein mittellanger, klassischer Schl\u00fcssel mit ovalem Auge und rostiger Oberfl\u00e4che. Der Schl\u00fcssel hat ein Loch und einen kleinen Bart.","breadcrumb":{"@id":"https:\/\/partsandpieces.nl\/product\/sleutel-ijzer-roest-38mm\/#breadcrumb"},"inLanguage":"de","potentialAction":[{"@type":"ReadAction","target":["https:\/\/partsandpieces.nl\/product\/sleutel-ijzer-roest-38mm\/"]}]},{"@type":"ImageObject","inLanguage":"de","@id":"https:\/\/partsandpieces.nl\/product\/sleutel-ijzer-roest-38mm\/#primaryimage","url":"https:\/\/partsandpieces.nl\/wp-content\/uploads\/2020\/08\/Sleutel-IJzer-Roest-38mm.jpg","contentUrl":"https:\/\/partsandpieces.nl\/wp-content\/uploads\/2020\/08\/Sleutel-IJzer-Roest-38mm.jpg","width":480,"height":480,"caption":"Sleutel IJzer Roest 38mm"},{"@type":"BreadcrumbList","@id":"https:\/\/partsandpieces.nl\/product\/sleutel-ijzer-roest-38mm\/#breadcrumb","itemListElement":[{"@type":"ListItem","position":1,"name":"Home","item":"https:\/\/partsandpieces.nl\/home\/"},{"@type":"ListItem","position":2,"name":"Winkel","item":"https:\/\/partsandpieces.nl\/winkel\/"},{"@type":"ListItem","position":3,"name":"Sleutel IJzer Roest 38mm"}]},{"@type":"WebSite","@id":"https:\/\/partsandpieces.nl\/#website","url":"https:\/\/partsandpieces.nl\/","name":"Teile &amp; St\u00fccke","description":"Alles f\u00fcr Ihre M\u00f6belrestaurierung und -pflege!","potentialAction":[{"@type":"SearchAction","target":{"@type":"EntryPoint","urlTemplate":"https:\/\/partsandpieces.nl\/?s={search_term_string}"},"query-input":{"@type":"PropertyValueSpecification","valueRequired":true,"valueName":"search_term_string"}}],"inLanguage":"de"}]}},"_links":{"self":[{"href":"https:\/\/partsandpieces.nl\/de\/wp-json\/wp\/v2\/product\/1564","targetHints":{"allow":["GET"]}}],"collection":[{"href":"https:\/\/partsandpieces.nl\/de\/wp-json\/wp\/v2\/product"}],"about":[{"href":"https:\/\/partsandpieces.nl\/de\/wp-json\/wp\/v2\/types\/product"}],"wp:featuredmedia":[{"embeddable":true,"href":"https:\/\/partsandpieces.nl\/de\/wp-json\/wp\/v2\/media\/5316"}],"wp:attachment":[{"href":"https:\/\/partsandpieces.nl\/de\/wp-json\/wp\/v2\/media?parent=1564"}],"wp:term":[{"taxonomy":"product_brand","embeddable":true,"href":"https:\/\/partsandpieces.nl\/de\/wp-json\/wp\/v2\/product_brand?post=1564"},{"taxonomy":"product_cat","embeddable":true,"href":"https:\/\/partsandpieces.nl\/de\/wp-json\/wp\/v2\/product_cat?post=1564"},{"taxonomy":"product_tag","embeddable":true,"href":"https:\/\/partsandpieces.nl\/de\/wp-json\/wp\/v2\/product_tag?post=1564"}],"curies":[{"name":"wp","href":"https:\/\/api.w.org\/{rel}","templated":true}]}}