{"id":1568,"date":"2020-08-10T10:27:43","date_gmt":"2020-08-10T10:27:43","guid":{"rendered":"https:\/\/partsandpieces.bonsaidev.nl\/?product=deur-snapper-ijzer-brons-kleur"},"modified":"2026-03-14T13:55:19","modified_gmt":"2026-03-14T12:55:19","slug":"turschnapper-bronze-20x27mm","status":"publish","type":"product","link":"https:\/\/partsandpieces.nl\/de\/product\/deursnapper-brons-20x27mm\/","title":{"rendered":"T\u00fcrschn\u00e4pper Bronze 20x27mm"},"content":{"rendered":"<p><strong>T\u00fcrschn\u00e4pper Bronze 20x27mm<\/strong> ist ein Schloss, mit dem Sie Ihre M\u00f6belt\u00fcr schlie\u00dfen und \u00f6ffnen k\u00f6nnen, ohne einen Schl\u00fcssel zu verwenden oder eine Drehbewegung auszuf\u00fchren. Mithilfe des hinter dem \u00dcberrollb\u00fcgel angebrachten Riegels l\u00e4sst sich die T\u00fcr gut schlie\u00dfen, aber auch problemlos wieder \u00f6ffnen. Sie k\u00f6nnen diesen T\u00fcrfeststeller sowohl an rechts- als auch an linksh\u00e4ndigen T\u00fcren anbringen. Der Schnapper besteht aus Metall und hat ein sch\u00f6nes Bronzefinish.<\/p>\n<p><strong>Ma\u00dfe<br \/>\n<\/strong>T\u00fcrfeststeller Bronze 20x27mm wird auf einer Platte mit einer Breite von 20mm und einer H\u00f6he von 27mm montiert. Das Geh\u00e4use der Palette ist 16 mm hoch. Der \u00dcberrollb\u00fcgel ist 21 mm breit und 17 mm breit. Beim Anbringen empfehle ich, den Verschluss nicht mehr als 2 mm \u00fcber den Anschlag fallen zu lassen. Andernfalls wird es sehr schwierig sein, es zu \u00f6ffnen.<\/p>\n<p><strong>Bearbeiten<br \/>\n<\/strong>Zur Befestigung des T\u00fcrverschlusses werden vier Schrauben ben\u00f6tigt. Ich werde diese Schrauben NICHT versenden.<\/p>","protected":false},"excerpt":{"rendered":"<p>Deursnapper Brons 20x27mm is een slotje waarmee je je meubeldeurtje kunt sluiten en open zonder een sleutel te hoeven gebruiken of een draaibeweging te maken. Middels het palletje dan achter het rolbeugeltje valt kun je het deurtje goed sluiten, maar ook weer makkelijk openen. Je kunt deze deursnapper op zowel rechts- als linksdraaiende deurtjes bevestigen. [&hellip;]<\/p>\n","protected":false},"featured_media":7449,"template":"","meta":{"_acf_changed":false},"product_brand":[],"product_cat":[23,50],"product_tag":[],"class_list":{"0":"post-1568","1":"product","2":"type-product","3":"status-publish","4":"has-post-thumbnail","6":"product_cat-meubelbeslag","7":"product_cat-sloten","9":"first","10":"instock","11":"taxable","12":"shipping-taxable","13":"purchasable","14":"product-type-simple"},"acf":[],"yoast_head":"<!-- This site is optimized with the Yoast SEO plugin v27.3 - https:\/\/yoast.com\/product\/yoast-seo-wordpress\/ -->\n<title>Deursnapper Brons 20x27mm<\/title>\n<meta name=\"description\" content=\"Deursnapper Brons 20x27mm is een slotje waarmee je je meubeldeurtje kunt sluiten en open zonder sleutel te hoeven gebruiken of een draaibeweging te maken.\" \/>\n<meta name=\"robots\" content=\"index, follow, max-snippet:-1, max-image-preview:large, max-video-preview:-1\" \/>\n<link rel=\"canonical\" href=\"https:\/\/partsandpieces.nl\/de\/produkt\/turschnapper-bronze-20x27mm\/\" \/>\n<meta property=\"og:locale\" content=\"de_DE\" \/>\n<meta property=\"og:type\" content=\"article\" \/>\n<meta property=\"og:title\" content=\"Deursnapper Brons 20x27mm\" \/>\n<meta property=\"og:description\" content=\"Deursnapper Brons 20x27mm is een slotje waarmee je je meubeldeurtje kunt sluiten en open zonder sleutel te hoeven gebruiken of een draaibeweging te maken.\" \/>\n<meta property=\"og:url\" content=\"https:\/\/partsandpieces.nl\/de\/produkt\/turschnapper-bronze-20x27mm\/\" \/>\n<meta property=\"og:site_name\" content=\"Parts &amp; Pieces\" \/>\n<meta property=\"article:modified_time\" content=\"2026-03-14T12:55:19+00:00\" \/>\n<meta property=\"og:image\" content=\"https:\/\/partsandpieces.nl\/wp-content\/uploads\/2020\/08\/Deursnapper-Brons-20x27mm.jpg\" \/>\n\t<meta property=\"og:image:width\" content=\"371\" \/>\n\t<meta property=\"og:image:height\" content=\"371\" \/>\n\t<meta property=\"og:image:type\" content=\"image\/jpeg\" \/>\n<meta name=\"twitter:card\" content=\"summary_large_image\" \/>\n<meta name=\"twitter:label1\" content=\"Gesch\u00e4tzte Lesezeit\" \/>\n\t<meta name=\"twitter:data1\" content=\"1\u00a0Minute\" \/>\n<script type=\"application\/ld+json\" class=\"yoast-schema-graph\">{\"@context\":\"https:\\\/\\\/schema.org\",\"@graph\":[{\"@type\":\"WebPage\",\"@id\":\"https:\\\/\\\/partsandpieces.nl\\\/product\\\/deursnapper-brons-20x27mm\\\/\",\"url\":\"https:\\\/\\\/partsandpieces.nl\\\/product\\\/deursnapper-brons-20x27mm\\\/\",\"name\":\"Deursnapper Brons 20x27mm\",\"isPartOf\":{\"@id\":\"https:\\\/\\\/partsandpieces.nl\\\/#website\"},\"primaryImageOfPage\":{\"@id\":\"https:\\\/\\\/partsandpieces.nl\\\/product\\\/deursnapper-brons-20x27mm\\\/#primaryimage\"},\"image\":{\"@id\":\"https:\\\/\\\/partsandpieces.nl\\\/product\\\/deursnapper-brons-20x27mm\\\/#primaryimage\"},\"thumbnailUrl\":\"https:\\\/\\\/partsandpieces.nl\\\/wp-content\\\/uploads\\\/2020\\\/08\\\/Deursnapper-Brons-20x27mm.jpg\",\"datePublished\":\"2020-08-10T10:27:43+00:00\",\"dateModified\":\"2026-03-14T12:55:19+00:00\",\"description\":\"Deursnapper Brons 20x27mm is een slotje waarmee je je meubeldeurtje kunt sluiten en open zonder sleutel te hoeven gebruiken of een draaibeweging te maken.\",\"breadcrumb\":{\"@id\":\"https:\\\/\\\/partsandpieces.nl\\\/product\\\/deursnapper-brons-20x27mm\\\/#breadcrumb\"},\"inLanguage\":\"de\",\"potentialAction\":[{\"@type\":\"ReadAction\",\"target\":[\"https:\\\/\\\/partsandpieces.nl\\\/product\\\/deursnapper-brons-20x27mm\\\/\"]}]},{\"@type\":\"ImageObject\",\"inLanguage\":\"de\",\"@id\":\"https:\\\/\\\/partsandpieces.nl\\\/product\\\/deursnapper-brons-20x27mm\\\/#primaryimage\",\"url\":\"https:\\\/\\\/partsandpieces.nl\\\/wp-content\\\/uploads\\\/2020\\\/08\\\/Deursnapper-Brons-20x27mm.jpg\",\"contentUrl\":\"https:\\\/\\\/partsandpieces.nl\\\/wp-content\\\/uploads\\\/2020\\\/08\\\/Deursnapper-Brons-20x27mm.jpg\",\"width\":371,\"height\":371,\"caption\":\"Deursnapper Brons 20x27mm\"},{\"@type\":\"BreadcrumbList\",\"@id\":\"https:\\\/\\\/partsandpieces.nl\\\/product\\\/deursnapper-brons-20x27mm\\\/#breadcrumb\",\"itemListElement\":[{\"@type\":\"ListItem\",\"position\":1,\"name\":\"Home\",\"item\":\"https:\\\/\\\/partsandpieces.nl\\\/home\\\/\"},{\"@type\":\"ListItem\",\"position\":2,\"name\":\"Winkel\",\"item\":\"https:\\\/\\\/partsandpieces.nl\\\/winkel\\\/\"},{\"@type\":\"ListItem\",\"position\":3,\"name\":\"Deursnapper Brons 20x27mm\"}]},{\"@type\":\"WebSite\",\"@id\":\"https:\\\/\\\/partsandpieces.nl\\\/#website\",\"url\":\"https:\\\/\\\/partsandpieces.nl\\\/\",\"name\":\"Parts &amp; Pieces\",\"description\":\"Alles voor uw meubelrestauratie en -onderhoud!\",\"potentialAction\":[{\"@type\":\"SearchAction\",\"target\":{\"@type\":\"EntryPoint\",\"urlTemplate\":\"https:\\\/\\\/partsandpieces.nl\\\/?s={search_term_string}\"},\"query-input\":{\"@type\":\"PropertyValueSpecification\",\"valueRequired\":true,\"valueName\":\"search_term_string\"}}],\"inLanguage\":\"de\"}]}<\/script>\n<!-- \/ Yoast SEO plugin. -->","yoast_head_json":{"title":"T\u00fcrschn\u00e4pper Bronze 20x27mm","description":"T\u00fcrschnapper Bronze 20x27mm ist ein Schloss, mit dem Sie Ihre M\u00f6belt\u00fcr schlie\u00dfen und \u00f6ffnen k\u00f6nnen, ohne einen Schl\u00fcssel verwenden oder eine Drehbewegung ausf\u00fchren zu m\u00fcssen.","robots":{"index":"index","follow":"follow","max-snippet":"max-snippet:-1","max-image-preview":"max-image-preview:large","max-video-preview":"max-video-preview:-1"},"canonical":"https:\/\/partsandpieces.nl\/de\/produkt\/turschnapper-bronze-20x27mm\/","og_locale":"de_DE","og_type":"article","og_title":"Deursnapper Brons 20x27mm","og_description":"Deursnapper Brons 20x27mm is een slotje waarmee je je meubeldeurtje kunt sluiten en open zonder sleutel te hoeven gebruiken of een draaibeweging te maken.","og_url":"https:\/\/partsandpieces.nl\/de\/produkt\/turschnapper-bronze-20x27mm\/","og_site_name":"Parts &amp; Pieces","article_modified_time":"2026-03-14T12:55:19+00:00","og_image":[{"width":371,"height":371,"url":"https:\/\/partsandpieces.nl\/wp-content\/uploads\/2020\/08\/Deursnapper-Brons-20x27mm.jpg","type":"image\/jpeg"}],"twitter_card":"summary_large_image","twitter_misc":{"Gesch\u00e4tzte Lesezeit":"1\u00a0Minute"},"schema":{"@context":"https:\/\/schema.org","@graph":[{"@type":"WebPage","@id":"https:\/\/partsandpieces.nl\/product\/deursnapper-brons-20x27mm\/","url":"https:\/\/partsandpieces.nl\/product\/deursnapper-brons-20x27mm\/","name":"T\u00fcrschn\u00e4pper Bronze 20x27mm","isPartOf":{"@id":"https:\/\/partsandpieces.nl\/#website"},"primaryImageOfPage":{"@id":"https:\/\/partsandpieces.nl\/product\/deursnapper-brons-20x27mm\/#primaryimage"},"image":{"@id":"https:\/\/partsandpieces.nl\/product\/deursnapper-brons-20x27mm\/#primaryimage"},"thumbnailUrl":"https:\/\/partsandpieces.nl\/wp-content\/uploads\/2020\/08\/Deursnapper-Brons-20x27mm.jpg","datePublished":"2020-08-10T10:27:43+00:00","dateModified":"2026-03-14T12:55:19+00:00","description":"T\u00fcrschnapper Bronze 20x27mm ist ein Schloss, mit dem Sie Ihre M\u00f6belt\u00fcr schlie\u00dfen und \u00f6ffnen k\u00f6nnen, ohne einen Schl\u00fcssel verwenden oder eine Drehbewegung ausf\u00fchren zu m\u00fcssen.","breadcrumb":{"@id":"https:\/\/partsandpieces.nl\/product\/deursnapper-brons-20x27mm\/#breadcrumb"},"inLanguage":"de","potentialAction":[{"@type":"ReadAction","target":["https:\/\/partsandpieces.nl\/product\/deursnapper-brons-20x27mm\/"]}]},{"@type":"ImageObject","inLanguage":"de","@id":"https:\/\/partsandpieces.nl\/product\/deursnapper-brons-20x27mm\/#primaryimage","url":"https:\/\/partsandpieces.nl\/wp-content\/uploads\/2020\/08\/Deursnapper-Brons-20x27mm.jpg","contentUrl":"https:\/\/partsandpieces.nl\/wp-content\/uploads\/2020\/08\/Deursnapper-Brons-20x27mm.jpg","width":371,"height":371,"caption":"Deursnapper Brons 20x27mm"},{"@type":"BreadcrumbList","@id":"https:\/\/partsandpieces.nl\/product\/deursnapper-brons-20x27mm\/#breadcrumb","itemListElement":[{"@type":"ListItem","position":1,"name":"Home","item":"https:\/\/partsandpieces.nl\/home\/"},{"@type":"ListItem","position":2,"name":"Winkel","item":"https:\/\/partsandpieces.nl\/winkel\/"},{"@type":"ListItem","position":3,"name":"Deursnapper Brons 20x27mm"}]},{"@type":"WebSite","@id":"https:\/\/partsandpieces.nl\/#website","url":"https:\/\/partsandpieces.nl\/","name":"Teile &amp; St\u00fccke","description":"Alles f\u00fcr Ihre M\u00f6belrestaurierung und -pflege!","potentialAction":[{"@type":"SearchAction","target":{"@type":"EntryPoint","urlTemplate":"https:\/\/partsandpieces.nl\/?s={search_term_string}"},"query-input":{"@type":"PropertyValueSpecification","valueRequired":true,"valueName":"search_term_string"}}],"inLanguage":"de"}]}},"_links":{"self":[{"href":"https:\/\/partsandpieces.nl\/de\/wp-json\/wp\/v2\/product\/1568","targetHints":{"allow":["GET"]}}],"collection":[{"href":"https:\/\/partsandpieces.nl\/de\/wp-json\/wp\/v2\/product"}],"about":[{"href":"https:\/\/partsandpieces.nl\/de\/wp-json\/wp\/v2\/types\/product"}],"wp:featuredmedia":[{"embeddable":true,"href":"https:\/\/partsandpieces.nl\/de\/wp-json\/wp\/v2\/media\/7449"}],"wp:attachment":[{"href":"https:\/\/partsandpieces.nl\/de\/wp-json\/wp\/v2\/media?parent=1568"}],"wp:term":[{"taxonomy":"product_brand","embeddable":true,"href":"https:\/\/partsandpieces.nl\/de\/wp-json\/wp\/v2\/product_brand?post=1568"},{"taxonomy":"product_cat","embeddable":true,"href":"https:\/\/partsandpieces.nl\/de\/wp-json\/wp\/v2\/product_cat?post=1568"},{"taxonomy":"product_tag","embeddable":true,"href":"https:\/\/partsandpieces.nl\/de\/wp-json\/wp\/v2\/product_tag?post=1568"}],"curies":[{"name":"wp","href":"https:\/\/api.w.org\/{rel}","templated":true}]}}