{"id":157,"date":"2020-05-25T15:32:11","date_gmt":"2020-05-25T13:32:11","guid":{"rendered":"https:\/\/partsandpieces.bonsaidev.nl\/?product=harde-stopwas-mahonie-donker-30gr-33"},"modified":"2026-03-03T15:31:06","modified_gmt":"2026-03-03T14:31:06","slug":"bormawachs-hartstoppwachs-fur-holz-dunkles-mahagoni-farbe-33","status":"publish","type":"product","link":"https:\/\/partsandpieces.nl\/de\/product\/borma-wachs-harde-stopwas-voor-hout-donker-mahonie-kleur-33\/","title":{"rendered":"Borma Wachs Hartwachs f\u00fcr Holz Dunkles Mahagoni (Farbe 33)"},"content":{"rendered":"<p><strong>Hartes Stoppwachs f\u00fcr Holz, dunkles Mahagoni<\/strong> von <a href=\"http:\/\/www.bormawachs.com\">Borma Wachs<\/a> sind Wachsstangen, die f\u00fcr den Einsatz in stark frequentierten Bereichen vorgesehen sind. Mit Schmelzger\u00e4t zu verarbeiten. Besonders geeignet f\u00fcr Fensterrahmen und M\u00f6bel sowie f\u00fcr Kunststoffoberfl\u00e4chen. Der Schmelzpunkt des Kerzenwachses liegt bei 95\u00b0C. Das Spachtelwachs hat eine sehr gute Haftung zum Untergrund, gute Plastizit\u00e4t und H\u00e4rte. Nach dem Auftragen \u00fcberstreichbar. Der Riegel wiegt 20 Gramm.<\/p>\n<p>Ich habe\u00a0<span style=\"text-decoration: underline;\"><a href=\"https:\/\/partsandpieces.nl\/de\/produktkategorie-2\/oberflachenbehandlung-2\/hartstopp-wachsstifte\/\">verschiedene Farben<\/a>\u00a0<\/span>auf Lager.<\/p>\n<p><strong>Anweisungen<\/strong><br \/>\n\u2013 Verwenden Sie ein scharfes Werkzeug, um Splitter oder besch\u00e4digtes Holz von der zu reparierenden Stelle zu entfernen<br \/>\n\u2013 F\u00fcllen Sie das Wachs mit dem Schmelzeisen in die besch\u00e4digte Stelle<br \/>\n\u2013 Warten Sie, bis das Wachs abgek\u00fchlt ist und verwenden Sie einen Spachtel oder feine Stahlwolle, um \u00fcbersch\u00fcssiges Material zu entfernen<br \/>\n\u2013 Um die beste Farbwirkung zu erzielen, k\u00f6nnen Sie die Stelle mit einem Retuschierstift retuschieren.<\/p>","protected":false},"excerpt":{"rendered":"<p>Harde Stopwas voor hout Donker Mahonie van Borma Wachs zijn wasstaven bedoeld om te gebruiken bij veel gebruikte plekken. Te verwerken met een smelter. Bijzonder geschikt voor zowel bijvoorbeeld raamkozijnen en meubels als voor kunststof oppervlakken. Het smeltpunt van de stopwas is 95\u00b0C. De stopwas heeft een zeer goede hechting aan de ondergrond, goede plasticiteit [&hellip;]<\/p>\n","protected":false},"featured_media":73,"template":"","meta":{"_acf_changed":false},"product_brand":[],"product_cat":[81,64],"product_tag":[],"class_list":{"0":"post-157","1":"product","2":"type-product","3":"status-publish","4":"has-post-thumbnail","6":"product_cat-harde-stopwas-staven","7":"product_cat-oppervlakte-behandeling-borma-wachs","9":"first","10":"instock","11":"taxable","12":"shipping-taxable","13":"purchasable","14":"product-type-simple"},"acf":[],"yoast_head":"<!-- This site is optimized with the Yoast SEO plugin v27.3 - https:\/\/yoast.com\/product\/yoast-seo-wordpress\/ -->\n<title>Harde stopwas Donker Mahonie van Borma Wachs<\/title>\n<meta name=\"description\" content=\"Harde Stopwas voor hout Donker Mahonie van Borma Wachs zijn wasstaven bedoeld om te gebruiken bij veel gebruikte plekken. Te verwerken met een smelter.\" \/>\n<meta name=\"robots\" content=\"index, follow, max-snippet:-1, max-image-preview:large, max-video-preview:-1\" \/>\n<link rel=\"canonical\" href=\"https:\/\/partsandpieces.nl\/de\/produkt\/bormawachs-hartstoppwachs-fur-holz-dunkles-mahagoni-farbe-33\/\" \/>\n<meta property=\"og:locale\" content=\"de_DE\" \/>\n<meta property=\"og:type\" content=\"article\" \/>\n<meta property=\"og:title\" content=\"Harde stopwas Donker Mahonie van Borma Wachs\" \/>\n<meta property=\"og:description\" content=\"Harde Stopwas voor hout Donker Mahonie van Borma Wachs zijn wasstaven bedoeld om te gebruiken bij veel gebruikte plekken. Te verwerken met een smelter.\" \/>\n<meta property=\"og:url\" content=\"https:\/\/partsandpieces.nl\/de\/produkt\/bormawachs-hartstoppwachs-fur-holz-dunkles-mahagoni-farbe-33\/\" \/>\n<meta property=\"og:site_name\" content=\"Parts &amp; Pieces\" \/>\n<meta property=\"article:modified_time\" content=\"2026-03-03T14:31:06+00:00\" \/>\n<meta property=\"og:image\" content=\"https:\/\/partsandpieces.nl\/wp-content\/uploads\/2022\/09\/203605633.jpg\" \/>\n\t<meta property=\"og:image:width\" content=\"800\" \/>\n\t<meta property=\"og:image:height\" content=\"533\" \/>\n\t<meta property=\"og:image:type\" content=\"image\/jpeg\" \/>\n<meta name=\"twitter:card\" content=\"summary_large_image\" \/>\n<meta name=\"twitter:label1\" content=\"Gesch\u00e4tzte Lesezeit\" \/>\n\t<meta name=\"twitter:data1\" content=\"1\u00a0Minute\" \/>\n<script type=\"application\/ld+json\" class=\"yoast-schema-graph\">{\"@context\":\"https:\\\/\\\/schema.org\",\"@graph\":[{\"@type\":\"WebPage\",\"@id\":\"https:\\\/\\\/partsandpieces.nl\\\/product\\\/borma-wachs-harde-stopwas-voor-hout-donker-mahonie-kleur-33\\\/\",\"url\":\"https:\\\/\\\/partsandpieces.nl\\\/product\\\/borma-wachs-harde-stopwas-voor-hout-donker-mahonie-kleur-33\\\/\",\"name\":\"Harde stopwas Donker Mahonie van Borma Wachs\",\"isPartOf\":{\"@id\":\"https:\\\/\\\/partsandpieces.nl\\\/#website\"},\"primaryImageOfPage\":{\"@id\":\"https:\\\/\\\/partsandpieces.nl\\\/product\\\/borma-wachs-harde-stopwas-voor-hout-donker-mahonie-kleur-33\\\/#primaryimage\"},\"image\":{\"@id\":\"https:\\\/\\\/partsandpieces.nl\\\/product\\\/borma-wachs-harde-stopwas-voor-hout-donker-mahonie-kleur-33\\\/#primaryimage\"},\"thumbnailUrl\":\"https:\\\/\\\/partsandpieces.nl\\\/wp-content\\\/uploads\\\/2022\\\/09\\\/203605633.jpg\",\"datePublished\":\"2020-05-25T13:32:11+00:00\",\"dateModified\":\"2026-03-03T14:31:06+00:00\",\"description\":\"Harde Stopwas voor hout Donker Mahonie van Borma Wachs zijn wasstaven bedoeld om te gebruiken bij veel gebruikte plekken. Te verwerken met een smelter.\",\"breadcrumb\":{\"@id\":\"https:\\\/\\\/partsandpieces.nl\\\/product\\\/borma-wachs-harde-stopwas-voor-hout-donker-mahonie-kleur-33\\\/#breadcrumb\"},\"inLanguage\":\"de\",\"potentialAction\":[{\"@type\":\"ReadAction\",\"target\":[\"https:\\\/\\\/partsandpieces.nl\\\/product\\\/borma-wachs-harde-stopwas-voor-hout-donker-mahonie-kleur-33\\\/\"]}]},{\"@type\":\"ImageObject\",\"inLanguage\":\"de\",\"@id\":\"https:\\\/\\\/partsandpieces.nl\\\/product\\\/borma-wachs-harde-stopwas-voor-hout-donker-mahonie-kleur-33\\\/#primaryimage\",\"url\":\"https:\\\/\\\/partsandpieces.nl\\\/wp-content\\\/uploads\\\/2022\\\/09\\\/203605633.jpg\",\"contentUrl\":\"https:\\\/\\\/partsandpieces.nl\\\/wp-content\\\/uploads\\\/2022\\\/09\\\/203605633.jpg\",\"width\":800,\"height\":533,\"caption\":\"Borma Wachs Harde Stopwas\"},{\"@type\":\"BreadcrumbList\",\"@id\":\"https:\\\/\\\/partsandpieces.nl\\\/product\\\/borma-wachs-harde-stopwas-voor-hout-donker-mahonie-kleur-33\\\/#breadcrumb\",\"itemListElement\":[{\"@type\":\"ListItem\",\"position\":1,\"name\":\"Home\",\"item\":\"https:\\\/\\\/partsandpieces.nl\\\/home\\\/\"},{\"@type\":\"ListItem\",\"position\":2,\"name\":\"Winkel\",\"item\":\"https:\\\/\\\/partsandpieces.nl\\\/winkel\\\/\"},{\"@type\":\"ListItem\",\"position\":3,\"name\":\"Borma Wachs Harde Stopwas voor hout Donker Mahonie (kleur 33)\"}]},{\"@type\":\"WebSite\",\"@id\":\"https:\\\/\\\/partsandpieces.nl\\\/#website\",\"url\":\"https:\\\/\\\/partsandpieces.nl\\\/\",\"name\":\"Parts &amp; Pieces\",\"description\":\"Alles voor uw meubelrestauratie en -onderhoud!\",\"potentialAction\":[{\"@type\":\"SearchAction\",\"target\":{\"@type\":\"EntryPoint\",\"urlTemplate\":\"https:\\\/\\\/partsandpieces.nl\\\/?s={search_term_string}\"},\"query-input\":{\"@type\":\"PropertyValueSpecification\",\"valueRequired\":true,\"valueName\":\"search_term_string\"}}],\"inLanguage\":\"de\"}]}<\/script>\n<!-- \/ Yoast SEO plugin. -->","yoast_head_json":{"title":"Hartes Kittwachs Dark Mahagoni von Borma Wachs","description":"Hard Stop Wax for Wood Dark Mahogany von Borma Wachs sind Wachsstifte f\u00fcr den Einsatz in h\u00e4ufig genutzten Bereichen. Zur Verarbeitung mit einem Schmelzger\u00e4t.","robots":{"index":"index","follow":"follow","max-snippet":"max-snippet:-1","max-image-preview":"max-image-preview:large","max-video-preview":"max-video-preview:-1"},"canonical":"https:\/\/partsandpieces.nl\/de\/produkt\/bormawachs-hartstoppwachs-fur-holz-dunkles-mahagoni-farbe-33\/","og_locale":"de_DE","og_type":"article","og_title":"Harde stopwas Donker Mahonie van Borma Wachs","og_description":"Harde Stopwas voor hout Donker Mahonie van Borma Wachs zijn wasstaven bedoeld om te gebruiken bij veel gebruikte plekken. Te verwerken met een smelter.","og_url":"https:\/\/partsandpieces.nl\/de\/produkt\/bormawachs-hartstoppwachs-fur-holz-dunkles-mahagoni-farbe-33\/","og_site_name":"Parts &amp; Pieces","article_modified_time":"2026-03-03T14:31:06+00:00","og_image":[{"width":800,"height":533,"url":"https:\/\/partsandpieces.nl\/wp-content\/uploads\/2022\/09\/203605633.jpg","type":"image\/jpeg"}],"twitter_card":"summary_large_image","twitter_misc":{"Gesch\u00e4tzte Lesezeit":"1\u00a0Minute"},"schema":{"@context":"https:\/\/schema.org","@graph":[{"@type":"WebPage","@id":"https:\/\/partsandpieces.nl\/product\/borma-wachs-harde-stopwas-voor-hout-donker-mahonie-kleur-33\/","url":"https:\/\/partsandpieces.nl\/product\/borma-wachs-harde-stopwas-voor-hout-donker-mahonie-kleur-33\/","name":"Hartes Kittwachs Dark Mahagoni von Borma Wachs","isPartOf":{"@id":"https:\/\/partsandpieces.nl\/#website"},"primaryImageOfPage":{"@id":"https:\/\/partsandpieces.nl\/product\/borma-wachs-harde-stopwas-voor-hout-donker-mahonie-kleur-33\/#primaryimage"},"image":{"@id":"https:\/\/partsandpieces.nl\/product\/borma-wachs-harde-stopwas-voor-hout-donker-mahonie-kleur-33\/#primaryimage"},"thumbnailUrl":"https:\/\/partsandpieces.nl\/wp-content\/uploads\/2022\/09\/203605633.jpg","datePublished":"2020-05-25T13:32:11+00:00","dateModified":"2026-03-03T14:31:06+00:00","description":"Hard Stop Wax for Wood Dark Mahogany von Borma Wachs sind Wachsstifte f\u00fcr den Einsatz in h\u00e4ufig genutzten Bereichen. Zur Verarbeitung mit einem Schmelzger\u00e4t.","breadcrumb":{"@id":"https:\/\/partsandpieces.nl\/product\/borma-wachs-harde-stopwas-voor-hout-donker-mahonie-kleur-33\/#breadcrumb"},"inLanguage":"de","potentialAction":[{"@type":"ReadAction","target":["https:\/\/partsandpieces.nl\/product\/borma-wachs-harde-stopwas-voor-hout-donker-mahonie-kleur-33\/"]}]},{"@type":"ImageObject","inLanguage":"de","@id":"https:\/\/partsandpieces.nl\/product\/borma-wachs-harde-stopwas-voor-hout-donker-mahonie-kleur-33\/#primaryimage","url":"https:\/\/partsandpieces.nl\/wp-content\/uploads\/2022\/09\/203605633.jpg","contentUrl":"https:\/\/partsandpieces.nl\/wp-content\/uploads\/2022\/09\/203605633.jpg","width":800,"height":533,"caption":"Borma Wachs Harde Stopwas"},{"@type":"BreadcrumbList","@id":"https:\/\/partsandpieces.nl\/product\/borma-wachs-harde-stopwas-voor-hout-donker-mahonie-kleur-33\/#breadcrumb","itemListElement":[{"@type":"ListItem","position":1,"name":"Home","item":"https:\/\/partsandpieces.nl\/home\/"},{"@type":"ListItem","position":2,"name":"Winkel","item":"https:\/\/partsandpieces.nl\/winkel\/"},{"@type":"ListItem","position":3,"name":"Borma Wachs Harde Stopwas voor hout Donker Mahonie (kleur 33)"}]},{"@type":"WebSite","@id":"https:\/\/partsandpieces.nl\/#website","url":"https:\/\/partsandpieces.nl\/","name":"Teile &amp; St\u00fccke","description":"Alles f\u00fcr Ihre M\u00f6belrestaurierung und -pflege!","potentialAction":[{"@type":"SearchAction","target":{"@type":"EntryPoint","urlTemplate":"https:\/\/partsandpieces.nl\/?s={search_term_string}"},"query-input":{"@type":"PropertyValueSpecification","valueRequired":true,"valueName":"search_term_string"}}],"inLanguage":"de"}]}},"_links":{"self":[{"href":"https:\/\/partsandpieces.nl\/de\/wp-json\/wp\/v2\/product\/157","targetHints":{"allow":["GET"]}}],"collection":[{"href":"https:\/\/partsandpieces.nl\/de\/wp-json\/wp\/v2\/product"}],"about":[{"href":"https:\/\/partsandpieces.nl\/de\/wp-json\/wp\/v2\/types\/product"}],"wp:featuredmedia":[{"embeddable":true,"href":"https:\/\/partsandpieces.nl\/de\/wp-json\/wp\/v2\/media\/73"}],"wp:attachment":[{"href":"https:\/\/partsandpieces.nl\/de\/wp-json\/wp\/v2\/media?parent=157"}],"wp:term":[{"taxonomy":"product_brand","embeddable":true,"href":"https:\/\/partsandpieces.nl\/de\/wp-json\/wp\/v2\/product_brand?post=157"},{"taxonomy":"product_cat","embeddable":true,"href":"https:\/\/partsandpieces.nl\/de\/wp-json\/wp\/v2\/product_cat?post=157"},{"taxonomy":"product_tag","embeddable":true,"href":"https:\/\/partsandpieces.nl\/de\/wp-json\/wp\/v2\/product_tag?post=157"}],"curies":[{"name":"wp","href":"https:\/\/api.w.org\/{rel}","templated":true}]}}