{"id":1572,"date":"2020-08-10T10:37:19","date_gmt":"2020-08-10T08:37:19","guid":{"rendered":"https:\/\/partsandpieces.bonsaidev.nl\/?product=opleg-slot-sleutel-afst-20-mm"},"modified":"2026-03-26T12:14:10","modified_gmt":"2026-03-26T11:14:10","slug":"deckelschloss-eisen-antik-patiniert-20mm-bis-80mm-links-und-rechts-drehbar","status":"publish","type":"product","link":"https:\/\/partsandpieces.nl\/de\/product\/opdekslot-ijzer-antiek-patina-20mm-t-m-80mm-links-en-rechts-draaiend\/","title":{"rendered":"Falzschloss Eisen antik patiniert 20mm bis 80mm links und rechts drehend"},"content":{"rendered":"<p><strong>Falzschloss Eisen antik patiniert 20mm bis 80mm links und rechts drehend<\/strong> ist ein Schloss f\u00fcr Ihre antiken oder klassischen M\u00f6bel oder T\u00fcren. Das Schloss ist aus Eisen und mit einer antiken Rostpatina versehen. Dieser gibt nicht ab! Ich habe dieses Rabattschloss auf Lager in den Gr\u00f6\u00dfen: <strong>20 mm, 25 mm, 30 mm, 35 mm, 40 mm, 45 mm, 50 mm, 60 mm, 70 mm und 80 mm.<\/strong>\u00a0Die Gr\u00f6\u00dfe ist der Abstand, gemessen von der Frontplatte bis zur Mitte der Position, an der der Schl\u00fcssel passt.<\/p>\n<p>Ich liefere dir dieses Schloss\u00a0<strong>ohne<\/strong>\u00a0passender Schl\u00fcssel und Befestigungsmaterial. Finden Sie Ihren passenden Schl\u00fcssel unter den\u00a0<a href=\"https:\/\/partsandpieces.nl\/de\/produktkategorie-2\/mobelbeschlage\/schlussel\/\">diverse Schl\u00fcssel<\/a> die ich auf Lager habe. Die Auswahl ist riesig! Bitte beachten: Die Tasten mit a <strong>Loch<\/strong>\u00a0und ein\u00a0<strong>kleiner Bart<\/strong>.<\/p>\n<p>Dieses antik patinierte Falzschloss aus Eisen kann sowohl f\u00fcr eine linke als auch f\u00fcr eine rechte T\u00fcr verwendet werden.<\/p>\n<p>Dieses hochwertige Falzschloss wird in Italien hergestellt.<\/p>\n<p><strong>Ma\u00dfe<br \/>\n<\/strong>Bei allen Falzschl\u00f6ssern ist die Stulph\u00f6he 48 mm hoch und 18 mm breit.<br \/>\n\u2013 Gr\u00f6\u00dfe 20 mm ist 37 mm tief<br \/>\n\u2013 Gr\u00f6\u00dfe 25 mm ist 42 mm tief<br \/>\n\u2013 Gr\u00f6\u00dfe 30 mm ist 47 mm tief<br \/>\n\u2013 Gr\u00f6\u00dfe 35 mm ist 52 mm tief<br \/>\n\u2013 Gr\u00f6\u00dfe 40 mm ist 57 mm tief<br \/>\n\u2013 Gr\u00f6\u00dfe 45 mm ist 62 mm tief<br \/>\n\u2013 Gr\u00f6\u00dfe 50 mm ist 67 mm tief<br \/>\n\u2013 Gr\u00f6\u00dfe 60 mm ist 77 mm tief<br \/>\n\u2013 Gr\u00f6\u00dfe 70 mm ist 87 mm tief<br \/>\n\u2013 Gr\u00f6\u00dfe 80 mm ist 97 mm tief<\/p>","protected":false},"excerpt":{"rendered":"<p>Opdekslot ijzer antiek patina 20mm t\/m 80mm links en rechts draaiend is een slot voor je antieke of klassieke meubel of deur. Het slot is gemaakt van ijzer en afgewerkt met een antieke roest patina. Deze geeft niet af! Ik heb dit opdekslot op voorraad in de maten: 20mm, 25mm, 30mm, 35mm, 40mm, 45mm, 50mm, [&hellip;]<\/p>\n","protected":false},"featured_media":4932,"template":"","meta":{"_acf_changed":false},"product_brand":[],"product_cat":[23,50],"product_tag":[],"class_list":{"0":"post-1572","1":"product","2":"type-product","3":"status-publish","4":"has-post-thumbnail","6":"product_cat-meubelbeslag","7":"product_cat-sloten","9":"first","10":"instock","11":"taxable","12":"shipping-taxable","13":"purchasable","14":"product-type-variable"},"acf":[],"yoast_head":"<!-- This site is optimized with the Yoast SEO plugin v27.3 - https:\/\/yoast.com\/product\/yoast-seo-wordpress\/ -->\n<title>Opdekslot ijzer antiek patina 20mm t\/m 80mm links en rechts<\/title>\n<meta name=\"description\" content=\"Opdekslot ijzer antiek patina links en rechts draaiend voor je antieke of klassieke meubel of deur. Gemaakt van ijzer met een antieke roest patina.\" \/>\n<meta name=\"robots\" content=\"index, follow, max-snippet:-1, max-image-preview:large, max-video-preview:-1\" \/>\n<link rel=\"canonical\" href=\"https:\/\/partsandpieces.nl\/de\/produkt\/deckelschloss-eisen-antik-patiniert-20mm-bis-80mm-links-und-rechts-drehbar\/\" \/>\n<meta property=\"og:locale\" content=\"de_DE\" \/>\n<meta property=\"og:type\" content=\"article\" \/>\n<meta property=\"og:title\" content=\"Opdekslot ijzer antiek patina 20mm t\/m 80mm links en rechts\" \/>\n<meta property=\"og:description\" content=\"Opdekslot ijzer antiek patina links en rechts draaiend voor je antieke of klassieke meubel of deur. Gemaakt van ijzer met een antieke roest patina.\" \/>\n<meta property=\"og:url\" content=\"https:\/\/partsandpieces.nl\/de\/produkt\/deckelschloss-eisen-antik-patiniert-20mm-bis-80mm-links-und-rechts-drehbar\/\" \/>\n<meta property=\"og:site_name\" content=\"Parts &amp; Pieces\" \/>\n<meta property=\"article:modified_time\" content=\"2026-03-26T11:14:10+00:00\" \/>\n<meta property=\"og:image\" content=\"https:\/\/partsandpieces.nl\/wp-content\/uploads\/2020\/08\/Opdekslot-ijzer-antiek-patina-links-en-rechts-draaiend.jpg\" \/>\n\t<meta property=\"og:image:width\" content=\"480\" \/>\n\t<meta property=\"og:image:height\" content=\"640\" \/>\n\t<meta property=\"og:image:type\" content=\"image\/jpeg\" \/>\n<meta name=\"twitter:card\" content=\"summary_large_image\" \/>\n<meta name=\"twitter:label1\" content=\"Gesch\u00e4tzte Lesezeit\" \/>\n\t<meta name=\"twitter:data1\" content=\"2\u00a0Minuten\" \/>\n<script type=\"application\/ld+json\" class=\"yoast-schema-graph\">{\"@context\":\"https:\\\/\\\/schema.org\",\"@graph\":[{\"@type\":\"WebPage\",\"@id\":\"https:\\\/\\\/partsandpieces.nl\\\/product\\\/opdekslot-ijzer-antiek-patina-20mm-t-m-80mm-links-en-rechts-draaiend\\\/\",\"url\":\"https:\\\/\\\/partsandpieces.nl\\\/product\\\/opdekslot-ijzer-antiek-patina-20mm-t-m-80mm-links-en-rechts-draaiend\\\/\",\"name\":\"Opdekslot ijzer antiek patina 20mm t\\\/m 80mm links en rechts\",\"isPartOf\":{\"@id\":\"https:\\\/\\\/partsandpieces.nl\\\/#website\"},\"primaryImageOfPage\":{\"@id\":\"https:\\\/\\\/partsandpieces.nl\\\/product\\\/opdekslot-ijzer-antiek-patina-20mm-t-m-80mm-links-en-rechts-draaiend\\\/#primaryimage\"},\"image\":{\"@id\":\"https:\\\/\\\/partsandpieces.nl\\\/product\\\/opdekslot-ijzer-antiek-patina-20mm-t-m-80mm-links-en-rechts-draaiend\\\/#primaryimage\"},\"thumbnailUrl\":\"https:\\\/\\\/partsandpieces.nl\\\/wp-content\\\/uploads\\\/2020\\\/08\\\/Opdekslot-ijzer-antiek-patina-links-en-rechts-draaiend.jpg\",\"datePublished\":\"2020-08-10T08:37:19+00:00\",\"dateModified\":\"2026-03-26T11:14:10+00:00\",\"description\":\"Opdekslot ijzer antiek patina links en rechts draaiend voor je antieke of klassieke meubel of deur. Gemaakt van ijzer met een antieke roest patina.\",\"breadcrumb\":{\"@id\":\"https:\\\/\\\/partsandpieces.nl\\\/product\\\/opdekslot-ijzer-antiek-patina-20mm-t-m-80mm-links-en-rechts-draaiend\\\/#breadcrumb\"},\"inLanguage\":\"de\",\"potentialAction\":[{\"@type\":\"ReadAction\",\"target\":[\"https:\\\/\\\/partsandpieces.nl\\\/product\\\/opdekslot-ijzer-antiek-patina-20mm-t-m-80mm-links-en-rechts-draaiend\\\/\"]}]},{\"@type\":\"ImageObject\",\"inLanguage\":\"de\",\"@id\":\"https:\\\/\\\/partsandpieces.nl\\\/product\\\/opdekslot-ijzer-antiek-patina-20mm-t-m-80mm-links-en-rechts-draaiend\\\/#primaryimage\",\"url\":\"https:\\\/\\\/partsandpieces.nl\\\/wp-content\\\/uploads\\\/2020\\\/08\\\/Opdekslot-ijzer-antiek-patina-links-en-rechts-draaiend.jpg\",\"contentUrl\":\"https:\\\/\\\/partsandpieces.nl\\\/wp-content\\\/uploads\\\/2020\\\/08\\\/Opdekslot-ijzer-antiek-patina-links-en-rechts-draaiend.jpg\",\"width\":480,\"height\":640,\"caption\":\"Opdekslot ijzer antiek patina links en rechts draaiend\"},{\"@type\":\"BreadcrumbList\",\"@id\":\"https:\\\/\\\/partsandpieces.nl\\\/product\\\/opdekslot-ijzer-antiek-patina-20mm-t-m-80mm-links-en-rechts-draaiend\\\/#breadcrumb\",\"itemListElement\":[{\"@type\":\"ListItem\",\"position\":1,\"name\":\"Home\",\"item\":\"https:\\\/\\\/partsandpieces.nl\\\/home\\\/\"},{\"@type\":\"ListItem\",\"position\":2,\"name\":\"Winkel\",\"item\":\"https:\\\/\\\/partsandpieces.nl\\\/winkel\\\/\"},{\"@type\":\"ListItem\",\"position\":3,\"name\":\"Opdekslot ijzer antiek patina 20mm t\\\/m 80mm links en rechts draaiend\"}]},{\"@type\":\"WebSite\",\"@id\":\"https:\\\/\\\/partsandpieces.nl\\\/#website\",\"url\":\"https:\\\/\\\/partsandpieces.nl\\\/\",\"name\":\"Parts &amp; Pieces\",\"description\":\"Alles voor uw meubelrestauratie en -onderhoud!\",\"potentialAction\":[{\"@type\":\"SearchAction\",\"target\":{\"@type\":\"EntryPoint\",\"urlTemplate\":\"https:\\\/\\\/partsandpieces.nl\\\/?s={search_term_string}\"},\"query-input\":{\"@type\":\"PropertyValueSpecification\",\"valueRequired\":true,\"valueName\":\"search_term_string\"}}],\"inLanguage\":\"de\"}]}<\/script>\n<!-- \/ Yoast SEO plugin. -->","yoast_head_json":{"title":"Falzschloss Eisen antik patiniert 20mm bis 80mm links und rechts","description":"Links und rechts drehbares Falzschloss Eisen antik patiniert f\u00fcr Ihre antiken oder klassischen M\u00f6bel oder T\u00fcren. Aus Eisen mit antiker Rostpatina.","robots":{"index":"index","follow":"follow","max-snippet":"max-snippet:-1","max-image-preview":"max-image-preview:large","max-video-preview":"max-video-preview:-1"},"canonical":"https:\/\/partsandpieces.nl\/de\/produkt\/deckelschloss-eisen-antik-patiniert-20mm-bis-80mm-links-und-rechts-drehbar\/","og_locale":"de_DE","og_type":"article","og_title":"Opdekslot ijzer antiek patina 20mm t\/m 80mm links en rechts","og_description":"Opdekslot ijzer antiek patina links en rechts draaiend voor je antieke of klassieke meubel of deur. Gemaakt van ijzer met een antieke roest patina.","og_url":"https:\/\/partsandpieces.nl\/de\/produkt\/deckelschloss-eisen-antik-patiniert-20mm-bis-80mm-links-und-rechts-drehbar\/","og_site_name":"Parts &amp; Pieces","article_modified_time":"2026-03-26T11:14:10+00:00","og_image":[{"width":480,"height":640,"url":"https:\/\/partsandpieces.nl\/wp-content\/uploads\/2020\/08\/Opdekslot-ijzer-antiek-patina-links-en-rechts-draaiend.jpg","type":"image\/jpeg"}],"twitter_card":"summary_large_image","twitter_misc":{"Gesch\u00e4tzte Lesezeit":"2\u00a0Minuten"},"schema":{"@context":"https:\/\/schema.org","@graph":[{"@type":"WebPage","@id":"https:\/\/partsandpieces.nl\/product\/opdekslot-ijzer-antiek-patina-20mm-t-m-80mm-links-en-rechts-draaiend\/","url":"https:\/\/partsandpieces.nl\/product\/opdekslot-ijzer-antiek-patina-20mm-t-m-80mm-links-en-rechts-draaiend\/","name":"Falzschloss Eisen antik patiniert 20mm bis 80mm links und rechts","isPartOf":{"@id":"https:\/\/partsandpieces.nl\/#website"},"primaryImageOfPage":{"@id":"https:\/\/partsandpieces.nl\/product\/opdekslot-ijzer-antiek-patina-20mm-t-m-80mm-links-en-rechts-draaiend\/#primaryimage"},"image":{"@id":"https:\/\/partsandpieces.nl\/product\/opdekslot-ijzer-antiek-patina-20mm-t-m-80mm-links-en-rechts-draaiend\/#primaryimage"},"thumbnailUrl":"https:\/\/partsandpieces.nl\/wp-content\/uploads\/2020\/08\/Opdekslot-ijzer-antiek-patina-links-en-rechts-draaiend.jpg","datePublished":"2020-08-10T08:37:19+00:00","dateModified":"2026-03-26T11:14:10+00:00","description":"Links und rechts drehbares Falzschloss Eisen antik patiniert f\u00fcr Ihre antiken oder klassischen M\u00f6bel oder T\u00fcren. Aus Eisen mit antiker Rostpatina.","breadcrumb":{"@id":"https:\/\/partsandpieces.nl\/product\/opdekslot-ijzer-antiek-patina-20mm-t-m-80mm-links-en-rechts-draaiend\/#breadcrumb"},"inLanguage":"de","potentialAction":[{"@type":"ReadAction","target":["https:\/\/partsandpieces.nl\/product\/opdekslot-ijzer-antiek-patina-20mm-t-m-80mm-links-en-rechts-draaiend\/"]}]},{"@type":"ImageObject","inLanguage":"de","@id":"https:\/\/partsandpieces.nl\/product\/opdekslot-ijzer-antiek-patina-20mm-t-m-80mm-links-en-rechts-draaiend\/#primaryimage","url":"https:\/\/partsandpieces.nl\/wp-content\/uploads\/2020\/08\/Opdekslot-ijzer-antiek-patina-links-en-rechts-draaiend.jpg","contentUrl":"https:\/\/partsandpieces.nl\/wp-content\/uploads\/2020\/08\/Opdekslot-ijzer-antiek-patina-links-en-rechts-draaiend.jpg","width":480,"height":640,"caption":"Opdekslot ijzer antiek patina links en rechts draaiend"},{"@type":"BreadcrumbList","@id":"https:\/\/partsandpieces.nl\/product\/opdekslot-ijzer-antiek-patina-20mm-t-m-80mm-links-en-rechts-draaiend\/#breadcrumb","itemListElement":[{"@type":"ListItem","position":1,"name":"Home","item":"https:\/\/partsandpieces.nl\/home\/"},{"@type":"ListItem","position":2,"name":"Winkel","item":"https:\/\/partsandpieces.nl\/winkel\/"},{"@type":"ListItem","position":3,"name":"Opdekslot ijzer antiek patina 20mm t\/m 80mm links en rechts draaiend"}]},{"@type":"WebSite","@id":"https:\/\/partsandpieces.nl\/#website","url":"https:\/\/partsandpieces.nl\/","name":"Teile &amp; St\u00fccke","description":"Alles f\u00fcr Ihre M\u00f6belrestaurierung und -pflege!","potentialAction":[{"@type":"SearchAction","target":{"@type":"EntryPoint","urlTemplate":"https:\/\/partsandpieces.nl\/?s={search_term_string}"},"query-input":{"@type":"PropertyValueSpecification","valueRequired":true,"valueName":"search_term_string"}}],"inLanguage":"de"}]}},"_links":{"self":[{"href":"https:\/\/partsandpieces.nl\/de\/wp-json\/wp\/v2\/product\/1572","targetHints":{"allow":["GET"]}}],"collection":[{"href":"https:\/\/partsandpieces.nl\/de\/wp-json\/wp\/v2\/product"}],"about":[{"href":"https:\/\/partsandpieces.nl\/de\/wp-json\/wp\/v2\/types\/product"}],"wp:featuredmedia":[{"embeddable":true,"href":"https:\/\/partsandpieces.nl\/de\/wp-json\/wp\/v2\/media\/4932"}],"wp:attachment":[{"href":"https:\/\/partsandpieces.nl\/de\/wp-json\/wp\/v2\/media?parent=1572"}],"wp:term":[{"taxonomy":"product_brand","embeddable":true,"href":"https:\/\/partsandpieces.nl\/de\/wp-json\/wp\/v2\/product_brand?post=1572"},{"taxonomy":"product_cat","embeddable":true,"href":"https:\/\/partsandpieces.nl\/de\/wp-json\/wp\/v2\/product_cat?post=1572"},{"taxonomy":"product_tag","embeddable":true,"href":"https:\/\/partsandpieces.nl\/de\/wp-json\/wp\/v2\/product_tag?post=1572"}],"curies":[{"name":"wp","href":"https:\/\/api.w.org\/{rel}","templated":true}]}}