{"id":1592,"date":"2020-08-11T07:02:18","date_gmt":"2020-08-11T07:02:18","guid":{"rendered":"https:\/\/partsandpieces.bonsaidev.nl\/?product=insteek-slot-20-mm-links"},"modified":"2026-02-27T09:04:09","modified_gmt":"2026-02-27T08:04:09","slug":"mobel-einsteckschloss-20mm-bis-45mm-linksdrehend","status":"publish","type":"product","link":"https:\/\/partsandpieces.nl\/de\/product\/meubel-insteekslot-20mm-t-m-45mm-links-draaiend\/","title":{"rendered":"M\u00f6bel-Einsteckschloss 20mm bis 45mm linksdrehend"},"content":{"rendered":"<p><strong>M\u00f6bel-Einsteckschloss nach links drehend<\/strong> ist ein Schloss f\u00fcr Ihre antiken oder klassischen M\u00f6bel mit einer rechteckigen messingfarbenen Frontplatte. Ich habe dieses Einsteckschloss f\u00fcr Linksh\u00e4nder auf Lager in den Gr\u00f6\u00dfen: <strong>20 mm, 25 mm, 30 mm, 35 mm, 40 mm und 45 mm.<\/strong>\u00a0Die Gr\u00f6\u00dfe ist der Abstand, gemessen von der Frontplatte bis zur Mitte der Position, an der der Schl\u00fcssel passt.<\/p>\n<p>Ich liefere dir dieses Schloss\u00a0<strong>ohne<\/strong>\u00a0passender Schl\u00fcssel und Befestigungsmaterial. Finden Sie Ihren passenden Schl\u00fcssel unter den\u00a0<a href=\"https:\/\/partsandpieces.nl\/de\/produktkategorie-2\/mobelbeschlage\/schlussel\/\">diverse Schl\u00fcssel<\/a>\u00a0die ich auf Lager habe. Die Auswahl ist riesig! Bitte beachten: Die Tasten mit a\u00a0<strong>Loch<\/strong>\u00a0und ein\u00a0<strong>kleiner Bart<\/strong>.<\/p>\n<p>Dieses M\u00f6bel-Einsteckschloss links angeschlagen ist f\u00fcr links angeschlagene M\u00f6belt\u00fcren vorgesehen. Ich habe auch Einsteckschl\u00f6sser auf Lager <a href=\"https:\/\/partsandpieces.nl\/de\/produkt\/mobel-einsteckschloss-15mm-bis-80mm-rechtsdrehend\/\"><span style=\"text-decoration: underline;\">f\u00fcr rechts angeschlagene M\u00f6belt\u00fcren<\/span><\/a>.<\/p>\n<p>Dieses hochwertige Einsteckschloss wird in Italien hergestellt.<\/p>\n<p><strong>Ma\u00dfe<br \/>\n<\/strong>Bei allen Einsteckschl\u00f6ssern ist die Frontplatte 100 mm hoch und 18 mm breit. Der Schl\u00fcsselschrank ist 10 mm breit und 36 mm hoch.<br \/>\n\u2013 Gr\u00f6\u00dfe 20 mm ist 37 mm tief<br \/>\n\u2013 Gr\u00f6\u00dfe 25 mm ist 42 mm tief<br \/>\n\u2013 Gr\u00f6\u00dfe 30 mm ist 47 mm tief<br \/>\n\u2013 Gr\u00f6\u00dfe 35 mm ist 52 mm tief<br \/>\n\u2013 Gr\u00f6\u00dfe 40 mm ist 57 mm tief<br \/>\n\u2013 Gr\u00f6\u00dfe 45 mm ist 62 mm tief<\/p>","protected":false},"excerpt":{"rendered":"<p>Meubel insteekslot links draaiend is een slot voor je antieke of klassieke meubel met een rechthoekige messing kleurige voorplaat. Ik heb dit insteekslot links draaiend op voorraad in de maten: 20mm, 25mm, 30mm, 35mm, 40mm en 45mm.\u00a0Hierbij is de maat de afstand gemeten van voorplaat tot het hart van de positie waar de sleutel past. [&hellip;]<\/p>\n","protected":false},"featured_media":4888,"template":"","meta":{"_acf_changed":false},"product_brand":[],"product_cat":[23,50],"product_tag":[],"class_list":{"0":"post-1592","1":"product","2":"type-product","3":"status-publish","4":"has-post-thumbnail","6":"product_cat-meubelbeslag","7":"product_cat-sloten","9":"first","10":"instock","11":"taxable","12":"shipping-taxable","13":"purchasable","14":"product-type-variable"},"acf":[],"yoast_head":"<!-- This site is optimized with the Yoast SEO plugin v27.3 - https:\/\/yoast.com\/product\/yoast-seo-wordpress\/ -->\n<title>Meubel insteekslot links draaiend 20mm t\/m 45mm<\/title>\n<meta name=\"description\" content=\"Meubel insteekslot links draaiend heeft een rechthoekige messing kleurige voorplaat. Op voorraad in de maten: 20mm, 25mm, 30mm, 35mm, 40mm en 45mm.\" \/>\n<meta name=\"robots\" content=\"index, follow, max-snippet:-1, max-image-preview:large, max-video-preview:-1\" \/>\n<link rel=\"canonical\" href=\"https:\/\/partsandpieces.nl\/de\/produkt\/mobel-einsteckschloss-20mm-bis-45mm-linksdrehend\/\" \/>\n<meta property=\"og:locale\" content=\"de_DE\" \/>\n<meta property=\"og:type\" content=\"article\" \/>\n<meta property=\"og:title\" content=\"Meubel insteekslot links draaiend 20mm t\/m 45mm\" \/>\n<meta property=\"og:description\" content=\"Meubel insteekslot links draaiend heeft een rechthoekige messing kleurige voorplaat. Op voorraad in de maten: 20mm, 25mm, 30mm, 35mm, 40mm en 45mm.\" \/>\n<meta property=\"og:url\" content=\"https:\/\/partsandpieces.nl\/de\/produkt\/mobel-einsteckschloss-20mm-bis-45mm-linksdrehend\/\" \/>\n<meta property=\"og:site_name\" content=\"Parts &amp; Pieces\" \/>\n<meta property=\"article:modified_time\" content=\"2026-02-27T08:04:09+00:00\" \/>\n<meta property=\"og:image\" content=\"https:\/\/partsandpieces.nl\/wp-content\/uploads\/2020\/08\/Meubel-insteekslot-links-draaiend.jpg\" \/>\n\t<meta property=\"og:image:width\" content=\"480\" \/>\n\t<meta property=\"og:image:height\" content=\"640\" \/>\n\t<meta property=\"og:image:type\" content=\"image\/jpeg\" \/>\n<meta name=\"twitter:card\" content=\"summary_large_image\" \/>\n<meta name=\"twitter:label1\" content=\"Gesch\u00e4tzte Lesezeit\" \/>\n\t<meta name=\"twitter:data1\" content=\"1\u00a0Minute\" \/>\n<script type=\"application\/ld+json\" class=\"yoast-schema-graph\">{\"@context\":\"https:\\\/\\\/schema.org\",\"@graph\":[{\"@type\":\"WebPage\",\"@id\":\"https:\\\/\\\/partsandpieces.nl\\\/product\\\/meubel-insteekslot-20mm-t-m-45mm-links-draaiend\\\/\",\"url\":\"https:\\\/\\\/partsandpieces.nl\\\/product\\\/meubel-insteekslot-20mm-t-m-45mm-links-draaiend\\\/\",\"name\":\"Meubel insteekslot links draaiend 20mm t\\\/m 45mm\",\"isPartOf\":{\"@id\":\"https:\\\/\\\/partsandpieces.nl\\\/#website\"},\"primaryImageOfPage\":{\"@id\":\"https:\\\/\\\/partsandpieces.nl\\\/product\\\/meubel-insteekslot-20mm-t-m-45mm-links-draaiend\\\/#primaryimage\"},\"image\":{\"@id\":\"https:\\\/\\\/partsandpieces.nl\\\/product\\\/meubel-insteekslot-20mm-t-m-45mm-links-draaiend\\\/#primaryimage\"},\"thumbnailUrl\":\"https:\\\/\\\/partsandpieces.nl\\\/wp-content\\\/uploads\\\/2020\\\/08\\\/Meubel-insteekslot-links-draaiend.jpg\",\"datePublished\":\"2020-08-11T07:02:18+00:00\",\"dateModified\":\"2026-02-27T08:04:09+00:00\",\"description\":\"Meubel insteekslot links draaiend heeft een rechthoekige messing kleurige voorplaat. Op voorraad in de maten: 20mm, 25mm, 30mm, 35mm, 40mm en 45mm.\",\"breadcrumb\":{\"@id\":\"https:\\\/\\\/partsandpieces.nl\\\/product\\\/meubel-insteekslot-20mm-t-m-45mm-links-draaiend\\\/#breadcrumb\"},\"inLanguage\":\"de\",\"potentialAction\":[{\"@type\":\"ReadAction\",\"target\":[\"https:\\\/\\\/partsandpieces.nl\\\/product\\\/meubel-insteekslot-20mm-t-m-45mm-links-draaiend\\\/\"]}]},{\"@type\":\"ImageObject\",\"inLanguage\":\"de\",\"@id\":\"https:\\\/\\\/partsandpieces.nl\\\/product\\\/meubel-insteekslot-20mm-t-m-45mm-links-draaiend\\\/#primaryimage\",\"url\":\"https:\\\/\\\/partsandpieces.nl\\\/wp-content\\\/uploads\\\/2020\\\/08\\\/Meubel-insteekslot-links-draaiend.jpg\",\"contentUrl\":\"https:\\\/\\\/partsandpieces.nl\\\/wp-content\\\/uploads\\\/2020\\\/08\\\/Meubel-insteekslot-links-draaiend.jpg\",\"width\":480,\"height\":640,\"caption\":\"Meubel insteekslot links draaiend\"},{\"@type\":\"BreadcrumbList\",\"@id\":\"https:\\\/\\\/partsandpieces.nl\\\/product\\\/meubel-insteekslot-20mm-t-m-45mm-links-draaiend\\\/#breadcrumb\",\"itemListElement\":[{\"@type\":\"ListItem\",\"position\":1,\"name\":\"Home\",\"item\":\"https:\\\/\\\/partsandpieces.nl\\\/home\\\/\"},{\"@type\":\"ListItem\",\"position\":2,\"name\":\"Winkel\",\"item\":\"https:\\\/\\\/partsandpieces.nl\\\/winkel\\\/\"},{\"@type\":\"ListItem\",\"position\":3,\"name\":\"Meubel insteekslot 20mm t\\\/m 45mm links draaiend\"}]},{\"@type\":\"WebSite\",\"@id\":\"https:\\\/\\\/partsandpieces.nl\\\/#website\",\"url\":\"https:\\\/\\\/partsandpieces.nl\\\/\",\"name\":\"Parts &amp; Pieces\",\"description\":\"Alles voor uw meubelrestauratie en -onderhoud!\",\"potentialAction\":[{\"@type\":\"SearchAction\",\"target\":{\"@type\":\"EntryPoint\",\"urlTemplate\":\"https:\\\/\\\/partsandpieces.nl\\\/?s={search_term_string}\"},\"query-input\":{\"@type\":\"PropertyValueSpecification\",\"valueRequired\":true,\"valueName\":\"search_term_string\"}}],\"inLanguage\":\"de\"}]}<\/script>\n<!-- \/ Yoast SEO plugin. -->","yoast_head_json":{"title":"M\u00f6bel-Einsteckschloss linksdrehend 20mm auf 45mm","description":"Das linksdrehende M\u00f6bel-Einsteckschloss hat eine rechteckige messingfarbene Frontplatte. Auf Lager in den Gr\u00f6\u00dfen: 20 mm, 25 mm, 30 mm, 35 mm, 40 mm und 45 mm.","robots":{"index":"index","follow":"follow","max-snippet":"max-snippet:-1","max-image-preview":"max-image-preview:large","max-video-preview":"max-video-preview:-1"},"canonical":"https:\/\/partsandpieces.nl\/de\/produkt\/mobel-einsteckschloss-20mm-bis-45mm-linksdrehend\/","og_locale":"de_DE","og_type":"article","og_title":"Meubel insteekslot links draaiend 20mm t\/m 45mm","og_description":"Meubel insteekslot links draaiend heeft een rechthoekige messing kleurige voorplaat. Op voorraad in de maten: 20mm, 25mm, 30mm, 35mm, 40mm en 45mm.","og_url":"https:\/\/partsandpieces.nl\/de\/produkt\/mobel-einsteckschloss-20mm-bis-45mm-linksdrehend\/","og_site_name":"Parts &amp; Pieces","article_modified_time":"2026-02-27T08:04:09+00:00","og_image":[{"width":480,"height":640,"url":"https:\/\/partsandpieces.nl\/wp-content\/uploads\/2020\/08\/Meubel-insteekslot-links-draaiend.jpg","type":"image\/jpeg"}],"twitter_card":"summary_large_image","twitter_misc":{"Gesch\u00e4tzte Lesezeit":"1\u00a0Minute"},"schema":{"@context":"https:\/\/schema.org","@graph":[{"@type":"WebPage","@id":"https:\/\/partsandpieces.nl\/product\/meubel-insteekslot-20mm-t-m-45mm-links-draaiend\/","url":"https:\/\/partsandpieces.nl\/product\/meubel-insteekslot-20mm-t-m-45mm-links-draaiend\/","name":"M\u00f6bel-Einsteckschloss linksdrehend 20mm auf 45mm","isPartOf":{"@id":"https:\/\/partsandpieces.nl\/#website"},"primaryImageOfPage":{"@id":"https:\/\/partsandpieces.nl\/product\/meubel-insteekslot-20mm-t-m-45mm-links-draaiend\/#primaryimage"},"image":{"@id":"https:\/\/partsandpieces.nl\/product\/meubel-insteekslot-20mm-t-m-45mm-links-draaiend\/#primaryimage"},"thumbnailUrl":"https:\/\/partsandpieces.nl\/wp-content\/uploads\/2020\/08\/Meubel-insteekslot-links-draaiend.jpg","datePublished":"2020-08-11T07:02:18+00:00","dateModified":"2026-02-27T08:04:09+00:00","description":"Das linksdrehende M\u00f6bel-Einsteckschloss hat eine rechteckige messingfarbene Frontplatte. Auf Lager in den Gr\u00f6\u00dfen: 20 mm, 25 mm, 30 mm, 35 mm, 40 mm und 45 mm.","breadcrumb":{"@id":"https:\/\/partsandpieces.nl\/product\/meubel-insteekslot-20mm-t-m-45mm-links-draaiend\/#breadcrumb"},"inLanguage":"de","potentialAction":[{"@type":"ReadAction","target":["https:\/\/partsandpieces.nl\/product\/meubel-insteekslot-20mm-t-m-45mm-links-draaiend\/"]}]},{"@type":"ImageObject","inLanguage":"de","@id":"https:\/\/partsandpieces.nl\/product\/meubel-insteekslot-20mm-t-m-45mm-links-draaiend\/#primaryimage","url":"https:\/\/partsandpieces.nl\/wp-content\/uploads\/2020\/08\/Meubel-insteekslot-links-draaiend.jpg","contentUrl":"https:\/\/partsandpieces.nl\/wp-content\/uploads\/2020\/08\/Meubel-insteekslot-links-draaiend.jpg","width":480,"height":640,"caption":"Meubel insteekslot links draaiend"},{"@type":"BreadcrumbList","@id":"https:\/\/partsandpieces.nl\/product\/meubel-insteekslot-20mm-t-m-45mm-links-draaiend\/#breadcrumb","itemListElement":[{"@type":"ListItem","position":1,"name":"Home","item":"https:\/\/partsandpieces.nl\/home\/"},{"@type":"ListItem","position":2,"name":"Winkel","item":"https:\/\/partsandpieces.nl\/winkel\/"},{"@type":"ListItem","position":3,"name":"Meubel insteekslot 20mm t\/m 45mm links draaiend"}]},{"@type":"WebSite","@id":"https:\/\/partsandpieces.nl\/#website","url":"https:\/\/partsandpieces.nl\/","name":"Teile &amp; St\u00fccke","description":"Alles f\u00fcr Ihre M\u00f6belrestaurierung und -pflege!","potentialAction":[{"@type":"SearchAction","target":{"@type":"EntryPoint","urlTemplate":"https:\/\/partsandpieces.nl\/?s={search_term_string}"},"query-input":{"@type":"PropertyValueSpecification","valueRequired":true,"valueName":"search_term_string"}}],"inLanguage":"de"}]}},"_links":{"self":[{"href":"https:\/\/partsandpieces.nl\/de\/wp-json\/wp\/v2\/product\/1592","targetHints":{"allow":["GET"]}}],"collection":[{"href":"https:\/\/partsandpieces.nl\/de\/wp-json\/wp\/v2\/product"}],"about":[{"href":"https:\/\/partsandpieces.nl\/de\/wp-json\/wp\/v2\/types\/product"}],"wp:featuredmedia":[{"embeddable":true,"href":"https:\/\/partsandpieces.nl\/de\/wp-json\/wp\/v2\/media\/4888"}],"wp:attachment":[{"href":"https:\/\/partsandpieces.nl\/de\/wp-json\/wp\/v2\/media?parent=1592"}],"wp:term":[{"taxonomy":"product_brand","embeddable":true,"href":"https:\/\/partsandpieces.nl\/de\/wp-json\/wp\/v2\/product_brand?post=1592"},{"taxonomy":"product_cat","embeddable":true,"href":"https:\/\/partsandpieces.nl\/de\/wp-json\/wp\/v2\/product_cat?post=1592"},{"taxonomy":"product_tag","embeddable":true,"href":"https:\/\/partsandpieces.nl\/de\/wp-json\/wp\/v2\/product_tag?post=1592"}],"curies":[{"name":"wp","href":"https:\/\/api.w.org\/{rel}","templated":true}]}}