{"id":161,"date":"2020-05-25T15:51:45","date_gmt":"2020-05-25T15:51:45","guid":{"rendered":"https:\/\/partsandpieces.bonsaidev.nl\/?product=borma-wachs-was-voor-terracotta-en-stenen-vloeren-op-waterbasis-1-liter"},"modified":"2026-03-07T14:04:34","modified_gmt":"2026-03-07T13:04:34","slug":"borma-wachs-wachs-auf-wasserbasis-fur-terrakotta-und-steinboden","status":"publish","type":"product","link":"https:\/\/partsandpieces.nl\/de\/product\/borma-wachs-was-voor-terracotta-en-stenen-vloeren-op-waterbasis\/","title":{"rendered":"Borma Wachs Wachs auf Wasserbasis f\u00fcr Terrakotta- und Steinb\u00f6den"},"content":{"rendered":"<p><strong>Wachs auf Wasserbasis f\u00fcr Terrakotta- und Steinb\u00f6den<\/strong> von <a href=\"http:\/\/www.bormawachs.com\">Borma Wachs<\/a> ist ein absolut geruchloses Wachs auf Wasserbasis. Schlie\u00dft por\u00f6se B\u00f6den und macht sie wasserdicht. Sehr gut geeignet f\u00fcr Terrakotta- und Marmorb\u00f6den. Ein Polieren oder Schrubben nach dem Auftragen ist nicht erforderlich!<\/p>\n<p>Borma Wachs Wachs f\u00fcr Terrakotta- und Steinb\u00f6den ist ein Produkt von h\u00f6chster Qualit\u00e4t mit gro\u00dfer Deckkraft, das die Umwelt vollst\u00e4ndig respektiert. Die moderne selbstpolierende Formel hat einen hohen Anteil an Polymeren, die die Poren schlie\u00dfen und so die Oberfl\u00e4che wasserfest machen. Auch f\u00fcr alte \/ por\u00f6se Boden- und Wandfliesen sehr gut geeignet. Diese bekommen wieder einen sch\u00f6nen Glanz. Verhindert anschlie\u00dfend auch Schimmelanhaftungen.<\/p>\n<p><strong>Vorteile<\/strong><br \/>\n\u2013 geruchlos<br \/>\n- umweltfreundlich<br \/>\n\u2013 selbstpolierend<br \/>\n\u2013 macht den Boden wasserdicht<\/p>\n<p><b>Wie benutzt man<\/b><br \/>\n\u2013 Reinigen Sie die zu behandelnde Oberfl\u00e4che sorgf\u00e4ltig.<br \/>\n\u2013 Wenn die Oberfl\u00e4che trocken ist, verwenden Sie ein feuchtes Tuch, um das Wachs gleichm\u00e4\u00dfig zu verteilen.<br \/>\n\u2013 1-2 Stunden trocknen lassen.<br \/>\n\u2013 Selbstpolierend, erfordert also kein langwieriges mechanisches Polieren und ergibt sofort eine gl\u00e4nzende und gesch\u00fctzte Oberfl\u00e4che.<\/p>","protected":false},"excerpt":{"rendered":"<p>Was voor terracotta en stenen vloeren op waterbasis van Borma Wachs is een volledig reukloze was op waterbasis. Sluit poreuze vloeren en maakt deze waterdicht. Zeer geschikt voor terracotta en marmeren vloeren. Polijsten of boenen na opbrengen is niet nodig! Borma Wachs was voor terracotta en stenen vloeren is een product van de hoogste kwaliteit [&hellip;]<\/p>\n","protected":false},"featured_media":162,"template":"","meta":{"_acf_changed":false},"product_brand":[],"product_cat":[64,85],"product_tag":[],"class_list":{"0":"post-161","1":"product","2":"type-product","3":"status-publish","4":"has-post-thumbnail","6":"product_cat-oppervlakte-behandeling-borma-wachs","7":"product_cat-vloerwas-duurzame-bescherming","9":"first","10":"instock","11":"taxable","12":"shipping-taxable","13":"purchasable","14":"product-type-variable"},"acf":[],"yoast_head":"<!-- This site is optimized with the Yoast SEO plugin v27.3 - https:\/\/yoast.com\/product\/yoast-seo-wordpress\/ -->\n<title>Was voor terracotta vloeren van Borma Wachs<\/title>\n<meta name=\"description\" content=\"Was voor terracotta en stenen vloeren op waterbasis van Borma Wachs sluit poreuze vloeren en maakt deze waterdicht. Polijsten of boenen is niet nodig!\" \/>\n<meta name=\"robots\" content=\"index, follow, max-snippet:-1, max-image-preview:large, max-video-preview:-1\" \/>\n<link rel=\"canonical\" href=\"https:\/\/partsandpieces.nl\/de\/produkt\/borma-wachs-wachs-auf-wasserbasis-fur-terrakotta-und-steinboden\/\" \/>\n<meta property=\"og:locale\" content=\"de_DE\" \/>\n<meta property=\"og:type\" content=\"article\" \/>\n<meta property=\"og:title\" content=\"Was voor terracotta vloeren van Borma Wachs\" \/>\n<meta property=\"og:description\" content=\"Was voor terracotta en stenen vloeren op waterbasis van Borma Wachs sluit poreuze vloeren en maakt deze waterdicht. Polijsten of boenen is niet nodig!\" \/>\n<meta property=\"og:url\" content=\"https:\/\/partsandpieces.nl\/de\/produkt\/borma-wachs-wachs-auf-wasserbasis-fur-terrakotta-und-steinboden\/\" \/>\n<meta property=\"og:site_name\" content=\"Parts &amp; Pieces\" \/>\n<meta property=\"article:modified_time\" content=\"2026-03-07T13:04:34+00:00\" \/>\n<meta property=\"og:image\" content=\"https:\/\/partsandpieces.nl\/wp-content\/uploads\/2022\/09\/cero_cotto__stenen_vloerwas_1.jpg\" \/>\n\t<meta property=\"og:image:width\" content=\"600\" \/>\n\t<meta property=\"og:image:height\" content=\"600\" \/>\n\t<meta property=\"og:image:type\" content=\"image\/jpeg\" \/>\n<meta name=\"twitter:card\" content=\"summary_large_image\" \/>\n<meta name=\"twitter:label1\" content=\"Gesch\u00e4tzte Lesezeit\" \/>\n\t<meta name=\"twitter:data1\" content=\"1\u00a0Minute\" \/>\n<script type=\"application\/ld+json\" class=\"yoast-schema-graph\">{\"@context\":\"https:\\\/\\\/schema.org\",\"@graph\":[{\"@type\":\"WebPage\",\"@id\":\"https:\\\/\\\/partsandpieces.nl\\\/product\\\/borma-wachs-was-voor-terracotta-en-stenen-vloeren-op-waterbasis\\\/\",\"url\":\"https:\\\/\\\/partsandpieces.nl\\\/product\\\/borma-wachs-was-voor-terracotta-en-stenen-vloeren-op-waterbasis\\\/\",\"name\":\"Was voor terracotta vloeren van Borma Wachs\",\"isPartOf\":{\"@id\":\"https:\\\/\\\/partsandpieces.nl\\\/#website\"},\"primaryImageOfPage\":{\"@id\":\"https:\\\/\\\/partsandpieces.nl\\\/product\\\/borma-wachs-was-voor-terracotta-en-stenen-vloeren-op-waterbasis\\\/#primaryimage\"},\"image\":{\"@id\":\"https:\\\/\\\/partsandpieces.nl\\\/product\\\/borma-wachs-was-voor-terracotta-en-stenen-vloeren-op-waterbasis\\\/#primaryimage\"},\"thumbnailUrl\":\"https:\\\/\\\/partsandpieces.nl\\\/wp-content\\\/uploads\\\/2022\\\/09\\\/cero_cotto__stenen_vloerwas_1.jpg\",\"datePublished\":\"2020-05-25T15:51:45+00:00\",\"dateModified\":\"2026-03-07T13:04:34+00:00\",\"description\":\"Was voor terracotta en stenen vloeren op waterbasis van Borma Wachs sluit poreuze vloeren en maakt deze waterdicht. Polijsten of boenen is niet nodig!\",\"breadcrumb\":{\"@id\":\"https:\\\/\\\/partsandpieces.nl\\\/product\\\/borma-wachs-was-voor-terracotta-en-stenen-vloeren-op-waterbasis\\\/#breadcrumb\"},\"inLanguage\":\"de\",\"potentialAction\":[{\"@type\":\"ReadAction\",\"target\":[\"https:\\\/\\\/partsandpieces.nl\\\/product\\\/borma-wachs-was-voor-terracotta-en-stenen-vloeren-op-waterbasis\\\/\"]}]},{\"@type\":\"ImageObject\",\"inLanguage\":\"de\",\"@id\":\"https:\\\/\\\/partsandpieces.nl\\\/product\\\/borma-wachs-was-voor-terracotta-en-stenen-vloeren-op-waterbasis\\\/#primaryimage\",\"url\":\"https:\\\/\\\/partsandpieces.nl\\\/wp-content\\\/uploads\\\/2022\\\/09\\\/cero_cotto__stenen_vloerwas_1.jpg\",\"contentUrl\":\"https:\\\/\\\/partsandpieces.nl\\\/wp-content\\\/uploads\\\/2022\\\/09\\\/cero_cotto__stenen_vloerwas_1.jpg\",\"width\":600,\"height\":600},{\"@type\":\"BreadcrumbList\",\"@id\":\"https:\\\/\\\/partsandpieces.nl\\\/product\\\/borma-wachs-was-voor-terracotta-en-stenen-vloeren-op-waterbasis\\\/#breadcrumb\",\"itemListElement\":[{\"@type\":\"ListItem\",\"position\":1,\"name\":\"Home\",\"item\":\"https:\\\/\\\/partsandpieces.nl\\\/home\\\/\"},{\"@type\":\"ListItem\",\"position\":2,\"name\":\"Winkel\",\"item\":\"https:\\\/\\\/partsandpieces.nl\\\/winkel\\\/\"},{\"@type\":\"ListItem\",\"position\":3,\"name\":\"Borma Wachs Was voor terracotta en stenen vloeren op waterbasis\"}]},{\"@type\":\"WebSite\",\"@id\":\"https:\\\/\\\/partsandpieces.nl\\\/#website\",\"url\":\"https:\\\/\\\/partsandpieces.nl\\\/\",\"name\":\"Parts &amp; Pieces\",\"description\":\"Alles voor uw meubelrestauratie en -onderhoud!\",\"potentialAction\":[{\"@type\":\"SearchAction\",\"target\":{\"@type\":\"EntryPoint\",\"urlTemplate\":\"https:\\\/\\\/partsandpieces.nl\\\/?s={search_term_string}\"},\"query-input\":{\"@type\":\"PropertyValueSpecification\",\"valueRequired\":true,\"valueName\":\"search_term_string\"}}],\"inLanguage\":\"de\"}]}<\/script>\n<!-- \/ Yoast SEO plugin. -->","yoast_head_json":{"title":"Wachs f\u00fcr Terrakottab\u00f6den Borma Wachs","description":"Wasserbasiertes Wachs f\u00fcr Terrakotta- und Steinb\u00f6den von Borma Wachs schlie\u00dft por\u00f6se B\u00f6den und macht sie wasserdicht. Polieren oder Schrubben ist nicht notwendig!","robots":{"index":"index","follow":"follow","max-snippet":"max-snippet:-1","max-image-preview":"max-image-preview:large","max-video-preview":"max-video-preview:-1"},"canonical":"https:\/\/partsandpieces.nl\/de\/produkt\/borma-wachs-wachs-auf-wasserbasis-fur-terrakotta-und-steinboden\/","og_locale":"de_DE","og_type":"article","og_title":"Was voor terracotta vloeren van Borma Wachs","og_description":"Was voor terracotta en stenen vloeren op waterbasis van Borma Wachs sluit poreuze vloeren en maakt deze waterdicht. Polijsten of boenen is niet nodig!","og_url":"https:\/\/partsandpieces.nl\/de\/produkt\/borma-wachs-wachs-auf-wasserbasis-fur-terrakotta-und-steinboden\/","og_site_name":"Parts &amp; Pieces","article_modified_time":"2026-03-07T13:04:34+00:00","og_image":[{"width":600,"height":600,"url":"https:\/\/partsandpieces.nl\/wp-content\/uploads\/2022\/09\/cero_cotto__stenen_vloerwas_1.jpg","type":"image\/jpeg"}],"twitter_card":"summary_large_image","twitter_misc":{"Gesch\u00e4tzte Lesezeit":"1\u00a0Minute"},"schema":{"@context":"https:\/\/schema.org","@graph":[{"@type":"WebPage","@id":"https:\/\/partsandpieces.nl\/product\/borma-wachs-was-voor-terracotta-en-stenen-vloeren-op-waterbasis\/","url":"https:\/\/partsandpieces.nl\/product\/borma-wachs-was-voor-terracotta-en-stenen-vloeren-op-waterbasis\/","name":"Wachs f\u00fcr Terrakottab\u00f6den Borma Wachs","isPartOf":{"@id":"https:\/\/partsandpieces.nl\/#website"},"primaryImageOfPage":{"@id":"https:\/\/partsandpieces.nl\/product\/borma-wachs-was-voor-terracotta-en-stenen-vloeren-op-waterbasis\/#primaryimage"},"image":{"@id":"https:\/\/partsandpieces.nl\/product\/borma-wachs-was-voor-terracotta-en-stenen-vloeren-op-waterbasis\/#primaryimage"},"thumbnailUrl":"https:\/\/partsandpieces.nl\/wp-content\/uploads\/2022\/09\/cero_cotto__stenen_vloerwas_1.jpg","datePublished":"2020-05-25T15:51:45+00:00","dateModified":"2026-03-07T13:04:34+00:00","description":"Wasserbasiertes Wachs f\u00fcr Terrakotta- und Steinb\u00f6den von Borma Wachs schlie\u00dft por\u00f6se B\u00f6den und macht sie wasserdicht. Polieren oder Schrubben ist nicht notwendig!","breadcrumb":{"@id":"https:\/\/partsandpieces.nl\/product\/borma-wachs-was-voor-terracotta-en-stenen-vloeren-op-waterbasis\/#breadcrumb"},"inLanguage":"de","potentialAction":[{"@type":"ReadAction","target":["https:\/\/partsandpieces.nl\/product\/borma-wachs-was-voor-terracotta-en-stenen-vloeren-op-waterbasis\/"]}]},{"@type":"ImageObject","inLanguage":"de","@id":"https:\/\/partsandpieces.nl\/product\/borma-wachs-was-voor-terracotta-en-stenen-vloeren-op-waterbasis\/#primaryimage","url":"https:\/\/partsandpieces.nl\/wp-content\/uploads\/2022\/09\/cero_cotto__stenen_vloerwas_1.jpg","contentUrl":"https:\/\/partsandpieces.nl\/wp-content\/uploads\/2022\/09\/cero_cotto__stenen_vloerwas_1.jpg","width":600,"height":600},{"@type":"BreadcrumbList","@id":"https:\/\/partsandpieces.nl\/product\/borma-wachs-was-voor-terracotta-en-stenen-vloeren-op-waterbasis\/#breadcrumb","itemListElement":[{"@type":"ListItem","position":1,"name":"Home","item":"https:\/\/partsandpieces.nl\/home\/"},{"@type":"ListItem","position":2,"name":"Winkel","item":"https:\/\/partsandpieces.nl\/winkel\/"},{"@type":"ListItem","position":3,"name":"Borma Wachs Was voor terracotta en stenen vloeren op waterbasis"}]},{"@type":"WebSite","@id":"https:\/\/partsandpieces.nl\/#website","url":"https:\/\/partsandpieces.nl\/","name":"Teile &amp; St\u00fccke","description":"Alles f\u00fcr Ihre M\u00f6belrestaurierung und -pflege!","potentialAction":[{"@type":"SearchAction","target":{"@type":"EntryPoint","urlTemplate":"https:\/\/partsandpieces.nl\/?s={search_term_string}"},"query-input":{"@type":"PropertyValueSpecification","valueRequired":true,"valueName":"search_term_string"}}],"inLanguage":"de"}]}},"_links":{"self":[{"href":"https:\/\/partsandpieces.nl\/de\/wp-json\/wp\/v2\/product\/161","targetHints":{"allow":["GET"]}}],"collection":[{"href":"https:\/\/partsandpieces.nl\/de\/wp-json\/wp\/v2\/product"}],"about":[{"href":"https:\/\/partsandpieces.nl\/de\/wp-json\/wp\/v2\/types\/product"}],"wp:featuredmedia":[{"embeddable":true,"href":"https:\/\/partsandpieces.nl\/de\/wp-json\/wp\/v2\/media\/162"}],"wp:attachment":[{"href":"https:\/\/partsandpieces.nl\/de\/wp-json\/wp\/v2\/media?parent=161"}],"wp:term":[{"taxonomy":"product_brand","embeddable":true,"href":"https:\/\/partsandpieces.nl\/de\/wp-json\/wp\/v2\/product_brand?post=161"},{"taxonomy":"product_cat","embeddable":true,"href":"https:\/\/partsandpieces.nl\/de\/wp-json\/wp\/v2\/product_cat?post=161"},{"taxonomy":"product_tag","embeddable":true,"href":"https:\/\/partsandpieces.nl\/de\/wp-json\/wp\/v2\/product_tag?post=161"}],"curies":[{"name":"wp","href":"https:\/\/api.w.org\/{rel}","templated":true}]}}