{"id":1626,"date":"2020-08-11T07:55:11","date_gmt":"2020-08-11T07:55:11","guid":{"rendered":"https:\/\/partsandpieces.bonsaidev.nl\/?product=vitrine-slotjes-links-rechts"},"modified":"2025-03-25T12:09:08","modified_gmt":"2025-03-25T11:09:08","slug":"drehstangenschloss-aus-bronze-mit-zentralverriegelung","status":"publish","type":"product","link":"https:\/\/partsandpieces.nl\/de\/product\/espagnoletslot-brons-met-centrale-vergrendeling\/","title":{"rendered":"Stangenschloss Bronze mit Zentralverriegelung"},"content":{"rendered":"<p><strong>Stangenschloss Bronze mit Zentralverriegelung<\/strong> ist ein Stangenschloss. Das Schloss kann separat angeschraubt werden und hat ein kleines Schl\u00fcsselloch. Das Schloss kann sowohl links als auch rechts verwendet werden. Das Schloss hat ein sch\u00f6nes Bronze-Finish.<\/p>\n<p>Ich liefere dieses Schloss <strong>vollst\u00e4ndig<\/strong> mit einem Satz Haken, Stangenf\u00fchrungen und Stiften. BITTE BEACHTEN: Der Stab ist nicht im Lieferumfang enthalten!<\/p>\n<p>Dieses hochwertige Drehstangenschloss wird in Italien hergestellt.<\/p>\n<p>Bitte beachten Sie: Ich liefere dieses Drehstangenschloss OHNE Schl\u00fcssel. Einen passenden Schl\u00fcssel finden Sie weiter unten <span style=\"text-decoration: underline;\"><a href=\"https:\/\/partsandpieces.nl\/de\/produktkategorie-2\/mobelbeschlage\/antike-schlussel\/\">Antike Schl\u00fcssel<\/a><\/span>. Achten Sie darauf, dass Sie einen Schl\u00fcssel mit einem kleinen Bart und einem Loch am Ende w\u00e4hlen.<\/p>\n<p><strong>Ma\u00dfe<br \/>\n<\/strong>Das Treibstangenschloss Bronze mit Zentralverschluss hat eine Gesamth\u00f6he von 76mm und eine Breite von 32mm. Nach der Montage ragt das Schloss 17mm heraus.<\/p>\n<p><strong>Bearbeiten<br \/>\n<\/strong>Sie k\u00f6nnen das Schloss mit montieren <span style=\"text-decoration: underline;\"><a href=\"https:\/\/partsandpieces.nl\/de\/produkt\/schrauben-flachkopf-antik-bronze-mit-schlitz-3x12mm\/\">Schraube Rundkopf Antik Bronze mit Schlitz (3x12mm)<\/a><\/span>. Ich schicke diese Schraube <strong>FREI<\/strong> mit Ihrer Bestellung.<\/p>","protected":false},"excerpt":{"rendered":"<p>Espagnoletslot Brons met centrale vergrendeling is een stangslot. Het slot is los opschroefbaar en heeft een klein sleutelgat. Het slot is zowel linksom als rechtsom te gebruiken. Het slot heeft een mooie bronzen finish. Ik lever dit slot compleet met een setje haakjes, stang geleiders en pinnen. LET OP: de stang zit er niet bij! [&hellip;]<\/p>\n","protected":false},"featured_media":5520,"template":"","meta":{"_acf_changed":false},"product_brand":[],"product_cat":[23,50],"product_tag":[],"class_list":{"0":"post-1626","1":"product","2":"type-product","3":"status-publish","4":"has-post-thumbnail","6":"product_cat-meubelbeslag","7":"product_cat-sloten","9":"first","10":"instock","11":"taxable","12":"shipping-taxable","13":"purchasable","14":"product-type-simple"},"acf":[],"yoast_head":"<!-- This site is optimized with the Yoast SEO plugin v27.3 - https:\/\/yoast.com\/product\/yoast-seo-wordpress\/ -->\n<title>Espagnoletslot Brons centrale vergrendeling<\/title>\n<meta name=\"description\" content=\"Espagnoletslot Brons met centrale vergrendeling is een stangslot. Is zowel linksom als rechtsom te gebruiken. Het slot heeft een mooie bronzen finish.\" \/>\n<meta name=\"robots\" content=\"index, follow, max-snippet:-1, max-image-preview:large, max-video-preview:-1\" \/>\n<link rel=\"canonical\" href=\"https:\/\/partsandpieces.nl\/de\/produkt\/drehstangenschloss-aus-bronze-mit-zentralverriegelung\/\" \/>\n<meta property=\"og:locale\" content=\"de_DE\" \/>\n<meta property=\"og:type\" content=\"article\" \/>\n<meta property=\"og:title\" content=\"Espagnoletslot Brons centrale vergrendeling\" \/>\n<meta property=\"og:description\" content=\"Espagnoletslot Brons met centrale vergrendeling is een stangslot. Is zowel linksom als rechtsom te gebruiken. Het slot heeft een mooie bronzen finish.\" \/>\n<meta property=\"og:url\" content=\"https:\/\/partsandpieces.nl\/de\/produkt\/drehstangenschloss-aus-bronze-mit-zentralverriegelung\/\" \/>\n<meta property=\"og:site_name\" content=\"Parts &amp; Pieces\" \/>\n<meta property=\"article:modified_time\" content=\"2025-03-25T11:09:08+00:00\" \/>\n<meta property=\"og:image\" content=\"https:\/\/partsandpieces.nl\/wp-content\/uploads\/2020\/08\/Espagnoletslot-Brons-met-centrale-vergrendeling.jpg\" \/>\n\t<meta property=\"og:image:width\" content=\"480\" \/>\n\t<meta property=\"og:image:height\" content=\"481\" \/>\n\t<meta property=\"og:image:type\" content=\"image\/jpeg\" \/>\n<meta name=\"twitter:card\" content=\"summary_large_image\" \/>\n<meta name=\"twitter:label1\" content=\"Gesch\u00e4tzte Lesezeit\" \/>\n\t<meta name=\"twitter:data1\" content=\"1\u00a0Minute\" \/>\n<script type=\"application\/ld+json\" class=\"yoast-schema-graph\">{\"@context\":\"https:\\\/\\\/schema.org\",\"@graph\":[{\"@type\":\"WebPage\",\"@id\":\"https:\\\/\\\/partsandpieces.nl\\\/product\\\/espagnoletslot-brons-met-centrale-vergrendeling\\\/\",\"url\":\"https:\\\/\\\/partsandpieces.nl\\\/product\\\/espagnoletslot-brons-met-centrale-vergrendeling\\\/\",\"name\":\"Espagnoletslot Brons centrale vergrendeling\",\"isPartOf\":{\"@id\":\"https:\\\/\\\/partsandpieces.nl\\\/#website\"},\"primaryImageOfPage\":{\"@id\":\"https:\\\/\\\/partsandpieces.nl\\\/product\\\/espagnoletslot-brons-met-centrale-vergrendeling\\\/#primaryimage\"},\"image\":{\"@id\":\"https:\\\/\\\/partsandpieces.nl\\\/product\\\/espagnoletslot-brons-met-centrale-vergrendeling\\\/#primaryimage\"},\"thumbnailUrl\":\"https:\\\/\\\/partsandpieces.nl\\\/wp-content\\\/uploads\\\/2020\\\/08\\\/Espagnoletslot-Brons-met-centrale-vergrendeling.jpg\",\"datePublished\":\"2020-08-11T07:55:11+00:00\",\"dateModified\":\"2025-03-25T11:09:08+00:00\",\"description\":\"Espagnoletslot Brons met centrale vergrendeling is een stangslot. Is zowel linksom als rechtsom te gebruiken. Het slot heeft een mooie bronzen finish.\",\"breadcrumb\":{\"@id\":\"https:\\\/\\\/partsandpieces.nl\\\/product\\\/espagnoletslot-brons-met-centrale-vergrendeling\\\/#breadcrumb\"},\"inLanguage\":\"de\",\"potentialAction\":[{\"@type\":\"ReadAction\",\"target\":[\"https:\\\/\\\/partsandpieces.nl\\\/product\\\/espagnoletslot-brons-met-centrale-vergrendeling\\\/\"]}]},{\"@type\":\"ImageObject\",\"inLanguage\":\"de\",\"@id\":\"https:\\\/\\\/partsandpieces.nl\\\/product\\\/espagnoletslot-brons-met-centrale-vergrendeling\\\/#primaryimage\",\"url\":\"https:\\\/\\\/partsandpieces.nl\\\/wp-content\\\/uploads\\\/2020\\\/08\\\/Espagnoletslot-Brons-met-centrale-vergrendeling.jpg\",\"contentUrl\":\"https:\\\/\\\/partsandpieces.nl\\\/wp-content\\\/uploads\\\/2020\\\/08\\\/Espagnoletslot-Brons-met-centrale-vergrendeling.jpg\",\"width\":480,\"height\":481,\"caption\":\"Espagnoletslot Brons met centrale vergrendeling\"},{\"@type\":\"BreadcrumbList\",\"@id\":\"https:\\\/\\\/partsandpieces.nl\\\/product\\\/espagnoletslot-brons-met-centrale-vergrendeling\\\/#breadcrumb\",\"itemListElement\":[{\"@type\":\"ListItem\",\"position\":1,\"name\":\"Home\",\"item\":\"https:\\\/\\\/partsandpieces.nl\\\/home\\\/\"},{\"@type\":\"ListItem\",\"position\":2,\"name\":\"Winkel\",\"item\":\"https:\\\/\\\/partsandpieces.nl\\\/winkel\\\/\"},{\"@type\":\"ListItem\",\"position\":3,\"name\":\"Espagnoletslot Brons met centrale vergrendeling\"}]},{\"@type\":\"WebSite\",\"@id\":\"https:\\\/\\\/partsandpieces.nl\\\/#website\",\"url\":\"https:\\\/\\\/partsandpieces.nl\\\/\",\"name\":\"Parts &amp; Pieces\",\"description\":\"Alles voor uw meubelrestauratie en -onderhoud!\",\"potentialAction\":[{\"@type\":\"SearchAction\",\"target\":{\"@type\":\"EntryPoint\",\"urlTemplate\":\"https:\\\/\\\/partsandpieces.nl\\\/?s={search_term_string}\"},\"query-input\":{\"@type\":\"PropertyValueSpecification\",\"valueRequired\":true,\"valueName\":\"search_term_string\"}}],\"inLanguage\":\"de\"}]}<\/script>\n<!-- \/ Yoast SEO plugin. -->","yoast_head_json":{"title":"Stangenschloss Bronze-Zentralverschluss","description":"Treibstangenschloss Bronze mit Zentralverschluss ist ein Stangenschloss. Kann sowohl links als auch rechts verwendet werden. Das Schloss hat ein sch\u00f6nes Bronze-Finish.","robots":{"index":"index","follow":"follow","max-snippet":"max-snippet:-1","max-image-preview":"max-image-preview:large","max-video-preview":"max-video-preview:-1"},"canonical":"https:\/\/partsandpieces.nl\/de\/produkt\/drehstangenschloss-aus-bronze-mit-zentralverriegelung\/","og_locale":"de_DE","og_type":"article","og_title":"Espagnoletslot Brons centrale vergrendeling","og_description":"Espagnoletslot Brons met centrale vergrendeling is een stangslot. Is zowel linksom als rechtsom te gebruiken. Het slot heeft een mooie bronzen finish.","og_url":"https:\/\/partsandpieces.nl\/de\/produkt\/drehstangenschloss-aus-bronze-mit-zentralverriegelung\/","og_site_name":"Parts &amp; Pieces","article_modified_time":"2025-03-25T11:09:08+00:00","og_image":[{"width":480,"height":481,"url":"https:\/\/partsandpieces.nl\/wp-content\/uploads\/2020\/08\/Espagnoletslot-Brons-met-centrale-vergrendeling.jpg","type":"image\/jpeg"}],"twitter_card":"summary_large_image","twitter_misc":{"Gesch\u00e4tzte Lesezeit":"1\u00a0Minute"},"schema":{"@context":"https:\/\/schema.org","@graph":[{"@type":"WebPage","@id":"https:\/\/partsandpieces.nl\/product\/espagnoletslot-brons-met-centrale-vergrendeling\/","url":"https:\/\/partsandpieces.nl\/product\/espagnoletslot-brons-met-centrale-vergrendeling\/","name":"Stangenschloss Bronze-Zentralverschluss","isPartOf":{"@id":"https:\/\/partsandpieces.nl\/#website"},"primaryImageOfPage":{"@id":"https:\/\/partsandpieces.nl\/product\/espagnoletslot-brons-met-centrale-vergrendeling\/#primaryimage"},"image":{"@id":"https:\/\/partsandpieces.nl\/product\/espagnoletslot-brons-met-centrale-vergrendeling\/#primaryimage"},"thumbnailUrl":"https:\/\/partsandpieces.nl\/wp-content\/uploads\/2020\/08\/Espagnoletslot-Brons-met-centrale-vergrendeling.jpg","datePublished":"2020-08-11T07:55:11+00:00","dateModified":"2025-03-25T11:09:08+00:00","description":"Treibstangenschloss Bronze mit Zentralverschluss ist ein Stangenschloss. Kann sowohl links als auch rechts verwendet werden. Das Schloss hat ein sch\u00f6nes Bronze-Finish.","breadcrumb":{"@id":"https:\/\/partsandpieces.nl\/product\/espagnoletslot-brons-met-centrale-vergrendeling\/#breadcrumb"},"inLanguage":"de","potentialAction":[{"@type":"ReadAction","target":["https:\/\/partsandpieces.nl\/product\/espagnoletslot-brons-met-centrale-vergrendeling\/"]}]},{"@type":"ImageObject","inLanguage":"de","@id":"https:\/\/partsandpieces.nl\/product\/espagnoletslot-brons-met-centrale-vergrendeling\/#primaryimage","url":"https:\/\/partsandpieces.nl\/wp-content\/uploads\/2020\/08\/Espagnoletslot-Brons-met-centrale-vergrendeling.jpg","contentUrl":"https:\/\/partsandpieces.nl\/wp-content\/uploads\/2020\/08\/Espagnoletslot-Brons-met-centrale-vergrendeling.jpg","width":480,"height":481,"caption":"Espagnoletslot Brons met centrale vergrendeling"},{"@type":"BreadcrumbList","@id":"https:\/\/partsandpieces.nl\/product\/espagnoletslot-brons-met-centrale-vergrendeling\/#breadcrumb","itemListElement":[{"@type":"ListItem","position":1,"name":"Home","item":"https:\/\/partsandpieces.nl\/home\/"},{"@type":"ListItem","position":2,"name":"Winkel","item":"https:\/\/partsandpieces.nl\/winkel\/"},{"@type":"ListItem","position":3,"name":"Espagnoletslot Brons met centrale vergrendeling"}]},{"@type":"WebSite","@id":"https:\/\/partsandpieces.nl\/#website","url":"https:\/\/partsandpieces.nl\/","name":"Teile &amp; St\u00fccke","description":"Alles f\u00fcr Ihre M\u00f6belrestaurierung und -pflege!","potentialAction":[{"@type":"SearchAction","target":{"@type":"EntryPoint","urlTemplate":"https:\/\/partsandpieces.nl\/?s={search_term_string}"},"query-input":{"@type":"PropertyValueSpecification","valueRequired":true,"valueName":"search_term_string"}}],"inLanguage":"de"}]}},"_links":{"self":[{"href":"https:\/\/partsandpieces.nl\/de\/wp-json\/wp\/v2\/product\/1626","targetHints":{"allow":["GET"]}}],"collection":[{"href":"https:\/\/partsandpieces.nl\/de\/wp-json\/wp\/v2\/product"}],"about":[{"href":"https:\/\/partsandpieces.nl\/de\/wp-json\/wp\/v2\/types\/product"}],"wp:featuredmedia":[{"embeddable":true,"href":"https:\/\/partsandpieces.nl\/de\/wp-json\/wp\/v2\/media\/5520"}],"wp:attachment":[{"href":"https:\/\/partsandpieces.nl\/de\/wp-json\/wp\/v2\/media?parent=1626"}],"wp:term":[{"taxonomy":"product_brand","embeddable":true,"href":"https:\/\/partsandpieces.nl\/de\/wp-json\/wp\/v2\/product_brand?post=1626"},{"taxonomy":"product_cat","embeddable":true,"href":"https:\/\/partsandpieces.nl\/de\/wp-json\/wp\/v2\/product_cat?post=1626"},{"taxonomy":"product_tag","embeddable":true,"href":"https:\/\/partsandpieces.nl\/de\/wp-json\/wp\/v2\/product_tag?post=1626"}],"curies":[{"name":"wp","href":"https:\/\/api.w.org\/{rel}","templated":true}]}}