{"id":1633,"date":"2020-08-11T08:04:16","date_gmt":"2020-08-11T06:04:16","guid":{"rendered":"https:\/\/partsandpieces.bonsaidev.nl\/?product=inschuifslot-rechts-20mm"},"modified":"2026-03-26T12:14:10","modified_gmt":"2026-03-26T11:14:10","slug":"hintere-einlassverriegelung-aus-eisen-antik-20-mm-bis-70-mm-rechtsdrehend","status":"publish","type":"product","link":"https:\/\/partsandpieces.nl\/de\/product\/achterinlaat-slot-ijzer-antiek-20mm-t-m-70mm-rechts-draaiend\/","title":{"rendered":"Heckeinlassschloss Eisen antik 20mm auf 70mm rechtsdrehend"},"content":{"rendered":"<p><strong>Heckeinlassschloss Eisen antik 20mm auf 70mm rechtsdrehend<\/strong> ist ein Schloss f\u00fcr Ihre antiken oder klassischen M\u00f6bel aus Eisen mit antiker Rostpatina. Der Rost gibt nicht ab! Ich habe diese hintere Einlasssperre rechts auf Lager in den Gr\u00f6\u00dfen: <strong>20 mm, 25 mm, 30 mm, 35 mm, 40 mm, 45 mm, 50 mm, 60 mm und 70 mm.<\/strong>\u00a0Die Gr\u00f6\u00dfe ist der Abstand, gemessen von der Frontplatte bis zur Mitte der Position, an der der Schl\u00fcssel passt.<\/p>\n<p>Ich liefere dir dieses Schloss\u00a0<strong>ohne<\/strong>\u00a0passender Schl\u00fcssel und Befestigungsmaterial. Finden Sie Ihren passenden Schl\u00fcssel unter den\u00a0<span style=\"text-decoration: underline;\"><a href=\"https:\/\/partsandpieces.nl\/de\/produktkategorie-2\/mobelbeschlage\/schlussel\/\">diverse Schl\u00fcssel<\/a><\/span> die ich auf Lager habe. Die Auswahl ist riesig! Hinweis: Die Tasten mit a <strong>Loch<\/strong>\u00a0und ein\u00a0<strong>kleiner Bart<\/strong>.<\/p>\n<p>Dieses hintere Einlassschloss aus Eisen antik ist f\u00fcr rechte T\u00fcren bestimmt. Ich habe auch hintere Ansaugschl\u00f6sser auf Lager <a href=\"https:\/\/partsandpieces.nl\/de\/produkt\/hinterer-einlassverschluss-eisen-antik-20mm-bis-45mm-linksdrehend\/\"><span style=\"text-decoration: underline;\">f\u00fcr<\/span> linke T\u00fcren<\/a>.<\/p>\n<p>Diese hochwertige Heckeinlasssperre wird in Italien hergestellt.<\/p>\n<p><strong>Ma\u00dfe<br \/>\n<\/strong>Alle hinteren Einlassschleusen sind 70 mm hoch und die Frontplatte 16 mm breit.<br \/>\n\u2013 Gr\u00f6\u00dfe 20 mm ist 39 mm tief.<br \/>\n\u2013 Gr\u00f6\u00dfe 25 mm ist 44 mm tief.<br \/>\n\u2013 Gr\u00f6\u00dfe 30 mm ist 49 mm tief.<br \/>\n\u2013 Gr\u00f6\u00dfe 35 mm ist 54 mm tief.<br \/>\n\u2013 Gr\u00f6\u00dfe 40 mm ist 59 mm tief.<br \/>\n\u2013 Gr\u00f6\u00dfe 45 mm ist 64 mm tief.<br \/>\n\u2013 Gr\u00f6\u00dfe 50 mm ist 69 mm tief.<br \/>\n\u2013 Gr\u00f6\u00dfe 60 mm ist 79 mm tief.<br \/>\n\u2013 Gr\u00f6\u00dfe 70 mm ist 89 mm tief.<\/p>","protected":false},"excerpt":{"rendered":"<p>Achterinlaat slot ijzer antiek 20mm t\/m 70mm rechts draaiend is een slot voor je antieke of klassieke meubel gemaakt van ijzer met een antieke roestige patina. De roest geeft niet af! Ik heb dit achterinlaat slot rechts draaiend op voorraad in de maten: 20mm, 25mm, 30mm, 35mm, 40mm, 45mm, 50mm, 60mm en 70mm.\u00a0Hierbij is de [&hellip;]<\/p>\n","protected":false},"featured_media":4945,"template":"","meta":{"_acf_changed":false},"product_brand":[],"product_cat":[23,50],"product_tag":[],"class_list":{"0":"post-1633","1":"product","2":"type-product","3":"status-publish","4":"has-post-thumbnail","6":"product_cat-meubelbeslag","7":"product_cat-sloten","9":"first","10":"instock","11":"taxable","12":"shipping-taxable","13":"purchasable","14":"product-type-variable"},"acf":[],"yoast_head":"<!-- This site is optimized with the Yoast SEO plugin v27.3 - https:\/\/yoast.com\/product\/yoast-seo-wordpress\/ -->\n<title>Achterinlaat slot ijzer antiek 20mm t\/m 70mm rechts draaiend<\/title>\n<meta name=\"description\" content=\"Achterinlaat slot ijzer antiek 20mm t\/m 70mm rechts draaiend is een slot voor je antieke of klassieke meubel. Op voorraad in de maten: 20mm t\/m 70mm. %\" \/>\n<meta name=\"robots\" content=\"index, follow, max-snippet:-1, max-image-preview:large, max-video-preview:-1\" \/>\n<link rel=\"canonical\" href=\"https:\/\/partsandpieces.nl\/de\/produkt\/hintere-einlassverriegelung-aus-eisen-antik-20-mm-bis-70-mm-rechtsdrehend\/\" \/>\n<meta property=\"og:locale\" content=\"de_DE\" \/>\n<meta property=\"og:type\" content=\"article\" \/>\n<meta property=\"og:title\" content=\"Achterinlaat slot ijzer antiek 20mm t\/m 70mm rechts draaiend\" \/>\n<meta property=\"og:description\" content=\"Achterinlaat slot ijzer antiek 20mm t\/m 70mm rechts draaiend is een slot voor je antieke of klassieke meubel. Op voorraad in de maten: 20mm t\/m 70mm. %\" \/>\n<meta property=\"og:url\" content=\"https:\/\/partsandpieces.nl\/de\/produkt\/hintere-einlassverriegelung-aus-eisen-antik-20-mm-bis-70-mm-rechtsdrehend\/\" \/>\n<meta property=\"og:site_name\" content=\"Parts &amp; Pieces\" \/>\n<meta property=\"article:modified_time\" content=\"2026-03-26T11:14:10+00:00\" \/>\n<meta property=\"og:image\" content=\"https:\/\/partsandpieces.nl\/wp-content\/uploads\/2020\/08\/Achterinlaat-slot-ijzer-antiek-rechts-draaiend.jpg\" \/>\n\t<meta property=\"og:image:width\" content=\"480\" \/>\n\t<meta property=\"og:image:height\" content=\"640\" \/>\n\t<meta property=\"og:image:type\" content=\"image\/jpeg\" \/>\n<meta name=\"twitter:card\" content=\"summary_large_image\" \/>\n<meta name=\"twitter:label1\" content=\"Gesch\u00e4tzte Lesezeit\" \/>\n\t<meta name=\"twitter:data1\" content=\"2\u00a0Minuten\" \/>\n<script type=\"application\/ld+json\" class=\"yoast-schema-graph\">{\"@context\":\"https:\\\/\\\/schema.org\",\"@graph\":[{\"@type\":\"WebPage\",\"@id\":\"https:\\\/\\\/partsandpieces.nl\\\/product\\\/achterinlaat-slot-ijzer-antiek-20mm-t-m-70mm-rechts-draaiend\\\/\",\"url\":\"https:\\\/\\\/partsandpieces.nl\\\/product\\\/achterinlaat-slot-ijzer-antiek-20mm-t-m-70mm-rechts-draaiend\\\/\",\"name\":\"Achterinlaat slot ijzer antiek 20mm t\\\/m 70mm rechts draaiend\",\"isPartOf\":{\"@id\":\"https:\\\/\\\/partsandpieces.nl\\\/#website\"},\"primaryImageOfPage\":{\"@id\":\"https:\\\/\\\/partsandpieces.nl\\\/product\\\/achterinlaat-slot-ijzer-antiek-20mm-t-m-70mm-rechts-draaiend\\\/#primaryimage\"},\"image\":{\"@id\":\"https:\\\/\\\/partsandpieces.nl\\\/product\\\/achterinlaat-slot-ijzer-antiek-20mm-t-m-70mm-rechts-draaiend\\\/#primaryimage\"},\"thumbnailUrl\":\"https:\\\/\\\/partsandpieces.nl\\\/wp-content\\\/uploads\\\/2020\\\/08\\\/Achterinlaat-slot-ijzer-antiek-rechts-draaiend.jpg\",\"datePublished\":\"2020-08-11T06:04:16+00:00\",\"dateModified\":\"2026-03-26T11:14:10+00:00\",\"description\":\"Achterinlaat slot ijzer antiek 20mm t\\\/m 70mm rechts draaiend is een slot voor je antieke of klassieke meubel. Op voorraad in de maten: 20mm t\\\/m 70mm. %\",\"breadcrumb\":{\"@id\":\"https:\\\/\\\/partsandpieces.nl\\\/product\\\/achterinlaat-slot-ijzer-antiek-20mm-t-m-70mm-rechts-draaiend\\\/#breadcrumb\"},\"inLanguage\":\"de\",\"potentialAction\":[{\"@type\":\"ReadAction\",\"target\":[\"https:\\\/\\\/partsandpieces.nl\\\/product\\\/achterinlaat-slot-ijzer-antiek-20mm-t-m-70mm-rechts-draaiend\\\/\"]}]},{\"@type\":\"ImageObject\",\"inLanguage\":\"de\",\"@id\":\"https:\\\/\\\/partsandpieces.nl\\\/product\\\/achterinlaat-slot-ijzer-antiek-20mm-t-m-70mm-rechts-draaiend\\\/#primaryimage\",\"url\":\"https:\\\/\\\/partsandpieces.nl\\\/wp-content\\\/uploads\\\/2020\\\/08\\\/Achterinlaat-slot-ijzer-antiek-rechts-draaiend.jpg\",\"contentUrl\":\"https:\\\/\\\/partsandpieces.nl\\\/wp-content\\\/uploads\\\/2020\\\/08\\\/Achterinlaat-slot-ijzer-antiek-rechts-draaiend.jpg\",\"width\":480,\"height\":640,\"caption\":\"Achterinlaat slot ijzer antiek rechts draaiend\"},{\"@type\":\"BreadcrumbList\",\"@id\":\"https:\\\/\\\/partsandpieces.nl\\\/product\\\/achterinlaat-slot-ijzer-antiek-20mm-t-m-70mm-rechts-draaiend\\\/#breadcrumb\",\"itemListElement\":[{\"@type\":\"ListItem\",\"position\":1,\"name\":\"Home\",\"item\":\"https:\\\/\\\/partsandpieces.nl\\\/home\\\/\"},{\"@type\":\"ListItem\",\"position\":2,\"name\":\"Winkel\",\"item\":\"https:\\\/\\\/partsandpieces.nl\\\/winkel\\\/\"},{\"@type\":\"ListItem\",\"position\":3,\"name\":\"Achterinlaat slot ijzer antiek 20mm t\\\/m 70mm rechts draaiend\"}]},{\"@type\":\"WebSite\",\"@id\":\"https:\\\/\\\/partsandpieces.nl\\\/#website\",\"url\":\"https:\\\/\\\/partsandpieces.nl\\\/\",\"name\":\"Parts &amp; Pieces\",\"description\":\"Alles voor uw meubelrestauratie en -onderhoud!\",\"potentialAction\":[{\"@type\":\"SearchAction\",\"target\":{\"@type\":\"EntryPoint\",\"urlTemplate\":\"https:\\\/\\\/partsandpieces.nl\\\/?s={search_term_string}\"},\"query-input\":{\"@type\":\"PropertyValueSpecification\",\"valueRequired\":true,\"valueName\":\"search_term_string\"}}],\"inLanguage\":\"de\"}]}<\/script>\n<!-- \/ Yoast SEO plugin. -->","yoast_head_json":{"title":"Heckeinlassschloss Eisen antik 20mm auf 70mm rechtsdrehend","description":"Hinteres Einlassschloss Eisen antik 20 mm bis 70 mm rechtsdrehend ist ein Schloss f\u00fcr Ihre antiken oder klassischen M\u00f6bel. Auf Lager in den Gr\u00f6\u00dfen: 20 mm bis 70 mm. %","robots":{"index":"index","follow":"follow","max-snippet":"max-snippet:-1","max-image-preview":"max-image-preview:large","max-video-preview":"max-video-preview:-1"},"canonical":"https:\/\/partsandpieces.nl\/de\/produkt\/hintere-einlassverriegelung-aus-eisen-antik-20-mm-bis-70-mm-rechtsdrehend\/","og_locale":"de_DE","og_type":"article","og_title":"Achterinlaat slot ijzer antiek 20mm t\/m 70mm rechts draaiend","og_description":"Achterinlaat slot ijzer antiek 20mm t\/m 70mm rechts draaiend is een slot voor je antieke of klassieke meubel. Op voorraad in de maten: 20mm t\/m 70mm. %","og_url":"https:\/\/partsandpieces.nl\/de\/produkt\/hintere-einlassverriegelung-aus-eisen-antik-20-mm-bis-70-mm-rechtsdrehend\/","og_site_name":"Parts &amp; Pieces","article_modified_time":"2026-03-26T11:14:10+00:00","og_image":[{"width":480,"height":640,"url":"https:\/\/partsandpieces.nl\/wp-content\/uploads\/2020\/08\/Achterinlaat-slot-ijzer-antiek-rechts-draaiend.jpg","type":"image\/jpeg"}],"twitter_card":"summary_large_image","twitter_misc":{"Gesch\u00e4tzte Lesezeit":"2\u00a0Minuten"},"schema":{"@context":"https:\/\/schema.org","@graph":[{"@type":"WebPage","@id":"https:\/\/partsandpieces.nl\/product\/achterinlaat-slot-ijzer-antiek-20mm-t-m-70mm-rechts-draaiend\/","url":"https:\/\/partsandpieces.nl\/product\/achterinlaat-slot-ijzer-antiek-20mm-t-m-70mm-rechts-draaiend\/","name":"Heckeinlassschloss Eisen antik 20mm auf 70mm rechtsdrehend","isPartOf":{"@id":"https:\/\/partsandpieces.nl\/#website"},"primaryImageOfPage":{"@id":"https:\/\/partsandpieces.nl\/product\/achterinlaat-slot-ijzer-antiek-20mm-t-m-70mm-rechts-draaiend\/#primaryimage"},"image":{"@id":"https:\/\/partsandpieces.nl\/product\/achterinlaat-slot-ijzer-antiek-20mm-t-m-70mm-rechts-draaiend\/#primaryimage"},"thumbnailUrl":"https:\/\/partsandpieces.nl\/wp-content\/uploads\/2020\/08\/Achterinlaat-slot-ijzer-antiek-rechts-draaiend.jpg","datePublished":"2020-08-11T06:04:16+00:00","dateModified":"2026-03-26T11:14:10+00:00","description":"Hinteres Einlassschloss Eisen antik 20 mm bis 70 mm rechtsdrehend ist ein Schloss f\u00fcr Ihre antiken oder klassischen M\u00f6bel. Auf Lager in den Gr\u00f6\u00dfen: 20 mm bis 70 mm. %","breadcrumb":{"@id":"https:\/\/partsandpieces.nl\/product\/achterinlaat-slot-ijzer-antiek-20mm-t-m-70mm-rechts-draaiend\/#breadcrumb"},"inLanguage":"de","potentialAction":[{"@type":"ReadAction","target":["https:\/\/partsandpieces.nl\/product\/achterinlaat-slot-ijzer-antiek-20mm-t-m-70mm-rechts-draaiend\/"]}]},{"@type":"ImageObject","inLanguage":"de","@id":"https:\/\/partsandpieces.nl\/product\/achterinlaat-slot-ijzer-antiek-20mm-t-m-70mm-rechts-draaiend\/#primaryimage","url":"https:\/\/partsandpieces.nl\/wp-content\/uploads\/2020\/08\/Achterinlaat-slot-ijzer-antiek-rechts-draaiend.jpg","contentUrl":"https:\/\/partsandpieces.nl\/wp-content\/uploads\/2020\/08\/Achterinlaat-slot-ijzer-antiek-rechts-draaiend.jpg","width":480,"height":640,"caption":"Achterinlaat slot ijzer antiek rechts draaiend"},{"@type":"BreadcrumbList","@id":"https:\/\/partsandpieces.nl\/product\/achterinlaat-slot-ijzer-antiek-20mm-t-m-70mm-rechts-draaiend\/#breadcrumb","itemListElement":[{"@type":"ListItem","position":1,"name":"Home","item":"https:\/\/partsandpieces.nl\/home\/"},{"@type":"ListItem","position":2,"name":"Winkel","item":"https:\/\/partsandpieces.nl\/winkel\/"},{"@type":"ListItem","position":3,"name":"Achterinlaat slot ijzer antiek 20mm t\/m 70mm rechts draaiend"}]},{"@type":"WebSite","@id":"https:\/\/partsandpieces.nl\/#website","url":"https:\/\/partsandpieces.nl\/","name":"Teile &amp; St\u00fccke","description":"Alles f\u00fcr Ihre M\u00f6belrestaurierung und -pflege!","potentialAction":[{"@type":"SearchAction","target":{"@type":"EntryPoint","urlTemplate":"https:\/\/partsandpieces.nl\/?s={search_term_string}"},"query-input":{"@type":"PropertyValueSpecification","valueRequired":true,"valueName":"search_term_string"}}],"inLanguage":"de"}]}},"_links":{"self":[{"href":"https:\/\/partsandpieces.nl\/de\/wp-json\/wp\/v2\/product\/1633","targetHints":{"allow":["GET"]}}],"collection":[{"href":"https:\/\/partsandpieces.nl\/de\/wp-json\/wp\/v2\/product"}],"about":[{"href":"https:\/\/partsandpieces.nl\/de\/wp-json\/wp\/v2\/types\/product"}],"wp:featuredmedia":[{"embeddable":true,"href":"https:\/\/partsandpieces.nl\/de\/wp-json\/wp\/v2\/media\/4945"}],"wp:attachment":[{"href":"https:\/\/partsandpieces.nl\/de\/wp-json\/wp\/v2\/media?parent=1633"}],"wp:term":[{"taxonomy":"product_brand","embeddable":true,"href":"https:\/\/partsandpieces.nl\/de\/wp-json\/wp\/v2\/product_brand?post=1633"},{"taxonomy":"product_cat","embeddable":true,"href":"https:\/\/partsandpieces.nl\/de\/wp-json\/wp\/v2\/product_cat?post=1633"},{"taxonomy":"product_tag","embeddable":true,"href":"https:\/\/partsandpieces.nl\/de\/wp-json\/wp\/v2\/product_tag?post=1633"}],"curies":[{"name":"wp","href":"https:\/\/api.w.org\/{rel}","templated":true}]}}