{"id":165,"date":"2020-05-25T16:07:59","date_gmt":"2020-05-25T16:07:59","guid":{"rendered":"https:\/\/partsandpieces.bonsaidev.nl\/?product=borma-wachs-schellak-99-oplosmiddel-voor-schellak-99-1-liter"},"modified":"2026-04-22T15:08:20","modified_gmt":"2026-04-22T13:08:20","slug":"bormawachs-schellack-99-losungsmittel-fur-schellack-99","status":"publish","type":"product","link":"https:\/\/partsandpieces.nl\/de\/product\/borma-wachs-schellak-99-oplosmiddel-voor-schellak-99\/","title":{"rendered":"Borma Wachs Schellack 99 L\u00f6sungsmittel f\u00fcr Schellack 99% 1 Liter"},"content":{"rendered":"<p><strong>Schellack 99 L\u00f6sungsmittel f\u00fcr Schellack 99%<\/strong> von <a href=\"http:\/\/www.bormawachs.com\">Borma Wachs<\/a> ist ein L\u00f6sungsmittel speziell f\u00fcr <a href=\"https:\/\/partsandpieces.nl\/de\/produktkategorie-2\/oberflachenbehandlung-2\/schellack-und-politur\/\"><span style=\"text-decoration: underline;\">Schellack<\/span><\/a> mit hohem Aufl\u00f6sungsverm\u00f6gen. Es trocknet schnell und altert nicht. Wird zum Polieren von Holz, insbesondere zur Restaurierung antiker M\u00f6bel, verwendet und eignet sich besonders zum Schellackverd\u00fcnnen. Es ist mischbar mit Wasser, Aceton, \u00c4ther etc.<\/p>\n<p><b>Anweisungen<br \/>\n<\/b>\u2013 Sobald der richtige Schellack f\u00fcr das gew\u00fcnschte Finish gefunden wurde, l\u00f6sen Sie ihn in Borma Wachs Schellack 99 mit einem Anfangsverh\u00e4ltnis von 300 Gramm pro Liter auf.<br \/>\n\u2013 Filtern Sie nach 24 Stunden die resultierende L\u00f6sung und fahren Sie mit dem Auftragen als Basisschicht fort.<br \/>\n\u2013 Zum Finishen wird empfohlen, die Schellackkonzentration zu reduzieren und Borma Wachs Shellac 99 hinzuzuf\u00fcgen. Das erhaltene Produkt ist dann einfacher zu verwenden.<\/p>","protected":false},"excerpt":{"rendered":"<p>Schellak 99 oplosmiddel voor schellak 99% van Borma Wachs is een oplosmiddel speciaal voor schellak met een hoog oplossend vermogen. Het is sneldrogend en vergrijst niet. Te gebruiken voor het polijsten van hout, vooral voor de restauratie van antieke meubelen, en is vooral geschikt voor schellakverdunning. Het is mengbaar met water, aceton, ether, enz. Gebruiksaanwijzing [&hellip;]<\/p>\n","protected":false},"featured_media":82,"template":"","meta":{"_acf_changed":false},"product_brand":[],"product_cat":[88,79],"product_tag":[],"class_list":{"0":"post-165","1":"product","2":"type-product","3":"status-publish","4":"has-post-thumbnail","6":"product_cat-reinigers-en-verdunners","7":"product_cat-schellak-en-politoer","9":"first","10":"instock","11":"taxable","12":"shipping-taxable","13":"purchasable","14":"product-type-simple"},"acf":[],"yoast_head":"<!-- This site is optimized with the Yoast SEO plugin v27.4 - https:\/\/yoast.com\/product\/yoast-seo-wordpress\/ -->\n<title>Schellak oplosmiddel van Borma Wachs<\/title>\n<meta name=\"description\" content=\"Schellak oplosmiddel van Borma Wachs is een oplosmiddel speciaal voor schellak met een hoog oplossend vermogen. Het is sneldrogend en vergrijst niet.\" \/>\n<meta name=\"robots\" content=\"index, follow, max-snippet:-1, max-image-preview:large, max-video-preview:-1\" \/>\n<link rel=\"canonical\" href=\"https:\/\/partsandpieces.nl\/de\/produkt\/bormawachs-schellack-99-losungsmittel-fur-schellack-99\/\" \/>\n<meta property=\"og:locale\" content=\"de_DE\" \/>\n<meta property=\"og:type\" content=\"article\" \/>\n<meta property=\"og:title\" content=\"Schellak oplosmiddel van Borma Wachs\" \/>\n<meta property=\"og:description\" content=\"Schellak oplosmiddel van Borma Wachs is een oplosmiddel speciaal voor schellak met een hoog oplossend vermogen. Het is sneldrogend en vergrijst niet.\" \/>\n<meta property=\"og:url\" content=\"https:\/\/partsandpieces.nl\/de\/produkt\/bormawachs-schellack-99-losungsmittel-fur-schellack-99\/\" \/>\n<meta property=\"og:site_name\" content=\"Parts &amp; Pieces\" \/>\n<meta property=\"article:modified_time\" content=\"2026-04-22T13:08:20+00:00\" \/>\n<meta property=\"og:image\" content=\"https:\/\/partsandpieces.nl\/wp-content\/uploads\/2022\/09\/alcohol_shellac99.jpg\" \/>\n\t<meta property=\"og:image:width\" content=\"600\" \/>\n\t<meta property=\"og:image:height\" content=\"600\" \/>\n\t<meta property=\"og:image:type\" content=\"image\/jpeg\" \/>\n<meta name=\"twitter:card\" content=\"summary_large_image\" \/>\n<meta name=\"twitter:label1\" content=\"Gesch\u00e4tzte Lesezeit\" \/>\n\t<meta name=\"twitter:data1\" content=\"1\u00a0Minute\" \/>\n<script type=\"application\/ld+json\" class=\"yoast-schema-graph\">{\"@context\":\"https:\\\/\\\/schema.org\",\"@graph\":[{\"@type\":\"WebPage\",\"@id\":\"https:\\\/\\\/partsandpieces.nl\\\/product\\\/borma-wachs-schellak-99-oplosmiddel-voor-schellak-99\\\/\",\"url\":\"https:\\\/\\\/partsandpieces.nl\\\/product\\\/borma-wachs-schellak-99-oplosmiddel-voor-schellak-99\\\/\",\"name\":\"Schellak oplosmiddel van Borma Wachs\",\"isPartOf\":{\"@id\":\"https:\\\/\\\/partsandpieces.nl\\\/#website\"},\"primaryImageOfPage\":{\"@id\":\"https:\\\/\\\/partsandpieces.nl\\\/product\\\/borma-wachs-schellak-99-oplosmiddel-voor-schellak-99\\\/#primaryimage\"},\"image\":{\"@id\":\"https:\\\/\\\/partsandpieces.nl\\\/product\\\/borma-wachs-schellak-99-oplosmiddel-voor-schellak-99\\\/#primaryimage\"},\"thumbnailUrl\":\"https:\\\/\\\/partsandpieces.nl\\\/wp-content\\\/uploads\\\/2022\\\/09\\\/alcohol_shellac99.jpg\",\"datePublished\":\"2020-05-25T16:07:59+00:00\",\"dateModified\":\"2026-04-22T13:08:20+00:00\",\"description\":\"Schellak oplosmiddel van Borma Wachs is een oplosmiddel speciaal voor schellak met een hoog oplossend vermogen. Het is sneldrogend en vergrijst niet.\",\"breadcrumb\":{\"@id\":\"https:\\\/\\\/partsandpieces.nl\\\/product\\\/borma-wachs-schellak-99-oplosmiddel-voor-schellak-99\\\/#breadcrumb\"},\"inLanguage\":\"de\",\"potentialAction\":[{\"@type\":\"ReadAction\",\"target\":[\"https:\\\/\\\/partsandpieces.nl\\\/product\\\/borma-wachs-schellak-99-oplosmiddel-voor-schellak-99\\\/\"]}]},{\"@type\":\"ImageObject\",\"inLanguage\":\"de\",\"@id\":\"https:\\\/\\\/partsandpieces.nl\\\/product\\\/borma-wachs-schellak-99-oplosmiddel-voor-schellak-99\\\/#primaryimage\",\"url\":\"https:\\\/\\\/partsandpieces.nl\\\/wp-content\\\/uploads\\\/2022\\\/09\\\/alcohol_shellac99.jpg\",\"contentUrl\":\"https:\\\/\\\/partsandpieces.nl\\\/wp-content\\\/uploads\\\/2022\\\/09\\\/alcohol_shellac99.jpg\",\"width\":600,\"height\":600},{\"@type\":\"BreadcrumbList\",\"@id\":\"https:\\\/\\\/partsandpieces.nl\\\/product\\\/borma-wachs-schellak-99-oplosmiddel-voor-schellak-99\\\/#breadcrumb\",\"itemListElement\":[{\"@type\":\"ListItem\",\"position\":1,\"name\":\"Home\",\"item\":\"https:\\\/\\\/partsandpieces.nl\\\/home\\\/\"},{\"@type\":\"ListItem\",\"position\":2,\"name\":\"Winkel\",\"item\":\"https:\\\/\\\/partsandpieces.nl\\\/winkel\\\/\"},{\"@type\":\"ListItem\",\"position\":3,\"name\":\"Borma Wachs Schellak 99 oplosmiddel voor schellak 99% 1 liter\"}]},{\"@type\":\"WebSite\",\"@id\":\"https:\\\/\\\/partsandpieces.nl\\\/#website\",\"url\":\"https:\\\/\\\/partsandpieces.nl\\\/\",\"name\":\"Parts &amp; Pieces\",\"description\":\"Alles voor uw meubelrestauratie en -onderhoud!\",\"potentialAction\":[{\"@type\":\"SearchAction\",\"target\":{\"@type\":\"EntryPoint\",\"urlTemplate\":\"https:\\\/\\\/partsandpieces.nl\\\/?s={search_term_string}\"},\"query-input\":{\"@type\":\"PropertyValueSpecification\",\"valueRequired\":true,\"valueName\":\"search_term_string\"}}],\"inLanguage\":\"de\"}]}<\/script>\n<!-- \/ Yoast SEO plugin. -->","yoast_head_json":{"title":"Schellackl\u00f6sungsmittel von Borma Wachs","description":"Shellac Solvent von Borma Wachs ist ein L\u00f6sungsmittel speziell f\u00fcr Schellack mit hoher L\u00f6sekraft. Es trocknet schnell und altert nicht.","robots":{"index":"index","follow":"follow","max-snippet":"max-snippet:-1","max-image-preview":"max-image-preview:large","max-video-preview":"max-video-preview:-1"},"canonical":"https:\/\/partsandpieces.nl\/de\/produkt\/bormawachs-schellack-99-losungsmittel-fur-schellack-99\/","og_locale":"de_DE","og_type":"article","og_title":"Schellak oplosmiddel van Borma Wachs","og_description":"Schellak oplosmiddel van Borma Wachs is een oplosmiddel speciaal voor schellak met een hoog oplossend vermogen. Het is sneldrogend en vergrijst niet.","og_url":"https:\/\/partsandpieces.nl\/de\/produkt\/bormawachs-schellack-99-losungsmittel-fur-schellack-99\/","og_site_name":"Parts &amp; Pieces","article_modified_time":"2026-04-22T13:08:20+00:00","og_image":[{"width":600,"height":600,"url":"https:\/\/partsandpieces.nl\/wp-content\/uploads\/2022\/09\/alcohol_shellac99.jpg","type":"image\/jpeg"}],"twitter_card":"summary_large_image","twitter_misc":{"Gesch\u00e4tzte Lesezeit":"1\u00a0Minute"},"schema":{"@context":"https:\/\/schema.org","@graph":[{"@type":"WebPage","@id":"https:\/\/partsandpieces.nl\/product\/borma-wachs-schellak-99-oplosmiddel-voor-schellak-99\/","url":"https:\/\/partsandpieces.nl\/product\/borma-wachs-schellak-99-oplosmiddel-voor-schellak-99\/","name":"Schellackl\u00f6sungsmittel von Borma Wachs","isPartOf":{"@id":"https:\/\/partsandpieces.nl\/#website"},"primaryImageOfPage":{"@id":"https:\/\/partsandpieces.nl\/product\/borma-wachs-schellak-99-oplosmiddel-voor-schellak-99\/#primaryimage"},"image":{"@id":"https:\/\/partsandpieces.nl\/product\/borma-wachs-schellak-99-oplosmiddel-voor-schellak-99\/#primaryimage"},"thumbnailUrl":"https:\/\/partsandpieces.nl\/wp-content\/uploads\/2022\/09\/alcohol_shellac99.jpg","datePublished":"2020-05-25T16:07:59+00:00","dateModified":"2026-04-22T13:08:20+00:00","description":"Shellac Solvent von Borma Wachs ist ein L\u00f6sungsmittel speziell f\u00fcr Schellack mit hoher L\u00f6sekraft. Es trocknet schnell und altert nicht.","breadcrumb":{"@id":"https:\/\/partsandpieces.nl\/product\/borma-wachs-schellak-99-oplosmiddel-voor-schellak-99\/#breadcrumb"},"inLanguage":"de","potentialAction":[{"@type":"ReadAction","target":["https:\/\/partsandpieces.nl\/product\/borma-wachs-schellak-99-oplosmiddel-voor-schellak-99\/"]}]},{"@type":"ImageObject","inLanguage":"de","@id":"https:\/\/partsandpieces.nl\/product\/borma-wachs-schellak-99-oplosmiddel-voor-schellak-99\/#primaryimage","url":"https:\/\/partsandpieces.nl\/wp-content\/uploads\/2022\/09\/alcohol_shellac99.jpg","contentUrl":"https:\/\/partsandpieces.nl\/wp-content\/uploads\/2022\/09\/alcohol_shellac99.jpg","width":600,"height":600},{"@type":"BreadcrumbList","@id":"https:\/\/partsandpieces.nl\/product\/borma-wachs-schellak-99-oplosmiddel-voor-schellak-99\/#breadcrumb","itemListElement":[{"@type":"ListItem","position":1,"name":"Home","item":"https:\/\/partsandpieces.nl\/home\/"},{"@type":"ListItem","position":2,"name":"Winkel","item":"https:\/\/partsandpieces.nl\/winkel\/"},{"@type":"ListItem","position":3,"name":"Borma Wachs Schellak 99 oplosmiddel voor schellak 99% 1 liter"}]},{"@type":"WebSite","@id":"https:\/\/partsandpieces.nl\/#website","url":"https:\/\/partsandpieces.nl\/","name":"Teile &amp; St\u00fccke","description":"Alles f\u00fcr Ihre M\u00f6belrestaurierung und -pflege!","potentialAction":[{"@type":"SearchAction","target":{"@type":"EntryPoint","urlTemplate":"https:\/\/partsandpieces.nl\/?s={search_term_string}"},"query-input":{"@type":"PropertyValueSpecification","valueRequired":true,"valueName":"search_term_string"}}],"inLanguage":"de"}]}},"_links":{"self":[{"href":"https:\/\/partsandpieces.nl\/de\/wp-json\/wp\/v2\/product\/165","targetHints":{"allow":["GET"]}}],"collection":[{"href":"https:\/\/partsandpieces.nl\/de\/wp-json\/wp\/v2\/product"}],"about":[{"href":"https:\/\/partsandpieces.nl\/de\/wp-json\/wp\/v2\/types\/product"}],"wp:featuredmedia":[{"embeddable":true,"href":"https:\/\/partsandpieces.nl\/de\/wp-json\/wp\/v2\/media\/82"}],"wp:attachment":[{"href":"https:\/\/partsandpieces.nl\/de\/wp-json\/wp\/v2\/media?parent=165"}],"wp:term":[{"taxonomy":"product_brand","embeddable":true,"href":"https:\/\/partsandpieces.nl\/de\/wp-json\/wp\/v2\/product_brand?post=165"},{"taxonomy":"product_cat","embeddable":true,"href":"https:\/\/partsandpieces.nl\/de\/wp-json\/wp\/v2\/product_cat?post=165"},{"taxonomy":"product_tag","embeddable":true,"href":"https:\/\/partsandpieces.nl\/de\/wp-json\/wp\/v2\/product_tag?post=165"}],"curies":[{"name":"wp","href":"https:\/\/api.w.org\/{rel}","templated":true}]}}