{"id":1661,"date":"2020-08-11T08:33:29","date_gmt":"2020-08-11T06:33:29","guid":{"rendered":"https:\/\/partsandpieces.bonsaidev.nl\/?product=druk-slot-voor-greeploos-35x27-mm"},"modified":"2026-04-06T20:20:11","modified_gmt":"2026-04-06T18:20:11","slug":"mini-riegel-schnappverschluss-weis-vernickelt","status":"publish","type":"product","link":"https:\/\/partsandpieces.nl\/de\/product\/mini-latch-druksnapper-vernikkeld-wit\/","title":{"rendered":"Mini-Riegel Druckverschluss vernickelt \/ wei\u00df"},"content":{"rendered":"<p><strong>Mini-Riegel Druckverschluss vernickelt \/ wei\u00df<\/strong> ist ein aufschraubbarer Druckverschluss zur Montage am Schrank im Schrank. Dieser Druckschnapper ist sehr kompakt und f\u00fcr leichtere Anwendungen geeignet. Der Verschluss besteht aus vernickeltem Stahl mit einer wei\u00dfen Kunststoffinnenseite. Der Anschlag besteht aus wei\u00dfem Kunststoff.<\/p>\n<p>Dieser hochwertige Druckschnapper wird in Italien hergestellt.<\/p>\n<p><strong>Ma\u00dfe<\/strong><br \/>\nDer Verschluss ist 34 mm breit, 28 mm hoch und 11 mm tief.<\/p>\n<p><strong>Bearbeiten<br \/>\n<\/strong>Das ben\u00f6tigte Montagematerial sende ich mit Ihrer Bestellung mit.<\/p>","protected":false},"excerpt":{"rendered":"<p>Mini-latch Druksnapper vernikkeld \/ wit is een opschroefbare druksluiting om in de kast te bevestigen op corpus. Deze druksnapper is zeer compact en geschikt voor lichtere toepassingen. De sluiting is gemaakt van vernikkeld staal met een wit kunststof binnenwerk. De aanslag is gemaakt van wit kunststof. Deze kwalitatief uitstekende druksnapper is gemaakt in Itali\u00eb. Afmetingen [&hellip;]<\/p>\n","protected":false},"featured_media":9792,"template":"","meta":{"_acf_changed":false},"product_brand":[],"product_cat":[23,50],"product_tag":[],"class_list":{"0":"post-1661","1":"product","2":"type-product","3":"status-publish","4":"has-post-thumbnail","6":"product_cat-meubelbeslag","7":"product_cat-sloten","9":"first","10":"instock","11":"taxable","12":"shipping-taxable","13":"purchasable","14":"product-type-simple"},"acf":[],"yoast_head":"<!-- This site is optimized with the Yoast SEO plugin v27.3 - https:\/\/yoast.com\/product\/yoast-seo-wordpress\/ -->\n<title>Mini-latch Druksnapper vernikkeld<\/title>\n<meta name=\"description\" content=\"Mini-latch Druksnapper vernikkeld \/ wit is een opschroefbare druksluiting. Is zeer compact en geschikt voor lichtere toepassingen.\" \/>\n<meta name=\"robots\" content=\"index, follow, max-snippet:-1, max-image-preview:large, max-video-preview:-1\" \/>\n<link rel=\"canonical\" href=\"https:\/\/partsandpieces.nl\/de\/produkt\/mini-riegel-schnappverschluss-weis-vernickelt\/\" \/>\n<meta property=\"og:locale\" content=\"de_DE\" \/>\n<meta property=\"og:type\" content=\"article\" \/>\n<meta property=\"og:title\" content=\"Mini-latch Druksnapper vernikkeld\" \/>\n<meta property=\"og:description\" content=\"Mini-latch Druksnapper vernikkeld \/ wit is een opschroefbare druksluiting. Is zeer compact en geschikt voor lichtere toepassingen.\" \/>\n<meta property=\"og:url\" content=\"https:\/\/partsandpieces.nl\/de\/produkt\/mini-riegel-schnappverschluss-weis-vernickelt\/\" \/>\n<meta property=\"og:site_name\" content=\"Parts &amp; Pieces\" \/>\n<meta property=\"article:modified_time\" content=\"2026-04-06T18:20:11+00:00\" \/>\n<meta property=\"og:image\" content=\"https:\/\/partsandpieces.nl\/wp-content\/uploads\/2020\/08\/Mini-latch-Druksnapper-vernikkeld-wit-nieuw.jpg\" \/>\n\t<meta property=\"og:image:width\" content=\"469\" \/>\n\t<meta property=\"og:image:height\" content=\"466\" \/>\n\t<meta property=\"og:image:type\" content=\"image\/jpeg\" \/>\n<meta name=\"twitter:card\" content=\"summary_large_image\" \/>\n<meta name=\"twitter:label1\" content=\"Gesch\u00e4tzte Lesezeit\" \/>\n\t<meta name=\"twitter:data1\" content=\"1\u00a0Minute\" \/>\n<script type=\"application\/ld+json\" class=\"yoast-schema-graph\">{\"@context\":\"https:\\\/\\\/schema.org\",\"@graph\":[{\"@type\":\"WebPage\",\"@id\":\"https:\\\/\\\/partsandpieces.nl\\\/product\\\/mini-latch-druksnapper-vernikkeld-wit\\\/\",\"url\":\"https:\\\/\\\/partsandpieces.nl\\\/product\\\/mini-latch-druksnapper-vernikkeld-wit\\\/\",\"name\":\"Mini-latch Druksnapper vernikkeld\",\"isPartOf\":{\"@id\":\"https:\\\/\\\/partsandpieces.nl\\\/#website\"},\"primaryImageOfPage\":{\"@id\":\"https:\\\/\\\/partsandpieces.nl\\\/product\\\/mini-latch-druksnapper-vernikkeld-wit\\\/#primaryimage\"},\"image\":{\"@id\":\"https:\\\/\\\/partsandpieces.nl\\\/product\\\/mini-latch-druksnapper-vernikkeld-wit\\\/#primaryimage\"},\"thumbnailUrl\":\"https:\\\/\\\/partsandpieces.nl\\\/wp-content\\\/uploads\\\/2020\\\/08\\\/Mini-latch-Druksnapper-vernikkeld-wit-nieuw.jpg\",\"datePublished\":\"2020-08-11T06:33:29+00:00\",\"dateModified\":\"2026-04-06T18:20:11+00:00\",\"description\":\"Mini-latch Druksnapper vernikkeld \\\/ wit is een opschroefbare druksluiting. Is zeer compact en geschikt voor lichtere toepassingen.\",\"breadcrumb\":{\"@id\":\"https:\\\/\\\/partsandpieces.nl\\\/product\\\/mini-latch-druksnapper-vernikkeld-wit\\\/#breadcrumb\"},\"inLanguage\":\"de\",\"potentialAction\":[{\"@type\":\"ReadAction\",\"target\":[\"https:\\\/\\\/partsandpieces.nl\\\/product\\\/mini-latch-druksnapper-vernikkeld-wit\\\/\"]}]},{\"@type\":\"ImageObject\",\"inLanguage\":\"de\",\"@id\":\"https:\\\/\\\/partsandpieces.nl\\\/product\\\/mini-latch-druksnapper-vernikkeld-wit\\\/#primaryimage\",\"url\":\"https:\\\/\\\/partsandpieces.nl\\\/wp-content\\\/uploads\\\/2020\\\/08\\\/Mini-latch-Druksnapper-vernikkeld-wit-nieuw.jpg\",\"contentUrl\":\"https:\\\/\\\/partsandpieces.nl\\\/wp-content\\\/uploads\\\/2020\\\/08\\\/Mini-latch-Druksnapper-vernikkeld-wit-nieuw.jpg\",\"width\":469,\"height\":466,\"caption\":\"Mini-latch Druksnapper vernikkeld \\\/ wit\"},{\"@type\":\"BreadcrumbList\",\"@id\":\"https:\\\/\\\/partsandpieces.nl\\\/product\\\/mini-latch-druksnapper-vernikkeld-wit\\\/#breadcrumb\",\"itemListElement\":[{\"@type\":\"ListItem\",\"position\":1,\"name\":\"Home\",\"item\":\"https:\\\/\\\/partsandpieces.nl\\\/home\\\/\"},{\"@type\":\"ListItem\",\"position\":2,\"name\":\"Winkel\",\"item\":\"https:\\\/\\\/partsandpieces.nl\\\/winkel\\\/\"},{\"@type\":\"ListItem\",\"position\":3,\"name\":\"Mini-latch Druksnapper vernikkeld \\\/ wit\"}]},{\"@type\":\"WebSite\",\"@id\":\"https:\\\/\\\/partsandpieces.nl\\\/#website\",\"url\":\"https:\\\/\\\/partsandpieces.nl\\\/\",\"name\":\"Parts &amp; Pieces\",\"description\":\"Alles voor uw meubelrestauratie en -onderhoud!\",\"potentialAction\":[{\"@type\":\"SearchAction\",\"target\":{\"@type\":\"EntryPoint\",\"urlTemplate\":\"https:\\\/\\\/partsandpieces.nl\\\/?s={search_term_string}\"},\"query-input\":{\"@type\":\"PropertyValueSpecification\",\"valueRequired\":true,\"valueName\":\"search_term_string\"}}],\"inLanguage\":\"de\"}]}<\/script>\n<!-- \/ Yoast SEO plugin. -->","yoast_head_json":{"title":"Mini-Riegel Druckverschluss vernickelt","description":"Mini-Latch Druckverschluss vernickelt \/ wei\u00df ist ein aufschraubbarer Druckverschluss. Ist sehr kompakt und f\u00fcr leichtere Anwendungen geeignet.","robots":{"index":"index","follow":"follow","max-snippet":"max-snippet:-1","max-image-preview":"max-image-preview:large","max-video-preview":"max-video-preview:-1"},"canonical":"https:\/\/partsandpieces.nl\/de\/produkt\/mini-riegel-schnappverschluss-weis-vernickelt\/","og_locale":"de_DE","og_type":"article","og_title":"Mini-latch Druksnapper vernikkeld","og_description":"Mini-latch Druksnapper vernikkeld \/ wit is een opschroefbare druksluiting. Is zeer compact en geschikt voor lichtere toepassingen.","og_url":"https:\/\/partsandpieces.nl\/de\/produkt\/mini-riegel-schnappverschluss-weis-vernickelt\/","og_site_name":"Parts &amp; Pieces","article_modified_time":"2026-04-06T18:20:11+00:00","og_image":[{"width":469,"height":466,"url":"https:\/\/partsandpieces.nl\/wp-content\/uploads\/2020\/08\/Mini-latch-Druksnapper-vernikkeld-wit-nieuw.jpg","type":"image\/jpeg"}],"twitter_card":"summary_large_image","twitter_misc":{"Gesch\u00e4tzte Lesezeit":"1\u00a0Minute"},"schema":{"@context":"https:\/\/schema.org","@graph":[{"@type":"WebPage","@id":"https:\/\/partsandpieces.nl\/product\/mini-latch-druksnapper-vernikkeld-wit\/","url":"https:\/\/partsandpieces.nl\/product\/mini-latch-druksnapper-vernikkeld-wit\/","name":"Mini-Riegel Druckverschluss vernickelt","isPartOf":{"@id":"https:\/\/partsandpieces.nl\/#website"},"primaryImageOfPage":{"@id":"https:\/\/partsandpieces.nl\/product\/mini-latch-druksnapper-vernikkeld-wit\/#primaryimage"},"image":{"@id":"https:\/\/partsandpieces.nl\/product\/mini-latch-druksnapper-vernikkeld-wit\/#primaryimage"},"thumbnailUrl":"https:\/\/partsandpieces.nl\/wp-content\/uploads\/2020\/08\/Mini-latch-Druksnapper-vernikkeld-wit-nieuw.jpg","datePublished":"2020-08-11T06:33:29+00:00","dateModified":"2026-04-06T18:20:11+00:00","description":"Mini-Latch Druckverschluss vernickelt \/ wei\u00df ist ein aufschraubbarer Druckverschluss. Ist sehr kompakt und f\u00fcr leichtere Anwendungen geeignet.","breadcrumb":{"@id":"https:\/\/partsandpieces.nl\/product\/mini-latch-druksnapper-vernikkeld-wit\/#breadcrumb"},"inLanguage":"de","potentialAction":[{"@type":"ReadAction","target":["https:\/\/partsandpieces.nl\/product\/mini-latch-druksnapper-vernikkeld-wit\/"]}]},{"@type":"ImageObject","inLanguage":"de","@id":"https:\/\/partsandpieces.nl\/product\/mini-latch-druksnapper-vernikkeld-wit\/#primaryimage","url":"https:\/\/partsandpieces.nl\/wp-content\/uploads\/2020\/08\/Mini-latch-Druksnapper-vernikkeld-wit-nieuw.jpg","contentUrl":"https:\/\/partsandpieces.nl\/wp-content\/uploads\/2020\/08\/Mini-latch-Druksnapper-vernikkeld-wit-nieuw.jpg","width":469,"height":466,"caption":"Mini-latch Druksnapper vernikkeld \/ wit"},{"@type":"BreadcrumbList","@id":"https:\/\/partsandpieces.nl\/product\/mini-latch-druksnapper-vernikkeld-wit\/#breadcrumb","itemListElement":[{"@type":"ListItem","position":1,"name":"Home","item":"https:\/\/partsandpieces.nl\/home\/"},{"@type":"ListItem","position":2,"name":"Winkel","item":"https:\/\/partsandpieces.nl\/winkel\/"},{"@type":"ListItem","position":3,"name":"Mini-latch Druksnapper vernikkeld \/ wit"}]},{"@type":"WebSite","@id":"https:\/\/partsandpieces.nl\/#website","url":"https:\/\/partsandpieces.nl\/","name":"Teile &amp; St\u00fccke","description":"Alles f\u00fcr Ihre M\u00f6belrestaurierung und -pflege!","potentialAction":[{"@type":"SearchAction","target":{"@type":"EntryPoint","urlTemplate":"https:\/\/partsandpieces.nl\/?s={search_term_string}"},"query-input":{"@type":"PropertyValueSpecification","valueRequired":true,"valueName":"search_term_string"}}],"inLanguage":"de"}]}},"_links":{"self":[{"href":"https:\/\/partsandpieces.nl\/de\/wp-json\/wp\/v2\/product\/1661","targetHints":{"allow":["GET"]}}],"collection":[{"href":"https:\/\/partsandpieces.nl\/de\/wp-json\/wp\/v2\/product"}],"about":[{"href":"https:\/\/partsandpieces.nl\/de\/wp-json\/wp\/v2\/types\/product"}],"wp:featuredmedia":[{"embeddable":true,"href":"https:\/\/partsandpieces.nl\/de\/wp-json\/wp\/v2\/media\/9792"}],"wp:attachment":[{"href":"https:\/\/partsandpieces.nl\/de\/wp-json\/wp\/v2\/media?parent=1661"}],"wp:term":[{"taxonomy":"product_brand","embeddable":true,"href":"https:\/\/partsandpieces.nl\/de\/wp-json\/wp\/v2\/product_brand?post=1661"},{"taxonomy":"product_cat","embeddable":true,"href":"https:\/\/partsandpieces.nl\/de\/wp-json\/wp\/v2\/product_cat?post=1661"},{"taxonomy":"product_tag","embeddable":true,"href":"https:\/\/partsandpieces.nl\/de\/wp-json\/wp\/v2\/product_tag?post=1661"}],"curies":[{"name":"wp","href":"https:\/\/api.w.org\/{rel}","templated":true}]}}