{"id":1667,"date":"2020-08-11T08:39:41","date_gmt":"2020-08-11T06:39:41","guid":{"rendered":"https:\/\/partsandpieces.bonsaidev.nl\/?product=inst-slot-rolbureau-rechts25-mm-sl-afst"},"modified":"2026-03-09T12:14:22","modified_gmt":"2026-03-09T11:14:22","slug":"einsteckschloss-fur-rolltor-oder-schiebetur-rechtsgangig-mit-haken-25mm","status":"publish","type":"product","link":"https:\/\/partsandpieces.nl\/de\/product\/insteekslot-voor-roldeur-of-schuifdeur-rechtsdraaiend-met-haak-25mm\/","title":{"rendered":"Einsteckschloss f\u00fcr Rolltor oder Schiebet\u00fcr, rechtsg\u00e4ngig mit Haken 25mm"},"content":{"rendered":"<p><strong>Einsteckschloss f\u00fcr Rolltor oder Schiebet\u00fcr, rechtsg\u00e4ngig mit Haken 25mm<\/strong> ist ein Schloss f\u00fcr Ihr Rolltor, Ihre Schiebet\u00fcr oder Ihren Schreibtisch. Es ist f\u00fcr rechte T\u00fcren geeignet. Das Schloss besteht aus Eisen und die Abdeckplatten haben eine gl\u00e4nzende Messingoberfl\u00e4che.<\/p>\n<p>Ich liefere das Schloss inklusive Schlie\u00dfblech, jedoch ohne Schl\u00fcssel. Ein passender Schl\u00fcssel sollte am Ende einen kleinen Bart und ein Loch haben. Du kannst beispielsweise aus meinem Schl\u00fcsselsortiment ausw\u00e4hlen und einen bestellen: <strong><span style=\"text-decoration: underline;\"><a href=\"https:\/\/partsandpieces.nl\/de\/produktkategorie-2\/mobelbeschlage\/antike-schlussel\/\">antike Schl\u00fcssel<\/a><\/span><\/strong><\/p>\n<p>Dieses hochwertige Einsteckschloss wird in Italien hergestellt.<\/p>\n<p><strong>Ma\u00dfe<br \/>\n<\/strong>Einsteckschloss f\u00fcr Rollt\u00fcr oder Schiebet\u00fcr. Rechtsh\u00e4ndig mit Haken 25 mm, hat einen Abstand von der Mitte des Schl\u00fcssellochs bis zum Rand des Schlosses von 25 mm. Die Abmessungen der Abdeckplatte betragen 14mmx68mm. Die Tiefe des kompletten Schlosses betr\u00e4gt 42mm.<\/p>","protected":false},"excerpt":{"rendered":"<p>Insteekslot voor roldeur of schuifdeur Rechtsdraaiend met haak 25mm is een slot voor je roldeur, schuifdeur of bureau. Het is geschikt voor rechtsdraaiende deuren. Het slot is gemaakt van ijzer en de afdekplaatjes hebben een glanzende messing finish. Het slot lever ik inclusief het sluitplaatje, maar zonder sleutel. Een bijpassende sleutel dient een kleine baard [&hellip;]<\/p>\n","protected":false},"featured_media":7479,"template":"","meta":{"_acf_changed":false},"product_brand":[],"product_cat":[23,50],"product_tag":[],"class_list":{"0":"post-1667","1":"product","2":"type-product","3":"status-publish","4":"has-post-thumbnail","6":"product_cat-meubelbeslag","7":"product_cat-sloten","9":"first","10":"instock","11":"taxable","12":"shipping-taxable","13":"purchasable","14":"product-type-simple"},"acf":[],"yoast_head":"<!-- This site is optimized with the Yoast SEO plugin v27.3 - https:\/\/yoast.com\/product\/yoast-seo-wordpress\/ -->\n<title>Insteekslot voor roldeur Rechts 25mm<\/title>\n<meta name=\"description\" content=\"Insteekslot voor rol- of schuifdeur Rechtsdraaiend met haak 25mm is een slot voor je roldeur, schuifdeur of bureau. Geschikt voor rechtsdraaiende deuren.\" \/>\n<meta name=\"robots\" content=\"index, follow, max-snippet:-1, max-image-preview:large, max-video-preview:-1\" \/>\n<link rel=\"canonical\" href=\"https:\/\/partsandpieces.nl\/de\/produkt\/einsteckschloss-fur-rolltor-oder-schiebetur-rechtsgangig-mit-haken-25mm\/\" \/>\n<meta property=\"og:locale\" content=\"de_DE\" \/>\n<meta property=\"og:type\" content=\"article\" \/>\n<meta property=\"og:title\" content=\"Insteekslot voor roldeur Rechts 25mm\" \/>\n<meta property=\"og:description\" content=\"Insteekslot voor rol- of schuifdeur Rechtsdraaiend met haak 25mm is een slot voor je roldeur, schuifdeur of bureau. Geschikt voor rechtsdraaiende deuren.\" \/>\n<meta property=\"og:url\" content=\"https:\/\/partsandpieces.nl\/de\/produkt\/einsteckschloss-fur-rolltor-oder-schiebetur-rechtsgangig-mit-haken-25mm\/\" \/>\n<meta property=\"og:site_name\" content=\"Parts &amp; Pieces\" \/>\n<meta property=\"article:modified_time\" content=\"2026-03-09T11:14:22+00:00\" \/>\n<meta property=\"og:image\" content=\"https:\/\/partsandpieces.nl\/wp-content\/uploads\/2020\/08\/Insteekslot-voor-roldeur-of-schuifdeur-Rechtsdraaiend-met-haak-25mm.jpg\" \/>\n\t<meta property=\"og:image:width\" content=\"371\" \/>\n\t<meta property=\"og:image:height\" content=\"370\" \/>\n\t<meta property=\"og:image:type\" content=\"image\/jpeg\" \/>\n<meta name=\"twitter:card\" content=\"summary_large_image\" \/>\n<meta name=\"twitter:label1\" content=\"Gesch\u00e4tzte Lesezeit\" \/>\n\t<meta name=\"twitter:data1\" content=\"1\u00a0Minute\" \/>\n<script type=\"application\/ld+json\" class=\"yoast-schema-graph\">{\"@context\":\"https:\\\/\\\/schema.org\",\"@graph\":[{\"@type\":\"WebPage\",\"@id\":\"https:\\\/\\\/partsandpieces.nl\\\/product\\\/insteekslot-voor-roldeur-of-schuifdeur-rechtsdraaiend-met-haak-25mm\\\/\",\"url\":\"https:\\\/\\\/partsandpieces.nl\\\/product\\\/insteekslot-voor-roldeur-of-schuifdeur-rechtsdraaiend-met-haak-25mm\\\/\",\"name\":\"Insteekslot voor roldeur Rechts 25mm\",\"isPartOf\":{\"@id\":\"https:\\\/\\\/partsandpieces.nl\\\/#website\"},\"primaryImageOfPage\":{\"@id\":\"https:\\\/\\\/partsandpieces.nl\\\/product\\\/insteekslot-voor-roldeur-of-schuifdeur-rechtsdraaiend-met-haak-25mm\\\/#primaryimage\"},\"image\":{\"@id\":\"https:\\\/\\\/partsandpieces.nl\\\/product\\\/insteekslot-voor-roldeur-of-schuifdeur-rechtsdraaiend-met-haak-25mm\\\/#primaryimage\"},\"thumbnailUrl\":\"https:\\\/\\\/partsandpieces.nl\\\/wp-content\\\/uploads\\\/2020\\\/08\\\/Insteekslot-voor-roldeur-of-schuifdeur-Rechtsdraaiend-met-haak-25mm.jpg\",\"datePublished\":\"2020-08-11T06:39:41+00:00\",\"dateModified\":\"2026-03-09T11:14:22+00:00\",\"description\":\"Insteekslot voor rol- of schuifdeur Rechtsdraaiend met haak 25mm is een slot voor je roldeur, schuifdeur of bureau. Geschikt voor rechtsdraaiende deuren.\",\"breadcrumb\":{\"@id\":\"https:\\\/\\\/partsandpieces.nl\\\/product\\\/insteekslot-voor-roldeur-of-schuifdeur-rechtsdraaiend-met-haak-25mm\\\/#breadcrumb\"},\"inLanguage\":\"de\",\"potentialAction\":[{\"@type\":\"ReadAction\",\"target\":[\"https:\\\/\\\/partsandpieces.nl\\\/product\\\/insteekslot-voor-roldeur-of-schuifdeur-rechtsdraaiend-met-haak-25mm\\\/\"]}]},{\"@type\":\"ImageObject\",\"inLanguage\":\"de\",\"@id\":\"https:\\\/\\\/partsandpieces.nl\\\/product\\\/insteekslot-voor-roldeur-of-schuifdeur-rechtsdraaiend-met-haak-25mm\\\/#primaryimage\",\"url\":\"https:\\\/\\\/partsandpieces.nl\\\/wp-content\\\/uploads\\\/2020\\\/08\\\/Insteekslot-voor-roldeur-of-schuifdeur-Rechtsdraaiend-met-haak-25mm.jpg\",\"contentUrl\":\"https:\\\/\\\/partsandpieces.nl\\\/wp-content\\\/uploads\\\/2020\\\/08\\\/Insteekslot-voor-roldeur-of-schuifdeur-Rechtsdraaiend-met-haak-25mm.jpg\",\"width\":371,\"height\":370,\"caption\":\"Insteekslot voor roldeur of schuifdeur Rechtsdraaiend met haak 25mm\"},{\"@type\":\"BreadcrumbList\",\"@id\":\"https:\\\/\\\/partsandpieces.nl\\\/product\\\/insteekslot-voor-roldeur-of-schuifdeur-rechtsdraaiend-met-haak-25mm\\\/#breadcrumb\",\"itemListElement\":[{\"@type\":\"ListItem\",\"position\":1,\"name\":\"Home\",\"item\":\"https:\\\/\\\/partsandpieces.nl\\\/home\\\/\"},{\"@type\":\"ListItem\",\"position\":2,\"name\":\"Winkel\",\"item\":\"https:\\\/\\\/partsandpieces.nl\\\/winkel\\\/\"},{\"@type\":\"ListItem\",\"position\":3,\"name\":\"Insteekslot voor roldeur of schuifdeur Rechtsdraaiend met haak 25mm\"}]},{\"@type\":\"WebSite\",\"@id\":\"https:\\\/\\\/partsandpieces.nl\\\/#website\",\"url\":\"https:\\\/\\\/partsandpieces.nl\\\/\",\"name\":\"Parts &amp; Pieces\",\"description\":\"Alles voor uw meubelrestauratie en -onderhoud!\",\"potentialAction\":[{\"@type\":\"SearchAction\",\"target\":{\"@type\":\"EntryPoint\",\"urlTemplate\":\"https:\\\/\\\/partsandpieces.nl\\\/?s={search_term_string}\"},\"query-input\":{\"@type\":\"PropertyValueSpecification\",\"valueRequired\":true,\"valueName\":\"search_term_string\"}}],\"inLanguage\":\"de\"}]}<\/script>\n<!-- \/ Yoast SEO plugin. -->","yoast_head_json":{"title":"Einsteckschloss f\u00fcr Rolltor rechts 25mm","description":"Einsteckschloss f\u00fcr Roll- oder Schiebet\u00fcren Rechtsh\u00e4nder mit Haken 25 mm ist ein Schloss f\u00fcr Ihre Rollt\u00fcr, Schiebet\u00fcr oder Ihren Schreibtisch. Geeignet f\u00fcr rechtsh\u00e4ndige T\u00fcren.","robots":{"index":"index","follow":"follow","max-snippet":"max-snippet:-1","max-image-preview":"max-image-preview:large","max-video-preview":"max-video-preview:-1"},"canonical":"https:\/\/partsandpieces.nl\/de\/produkt\/einsteckschloss-fur-rolltor-oder-schiebetur-rechtsgangig-mit-haken-25mm\/","og_locale":"de_DE","og_type":"article","og_title":"Insteekslot voor roldeur Rechts 25mm","og_description":"Insteekslot voor rol- of schuifdeur Rechtsdraaiend met haak 25mm is een slot voor je roldeur, schuifdeur of bureau. Geschikt voor rechtsdraaiende deuren.","og_url":"https:\/\/partsandpieces.nl\/de\/produkt\/einsteckschloss-fur-rolltor-oder-schiebetur-rechtsgangig-mit-haken-25mm\/","og_site_name":"Parts &amp; Pieces","article_modified_time":"2026-03-09T11:14:22+00:00","og_image":[{"width":371,"height":370,"url":"https:\/\/partsandpieces.nl\/wp-content\/uploads\/2020\/08\/Insteekslot-voor-roldeur-of-schuifdeur-Rechtsdraaiend-met-haak-25mm.jpg","type":"image\/jpeg"}],"twitter_card":"summary_large_image","twitter_misc":{"Gesch\u00e4tzte Lesezeit":"1\u00a0Minute"},"schema":{"@context":"https:\/\/schema.org","@graph":[{"@type":"WebPage","@id":"https:\/\/partsandpieces.nl\/product\/insteekslot-voor-roldeur-of-schuifdeur-rechtsdraaiend-met-haak-25mm\/","url":"https:\/\/partsandpieces.nl\/product\/insteekslot-voor-roldeur-of-schuifdeur-rechtsdraaiend-met-haak-25mm\/","name":"Einsteckschloss f\u00fcr Rolltor rechts 25mm","isPartOf":{"@id":"https:\/\/partsandpieces.nl\/#website"},"primaryImageOfPage":{"@id":"https:\/\/partsandpieces.nl\/product\/insteekslot-voor-roldeur-of-schuifdeur-rechtsdraaiend-met-haak-25mm\/#primaryimage"},"image":{"@id":"https:\/\/partsandpieces.nl\/product\/insteekslot-voor-roldeur-of-schuifdeur-rechtsdraaiend-met-haak-25mm\/#primaryimage"},"thumbnailUrl":"https:\/\/partsandpieces.nl\/wp-content\/uploads\/2020\/08\/Insteekslot-voor-roldeur-of-schuifdeur-Rechtsdraaiend-met-haak-25mm.jpg","datePublished":"2020-08-11T06:39:41+00:00","dateModified":"2026-03-09T11:14:22+00:00","description":"Einsteckschloss f\u00fcr Roll- oder Schiebet\u00fcren Rechtsh\u00e4nder mit Haken 25 mm ist ein Schloss f\u00fcr Ihre Rollt\u00fcr, Schiebet\u00fcr oder Ihren Schreibtisch. Geeignet f\u00fcr rechtsh\u00e4ndige T\u00fcren.","breadcrumb":{"@id":"https:\/\/partsandpieces.nl\/product\/insteekslot-voor-roldeur-of-schuifdeur-rechtsdraaiend-met-haak-25mm\/#breadcrumb"},"inLanguage":"de","potentialAction":[{"@type":"ReadAction","target":["https:\/\/partsandpieces.nl\/product\/insteekslot-voor-roldeur-of-schuifdeur-rechtsdraaiend-met-haak-25mm\/"]}]},{"@type":"ImageObject","inLanguage":"de","@id":"https:\/\/partsandpieces.nl\/product\/insteekslot-voor-roldeur-of-schuifdeur-rechtsdraaiend-met-haak-25mm\/#primaryimage","url":"https:\/\/partsandpieces.nl\/wp-content\/uploads\/2020\/08\/Insteekslot-voor-roldeur-of-schuifdeur-Rechtsdraaiend-met-haak-25mm.jpg","contentUrl":"https:\/\/partsandpieces.nl\/wp-content\/uploads\/2020\/08\/Insteekslot-voor-roldeur-of-schuifdeur-Rechtsdraaiend-met-haak-25mm.jpg","width":371,"height":370,"caption":"Insteekslot voor roldeur of schuifdeur Rechtsdraaiend met haak 25mm"},{"@type":"BreadcrumbList","@id":"https:\/\/partsandpieces.nl\/product\/insteekslot-voor-roldeur-of-schuifdeur-rechtsdraaiend-met-haak-25mm\/#breadcrumb","itemListElement":[{"@type":"ListItem","position":1,"name":"Home","item":"https:\/\/partsandpieces.nl\/home\/"},{"@type":"ListItem","position":2,"name":"Winkel","item":"https:\/\/partsandpieces.nl\/winkel\/"},{"@type":"ListItem","position":3,"name":"Insteekslot voor roldeur of schuifdeur Rechtsdraaiend met haak 25mm"}]},{"@type":"WebSite","@id":"https:\/\/partsandpieces.nl\/#website","url":"https:\/\/partsandpieces.nl\/","name":"Teile &amp; St\u00fccke","description":"Alles f\u00fcr Ihre M\u00f6belrestaurierung und -pflege!","potentialAction":[{"@type":"SearchAction","target":{"@type":"EntryPoint","urlTemplate":"https:\/\/partsandpieces.nl\/?s={search_term_string}"},"query-input":{"@type":"PropertyValueSpecification","valueRequired":true,"valueName":"search_term_string"}}],"inLanguage":"de"}]}},"_links":{"self":[{"href":"https:\/\/partsandpieces.nl\/de\/wp-json\/wp\/v2\/product\/1667","targetHints":{"allow":["GET"]}}],"collection":[{"href":"https:\/\/partsandpieces.nl\/de\/wp-json\/wp\/v2\/product"}],"about":[{"href":"https:\/\/partsandpieces.nl\/de\/wp-json\/wp\/v2\/types\/product"}],"wp:featuredmedia":[{"embeddable":true,"href":"https:\/\/partsandpieces.nl\/de\/wp-json\/wp\/v2\/media\/7479"}],"wp:attachment":[{"href":"https:\/\/partsandpieces.nl\/de\/wp-json\/wp\/v2\/media?parent=1667"}],"wp:term":[{"taxonomy":"product_brand","embeddable":true,"href":"https:\/\/partsandpieces.nl\/de\/wp-json\/wp\/v2\/product_brand?post=1667"},{"taxonomy":"product_cat","embeddable":true,"href":"https:\/\/partsandpieces.nl\/de\/wp-json\/wp\/v2\/product_cat?post=1667"},{"taxonomy":"product_tag","embeddable":true,"href":"https:\/\/partsandpieces.nl\/de\/wp-json\/wp\/v2\/product_tag?post=1667"}],"curies":[{"name":"wp","href":"https:\/\/api.w.org\/{rel}","templated":true}]}}