{"id":1669,"date":"2020-08-11T08:43:35","date_gmt":"2020-08-11T08:43:35","guid":{"rendered":"https:\/\/partsandpieces.bonsaidev.nl\/?product=rooster-ger-bol-doorsnede-120-mm"},"modified":"2026-01-22T15:57:12","modified_gmt":"2026-01-22T14:57:12","slug":"speckgitterrost-eisenrost-kugel-120-mm","status":"publish","type":"product","link":"https:\/\/partsandpieces.nl\/de\/product\/spekkast-rooster-ijzer-roest-bol-120mm\/","title":{"rendered":"Speckschrank-Gitter, Eisen, Rost, Kugel, 120 mm"},"content":{"rendered":"<p><strong>Speckschrank-Gitter, Eisen, Rost, Kugel, 120 mm<\/strong> ist ein kugelf\u00f6rmiges Gitter, das fr\u00fcher h\u00e4ufig auf sogenannten Speckschr\u00e4nken verwendet wurde. Das Gitter besteht aus Eisen mit rostiger Oberfl\u00e4che. Bitte beachten Sie: Der Rost zeigt sich!<\/p>\n<p><strong>Ma\u00dfe<\/strong><br \/>\nDie Bacon Cabinet Grid Eisen-Rostkugel 120 mm hat einen Durchmesser von 120 mm. Nach der Montage dehnt sich die Kugel etwa 30 mm aus.<\/p>\n<p><strong>Bearbeiten<\/strong><br \/>\nSie k\u00f6nnen das Gitter mit zusammenbauen <span style=\"text-decoration: underline;\"><a href=\"https:\/\/partsandpieces.nl\/de\/produkt\/schrauben-flachkopf-antik-bronze-mit-schlitz-3x12mm\/\">Schraube Rundkopf Antik Bronze mit Schlitz (3x12mm)<\/a><\/span>. Ich schicke diese Schraube <strong>FREI<\/strong> mit Ihrer Bestellung.<\/p>","protected":false},"excerpt":{"rendered":"<p>Spekkast Rooster IJzer Roest Bol 120mm is een bolvormig rooster dat vroeger vaak werd gebruikt op zogenaamde spekkasten. Het rooster is gemaakt van ijzer met een geroeste finish. Let op: de roest geeft af! Afmetingen Spekkast Rooster IJzer Roest Bol 120mm heeft een diameter van 120mm. Na montage steelt de bol ongeveer 30mm uit. Montage [&hellip;]<\/p>\n","protected":false},"featured_media":7232,"template":"","meta":{"_acf_changed":false},"product_brand":[],"product_cat":[23,51],"product_tag":[],"class_list":{"0":"post-1669","1":"product","2":"type-product","3":"status-publish","4":"has-post-thumbnail","6":"product_cat-meubelbeslag","7":"product_cat-spekkast-roosters","9":"first","10":"instock","11":"taxable","12":"shipping-taxable","13":"purchasable","14":"product-type-simple"},"acf":[],"yoast_head":"<!-- This site is optimized with the Yoast SEO plugin v27.3 - https:\/\/yoast.com\/product\/yoast-seo-wordpress\/ -->\n<title>Spekkast Rooster Bol 120mm<\/title>\n<meta name=\"description\" content=\"Spekkast Rooster IJzer Roest Bol 120mm is een bolvormig rooster dat vroeger vaak werd gebruikt op zogenaamde spekkasten. Heeft een roest finish.\" \/>\n<meta name=\"robots\" content=\"index, follow, max-snippet:-1, max-image-preview:large, max-video-preview:-1\" \/>\n<link rel=\"canonical\" href=\"https:\/\/partsandpieces.nl\/de\/produkt\/speckgitterrost-eisenrost-kugel-120-mm\/\" \/>\n<meta property=\"og:locale\" content=\"de_DE\" \/>\n<meta property=\"og:type\" content=\"article\" \/>\n<meta property=\"og:title\" content=\"Spekkast Rooster Bol 120mm\" \/>\n<meta property=\"og:description\" content=\"Spekkast Rooster IJzer Roest Bol 120mm is een bolvormig rooster dat vroeger vaak werd gebruikt op zogenaamde spekkasten. Heeft een roest finish.\" \/>\n<meta property=\"og:url\" content=\"https:\/\/partsandpieces.nl\/de\/produkt\/speckgitterrost-eisenrost-kugel-120-mm\/\" \/>\n<meta property=\"og:site_name\" content=\"Parts &amp; Pieces\" \/>\n<meta property=\"article:modified_time\" content=\"2026-01-22T14:57:12+00:00\" \/>\n<meta property=\"og:image\" content=\"https:\/\/partsandpieces.nl\/wp-content\/uploads\/2020\/08\/Spekkast-Rooster-IJzer-Roest-Bol-120mm.jpg\" \/>\n\t<meta property=\"og:image:width\" content=\"459\" \/>\n\t<meta property=\"og:image:height\" content=\"459\" \/>\n\t<meta property=\"og:image:type\" content=\"image\/jpeg\" \/>\n<meta name=\"twitter:card\" content=\"summary_large_image\" \/>\n<meta name=\"twitter:label1\" content=\"Gesch\u00e4tzte Lesezeit\" \/>\n\t<meta name=\"twitter:data1\" content=\"1\u00a0Minute\" \/>\n<script type=\"application\/ld+json\" class=\"yoast-schema-graph\">{\"@context\":\"https:\\\/\\\/schema.org\",\"@graph\":[{\"@type\":\"WebPage\",\"@id\":\"https:\\\/\\\/partsandpieces.nl\\\/product\\\/spekkast-rooster-ijzer-roest-bol-120mm\\\/\",\"url\":\"https:\\\/\\\/partsandpieces.nl\\\/product\\\/spekkast-rooster-ijzer-roest-bol-120mm\\\/\",\"name\":\"Spekkast Rooster Bol 120mm\",\"isPartOf\":{\"@id\":\"https:\\\/\\\/partsandpieces.nl\\\/#website\"},\"primaryImageOfPage\":{\"@id\":\"https:\\\/\\\/partsandpieces.nl\\\/product\\\/spekkast-rooster-ijzer-roest-bol-120mm\\\/#primaryimage\"},\"image\":{\"@id\":\"https:\\\/\\\/partsandpieces.nl\\\/product\\\/spekkast-rooster-ijzer-roest-bol-120mm\\\/#primaryimage\"},\"thumbnailUrl\":\"https:\\\/\\\/partsandpieces.nl\\\/wp-content\\\/uploads\\\/2020\\\/08\\\/Spekkast-Rooster-IJzer-Roest-Bol-120mm.jpg\",\"datePublished\":\"2020-08-11T08:43:35+00:00\",\"dateModified\":\"2026-01-22T14:57:12+00:00\",\"description\":\"Spekkast Rooster IJzer Roest Bol 120mm is een bolvormig rooster dat vroeger vaak werd gebruikt op zogenaamde spekkasten. Heeft een roest finish.\",\"breadcrumb\":{\"@id\":\"https:\\\/\\\/partsandpieces.nl\\\/product\\\/spekkast-rooster-ijzer-roest-bol-120mm\\\/#breadcrumb\"},\"inLanguage\":\"de\",\"potentialAction\":[{\"@type\":\"ReadAction\",\"target\":[\"https:\\\/\\\/partsandpieces.nl\\\/product\\\/spekkast-rooster-ijzer-roest-bol-120mm\\\/\"]}]},{\"@type\":\"ImageObject\",\"inLanguage\":\"de\",\"@id\":\"https:\\\/\\\/partsandpieces.nl\\\/product\\\/spekkast-rooster-ijzer-roest-bol-120mm\\\/#primaryimage\",\"url\":\"https:\\\/\\\/partsandpieces.nl\\\/wp-content\\\/uploads\\\/2020\\\/08\\\/Spekkast-Rooster-IJzer-Roest-Bol-120mm.jpg\",\"contentUrl\":\"https:\\\/\\\/partsandpieces.nl\\\/wp-content\\\/uploads\\\/2020\\\/08\\\/Spekkast-Rooster-IJzer-Roest-Bol-120mm.jpg\",\"width\":459,\"height\":459,\"caption\":\"Spekkast Rooster IJzer Roest Bol 120mm\"},{\"@type\":\"BreadcrumbList\",\"@id\":\"https:\\\/\\\/partsandpieces.nl\\\/product\\\/spekkast-rooster-ijzer-roest-bol-120mm\\\/#breadcrumb\",\"itemListElement\":[{\"@type\":\"ListItem\",\"position\":1,\"name\":\"Home\",\"item\":\"https:\\\/\\\/partsandpieces.nl\\\/home\\\/\"},{\"@type\":\"ListItem\",\"position\":2,\"name\":\"Winkel\",\"item\":\"https:\\\/\\\/partsandpieces.nl\\\/winkel\\\/\"},{\"@type\":\"ListItem\",\"position\":3,\"name\":\"Spekkast Rooster IJzer Roest Bol 120mm\"}]},{\"@type\":\"WebSite\",\"@id\":\"https:\\\/\\\/partsandpieces.nl\\\/#website\",\"url\":\"https:\\\/\\\/partsandpieces.nl\\\/\",\"name\":\"Parts &amp; Pieces\",\"description\":\"Alles voor uw meubelrestauratie en -onderhoud!\",\"potentialAction\":[{\"@type\":\"SearchAction\",\"target\":{\"@type\":\"EntryPoint\",\"urlTemplate\":\"https:\\\/\\\/partsandpieces.nl\\\/?s={search_term_string}\"},\"query-input\":{\"@type\":\"PropertyValueSpecification\",\"valueRequired\":true,\"valueName\":\"search_term_string\"}}],\"inLanguage\":\"de\"}]}<\/script>\n<!-- \/ Yoast SEO plugin. -->","yoast_head_json":{"title":"Speckschrank-Gitterkugel 120 mm","description":"Bacon Cabinet Grid Iron Rust Sphere 120mm ist ein kugelf\u00f6rmiges Gitter, das fr\u00fcher oft auf sogenannten Bacon Cabinets verwendet wurde. Hat eine Rostoberfl\u00e4che.","robots":{"index":"index","follow":"follow","max-snippet":"max-snippet:-1","max-image-preview":"max-image-preview:large","max-video-preview":"max-video-preview:-1"},"canonical":"https:\/\/partsandpieces.nl\/de\/produkt\/speckgitterrost-eisenrost-kugel-120-mm\/","og_locale":"de_DE","og_type":"article","og_title":"Spekkast Rooster Bol 120mm","og_description":"Spekkast Rooster IJzer Roest Bol 120mm is een bolvormig rooster dat vroeger vaak werd gebruikt op zogenaamde spekkasten. Heeft een roest finish.","og_url":"https:\/\/partsandpieces.nl\/de\/produkt\/speckgitterrost-eisenrost-kugel-120-mm\/","og_site_name":"Parts &amp; Pieces","article_modified_time":"2026-01-22T14:57:12+00:00","og_image":[{"width":459,"height":459,"url":"https:\/\/partsandpieces.nl\/wp-content\/uploads\/2020\/08\/Spekkast-Rooster-IJzer-Roest-Bol-120mm.jpg","type":"image\/jpeg"}],"twitter_card":"summary_large_image","twitter_misc":{"Gesch\u00e4tzte Lesezeit":"1\u00a0Minute"},"schema":{"@context":"https:\/\/schema.org","@graph":[{"@type":"WebPage","@id":"https:\/\/partsandpieces.nl\/product\/spekkast-rooster-ijzer-roest-bol-120mm\/","url":"https:\/\/partsandpieces.nl\/product\/spekkast-rooster-ijzer-roest-bol-120mm\/","name":"Speckschrank-Gitterkugel 120 mm","isPartOf":{"@id":"https:\/\/partsandpieces.nl\/#website"},"primaryImageOfPage":{"@id":"https:\/\/partsandpieces.nl\/product\/spekkast-rooster-ijzer-roest-bol-120mm\/#primaryimage"},"image":{"@id":"https:\/\/partsandpieces.nl\/product\/spekkast-rooster-ijzer-roest-bol-120mm\/#primaryimage"},"thumbnailUrl":"https:\/\/partsandpieces.nl\/wp-content\/uploads\/2020\/08\/Spekkast-Rooster-IJzer-Roest-Bol-120mm.jpg","datePublished":"2020-08-11T08:43:35+00:00","dateModified":"2026-01-22T14:57:12+00:00","description":"Bacon Cabinet Grid Iron Rust Sphere 120mm ist ein kugelf\u00f6rmiges Gitter, das fr\u00fcher oft auf sogenannten Bacon Cabinets verwendet wurde. Hat eine Rostoberfl\u00e4che.","breadcrumb":{"@id":"https:\/\/partsandpieces.nl\/product\/spekkast-rooster-ijzer-roest-bol-120mm\/#breadcrumb"},"inLanguage":"de","potentialAction":[{"@type":"ReadAction","target":["https:\/\/partsandpieces.nl\/product\/spekkast-rooster-ijzer-roest-bol-120mm\/"]}]},{"@type":"ImageObject","inLanguage":"de","@id":"https:\/\/partsandpieces.nl\/product\/spekkast-rooster-ijzer-roest-bol-120mm\/#primaryimage","url":"https:\/\/partsandpieces.nl\/wp-content\/uploads\/2020\/08\/Spekkast-Rooster-IJzer-Roest-Bol-120mm.jpg","contentUrl":"https:\/\/partsandpieces.nl\/wp-content\/uploads\/2020\/08\/Spekkast-Rooster-IJzer-Roest-Bol-120mm.jpg","width":459,"height":459,"caption":"Spekkast Rooster IJzer Roest Bol 120mm"},{"@type":"BreadcrumbList","@id":"https:\/\/partsandpieces.nl\/product\/spekkast-rooster-ijzer-roest-bol-120mm\/#breadcrumb","itemListElement":[{"@type":"ListItem","position":1,"name":"Home","item":"https:\/\/partsandpieces.nl\/home\/"},{"@type":"ListItem","position":2,"name":"Winkel","item":"https:\/\/partsandpieces.nl\/winkel\/"},{"@type":"ListItem","position":3,"name":"Spekkast Rooster IJzer Roest Bol 120mm"}]},{"@type":"WebSite","@id":"https:\/\/partsandpieces.nl\/#website","url":"https:\/\/partsandpieces.nl\/","name":"Teile &amp; St\u00fccke","description":"Alles f\u00fcr Ihre M\u00f6belrestaurierung und -pflege!","potentialAction":[{"@type":"SearchAction","target":{"@type":"EntryPoint","urlTemplate":"https:\/\/partsandpieces.nl\/?s={search_term_string}"},"query-input":{"@type":"PropertyValueSpecification","valueRequired":true,"valueName":"search_term_string"}}],"inLanguage":"de"}]}},"_links":{"self":[{"href":"https:\/\/partsandpieces.nl\/de\/wp-json\/wp\/v2\/product\/1669","targetHints":{"allow":["GET"]}}],"collection":[{"href":"https:\/\/partsandpieces.nl\/de\/wp-json\/wp\/v2\/product"}],"about":[{"href":"https:\/\/partsandpieces.nl\/de\/wp-json\/wp\/v2\/types\/product"}],"wp:featuredmedia":[{"embeddable":true,"href":"https:\/\/partsandpieces.nl\/de\/wp-json\/wp\/v2\/media\/7232"}],"wp:attachment":[{"href":"https:\/\/partsandpieces.nl\/de\/wp-json\/wp\/v2\/media?parent=1669"}],"wp:term":[{"taxonomy":"product_brand","embeddable":true,"href":"https:\/\/partsandpieces.nl\/de\/wp-json\/wp\/v2\/product_brand?post=1669"},{"taxonomy":"product_cat","embeddable":true,"href":"https:\/\/partsandpieces.nl\/de\/wp-json\/wp\/v2\/product_cat?post=1669"},{"taxonomy":"product_tag","embeddable":true,"href":"https:\/\/partsandpieces.nl\/de\/wp-json\/wp\/v2\/product_tag?post=1669"}],"curies":[{"name":"wp","href":"https:\/\/api.w.org\/{rel}","templated":true}]}}