{"id":1671,"date":"2020-08-11T08:45:11","date_gmt":"2020-08-11T08:45:11","guid":{"rendered":"https:\/\/partsandpieces.bonsaidev.nl\/?product=spekkast-rooster-vlak-rond-150-mm"},"modified":"2026-02-15T03:04:51","modified_gmt":"2026-02-15T02:04:51","slug":"speckschrank-gitterrost-eisen-rost-flach-rund-150mm","status":"publish","type":"product","link":"https:\/\/partsandpieces.nl\/de\/product\/spekkast-rooster-ijzer-roest-vlak-rond-150mm\/","title":{"rendered":"Speckschrank-Gitter, Eisenrost, flach, ca. 150 mm"},"content":{"rendered":"<p><strong>Speckschrank-Gitter, Eisenrost, flach, ca. 150 mm<\/strong> ist ein flacher Rost, der fr\u00fcher h\u00e4ufig auf sogenannten Speckschr\u00e4nken verwendet wurde. Das Gitter besteht aus Eisen mit rostiger Oberfl\u00e4che. Bitte beachten Sie: Der Rost zeigt sich!<\/p>\n<p><strong>Ma\u00dfe<\/strong><br \/>\nBacon Cabinet Grid Iron Rust flach rund 150 mm hat einen Durchmesser von 150 mm. Nach der Montage dehnt sich die Kugel etwa 10 mm aus.<\/p>\n<p><strong>Bearbeiten<\/strong><br \/>\nSie k\u00f6nnen das Gitter mit zusammenbauen\u00a0<span style=\"text-decoration: underline;\"><a href=\"https:\/\/partsandpieces.nl\/de\/produkt\/schrauben-flachkopf-antik-bronze-mit-schlitz-3x12mm\/\">Schraube Rundkopf Antik Bronze mit Schlitz (3x12mm)<\/a><\/span>. Ich schicke diese Schraube\u00a0<strong>FREI<\/strong>\u00a0mit Ihrer Bestellung.<\/p>","protected":false},"excerpt":{"rendered":"<p>Spekkast Rooster IJzer Roest vlak rond 150mm is een vlak rooster dat vroeger vaak werd gebruikt op zogenaamde spekkasten. Het rooster is gemaakt van ijzer met een geroeste finish. Let op: de roest geeft af! Afmetingen Spekkast Rooster IJzer Roest vlak rond 150mm heeft een diameter van 150mm. Na montage steelt de bol ongeveer 10mm [&hellip;]<\/p>\n","protected":false},"featured_media":7964,"template":"","meta":{"_acf_changed":false},"product_brand":[],"product_cat":[23,51],"product_tag":[],"class_list":{"0":"post-1671","1":"product","2":"type-product","3":"status-publish","4":"has-post-thumbnail","6":"product_cat-meubelbeslag","7":"product_cat-spekkast-roosters","9":"first","10":"instock","11":"taxable","12":"shipping-taxable","13":"purchasable","14":"product-type-simple"},"acf":[],"yoast_head":"<!-- This site is optimized with the Yoast SEO plugin v27.3 - https:\/\/yoast.com\/product\/yoast-seo-wordpress\/ -->\n<title>Spekkast Rooster rond 150mm IJzer Roest vlak<\/title>\n<meta name=\"description\" content=\"Spekkast Rooster IJzer Roest vlak rond 150mm is een vlak rooster dat vroeger vaak werd gebruikt op zogenaamde spekkasten.\" \/>\n<meta name=\"robots\" content=\"index, follow, max-snippet:-1, max-image-preview:large, max-video-preview:-1\" \/>\n<link rel=\"canonical\" href=\"https:\/\/partsandpieces.nl\/de\/produkt\/speckschrank-gitterrost-eisen-rost-flach-rund-150mm\/\" \/>\n<meta property=\"og:locale\" content=\"de_DE\" \/>\n<meta property=\"og:type\" content=\"article\" \/>\n<meta property=\"og:title\" content=\"Spekkast Rooster rond 150mm IJzer Roest vlak\" \/>\n<meta property=\"og:description\" content=\"Spekkast Rooster IJzer Roest vlak rond 150mm is een vlak rooster dat vroeger vaak werd gebruikt op zogenaamde spekkasten.\" \/>\n<meta property=\"og:url\" content=\"https:\/\/partsandpieces.nl\/de\/produkt\/speckschrank-gitterrost-eisen-rost-flach-rund-150mm\/\" \/>\n<meta property=\"og:site_name\" content=\"Parts &amp; Pieces\" \/>\n<meta property=\"article:modified_time\" content=\"2026-02-15T02:04:51+00:00\" \/>\n<meta property=\"og:image\" content=\"https:\/\/partsandpieces.nl\/wp-content\/uploads\/2020\/08\/Spekkast-Rooster-IJzer-Roest-vlak-rond-150mm.jpg\" \/>\n\t<meta property=\"og:image:width\" content=\"458\" \/>\n\t<meta property=\"og:image:height\" content=\"459\" \/>\n\t<meta property=\"og:image:type\" content=\"image\/jpeg\" \/>\n<meta name=\"twitter:card\" content=\"summary_large_image\" \/>\n<meta name=\"twitter:label1\" content=\"Gesch\u00e4tzte Lesezeit\" \/>\n\t<meta name=\"twitter:data1\" content=\"1\u00a0Minute\" \/>\n<script type=\"application\/ld+json\" class=\"yoast-schema-graph\">{\"@context\":\"https:\\\/\\\/schema.org\",\"@graph\":[{\"@type\":\"WebPage\",\"@id\":\"https:\\\/\\\/partsandpieces.nl\\\/product\\\/spekkast-rooster-ijzer-roest-vlak-rond-150mm\\\/\",\"url\":\"https:\\\/\\\/partsandpieces.nl\\\/product\\\/spekkast-rooster-ijzer-roest-vlak-rond-150mm\\\/\",\"name\":\"Spekkast Rooster rond 150mm IJzer Roest vlak\",\"isPartOf\":{\"@id\":\"https:\\\/\\\/partsandpieces.nl\\\/#website\"},\"primaryImageOfPage\":{\"@id\":\"https:\\\/\\\/partsandpieces.nl\\\/product\\\/spekkast-rooster-ijzer-roest-vlak-rond-150mm\\\/#primaryimage\"},\"image\":{\"@id\":\"https:\\\/\\\/partsandpieces.nl\\\/product\\\/spekkast-rooster-ijzer-roest-vlak-rond-150mm\\\/#primaryimage\"},\"thumbnailUrl\":\"https:\\\/\\\/partsandpieces.nl\\\/wp-content\\\/uploads\\\/2020\\\/08\\\/Spekkast-Rooster-IJzer-Roest-vlak-rond-150mm.jpg\",\"datePublished\":\"2020-08-11T08:45:11+00:00\",\"dateModified\":\"2026-02-15T02:04:51+00:00\",\"description\":\"Spekkast Rooster IJzer Roest vlak rond 150mm is een vlak rooster dat vroeger vaak werd gebruikt op zogenaamde spekkasten.\",\"breadcrumb\":{\"@id\":\"https:\\\/\\\/partsandpieces.nl\\\/product\\\/spekkast-rooster-ijzer-roest-vlak-rond-150mm\\\/#breadcrumb\"},\"inLanguage\":\"de\",\"potentialAction\":[{\"@type\":\"ReadAction\",\"target\":[\"https:\\\/\\\/partsandpieces.nl\\\/product\\\/spekkast-rooster-ijzer-roest-vlak-rond-150mm\\\/\"]}]},{\"@type\":\"ImageObject\",\"inLanguage\":\"de\",\"@id\":\"https:\\\/\\\/partsandpieces.nl\\\/product\\\/spekkast-rooster-ijzer-roest-vlak-rond-150mm\\\/#primaryimage\",\"url\":\"https:\\\/\\\/partsandpieces.nl\\\/wp-content\\\/uploads\\\/2020\\\/08\\\/Spekkast-Rooster-IJzer-Roest-vlak-rond-150mm.jpg\",\"contentUrl\":\"https:\\\/\\\/partsandpieces.nl\\\/wp-content\\\/uploads\\\/2020\\\/08\\\/Spekkast-Rooster-IJzer-Roest-vlak-rond-150mm.jpg\",\"width\":458,\"height\":459,\"caption\":\"Spekkast Rooster IJzer Roest vlak rond 150mm\"},{\"@type\":\"BreadcrumbList\",\"@id\":\"https:\\\/\\\/partsandpieces.nl\\\/product\\\/spekkast-rooster-ijzer-roest-vlak-rond-150mm\\\/#breadcrumb\",\"itemListElement\":[{\"@type\":\"ListItem\",\"position\":1,\"name\":\"Home\",\"item\":\"https:\\\/\\\/partsandpieces.nl\\\/home\\\/\"},{\"@type\":\"ListItem\",\"position\":2,\"name\":\"Winkel\",\"item\":\"https:\\\/\\\/partsandpieces.nl\\\/winkel\\\/\"},{\"@type\":\"ListItem\",\"position\":3,\"name\":\"Spekkast Rooster IJzer Roest vlak rond 150mm\"}]},{\"@type\":\"WebSite\",\"@id\":\"https:\\\/\\\/partsandpieces.nl\\\/#website\",\"url\":\"https:\\\/\\\/partsandpieces.nl\\\/\",\"name\":\"Parts &amp; Pieces\",\"description\":\"Alles voor uw meubelrestauratie en -onderhoud!\",\"potentialAction\":[{\"@type\":\"SearchAction\",\"target\":{\"@type\":\"EntryPoint\",\"urlTemplate\":\"https:\\\/\\\/partsandpieces.nl\\\/?s={search_term_string}\"},\"query-input\":{\"@type\":\"PropertyValueSpecification\",\"valueRequired\":true,\"valueName\":\"search_term_string\"}}],\"inLanguage\":\"de\"}]}<\/script>\n<!-- \/ Yoast SEO plugin. -->","yoast_head_json":{"title":"Speckschrank Gitter rund 150mm Eisen Rost flach","description":"Bacon Cabinet Grid Iron Rust flach ca. 150 mm ist ein flaches Gitter, das fr\u00fcher h\u00e4ufig auf sogenannten Bacon Cabinets verwendet wurde.","robots":{"index":"index","follow":"follow","max-snippet":"max-snippet:-1","max-image-preview":"max-image-preview:large","max-video-preview":"max-video-preview:-1"},"canonical":"https:\/\/partsandpieces.nl\/de\/produkt\/speckschrank-gitterrost-eisen-rost-flach-rund-150mm\/","og_locale":"de_DE","og_type":"article","og_title":"Spekkast Rooster rond 150mm IJzer Roest vlak","og_description":"Spekkast Rooster IJzer Roest vlak rond 150mm is een vlak rooster dat vroeger vaak werd gebruikt op zogenaamde spekkasten.","og_url":"https:\/\/partsandpieces.nl\/de\/produkt\/speckschrank-gitterrost-eisen-rost-flach-rund-150mm\/","og_site_name":"Parts &amp; Pieces","article_modified_time":"2026-02-15T02:04:51+00:00","og_image":[{"width":458,"height":459,"url":"https:\/\/partsandpieces.nl\/wp-content\/uploads\/2020\/08\/Spekkast-Rooster-IJzer-Roest-vlak-rond-150mm.jpg","type":"image\/jpeg"}],"twitter_card":"summary_large_image","twitter_misc":{"Gesch\u00e4tzte Lesezeit":"1\u00a0Minute"},"schema":{"@context":"https:\/\/schema.org","@graph":[{"@type":"WebPage","@id":"https:\/\/partsandpieces.nl\/product\/spekkast-rooster-ijzer-roest-vlak-rond-150mm\/","url":"https:\/\/partsandpieces.nl\/product\/spekkast-rooster-ijzer-roest-vlak-rond-150mm\/","name":"Speckschrank Gitter rund 150mm Eisen Rost flach","isPartOf":{"@id":"https:\/\/partsandpieces.nl\/#website"},"primaryImageOfPage":{"@id":"https:\/\/partsandpieces.nl\/product\/spekkast-rooster-ijzer-roest-vlak-rond-150mm\/#primaryimage"},"image":{"@id":"https:\/\/partsandpieces.nl\/product\/spekkast-rooster-ijzer-roest-vlak-rond-150mm\/#primaryimage"},"thumbnailUrl":"https:\/\/partsandpieces.nl\/wp-content\/uploads\/2020\/08\/Spekkast-Rooster-IJzer-Roest-vlak-rond-150mm.jpg","datePublished":"2020-08-11T08:45:11+00:00","dateModified":"2026-02-15T02:04:51+00:00","description":"Bacon Cabinet Grid Iron Rust flach ca. 150 mm ist ein flaches Gitter, das fr\u00fcher h\u00e4ufig auf sogenannten Bacon Cabinets verwendet wurde.","breadcrumb":{"@id":"https:\/\/partsandpieces.nl\/product\/spekkast-rooster-ijzer-roest-vlak-rond-150mm\/#breadcrumb"},"inLanguage":"de","potentialAction":[{"@type":"ReadAction","target":["https:\/\/partsandpieces.nl\/product\/spekkast-rooster-ijzer-roest-vlak-rond-150mm\/"]}]},{"@type":"ImageObject","inLanguage":"de","@id":"https:\/\/partsandpieces.nl\/product\/spekkast-rooster-ijzer-roest-vlak-rond-150mm\/#primaryimage","url":"https:\/\/partsandpieces.nl\/wp-content\/uploads\/2020\/08\/Spekkast-Rooster-IJzer-Roest-vlak-rond-150mm.jpg","contentUrl":"https:\/\/partsandpieces.nl\/wp-content\/uploads\/2020\/08\/Spekkast-Rooster-IJzer-Roest-vlak-rond-150mm.jpg","width":458,"height":459,"caption":"Spekkast Rooster IJzer Roest vlak rond 150mm"},{"@type":"BreadcrumbList","@id":"https:\/\/partsandpieces.nl\/product\/spekkast-rooster-ijzer-roest-vlak-rond-150mm\/#breadcrumb","itemListElement":[{"@type":"ListItem","position":1,"name":"Home","item":"https:\/\/partsandpieces.nl\/home\/"},{"@type":"ListItem","position":2,"name":"Winkel","item":"https:\/\/partsandpieces.nl\/winkel\/"},{"@type":"ListItem","position":3,"name":"Spekkast Rooster IJzer Roest vlak rond 150mm"}]},{"@type":"WebSite","@id":"https:\/\/partsandpieces.nl\/#website","url":"https:\/\/partsandpieces.nl\/","name":"Teile &amp; St\u00fccke","description":"Alles f\u00fcr Ihre M\u00f6belrestaurierung und -pflege!","potentialAction":[{"@type":"SearchAction","target":{"@type":"EntryPoint","urlTemplate":"https:\/\/partsandpieces.nl\/?s={search_term_string}"},"query-input":{"@type":"PropertyValueSpecification","valueRequired":true,"valueName":"search_term_string"}}],"inLanguage":"de"}]}},"_links":{"self":[{"href":"https:\/\/partsandpieces.nl\/de\/wp-json\/wp\/v2\/product\/1671","targetHints":{"allow":["GET"]}}],"collection":[{"href":"https:\/\/partsandpieces.nl\/de\/wp-json\/wp\/v2\/product"}],"about":[{"href":"https:\/\/partsandpieces.nl\/de\/wp-json\/wp\/v2\/types\/product"}],"wp:featuredmedia":[{"embeddable":true,"href":"https:\/\/partsandpieces.nl\/de\/wp-json\/wp\/v2\/media\/7964"}],"wp:attachment":[{"href":"https:\/\/partsandpieces.nl\/de\/wp-json\/wp\/v2\/media?parent=1671"}],"wp:term":[{"taxonomy":"product_brand","embeddable":true,"href":"https:\/\/partsandpieces.nl\/de\/wp-json\/wp\/v2\/product_brand?post=1671"},{"taxonomy":"product_cat","embeddable":true,"href":"https:\/\/partsandpieces.nl\/de\/wp-json\/wp\/v2\/product_cat?post=1671"},{"taxonomy":"product_tag","embeddable":true,"href":"https:\/\/partsandpieces.nl\/de\/wp-json\/wp\/v2\/product_tag?post=1671"}],"curies":[{"name":"wp","href":"https:\/\/api.w.org\/{rel}","templated":true}]}}