{"id":1678,"date":"2020-08-14T09:12:42","date_gmt":"2020-08-14T07:12:42","guid":{"rendered":"https:\/\/partsandpieces.bonsaidev.nl\/?product=houten-knop-18mm-grenen"},"modified":"2026-03-10T14:03:57","modified_gmt":"2026-03-10T13:03:57","slug":"holzknopf-kiefer-rund-mit-stift-20mm-10-stuck","status":"publish","type":"product","link":"https:\/\/partsandpieces.nl\/de\/product\/houten-knopje-grenen-rond-met-stift-20mm-10-stuks\/","title":{"rendered":"Holzknopf Kiefer rund mit Stift 20mm (10 St\u00fcck)"},"content":{"rendered":"<p><strong>Holzknopf Kiefer rund mit Stift 20mm (10 St\u00fcck)<\/strong> ist ein runder M\u00f6belknopf aus Kiefernholz. Der Knopf hat die Form eines Pilzes: Die Oberseite ist kugelf\u00f6rmig. Dieser Knauf passt gut zu Ihren klassischen oder antiken M\u00f6beln.<\/p>\n<p><strong>Ma\u00dfe<br \/>\n<\/strong>Holzknopf Kiefer rund mit Stift 20 mm (10 St\u00fcck) hat einen Durchmesser von 20 mm. Nach der Installation steht dieser Knopf 28 mm hervor. Der Stift ist 10 mm hoch und hat einen Durchmesser von 8 mm.<\/p>","protected":false},"excerpt":{"rendered":"<p>Houten knopje Grenen rond met stift 20mm (10 stuks) is een ronde meubelknop gemaakt van grenen. De knop heeft de vorm van een paddenstoel: de bovenkant is bolvormig. Deze knop past goed op je klassieke of brocante meubel. Afmetingen Houten knopje Grenen rond met stift 20mm (10 stuks) heeft een diameter van 20mm. Na montage [&hellip;]<\/p>\n","protected":false},"featured_media":8133,"template":"","meta":{"_acf_changed":false},"product_brand":[],"product_cat":[55,54],"product_tag":[],"class_list":{"0":"post-1678","1":"product","2":"type-product","3":"status-publish","4":"has-post-thumbnail","6":"product_cat-houten-knoppen","7":"product_cat-houten-snij-en-draaiwerk","9":"first","10":"instock","11":"taxable","12":"shipping-taxable","13":"purchasable","14":"product-type-simple"},"acf":[],"yoast_head":"<!-- This site is optimized with the Yoast SEO plugin v27.3 - https:\/\/yoast.com\/product\/yoast-seo-wordpress\/ -->\n<title>Houten knopje rond 20mm Grenen met stift (10 stuks)<\/title>\n<meta name=\"description\" content=\"Houten knopje Grenen rond met stift 20mm (10 stuks) is een ronde meubelknop gemaakt van grenen. De knop heeft de vorm van een paddenstoel.\" \/>\n<meta name=\"robots\" content=\"index, follow, max-snippet:-1, max-image-preview:large, max-video-preview:-1\" \/>\n<link rel=\"canonical\" href=\"https:\/\/partsandpieces.nl\/de\/produkt\/holzknopf-kiefer-rund-mit-stift-20mm-10-stuck\/\" \/>\n<meta property=\"og:locale\" content=\"de_DE\" \/>\n<meta property=\"og:type\" content=\"article\" \/>\n<meta property=\"og:title\" content=\"Houten knopje rond 20mm Grenen met stift (10 stuks)\" \/>\n<meta property=\"og:description\" content=\"Houten knopje Grenen rond met stift 20mm (10 stuks) is een ronde meubelknop gemaakt van grenen. De knop heeft de vorm van een paddenstoel.\" \/>\n<meta property=\"og:url\" content=\"https:\/\/partsandpieces.nl\/de\/produkt\/holzknopf-kiefer-rund-mit-stift-20mm-10-stuck\/\" \/>\n<meta property=\"og:site_name\" content=\"Parts &amp; Pieces\" \/>\n<meta property=\"article:modified_time\" content=\"2026-03-10T13:03:57+00:00\" \/>\n<meta property=\"og:image\" content=\"https:\/\/partsandpieces.nl\/wp-content\/uploads\/2020\/08\/Houten-knopje-Grenen-rond-met-stift-20mm-10-stuks.jpg\" \/>\n\t<meta property=\"og:image:width\" content=\"402\" \/>\n\t<meta property=\"og:image:height\" content=\"401\" \/>\n\t<meta property=\"og:image:type\" content=\"image\/jpeg\" \/>\n<meta name=\"twitter:card\" content=\"summary_large_image\" \/>\n<meta name=\"twitter:label1\" content=\"Gesch\u00e4tzte Lesezeit\" \/>\n\t<meta name=\"twitter:data1\" content=\"1\u00a0Minute\" \/>\n<script type=\"application\/ld+json\" class=\"yoast-schema-graph\">{\"@context\":\"https:\\\/\\\/schema.org\",\"@graph\":[{\"@type\":\"WebPage\",\"@id\":\"https:\\\/\\\/partsandpieces.nl\\\/product\\\/houten-knopje-grenen-rond-met-stift-20mm-10-stuks\\\/\",\"url\":\"https:\\\/\\\/partsandpieces.nl\\\/product\\\/houten-knopje-grenen-rond-met-stift-20mm-10-stuks\\\/\",\"name\":\"Houten knopje rond 20mm Grenen met stift (10 stuks)\",\"isPartOf\":{\"@id\":\"https:\\\/\\\/partsandpieces.nl\\\/#website\"},\"primaryImageOfPage\":{\"@id\":\"https:\\\/\\\/partsandpieces.nl\\\/product\\\/houten-knopje-grenen-rond-met-stift-20mm-10-stuks\\\/#primaryimage\"},\"image\":{\"@id\":\"https:\\\/\\\/partsandpieces.nl\\\/product\\\/houten-knopje-grenen-rond-met-stift-20mm-10-stuks\\\/#primaryimage\"},\"thumbnailUrl\":\"https:\\\/\\\/partsandpieces.nl\\\/wp-content\\\/uploads\\\/2020\\\/08\\\/Houten-knopje-Grenen-rond-met-stift-20mm-10-stuks.jpg\",\"datePublished\":\"2020-08-14T07:12:42+00:00\",\"dateModified\":\"2026-03-10T13:03:57+00:00\",\"description\":\"Houten knopje Grenen rond met stift 20mm (10 stuks) is een ronde meubelknop gemaakt van grenen. De knop heeft de vorm van een paddenstoel.\",\"breadcrumb\":{\"@id\":\"https:\\\/\\\/partsandpieces.nl\\\/product\\\/houten-knopje-grenen-rond-met-stift-20mm-10-stuks\\\/#breadcrumb\"},\"inLanguage\":\"de\",\"potentialAction\":[{\"@type\":\"ReadAction\",\"target\":[\"https:\\\/\\\/partsandpieces.nl\\\/product\\\/houten-knopje-grenen-rond-met-stift-20mm-10-stuks\\\/\"]}]},{\"@type\":\"ImageObject\",\"inLanguage\":\"de\",\"@id\":\"https:\\\/\\\/partsandpieces.nl\\\/product\\\/houten-knopje-grenen-rond-met-stift-20mm-10-stuks\\\/#primaryimage\",\"url\":\"https:\\\/\\\/partsandpieces.nl\\\/wp-content\\\/uploads\\\/2020\\\/08\\\/Houten-knopje-Grenen-rond-met-stift-20mm-10-stuks.jpg\",\"contentUrl\":\"https:\\\/\\\/partsandpieces.nl\\\/wp-content\\\/uploads\\\/2020\\\/08\\\/Houten-knopje-Grenen-rond-met-stift-20mm-10-stuks.jpg\",\"width\":402,\"height\":401,\"caption\":\"Houten knopje Grenen rond met stift 20mm\"},{\"@type\":\"BreadcrumbList\",\"@id\":\"https:\\\/\\\/partsandpieces.nl\\\/product\\\/houten-knopje-grenen-rond-met-stift-20mm-10-stuks\\\/#breadcrumb\",\"itemListElement\":[{\"@type\":\"ListItem\",\"position\":1,\"name\":\"Home\",\"item\":\"https:\\\/\\\/partsandpieces.nl\\\/home\\\/\"},{\"@type\":\"ListItem\",\"position\":2,\"name\":\"Winkel\",\"item\":\"https:\\\/\\\/partsandpieces.nl\\\/winkel\\\/\"},{\"@type\":\"ListItem\",\"position\":3,\"name\":\"Houten knopje Grenen rond met stift 20mm (10 stuks)\"}]},{\"@type\":\"WebSite\",\"@id\":\"https:\\\/\\\/partsandpieces.nl\\\/#website\",\"url\":\"https:\\\/\\\/partsandpieces.nl\\\/\",\"name\":\"Parts &amp; Pieces\",\"description\":\"Alles voor uw meubelrestauratie en -onderhoud!\",\"potentialAction\":[{\"@type\":\"SearchAction\",\"target\":{\"@type\":\"EntryPoint\",\"urlTemplate\":\"https:\\\/\\\/partsandpieces.nl\\\/?s={search_term_string}\"},\"query-input\":{\"@type\":\"PropertyValueSpecification\",\"valueRequired\":true,\"valueName\":\"search_term_string\"}}],\"inLanguage\":\"de\"}]}<\/script>\n<!-- \/ Yoast SEO plugin. -->","yoast_head_json":{"title":"Holzknopf rund 20mm Kiefer mit Stift (10 St\u00fcck)","description":"Holzknopf Kiefer rund mit Stift 20 mm (10 St\u00fcck) ist ein runder M\u00f6belknopf aus Kiefer. Der Knopf hat die Form eines Pilzes.","robots":{"index":"index","follow":"follow","max-snippet":"max-snippet:-1","max-image-preview":"max-image-preview:large","max-video-preview":"max-video-preview:-1"},"canonical":"https:\/\/partsandpieces.nl\/de\/produkt\/holzknopf-kiefer-rund-mit-stift-20mm-10-stuck\/","og_locale":"de_DE","og_type":"article","og_title":"Houten knopje rond 20mm Grenen met stift (10 stuks)","og_description":"Houten knopje Grenen rond met stift 20mm (10 stuks) is een ronde meubelknop gemaakt van grenen. De knop heeft de vorm van een paddenstoel.","og_url":"https:\/\/partsandpieces.nl\/de\/produkt\/holzknopf-kiefer-rund-mit-stift-20mm-10-stuck\/","og_site_name":"Parts &amp; Pieces","article_modified_time":"2026-03-10T13:03:57+00:00","og_image":[{"width":402,"height":401,"url":"https:\/\/partsandpieces.nl\/wp-content\/uploads\/2020\/08\/Houten-knopje-Grenen-rond-met-stift-20mm-10-stuks.jpg","type":"image\/jpeg"}],"twitter_card":"summary_large_image","twitter_misc":{"Gesch\u00e4tzte Lesezeit":"1\u00a0Minute"},"schema":{"@context":"https:\/\/schema.org","@graph":[{"@type":"WebPage","@id":"https:\/\/partsandpieces.nl\/product\/houten-knopje-grenen-rond-met-stift-20mm-10-stuks\/","url":"https:\/\/partsandpieces.nl\/product\/houten-knopje-grenen-rond-met-stift-20mm-10-stuks\/","name":"Holzknopf rund 20mm Kiefer mit Stift (10 St\u00fcck)","isPartOf":{"@id":"https:\/\/partsandpieces.nl\/#website"},"primaryImageOfPage":{"@id":"https:\/\/partsandpieces.nl\/product\/houten-knopje-grenen-rond-met-stift-20mm-10-stuks\/#primaryimage"},"image":{"@id":"https:\/\/partsandpieces.nl\/product\/houten-knopje-grenen-rond-met-stift-20mm-10-stuks\/#primaryimage"},"thumbnailUrl":"https:\/\/partsandpieces.nl\/wp-content\/uploads\/2020\/08\/Houten-knopje-Grenen-rond-met-stift-20mm-10-stuks.jpg","datePublished":"2020-08-14T07:12:42+00:00","dateModified":"2026-03-10T13:03:57+00:00","description":"Holzknopf Kiefer rund mit Stift 20 mm (10 St\u00fcck) ist ein runder M\u00f6belknopf aus Kiefer. Der Knopf hat die Form eines Pilzes.","breadcrumb":{"@id":"https:\/\/partsandpieces.nl\/product\/houten-knopje-grenen-rond-met-stift-20mm-10-stuks\/#breadcrumb"},"inLanguage":"de","potentialAction":[{"@type":"ReadAction","target":["https:\/\/partsandpieces.nl\/product\/houten-knopje-grenen-rond-met-stift-20mm-10-stuks\/"]}]},{"@type":"ImageObject","inLanguage":"de","@id":"https:\/\/partsandpieces.nl\/product\/houten-knopje-grenen-rond-met-stift-20mm-10-stuks\/#primaryimage","url":"https:\/\/partsandpieces.nl\/wp-content\/uploads\/2020\/08\/Houten-knopje-Grenen-rond-met-stift-20mm-10-stuks.jpg","contentUrl":"https:\/\/partsandpieces.nl\/wp-content\/uploads\/2020\/08\/Houten-knopje-Grenen-rond-met-stift-20mm-10-stuks.jpg","width":402,"height":401,"caption":"Houten knopje Grenen rond met stift 20mm"},{"@type":"BreadcrumbList","@id":"https:\/\/partsandpieces.nl\/product\/houten-knopje-grenen-rond-met-stift-20mm-10-stuks\/#breadcrumb","itemListElement":[{"@type":"ListItem","position":1,"name":"Home","item":"https:\/\/partsandpieces.nl\/home\/"},{"@type":"ListItem","position":2,"name":"Winkel","item":"https:\/\/partsandpieces.nl\/winkel\/"},{"@type":"ListItem","position":3,"name":"Houten knopje Grenen rond met stift 20mm (10 stuks)"}]},{"@type":"WebSite","@id":"https:\/\/partsandpieces.nl\/#website","url":"https:\/\/partsandpieces.nl\/","name":"Teile &amp; St\u00fccke","description":"Alles f\u00fcr Ihre M\u00f6belrestaurierung und -pflege!","potentialAction":[{"@type":"SearchAction","target":{"@type":"EntryPoint","urlTemplate":"https:\/\/partsandpieces.nl\/?s={search_term_string}"},"query-input":{"@type":"PropertyValueSpecification","valueRequired":true,"valueName":"search_term_string"}}],"inLanguage":"de"}]}},"_links":{"self":[{"href":"https:\/\/partsandpieces.nl\/de\/wp-json\/wp\/v2\/product\/1678","targetHints":{"allow":["GET"]}}],"collection":[{"href":"https:\/\/partsandpieces.nl\/de\/wp-json\/wp\/v2\/product"}],"about":[{"href":"https:\/\/partsandpieces.nl\/de\/wp-json\/wp\/v2\/types\/product"}],"wp:featuredmedia":[{"embeddable":true,"href":"https:\/\/partsandpieces.nl\/de\/wp-json\/wp\/v2\/media\/8133"}],"wp:attachment":[{"href":"https:\/\/partsandpieces.nl\/de\/wp-json\/wp\/v2\/media?parent=1678"}],"wp:term":[{"taxonomy":"product_brand","embeddable":true,"href":"https:\/\/partsandpieces.nl\/de\/wp-json\/wp\/v2\/product_brand?post=1678"},{"taxonomy":"product_cat","embeddable":true,"href":"https:\/\/partsandpieces.nl\/de\/wp-json\/wp\/v2\/product_cat?post=1678"},{"taxonomy":"product_tag","embeddable":true,"href":"https:\/\/partsandpieces.nl\/de\/wp-json\/wp\/v2\/product_tag?post=1678"}],"curies":[{"name":"wp","href":"https:\/\/api.w.org\/{rel}","templated":true}]}}