{"id":1684,"date":"2020-08-14T09:28:06","date_gmt":"2020-08-14T09:28:06","guid":{"rendered":"https:\/\/partsandpieces.bonsaidev.nl\/?product=engelse-knop-mahonie-rond-55-mm"},"modified":"2026-03-26T10:06:58","modified_gmt":"2026-03-26T09:06:58","slug":"mobelknopf-aus-holz-mahagoni-rund-gros-53-mm","status":"publish","type":"product","link":"https:\/\/partsandpieces.nl\/de\/product\/houten-meubelknop-mahonie-rond-groot-53mm\/","title":{"rendered":"M\u00f6belknopf aus Holz, Mahagoni, rund, gro\u00df, 53 mm"},"content":{"rendered":"<p><strong>M\u00f6belknopf aus Holz, Mahagoni, rund, gro\u00df, 53 mm<\/strong> ist ein gro\u00dfer runder M\u00f6belknopf aus Mahagoniholz. Der Knopf hat die Form eines Pilzes: Die Oberseite ist kugelf\u00f6rmig mit einem Rand und einem sch\u00f6nen Zierknopf.<\/p>\n<p><strong>Ma\u00dfe<br \/>\n<\/strong>Holzm\u00f6belknopf Mahagoni, rund, gro\u00df, 53 mm, hat einen Durchmesser von ca. 53 mm. Nach der Installation steht dieser Knopf ca. 49 mm hervor. Die Rosette des Knopfes hat einen Durchmesser von 49 mm.<\/p>\n<p>Bitte beachten Sie: Dies ist ein handgefertigter Knopf. Ma\u00dfe und Maserung k\u00f6nnen daher abweichen.<\/p>","protected":false},"excerpt":{"rendered":"<p>Houten Meubelknop Mahonie rond Groot 53mm is een grote ronde meubelknop gemaakt van mahonie hout. De knop heeft de vorm van een paddenstoel: de bovenkant is bolvormig met een rand een een mooie sierknop. Afmetingen Houten Meubelknop Mahonie rond Groot 53mm heeft een diameter van ongeveer 53mm. Na montage steekt deze knop ongeveer 49mm uit. [&hellip;]<\/p>\n","protected":false},"featured_media":8137,"template":"","meta":{"_acf_changed":false},"product_brand":[],"product_cat":[55,54],"product_tag":[],"class_list":{"0":"post-1684","1":"product","2":"type-product","3":"status-publish","4":"has-post-thumbnail","6":"product_cat-houten-knoppen","7":"product_cat-houten-snij-en-draaiwerk","9":"first","10":"instock","11":"taxable","12":"shipping-taxable","13":"purchasable","14":"product-type-simple"},"acf":[],"yoast_head":"<!-- This site is optimized with the Yoast SEO plugin v27.3 - https:\/\/yoast.com\/product\/yoast-seo-wordpress\/ -->\n<title>Houten Meubelknop Mahonie 53mm rond Groot<\/title>\n<meta name=\"description\" content=\"Houten Meubelknop Mahonie rond Groot 53mm heeft de vorm van een paddenstoel: de bovenkant is bolvormig met een rand een een mooie sierknop.\" \/>\n<meta name=\"robots\" content=\"index, follow, max-snippet:-1, max-image-preview:large, max-video-preview:-1\" \/>\n<link rel=\"canonical\" href=\"https:\/\/partsandpieces.nl\/de\/produkt\/mobelknopf-aus-holz-mahagoni-rund-gros-53-mm\/\" \/>\n<meta property=\"og:locale\" content=\"de_DE\" \/>\n<meta property=\"og:type\" content=\"article\" \/>\n<meta property=\"og:title\" content=\"Houten Meubelknop Mahonie 53mm rond Groot\" \/>\n<meta property=\"og:description\" content=\"Houten Meubelknop Mahonie rond Groot 53mm heeft de vorm van een paddenstoel: de bovenkant is bolvormig met een rand een een mooie sierknop.\" \/>\n<meta property=\"og:url\" content=\"https:\/\/partsandpieces.nl\/de\/produkt\/mobelknopf-aus-holz-mahagoni-rund-gros-53-mm\/\" \/>\n<meta property=\"og:site_name\" content=\"Parts &amp; Pieces\" \/>\n<meta property=\"article:modified_time\" content=\"2026-03-26T09:06:58+00:00\" \/>\n<meta property=\"og:image\" content=\"https:\/\/partsandpieces.nl\/wp-content\/uploads\/2020\/08\/Houten-Meubelknop-Mahonie-rond-Groot-53mm.jpg\" \/>\n\t<meta property=\"og:image:width\" content=\"459\" \/>\n\t<meta property=\"og:image:height\" content=\"458\" \/>\n\t<meta property=\"og:image:type\" content=\"image\/jpeg\" \/>\n<meta name=\"twitter:card\" content=\"summary_large_image\" \/>\n<meta name=\"twitter:label1\" content=\"Gesch\u00e4tzte Lesezeit\" \/>\n\t<meta name=\"twitter:data1\" content=\"1\u00a0Minute\" \/>\n<script type=\"application\/ld+json\" class=\"yoast-schema-graph\">{\"@context\":\"https:\\\/\\\/schema.org\",\"@graph\":[{\"@type\":\"WebPage\",\"@id\":\"https:\\\/\\\/partsandpieces.nl\\\/product\\\/houten-meubelknop-mahonie-rond-groot-53mm\\\/\",\"url\":\"https:\\\/\\\/partsandpieces.nl\\\/product\\\/houten-meubelknop-mahonie-rond-groot-53mm\\\/\",\"name\":\"Houten Meubelknop Mahonie 53mm rond Groot\",\"isPartOf\":{\"@id\":\"https:\\\/\\\/partsandpieces.nl\\\/#website\"},\"primaryImageOfPage\":{\"@id\":\"https:\\\/\\\/partsandpieces.nl\\\/product\\\/houten-meubelknop-mahonie-rond-groot-53mm\\\/#primaryimage\"},\"image\":{\"@id\":\"https:\\\/\\\/partsandpieces.nl\\\/product\\\/houten-meubelknop-mahonie-rond-groot-53mm\\\/#primaryimage\"},\"thumbnailUrl\":\"https:\\\/\\\/partsandpieces.nl\\\/wp-content\\\/uploads\\\/2020\\\/08\\\/Houten-Meubelknop-Mahonie-rond-Groot-53mm.jpg\",\"datePublished\":\"2020-08-14T09:28:06+00:00\",\"dateModified\":\"2026-03-26T09:06:58+00:00\",\"description\":\"Houten Meubelknop Mahonie rond Groot 53mm heeft de vorm van een paddenstoel: de bovenkant is bolvormig met een rand een een mooie sierknop.\",\"breadcrumb\":{\"@id\":\"https:\\\/\\\/partsandpieces.nl\\\/product\\\/houten-meubelknop-mahonie-rond-groot-53mm\\\/#breadcrumb\"},\"inLanguage\":\"de\",\"potentialAction\":[{\"@type\":\"ReadAction\",\"target\":[\"https:\\\/\\\/partsandpieces.nl\\\/product\\\/houten-meubelknop-mahonie-rond-groot-53mm\\\/\"]}]},{\"@type\":\"ImageObject\",\"inLanguage\":\"de\",\"@id\":\"https:\\\/\\\/partsandpieces.nl\\\/product\\\/houten-meubelknop-mahonie-rond-groot-53mm\\\/#primaryimage\",\"url\":\"https:\\\/\\\/partsandpieces.nl\\\/wp-content\\\/uploads\\\/2020\\\/08\\\/Houten-Meubelknop-Mahonie-rond-Groot-53mm.jpg\",\"contentUrl\":\"https:\\\/\\\/partsandpieces.nl\\\/wp-content\\\/uploads\\\/2020\\\/08\\\/Houten-Meubelknop-Mahonie-rond-Groot-53mm.jpg\",\"width\":459,\"height\":458,\"caption\":\"Houten Meubelknop Mahonie rond Groot 53mm\"},{\"@type\":\"BreadcrumbList\",\"@id\":\"https:\\\/\\\/partsandpieces.nl\\\/product\\\/houten-meubelknop-mahonie-rond-groot-53mm\\\/#breadcrumb\",\"itemListElement\":[{\"@type\":\"ListItem\",\"position\":1,\"name\":\"Home\",\"item\":\"https:\\\/\\\/partsandpieces.nl\\\/home\\\/\"},{\"@type\":\"ListItem\",\"position\":2,\"name\":\"Winkel\",\"item\":\"https:\\\/\\\/partsandpieces.nl\\\/winkel\\\/\"},{\"@type\":\"ListItem\",\"position\":3,\"name\":\"Houten Meubelknop Mahonie rond Groot 53mm\"}]},{\"@type\":\"WebSite\",\"@id\":\"https:\\\/\\\/partsandpieces.nl\\\/#website\",\"url\":\"https:\\\/\\\/partsandpieces.nl\\\/\",\"name\":\"Parts &amp; Pieces\",\"description\":\"Alles voor uw meubelrestauratie en -onderhoud!\",\"potentialAction\":[{\"@type\":\"SearchAction\",\"target\":{\"@type\":\"EntryPoint\",\"urlTemplate\":\"https:\\\/\\\/partsandpieces.nl\\\/?s={search_term_string}\"},\"query-input\":{\"@type\":\"PropertyValueSpecification\",\"valueRequired\":true,\"valueName\":\"search_term_string\"}}],\"inLanguage\":\"de\"}]}<\/script>\n<!-- \/ Yoast SEO plugin. -->","yoast_head_json":{"title":"M\u00f6belknopf aus Holz, Mahagoni, 53 mm, rund, gro\u00df","description":"Holzm\u00f6belknopf Mahagoni, rund, gro\u00df, 53 mm, hat die Form eines Pilzes: Die Oberseite ist kugelf\u00f6rmig mit einer Kante und einem sch\u00f6nen dekorativen Knopf.","robots":{"index":"index","follow":"follow","max-snippet":"max-snippet:-1","max-image-preview":"max-image-preview:large","max-video-preview":"max-video-preview:-1"},"canonical":"https:\/\/partsandpieces.nl\/de\/produkt\/mobelknopf-aus-holz-mahagoni-rund-gros-53-mm\/","og_locale":"de_DE","og_type":"article","og_title":"Houten Meubelknop Mahonie 53mm rond Groot","og_description":"Houten Meubelknop Mahonie rond Groot 53mm heeft de vorm van een paddenstoel: de bovenkant is bolvormig met een rand een een mooie sierknop.","og_url":"https:\/\/partsandpieces.nl\/de\/produkt\/mobelknopf-aus-holz-mahagoni-rund-gros-53-mm\/","og_site_name":"Parts &amp; Pieces","article_modified_time":"2026-03-26T09:06:58+00:00","og_image":[{"width":459,"height":458,"url":"https:\/\/partsandpieces.nl\/wp-content\/uploads\/2020\/08\/Houten-Meubelknop-Mahonie-rond-Groot-53mm.jpg","type":"image\/jpeg"}],"twitter_card":"summary_large_image","twitter_misc":{"Gesch\u00e4tzte Lesezeit":"1\u00a0Minute"},"schema":{"@context":"https:\/\/schema.org","@graph":[{"@type":"WebPage","@id":"https:\/\/partsandpieces.nl\/product\/houten-meubelknop-mahonie-rond-groot-53mm\/","url":"https:\/\/partsandpieces.nl\/product\/houten-meubelknop-mahonie-rond-groot-53mm\/","name":"M\u00f6belknopf aus Holz, Mahagoni, 53 mm, rund, gro\u00df","isPartOf":{"@id":"https:\/\/partsandpieces.nl\/#website"},"primaryImageOfPage":{"@id":"https:\/\/partsandpieces.nl\/product\/houten-meubelknop-mahonie-rond-groot-53mm\/#primaryimage"},"image":{"@id":"https:\/\/partsandpieces.nl\/product\/houten-meubelknop-mahonie-rond-groot-53mm\/#primaryimage"},"thumbnailUrl":"https:\/\/partsandpieces.nl\/wp-content\/uploads\/2020\/08\/Houten-Meubelknop-Mahonie-rond-Groot-53mm.jpg","datePublished":"2020-08-14T09:28:06+00:00","dateModified":"2026-03-26T09:06:58+00:00","description":"Holzm\u00f6belknopf Mahagoni, rund, gro\u00df, 53 mm, hat die Form eines Pilzes: Die Oberseite ist kugelf\u00f6rmig mit einer Kante und einem sch\u00f6nen dekorativen Knopf.","breadcrumb":{"@id":"https:\/\/partsandpieces.nl\/product\/houten-meubelknop-mahonie-rond-groot-53mm\/#breadcrumb"},"inLanguage":"de","potentialAction":[{"@type":"ReadAction","target":["https:\/\/partsandpieces.nl\/product\/houten-meubelknop-mahonie-rond-groot-53mm\/"]}]},{"@type":"ImageObject","inLanguage":"de","@id":"https:\/\/partsandpieces.nl\/product\/houten-meubelknop-mahonie-rond-groot-53mm\/#primaryimage","url":"https:\/\/partsandpieces.nl\/wp-content\/uploads\/2020\/08\/Houten-Meubelknop-Mahonie-rond-Groot-53mm.jpg","contentUrl":"https:\/\/partsandpieces.nl\/wp-content\/uploads\/2020\/08\/Houten-Meubelknop-Mahonie-rond-Groot-53mm.jpg","width":459,"height":458,"caption":"Houten Meubelknop Mahonie rond Groot 53mm"},{"@type":"BreadcrumbList","@id":"https:\/\/partsandpieces.nl\/product\/houten-meubelknop-mahonie-rond-groot-53mm\/#breadcrumb","itemListElement":[{"@type":"ListItem","position":1,"name":"Home","item":"https:\/\/partsandpieces.nl\/home\/"},{"@type":"ListItem","position":2,"name":"Winkel","item":"https:\/\/partsandpieces.nl\/winkel\/"},{"@type":"ListItem","position":3,"name":"Houten Meubelknop Mahonie rond Groot 53mm"}]},{"@type":"WebSite","@id":"https:\/\/partsandpieces.nl\/#website","url":"https:\/\/partsandpieces.nl\/","name":"Teile &amp; St\u00fccke","description":"Alles f\u00fcr Ihre M\u00f6belrestaurierung und -pflege!","potentialAction":[{"@type":"SearchAction","target":{"@type":"EntryPoint","urlTemplate":"https:\/\/partsandpieces.nl\/?s={search_term_string}"},"query-input":{"@type":"PropertyValueSpecification","valueRequired":true,"valueName":"search_term_string"}}],"inLanguage":"de"}]}},"_links":{"self":[{"href":"https:\/\/partsandpieces.nl\/de\/wp-json\/wp\/v2\/product\/1684","targetHints":{"allow":["GET"]}}],"collection":[{"href":"https:\/\/partsandpieces.nl\/de\/wp-json\/wp\/v2\/product"}],"about":[{"href":"https:\/\/partsandpieces.nl\/de\/wp-json\/wp\/v2\/types\/product"}],"wp:featuredmedia":[{"embeddable":true,"href":"https:\/\/partsandpieces.nl\/de\/wp-json\/wp\/v2\/media\/8137"}],"wp:attachment":[{"href":"https:\/\/partsandpieces.nl\/de\/wp-json\/wp\/v2\/media?parent=1684"}],"wp:term":[{"taxonomy":"product_brand","embeddable":true,"href":"https:\/\/partsandpieces.nl\/de\/wp-json\/wp\/v2\/product_brand?post=1684"},{"taxonomy":"product_cat","embeddable":true,"href":"https:\/\/partsandpieces.nl\/de\/wp-json\/wp\/v2\/product_cat?post=1684"},{"taxonomy":"product_tag","embeddable":true,"href":"https:\/\/partsandpieces.nl\/de\/wp-json\/wp\/v2\/product_tag?post=1684"}],"curies":[{"name":"wp","href":"https:\/\/api.w.org\/{rel}","templated":true}]}}