{"id":1686,"date":"2020-08-14T09:37:09","date_gmt":"2020-08-14T09:37:09","guid":{"rendered":"https:\/\/partsandpieces.bonsaidev.nl\/?product=engelse-knop-mahonie-rond-45-mm"},"modified":"2026-03-20T11:44:28","modified_gmt":"2026-03-20T10:44:28","slug":"holzmobelknopf-mahagoni-rund-mit-stift-45mm","status":"publish","type":"product","link":"https:\/\/partsandpieces.nl\/de\/product\/houten-meubelknop-mahonie-rond-met-stift-45mm\/","title":{"rendered":"Holzm\u00f6belknopf Mahagoni rund mit Stift 45mm"},"content":{"rendered":"<p><strong>Holzm\u00f6belknopf Mahagoni rund mit Stift 45mm<\/strong> ist ein runder M\u00f6belknopf aus Mahagoniholz. Der Knopf hat die Form eines Pilzes mit einer flachen Oberseite.<\/p>\n<p><strong>Ma\u00dfe<br \/>\n<\/strong>Holzm\u00f6belknopf Mahagoni rund mit Stift 45 mm hat einen Durchmesser von ca. 45 mm. Nach der Installation steht dieser Knopf ca. 34 mm hervor. Die Rosette des Knopfes hat einen Durchmesser von 45mm. Der Stift ist 8 mm lang und hat einen Durchmesser von 15 mm.<\/p>\n<p>Bitte beachten Sie: Dies ist ein handgefertigter Knopf. Ma\u00dfe und Maserung k\u00f6nnen daher abweichen.<\/p>","protected":false},"excerpt":{"rendered":"<p>Houten Meubelknop Mahonie rond met stift 45mm is een ronde meubelknop gemaakt van mahonie hout. De knop heeft de vorm van een paddenstoel met een platte bovenkant. Afmetingen Houten Meubelknop Mahonie rond met stift 45mm heeft een diameter van ongeveer 45mm. Na montage steekt deze knop ongeveer 34mm uit. Het rozet van de knop heeft [&hellip;]<\/p>\n","protected":false},"featured_media":8139,"template":"","meta":{"_acf_changed":false},"product_brand":[],"product_cat":[55,54],"product_tag":[],"class_list":{"0":"post-1686","1":"product","2":"type-product","3":"status-publish","4":"has-post-thumbnail","6":"product_cat-houten-knoppen","7":"product_cat-houten-snij-en-draaiwerk","9":"first","10":"instock","11":"taxable","12":"shipping-taxable","13":"purchasable","14":"product-type-simple"},"acf":[],"yoast_head":"<!-- This site is optimized with the Yoast SEO plugin v27.3 - https:\/\/yoast.com\/product\/yoast-seo-wordpress\/ -->\n<title>Houten Meubelknop Mahonie 45mm rond met stift<\/title>\n<meta name=\"description\" content=\"Houten Meubelknop Mahonie rond met stift 45mm is gemaakt van mahonie hout. De knop heeft de vorm van een paddenstoel met een platte bovenkant.\" \/>\n<meta name=\"robots\" content=\"index, follow, max-snippet:-1, max-image-preview:large, max-video-preview:-1\" \/>\n<link rel=\"canonical\" href=\"https:\/\/partsandpieces.nl\/de\/produkt\/holzmobelknopf-mahagoni-rund-mit-stift-45mm\/\" \/>\n<meta property=\"og:locale\" content=\"de_DE\" \/>\n<meta property=\"og:type\" content=\"article\" \/>\n<meta property=\"og:title\" content=\"Houten Meubelknop Mahonie 45mm rond met stift\" \/>\n<meta property=\"og:description\" content=\"Houten Meubelknop Mahonie rond met stift 45mm is gemaakt van mahonie hout. De knop heeft de vorm van een paddenstoel met een platte bovenkant.\" \/>\n<meta property=\"og:url\" content=\"https:\/\/partsandpieces.nl\/de\/produkt\/holzmobelknopf-mahagoni-rund-mit-stift-45mm\/\" \/>\n<meta property=\"og:site_name\" content=\"Parts &amp; Pieces\" \/>\n<meta property=\"article:modified_time\" content=\"2026-03-20T10:44:28+00:00\" \/>\n<meta property=\"og:image\" content=\"https:\/\/partsandpieces.nl\/wp-content\/uploads\/2020\/08\/Houten-Meubelknop-Mahonie-rond-met-stift-45mm.jpg\" \/>\n\t<meta property=\"og:image:width\" content=\"424\" \/>\n\t<meta property=\"og:image:height\" content=\"424\" \/>\n\t<meta property=\"og:image:type\" content=\"image\/jpeg\" \/>\n<meta name=\"twitter:card\" content=\"summary_large_image\" \/>\n<meta name=\"twitter:label1\" content=\"Gesch\u00e4tzte Lesezeit\" \/>\n\t<meta name=\"twitter:data1\" content=\"1\u00a0Minute\" \/>\n<script type=\"application\/ld+json\" class=\"yoast-schema-graph\">{\"@context\":\"https:\\\/\\\/schema.org\",\"@graph\":[{\"@type\":\"WebPage\",\"@id\":\"https:\\\/\\\/partsandpieces.nl\\\/product\\\/houten-meubelknop-mahonie-rond-met-stift-45mm\\\/\",\"url\":\"https:\\\/\\\/partsandpieces.nl\\\/product\\\/houten-meubelknop-mahonie-rond-met-stift-45mm\\\/\",\"name\":\"Houten Meubelknop Mahonie 45mm rond met stift\",\"isPartOf\":{\"@id\":\"https:\\\/\\\/partsandpieces.nl\\\/#website\"},\"primaryImageOfPage\":{\"@id\":\"https:\\\/\\\/partsandpieces.nl\\\/product\\\/houten-meubelknop-mahonie-rond-met-stift-45mm\\\/#primaryimage\"},\"image\":{\"@id\":\"https:\\\/\\\/partsandpieces.nl\\\/product\\\/houten-meubelknop-mahonie-rond-met-stift-45mm\\\/#primaryimage\"},\"thumbnailUrl\":\"https:\\\/\\\/partsandpieces.nl\\\/wp-content\\\/uploads\\\/2020\\\/08\\\/Houten-Meubelknop-Mahonie-rond-met-stift-45mm.jpg\",\"datePublished\":\"2020-08-14T09:37:09+00:00\",\"dateModified\":\"2026-03-20T10:44:28+00:00\",\"description\":\"Houten Meubelknop Mahonie rond met stift 45mm is gemaakt van mahonie hout. De knop heeft de vorm van een paddenstoel met een platte bovenkant.\",\"breadcrumb\":{\"@id\":\"https:\\\/\\\/partsandpieces.nl\\\/product\\\/houten-meubelknop-mahonie-rond-met-stift-45mm\\\/#breadcrumb\"},\"inLanguage\":\"de\",\"potentialAction\":[{\"@type\":\"ReadAction\",\"target\":[\"https:\\\/\\\/partsandpieces.nl\\\/product\\\/houten-meubelknop-mahonie-rond-met-stift-45mm\\\/\"]}]},{\"@type\":\"ImageObject\",\"inLanguage\":\"de\",\"@id\":\"https:\\\/\\\/partsandpieces.nl\\\/product\\\/houten-meubelknop-mahonie-rond-met-stift-45mm\\\/#primaryimage\",\"url\":\"https:\\\/\\\/partsandpieces.nl\\\/wp-content\\\/uploads\\\/2020\\\/08\\\/Houten-Meubelknop-Mahonie-rond-met-stift-45mm.jpg\",\"contentUrl\":\"https:\\\/\\\/partsandpieces.nl\\\/wp-content\\\/uploads\\\/2020\\\/08\\\/Houten-Meubelknop-Mahonie-rond-met-stift-45mm.jpg\",\"width\":424,\"height\":424,\"caption\":\"Houten Meubelknop Mahonie rond met stift 45mm\"},{\"@type\":\"BreadcrumbList\",\"@id\":\"https:\\\/\\\/partsandpieces.nl\\\/product\\\/houten-meubelknop-mahonie-rond-met-stift-45mm\\\/#breadcrumb\",\"itemListElement\":[{\"@type\":\"ListItem\",\"position\":1,\"name\":\"Home\",\"item\":\"https:\\\/\\\/partsandpieces.nl\\\/home\\\/\"},{\"@type\":\"ListItem\",\"position\":2,\"name\":\"Winkel\",\"item\":\"https:\\\/\\\/partsandpieces.nl\\\/winkel\\\/\"},{\"@type\":\"ListItem\",\"position\":3,\"name\":\"Houten Meubelknop Mahonie rond met stift 45mm\"}]},{\"@type\":\"WebSite\",\"@id\":\"https:\\\/\\\/partsandpieces.nl\\\/#website\",\"url\":\"https:\\\/\\\/partsandpieces.nl\\\/\",\"name\":\"Parts &amp; Pieces\",\"description\":\"Alles voor uw meubelrestauratie en -onderhoud!\",\"potentialAction\":[{\"@type\":\"SearchAction\",\"target\":{\"@type\":\"EntryPoint\",\"urlTemplate\":\"https:\\\/\\\/partsandpieces.nl\\\/?s={search_term_string}\"},\"query-input\":{\"@type\":\"PropertyValueSpecification\",\"valueRequired\":true,\"valueName\":\"search_term_string\"}}],\"inLanguage\":\"de\"}]}<\/script>\n<!-- \/ Yoast SEO plugin. -->","yoast_head_json":{"title":"Holzm\u00f6belknopf Mahagoni 45 mm rund mit Stift","description":"Holzm\u00f6belknopf Mahagoni rund mit Stift 45 mm ist aus Mahagoniholz gefertigt. Der Knopf hat die Form eines Pilzes mit einer flachen Oberseite.","robots":{"index":"index","follow":"follow","max-snippet":"max-snippet:-1","max-image-preview":"max-image-preview:large","max-video-preview":"max-video-preview:-1"},"canonical":"https:\/\/partsandpieces.nl\/de\/produkt\/holzmobelknopf-mahagoni-rund-mit-stift-45mm\/","og_locale":"de_DE","og_type":"article","og_title":"Houten Meubelknop Mahonie 45mm rond met stift","og_description":"Houten Meubelknop Mahonie rond met stift 45mm is gemaakt van mahonie hout. De knop heeft de vorm van een paddenstoel met een platte bovenkant.","og_url":"https:\/\/partsandpieces.nl\/de\/produkt\/holzmobelknopf-mahagoni-rund-mit-stift-45mm\/","og_site_name":"Parts &amp; Pieces","article_modified_time":"2026-03-20T10:44:28+00:00","og_image":[{"width":424,"height":424,"url":"https:\/\/partsandpieces.nl\/wp-content\/uploads\/2020\/08\/Houten-Meubelknop-Mahonie-rond-met-stift-45mm.jpg","type":"image\/jpeg"}],"twitter_card":"summary_large_image","twitter_misc":{"Gesch\u00e4tzte Lesezeit":"1\u00a0Minute"},"schema":{"@context":"https:\/\/schema.org","@graph":[{"@type":"WebPage","@id":"https:\/\/partsandpieces.nl\/product\/houten-meubelknop-mahonie-rond-met-stift-45mm\/","url":"https:\/\/partsandpieces.nl\/product\/houten-meubelknop-mahonie-rond-met-stift-45mm\/","name":"Holzm\u00f6belknopf Mahagoni 45 mm rund mit Stift","isPartOf":{"@id":"https:\/\/partsandpieces.nl\/#website"},"primaryImageOfPage":{"@id":"https:\/\/partsandpieces.nl\/product\/houten-meubelknop-mahonie-rond-met-stift-45mm\/#primaryimage"},"image":{"@id":"https:\/\/partsandpieces.nl\/product\/houten-meubelknop-mahonie-rond-met-stift-45mm\/#primaryimage"},"thumbnailUrl":"https:\/\/partsandpieces.nl\/wp-content\/uploads\/2020\/08\/Houten-Meubelknop-Mahonie-rond-met-stift-45mm.jpg","datePublished":"2020-08-14T09:37:09+00:00","dateModified":"2026-03-20T10:44:28+00:00","description":"Holzm\u00f6belknopf Mahagoni rund mit Stift 45 mm ist aus Mahagoniholz gefertigt. Der Knopf hat die Form eines Pilzes mit einer flachen Oberseite.","breadcrumb":{"@id":"https:\/\/partsandpieces.nl\/product\/houten-meubelknop-mahonie-rond-met-stift-45mm\/#breadcrumb"},"inLanguage":"de","potentialAction":[{"@type":"ReadAction","target":["https:\/\/partsandpieces.nl\/product\/houten-meubelknop-mahonie-rond-met-stift-45mm\/"]}]},{"@type":"ImageObject","inLanguage":"de","@id":"https:\/\/partsandpieces.nl\/product\/houten-meubelknop-mahonie-rond-met-stift-45mm\/#primaryimage","url":"https:\/\/partsandpieces.nl\/wp-content\/uploads\/2020\/08\/Houten-Meubelknop-Mahonie-rond-met-stift-45mm.jpg","contentUrl":"https:\/\/partsandpieces.nl\/wp-content\/uploads\/2020\/08\/Houten-Meubelknop-Mahonie-rond-met-stift-45mm.jpg","width":424,"height":424,"caption":"Houten Meubelknop Mahonie rond met stift 45mm"},{"@type":"BreadcrumbList","@id":"https:\/\/partsandpieces.nl\/product\/houten-meubelknop-mahonie-rond-met-stift-45mm\/#breadcrumb","itemListElement":[{"@type":"ListItem","position":1,"name":"Home","item":"https:\/\/partsandpieces.nl\/home\/"},{"@type":"ListItem","position":2,"name":"Winkel","item":"https:\/\/partsandpieces.nl\/winkel\/"},{"@type":"ListItem","position":3,"name":"Houten Meubelknop Mahonie rond met stift 45mm"}]},{"@type":"WebSite","@id":"https:\/\/partsandpieces.nl\/#website","url":"https:\/\/partsandpieces.nl\/","name":"Teile &amp; St\u00fccke","description":"Alles f\u00fcr Ihre M\u00f6belrestaurierung und -pflege!","potentialAction":[{"@type":"SearchAction","target":{"@type":"EntryPoint","urlTemplate":"https:\/\/partsandpieces.nl\/?s={search_term_string}"},"query-input":{"@type":"PropertyValueSpecification","valueRequired":true,"valueName":"search_term_string"}}],"inLanguage":"de"}]}},"_links":{"self":[{"href":"https:\/\/partsandpieces.nl\/de\/wp-json\/wp\/v2\/product\/1686","targetHints":{"allow":["GET"]}}],"collection":[{"href":"https:\/\/partsandpieces.nl\/de\/wp-json\/wp\/v2\/product"}],"about":[{"href":"https:\/\/partsandpieces.nl\/de\/wp-json\/wp\/v2\/types\/product"}],"wp:featuredmedia":[{"embeddable":true,"href":"https:\/\/partsandpieces.nl\/de\/wp-json\/wp\/v2\/media\/8139"}],"wp:attachment":[{"href":"https:\/\/partsandpieces.nl\/de\/wp-json\/wp\/v2\/media?parent=1686"}],"wp:term":[{"taxonomy":"product_brand","embeddable":true,"href":"https:\/\/partsandpieces.nl\/de\/wp-json\/wp\/v2\/product_brand?post=1686"},{"taxonomy":"product_cat","embeddable":true,"href":"https:\/\/partsandpieces.nl\/de\/wp-json\/wp\/v2\/product_cat?post=1686"},{"taxonomy":"product_tag","embeddable":true,"href":"https:\/\/partsandpieces.nl\/de\/wp-json\/wp\/v2\/product_tag?post=1686"}],"curies":[{"name":"wp","href":"https:\/\/api.w.org\/{rel}","templated":true}]}}