{"id":1688,"date":"2020-08-14T09:39:37","date_gmt":"2020-08-14T09:39:37","guid":{"rendered":"https:\/\/partsandpieces.bonsaidev.nl\/?product=english-knob-large-rond-55-mm"},"modified":"2026-03-14T12:48:27","modified_gmt":"2026-03-14T11:48:27","slug":"holzmobelknopf-mahagoni-rund-mit-stift-55mm","status":"publish","type":"product","link":"https:\/\/partsandpieces.nl\/de\/product\/houten-meubelknop-mahonie-rond-met-stift-55mm\/","title":{"rendered":"Holzm\u00f6belknopf Mahagoni rund mit Stift 55mm"},"content":{"rendered":"<p><strong>Holzm\u00f6belknopf Mahagoni rund mit Stift 55mm<\/strong> ist ein gro\u00dfer runder M\u00f6belknopf aus Mahagoniholz. Der Knopf hat die Form eines Pilzes mit einer flachen Oberseite.<\/p>\n<p><strong>Ma\u00dfe<br \/>\n<\/strong>Holzm\u00f6belknopf Mahagoni rund mit Stift 55 mm hat einen Durchmesser von ca. 55 mm. Nach der Installation steht dieser Knopf ca. 40 mm hervor. Die Rosette des Knopfes hat einen Durchmesser von 54mm. Der Stift ist 12 mm lang und hat einen Durchmesser von 20 mm.<\/p>\n<p>Bitte beachten Sie: Dies ist ein handgefertigter Knopf. Ma\u00dfe und Maserung k\u00f6nnen daher abweichen.<\/p>","protected":false},"excerpt":{"rendered":"<p>Houten Meubelknop Mahonie rond met stift 55mm is een grote ronde meubelknop gemaakt van mahonie hout. De knop heeft de vorm van een paddenstoel met een platte bovenkant. Afmetingen Houten Meubelknop Mahonie rond met stift 55mm heeft een diameter van ongeveer 55mm. Na montage steekt deze knop ongeveer 40mm uit. Het rozet van de knop [&hellip;]<\/p>\n","protected":false},"featured_media":8140,"template":"","meta":{"_acf_changed":false},"product_brand":[],"product_cat":[55,54],"product_tag":[],"class_list":{"0":"post-1688","1":"product","2":"type-product","3":"status-publish","4":"has-post-thumbnail","6":"product_cat-houten-knoppen","7":"product_cat-houten-snij-en-draaiwerk","9":"first","10":"instock","11":"taxable","12":"shipping-taxable","13":"purchasable","14":"product-type-simple"},"acf":[],"yoast_head":"<!-- This site is optimized with the Yoast SEO plugin v27.3 - https:\/\/yoast.com\/product\/yoast-seo-wordpress\/ -->\n<title>Houten Meubelknop Mahonie 55mm rond met stift<\/title>\n<meta name=\"description\" content=\"Houten Meubelknop Mahonie rond met stift 55mm is gemaakt van mahonie hout. De knop heeft de vorm van een paddenstoel met een platte bovenkant.\" \/>\n<meta name=\"robots\" content=\"index, follow, max-snippet:-1, max-image-preview:large, max-video-preview:-1\" \/>\n<link rel=\"canonical\" href=\"https:\/\/partsandpieces.nl\/de\/produkt\/holzmobelknopf-mahagoni-rund-mit-stift-55mm\/\" \/>\n<meta property=\"og:locale\" content=\"de_DE\" \/>\n<meta property=\"og:type\" content=\"article\" \/>\n<meta property=\"og:title\" content=\"Houten Meubelknop Mahonie 55mm rond met stift\" \/>\n<meta property=\"og:description\" content=\"Houten Meubelknop Mahonie rond met stift 55mm is gemaakt van mahonie hout. De knop heeft de vorm van een paddenstoel met een platte bovenkant.\" \/>\n<meta property=\"og:url\" content=\"https:\/\/partsandpieces.nl\/de\/produkt\/holzmobelknopf-mahagoni-rund-mit-stift-55mm\/\" \/>\n<meta property=\"og:site_name\" content=\"Parts &amp; Pieces\" \/>\n<meta property=\"article:modified_time\" content=\"2026-03-14T11:48:27+00:00\" \/>\n<meta property=\"og:image\" content=\"https:\/\/partsandpieces.nl\/wp-content\/uploads\/2020\/08\/Houten-Meubelknop-Mahonie-rond-met-stift-55mm.jpg\" \/>\n\t<meta property=\"og:image:width\" content=\"413\" \/>\n\t<meta property=\"og:image:height\" content=\"414\" \/>\n\t<meta property=\"og:image:type\" content=\"image\/jpeg\" \/>\n<meta name=\"twitter:card\" content=\"summary_large_image\" \/>\n<meta name=\"twitter:label1\" content=\"Gesch\u00e4tzte Lesezeit\" \/>\n\t<meta name=\"twitter:data1\" content=\"1\u00a0Minute\" \/>\n<script type=\"application\/ld+json\" class=\"yoast-schema-graph\">{\"@context\":\"https:\\\/\\\/schema.org\",\"@graph\":[{\"@type\":\"WebPage\",\"@id\":\"https:\\\/\\\/partsandpieces.nl\\\/product\\\/houten-meubelknop-mahonie-rond-met-stift-55mm\\\/\",\"url\":\"https:\\\/\\\/partsandpieces.nl\\\/product\\\/houten-meubelknop-mahonie-rond-met-stift-55mm\\\/\",\"name\":\"Houten Meubelknop Mahonie 55mm rond met stift\",\"isPartOf\":{\"@id\":\"https:\\\/\\\/partsandpieces.nl\\\/#website\"},\"primaryImageOfPage\":{\"@id\":\"https:\\\/\\\/partsandpieces.nl\\\/product\\\/houten-meubelknop-mahonie-rond-met-stift-55mm\\\/#primaryimage\"},\"image\":{\"@id\":\"https:\\\/\\\/partsandpieces.nl\\\/product\\\/houten-meubelknop-mahonie-rond-met-stift-55mm\\\/#primaryimage\"},\"thumbnailUrl\":\"https:\\\/\\\/partsandpieces.nl\\\/wp-content\\\/uploads\\\/2020\\\/08\\\/Houten-Meubelknop-Mahonie-rond-met-stift-55mm.jpg\",\"datePublished\":\"2020-08-14T09:39:37+00:00\",\"dateModified\":\"2026-03-14T11:48:27+00:00\",\"description\":\"Houten Meubelknop Mahonie rond met stift 55mm is gemaakt van mahonie hout. De knop heeft de vorm van een paddenstoel met een platte bovenkant.\",\"breadcrumb\":{\"@id\":\"https:\\\/\\\/partsandpieces.nl\\\/product\\\/houten-meubelknop-mahonie-rond-met-stift-55mm\\\/#breadcrumb\"},\"inLanguage\":\"de\",\"potentialAction\":[{\"@type\":\"ReadAction\",\"target\":[\"https:\\\/\\\/partsandpieces.nl\\\/product\\\/houten-meubelknop-mahonie-rond-met-stift-55mm\\\/\"]}]},{\"@type\":\"ImageObject\",\"inLanguage\":\"de\",\"@id\":\"https:\\\/\\\/partsandpieces.nl\\\/product\\\/houten-meubelknop-mahonie-rond-met-stift-55mm\\\/#primaryimage\",\"url\":\"https:\\\/\\\/partsandpieces.nl\\\/wp-content\\\/uploads\\\/2020\\\/08\\\/Houten-Meubelknop-Mahonie-rond-met-stift-55mm.jpg\",\"contentUrl\":\"https:\\\/\\\/partsandpieces.nl\\\/wp-content\\\/uploads\\\/2020\\\/08\\\/Houten-Meubelknop-Mahonie-rond-met-stift-55mm.jpg\",\"width\":413,\"height\":414,\"caption\":\"Houten Meubelknop Mahonie rond met stift 55mm\"},{\"@type\":\"BreadcrumbList\",\"@id\":\"https:\\\/\\\/partsandpieces.nl\\\/product\\\/houten-meubelknop-mahonie-rond-met-stift-55mm\\\/#breadcrumb\",\"itemListElement\":[{\"@type\":\"ListItem\",\"position\":1,\"name\":\"Home\",\"item\":\"https:\\\/\\\/partsandpieces.nl\\\/home\\\/\"},{\"@type\":\"ListItem\",\"position\":2,\"name\":\"Winkel\",\"item\":\"https:\\\/\\\/partsandpieces.nl\\\/winkel\\\/\"},{\"@type\":\"ListItem\",\"position\":3,\"name\":\"Houten Meubelknop Mahonie rond met stift 55mm\"}]},{\"@type\":\"WebSite\",\"@id\":\"https:\\\/\\\/partsandpieces.nl\\\/#website\",\"url\":\"https:\\\/\\\/partsandpieces.nl\\\/\",\"name\":\"Parts &amp; Pieces\",\"description\":\"Alles voor uw meubelrestauratie en -onderhoud!\",\"potentialAction\":[{\"@type\":\"SearchAction\",\"target\":{\"@type\":\"EntryPoint\",\"urlTemplate\":\"https:\\\/\\\/partsandpieces.nl\\\/?s={search_term_string}\"},\"query-input\":{\"@type\":\"PropertyValueSpecification\",\"valueRequired\":true,\"valueName\":\"search_term_string\"}}],\"inLanguage\":\"de\"}]}<\/script>\n<!-- \/ Yoast SEO plugin. -->","yoast_head_json":{"title":"Holzm\u00f6belknopf Mahagoni 55 mm rund mit Stift","description":"Holzm\u00f6belknopf Mahagoni rund mit Stift 55 mm ist aus Mahagoniholz gefertigt. Der Knopf hat die Form eines Pilzes mit einer flachen Oberseite.","robots":{"index":"index","follow":"follow","max-snippet":"max-snippet:-1","max-image-preview":"max-image-preview:large","max-video-preview":"max-video-preview:-1"},"canonical":"https:\/\/partsandpieces.nl\/de\/produkt\/holzmobelknopf-mahagoni-rund-mit-stift-55mm\/","og_locale":"de_DE","og_type":"article","og_title":"Houten Meubelknop Mahonie 55mm rond met stift","og_description":"Houten Meubelknop Mahonie rond met stift 55mm is gemaakt van mahonie hout. De knop heeft de vorm van een paddenstoel met een platte bovenkant.","og_url":"https:\/\/partsandpieces.nl\/de\/produkt\/holzmobelknopf-mahagoni-rund-mit-stift-55mm\/","og_site_name":"Parts &amp; Pieces","article_modified_time":"2026-03-14T11:48:27+00:00","og_image":[{"width":413,"height":414,"url":"https:\/\/partsandpieces.nl\/wp-content\/uploads\/2020\/08\/Houten-Meubelknop-Mahonie-rond-met-stift-55mm.jpg","type":"image\/jpeg"}],"twitter_card":"summary_large_image","twitter_misc":{"Gesch\u00e4tzte Lesezeit":"1\u00a0Minute"},"schema":{"@context":"https:\/\/schema.org","@graph":[{"@type":"WebPage","@id":"https:\/\/partsandpieces.nl\/product\/houten-meubelknop-mahonie-rond-met-stift-55mm\/","url":"https:\/\/partsandpieces.nl\/product\/houten-meubelknop-mahonie-rond-met-stift-55mm\/","name":"Holzm\u00f6belknopf Mahagoni 55 mm rund mit Stift","isPartOf":{"@id":"https:\/\/partsandpieces.nl\/#website"},"primaryImageOfPage":{"@id":"https:\/\/partsandpieces.nl\/product\/houten-meubelknop-mahonie-rond-met-stift-55mm\/#primaryimage"},"image":{"@id":"https:\/\/partsandpieces.nl\/product\/houten-meubelknop-mahonie-rond-met-stift-55mm\/#primaryimage"},"thumbnailUrl":"https:\/\/partsandpieces.nl\/wp-content\/uploads\/2020\/08\/Houten-Meubelknop-Mahonie-rond-met-stift-55mm.jpg","datePublished":"2020-08-14T09:39:37+00:00","dateModified":"2026-03-14T11:48:27+00:00","description":"Holzm\u00f6belknopf Mahagoni rund mit Stift 55 mm ist aus Mahagoniholz gefertigt. Der Knopf hat die Form eines Pilzes mit einer flachen Oberseite.","breadcrumb":{"@id":"https:\/\/partsandpieces.nl\/product\/houten-meubelknop-mahonie-rond-met-stift-55mm\/#breadcrumb"},"inLanguage":"de","potentialAction":[{"@type":"ReadAction","target":["https:\/\/partsandpieces.nl\/product\/houten-meubelknop-mahonie-rond-met-stift-55mm\/"]}]},{"@type":"ImageObject","inLanguage":"de","@id":"https:\/\/partsandpieces.nl\/product\/houten-meubelknop-mahonie-rond-met-stift-55mm\/#primaryimage","url":"https:\/\/partsandpieces.nl\/wp-content\/uploads\/2020\/08\/Houten-Meubelknop-Mahonie-rond-met-stift-55mm.jpg","contentUrl":"https:\/\/partsandpieces.nl\/wp-content\/uploads\/2020\/08\/Houten-Meubelknop-Mahonie-rond-met-stift-55mm.jpg","width":413,"height":414,"caption":"Houten Meubelknop Mahonie rond met stift 55mm"},{"@type":"BreadcrumbList","@id":"https:\/\/partsandpieces.nl\/product\/houten-meubelknop-mahonie-rond-met-stift-55mm\/#breadcrumb","itemListElement":[{"@type":"ListItem","position":1,"name":"Home","item":"https:\/\/partsandpieces.nl\/home\/"},{"@type":"ListItem","position":2,"name":"Winkel","item":"https:\/\/partsandpieces.nl\/winkel\/"},{"@type":"ListItem","position":3,"name":"Houten Meubelknop Mahonie rond met stift 55mm"}]},{"@type":"WebSite","@id":"https:\/\/partsandpieces.nl\/#website","url":"https:\/\/partsandpieces.nl\/","name":"Teile &amp; St\u00fccke","description":"Alles f\u00fcr Ihre M\u00f6belrestaurierung und -pflege!","potentialAction":[{"@type":"SearchAction","target":{"@type":"EntryPoint","urlTemplate":"https:\/\/partsandpieces.nl\/?s={search_term_string}"},"query-input":{"@type":"PropertyValueSpecification","valueRequired":true,"valueName":"search_term_string"}}],"inLanguage":"de"}]}},"_links":{"self":[{"href":"https:\/\/partsandpieces.nl\/de\/wp-json\/wp\/v2\/product\/1688","targetHints":{"allow":["GET"]}}],"collection":[{"href":"https:\/\/partsandpieces.nl\/de\/wp-json\/wp\/v2\/product"}],"about":[{"href":"https:\/\/partsandpieces.nl\/de\/wp-json\/wp\/v2\/types\/product"}],"wp:featuredmedia":[{"embeddable":true,"href":"https:\/\/partsandpieces.nl\/de\/wp-json\/wp\/v2\/media\/8140"}],"wp:attachment":[{"href":"https:\/\/partsandpieces.nl\/de\/wp-json\/wp\/v2\/media?parent=1688"}],"wp:term":[{"taxonomy":"product_brand","embeddable":true,"href":"https:\/\/partsandpieces.nl\/de\/wp-json\/wp\/v2\/product_brand?post=1688"},{"taxonomy":"product_cat","embeddable":true,"href":"https:\/\/partsandpieces.nl\/de\/wp-json\/wp\/v2\/product_cat?post=1688"},{"taxonomy":"product_tag","embeddable":true,"href":"https:\/\/partsandpieces.nl\/de\/wp-json\/wp\/v2\/product_tag?post=1688"}],"curies":[{"name":"wp","href":"https:\/\/api.w.org\/{rel}","templated":true}]}}