{"id":171,"date":"2020-05-25T16:56:28","date_gmt":"2020-05-25T16:56:28","guid":{"rendered":"https:\/\/partsandpieces.bonsaidev.nl\/?product=werkhandschoen-12-leer-27-cm"},"modified":"2024-10-07T16:14:14","modified_gmt":"2024-10-07T14:14:14","slug":"veba-arbeitshandschuhe-blau-comfort-grip-pu-flex-gr-11-xxl-1-paar","status":"publish","type":"product","link":"https:\/\/partsandpieces.nl\/de\/product\/veba-werkhandschoenen-blauw-comfort-grip-pu-flex-maat-11-xxl-1-paar\/","title":{"rendered":"VEBA Arbeitshandschuhe Blau Komfortgriff PU Flex Gr\u00f6\u00dfe 11\/XXL (1 Paar)"},"content":{"rendered":"<p><strong>VEBA-Arbeitshandschuhe Blauer Komfortgriff PU Flex Gr\u00f6\u00dfe 11\/XXL<\/strong> ist ultraleicht und flexibel. F\u00fcr besseren Halt in \u00f6ligen und nassen Umgebungen. Der Handschuh besteht aus Nylon mit einer Nitrilschaumbeschichtung auf der Innenseite f\u00fcr besseren Halt. Dieser Arbeitshandschuh ist auf der Oberseite blau und auf der Handfl\u00e4che schwarz. <strong>EN388 zertifiziert<\/strong>.<\/p>","protected":false},"excerpt":{"rendered":"<p>VEBA Arbeitshandschuhe Blue Comfort Grip PU Flex Gr\u00f6\u00dfe 11\/XXL sind ultraleicht und flexibel. F\u00fcr besseren Halt in \u00f6ligen und nassen Umgebungen. Der Handschuh besteht aus Nylon mit einer Nitrilschaumbeschichtung auf der Innenseite f\u00fcr besseren Halt. Dieser Arbeitshandschuh ist auf der Oberseite blau und auf der Handfl\u00e4che schwarz. EN388 zertifiziert.<\/p>","protected":false},"featured_media":4624,"template":"","meta":{"_acf_changed":false},"product_brand":[],"product_cat":[93,96],"product_tag":[],"class_list":{"0":"post-171","1":"product","2":"type-product","3":"status-publish","4":"has-post-thumbnail","6":"product_cat-diversen","7":"product_cat-werkhandschoenen","9":"first","10":"instock","11":"taxable","12":"shipping-taxable","13":"purchasable","14":"product-type-simple"},"acf":[],"yoast_head":"<!-- This site is optimized with the Yoast SEO plugin v27.3 - https:\/\/yoast.com\/product\/yoast-seo-wordpress\/ -->\n<title>VEBA werkhandschoenen Blauw XXL comfort grip PU Flex<\/title>\n<meta name=\"description\" content=\"VEBA werkhandschoen comfort grip maat 11\/XXL is ultralicht en flexibel. Voor betere grip in olie- en natte omgevingen. EN388 gecertificeerd.\" \/>\n<meta name=\"robots\" content=\"index, follow, max-snippet:-1, max-image-preview:large, max-video-preview:-1\" \/>\n<link rel=\"canonical\" href=\"https:\/\/partsandpieces.nl\/de\/produkt\/veba-arbeitshandschuhe-blau-comfort-grip-pu-flex-gr-11-xxl-1-paar\/\" \/>\n<meta property=\"og:locale\" content=\"de_DE\" \/>\n<meta property=\"og:type\" content=\"article\" \/>\n<meta property=\"og:title\" content=\"VEBA werkhandschoenen Blauw XXL comfort grip PU Flex\" \/>\n<meta property=\"og:description\" content=\"VEBA werkhandschoen comfort grip maat 11\/XXL is ultralicht en flexibel. Voor betere grip in olie- en natte omgevingen. EN388 gecertificeerd.\" \/>\n<meta property=\"og:url\" content=\"https:\/\/partsandpieces.nl\/de\/produkt\/veba-arbeitshandschuhe-blau-comfort-grip-pu-flex-gr-11-xxl-1-paar\/\" \/>\n<meta property=\"og:site_name\" content=\"Parts &amp; Pieces\" \/>\n<meta property=\"article:modified_time\" content=\"2024-10-07T14:14:14+00:00\" \/>\n<meta property=\"og:image\" content=\"https:\/\/partsandpieces.nl\/wp-content\/uploads\/2020\/05\/VEBA-werkhandschoen-comfort-grip.jpg\" \/>\n\t<meta property=\"og:image:width\" content=\"550\" \/>\n\t<meta property=\"og:image:height\" content=\"282\" \/>\n\t<meta property=\"og:image:type\" content=\"image\/jpeg\" \/>\n<meta name=\"twitter:card\" content=\"summary_large_image\" \/>\n<meta name=\"twitter:label1\" content=\"Gesch\u00e4tzte Lesezeit\" \/>\n\t<meta name=\"twitter:data1\" content=\"1\u00a0Minute\" \/>\n<script type=\"application\/ld+json\" class=\"yoast-schema-graph\">{\"@context\":\"https:\\\/\\\/schema.org\",\"@graph\":[{\"@type\":\"WebPage\",\"@id\":\"https:\\\/\\\/partsandpieces.nl\\\/product\\\/veba-werkhandschoenen-blauw-comfort-grip-pu-flex-maat-11-xxl-1-paar\\\/\",\"url\":\"https:\\\/\\\/partsandpieces.nl\\\/product\\\/veba-werkhandschoenen-blauw-comfort-grip-pu-flex-maat-11-xxl-1-paar\\\/\",\"name\":\"VEBA werkhandschoenen Blauw XXL comfort grip PU Flex\",\"isPartOf\":{\"@id\":\"https:\\\/\\\/partsandpieces.nl\\\/#website\"},\"primaryImageOfPage\":{\"@id\":\"https:\\\/\\\/partsandpieces.nl\\\/product\\\/veba-werkhandschoenen-blauw-comfort-grip-pu-flex-maat-11-xxl-1-paar\\\/#primaryimage\"},\"image\":{\"@id\":\"https:\\\/\\\/partsandpieces.nl\\\/product\\\/veba-werkhandschoenen-blauw-comfort-grip-pu-flex-maat-11-xxl-1-paar\\\/#primaryimage\"},\"thumbnailUrl\":\"https:\\\/\\\/partsandpieces.nl\\\/wp-content\\\/uploads\\\/2020\\\/05\\\/VEBA-werkhandschoen-comfort-grip.jpg\",\"datePublished\":\"2020-05-25T16:56:28+00:00\",\"dateModified\":\"2024-10-07T14:14:14+00:00\",\"description\":\"VEBA werkhandschoen comfort grip maat 11\\\/XXL is ultralicht en flexibel. Voor betere grip in olie- en natte omgevingen. EN388 gecertificeerd.\",\"breadcrumb\":{\"@id\":\"https:\\\/\\\/partsandpieces.nl\\\/product\\\/veba-werkhandschoenen-blauw-comfort-grip-pu-flex-maat-11-xxl-1-paar\\\/#breadcrumb\"},\"inLanguage\":\"de\",\"potentialAction\":[{\"@type\":\"ReadAction\",\"target\":[\"https:\\\/\\\/partsandpieces.nl\\\/product\\\/veba-werkhandschoenen-blauw-comfort-grip-pu-flex-maat-11-xxl-1-paar\\\/\"]}]},{\"@type\":\"ImageObject\",\"inLanguage\":\"de\",\"@id\":\"https:\\\/\\\/partsandpieces.nl\\\/product\\\/veba-werkhandschoenen-blauw-comfort-grip-pu-flex-maat-11-xxl-1-paar\\\/#primaryimage\",\"url\":\"https:\\\/\\\/partsandpieces.nl\\\/wp-content\\\/uploads\\\/2020\\\/05\\\/VEBA-werkhandschoen-comfort-grip.jpg\",\"contentUrl\":\"https:\\\/\\\/partsandpieces.nl\\\/wp-content\\\/uploads\\\/2020\\\/05\\\/VEBA-werkhandschoen-comfort-grip.jpg\",\"width\":550,\"height\":282,\"caption\":\"VEBA werkhandschoen comfort grip XXL\"},{\"@type\":\"BreadcrumbList\",\"@id\":\"https:\\\/\\\/partsandpieces.nl\\\/product\\\/veba-werkhandschoenen-blauw-comfort-grip-pu-flex-maat-11-xxl-1-paar\\\/#breadcrumb\",\"itemListElement\":[{\"@type\":\"ListItem\",\"position\":1,\"name\":\"Home\",\"item\":\"https:\\\/\\\/partsandpieces.nl\\\/home\\\/\"},{\"@type\":\"ListItem\",\"position\":2,\"name\":\"Winkel\",\"item\":\"https:\\\/\\\/partsandpieces.nl\\\/winkel\\\/\"},{\"@type\":\"ListItem\",\"position\":3,\"name\":\"VEBA werkhandschoenen Blauw comfort grip PU Flex maat 11\\\/XXL (1 paar)\"}]},{\"@type\":\"WebSite\",\"@id\":\"https:\\\/\\\/partsandpieces.nl\\\/#website\",\"url\":\"https:\\\/\\\/partsandpieces.nl\\\/\",\"name\":\"Parts &amp; Pieces\",\"description\":\"Alles voor uw meubelrestauratie en -onderhoud!\",\"potentialAction\":[{\"@type\":\"SearchAction\",\"target\":{\"@type\":\"EntryPoint\",\"urlTemplate\":\"https:\\\/\\\/partsandpieces.nl\\\/?s={search_term_string}\"},\"query-input\":{\"@type\":\"PropertyValueSpecification\",\"valueRequired\":true,\"valueName\":\"search_term_string\"}}],\"inLanguage\":\"de\"}]}<\/script>\n<!-- \/ Yoast SEO plugin. -->","yoast_head_json":{"title":"VEBA Arbeitshandschuhe Blau XXL Komfortgriff PU Flex","description":"Der VEBA Arbeitshandschuh Comfort Grip Gr\u00f6\u00dfe 11\/XXL ist ultraleicht und flexibel. F\u00fcr besseren Halt in \u00f6ligen und nassen Umgebungen. EN388-zertifiziert.","robots":{"index":"index","follow":"follow","max-snippet":"max-snippet:-1","max-image-preview":"max-image-preview:large","max-video-preview":"max-video-preview:-1"},"canonical":"https:\/\/partsandpieces.nl\/de\/produkt\/veba-arbeitshandschuhe-blau-comfort-grip-pu-flex-gr-11-xxl-1-paar\/","og_locale":"de_DE","og_type":"article","og_title":"VEBA werkhandschoenen Blauw XXL comfort grip PU Flex","og_description":"VEBA werkhandschoen comfort grip maat 11\/XXL is ultralicht en flexibel. Voor betere grip in olie- en natte omgevingen. EN388 gecertificeerd.","og_url":"https:\/\/partsandpieces.nl\/de\/produkt\/veba-arbeitshandschuhe-blau-comfort-grip-pu-flex-gr-11-xxl-1-paar\/","og_site_name":"Parts &amp; Pieces","article_modified_time":"2024-10-07T14:14:14+00:00","og_image":[{"width":550,"height":282,"url":"https:\/\/partsandpieces.nl\/wp-content\/uploads\/2020\/05\/VEBA-werkhandschoen-comfort-grip.jpg","type":"image\/jpeg"}],"twitter_card":"summary_large_image","twitter_misc":{"Gesch\u00e4tzte Lesezeit":"1\u00a0Minute"},"schema":{"@context":"https:\/\/schema.org","@graph":[{"@type":"WebPage","@id":"https:\/\/partsandpieces.nl\/product\/veba-werkhandschoenen-blauw-comfort-grip-pu-flex-maat-11-xxl-1-paar\/","url":"https:\/\/partsandpieces.nl\/product\/veba-werkhandschoenen-blauw-comfort-grip-pu-flex-maat-11-xxl-1-paar\/","name":"VEBA Arbeitshandschuhe Blau XXL Komfortgriff PU Flex","isPartOf":{"@id":"https:\/\/partsandpieces.nl\/#website"},"primaryImageOfPage":{"@id":"https:\/\/partsandpieces.nl\/product\/veba-werkhandschoenen-blauw-comfort-grip-pu-flex-maat-11-xxl-1-paar\/#primaryimage"},"image":{"@id":"https:\/\/partsandpieces.nl\/product\/veba-werkhandschoenen-blauw-comfort-grip-pu-flex-maat-11-xxl-1-paar\/#primaryimage"},"thumbnailUrl":"https:\/\/partsandpieces.nl\/wp-content\/uploads\/2020\/05\/VEBA-werkhandschoen-comfort-grip.jpg","datePublished":"2020-05-25T16:56:28+00:00","dateModified":"2024-10-07T14:14:14+00:00","description":"Der VEBA Arbeitshandschuh Comfort Grip Gr\u00f6\u00dfe 11\/XXL ist ultraleicht und flexibel. F\u00fcr besseren Halt in \u00f6ligen und nassen Umgebungen. EN388-zertifiziert.","breadcrumb":{"@id":"https:\/\/partsandpieces.nl\/product\/veba-werkhandschoenen-blauw-comfort-grip-pu-flex-maat-11-xxl-1-paar\/#breadcrumb"},"inLanguage":"de","potentialAction":[{"@type":"ReadAction","target":["https:\/\/partsandpieces.nl\/product\/veba-werkhandschoenen-blauw-comfort-grip-pu-flex-maat-11-xxl-1-paar\/"]}]},{"@type":"ImageObject","inLanguage":"de","@id":"https:\/\/partsandpieces.nl\/product\/veba-werkhandschoenen-blauw-comfort-grip-pu-flex-maat-11-xxl-1-paar\/#primaryimage","url":"https:\/\/partsandpieces.nl\/wp-content\/uploads\/2020\/05\/VEBA-werkhandschoen-comfort-grip.jpg","contentUrl":"https:\/\/partsandpieces.nl\/wp-content\/uploads\/2020\/05\/VEBA-werkhandschoen-comfort-grip.jpg","width":550,"height":282,"caption":"VEBA werkhandschoen comfort grip XXL"},{"@type":"BreadcrumbList","@id":"https:\/\/partsandpieces.nl\/product\/veba-werkhandschoenen-blauw-comfort-grip-pu-flex-maat-11-xxl-1-paar\/#breadcrumb","itemListElement":[{"@type":"ListItem","position":1,"name":"Home","item":"https:\/\/partsandpieces.nl\/home\/"},{"@type":"ListItem","position":2,"name":"Winkel","item":"https:\/\/partsandpieces.nl\/winkel\/"},{"@type":"ListItem","position":3,"name":"VEBA werkhandschoenen Blauw comfort grip PU Flex maat 11\/XXL (1 paar)"}]},{"@type":"WebSite","@id":"https:\/\/partsandpieces.nl\/#website","url":"https:\/\/partsandpieces.nl\/","name":"Teile &amp; St\u00fccke","description":"Alles f\u00fcr Ihre M\u00f6belrestaurierung und -pflege!","potentialAction":[{"@type":"SearchAction","target":{"@type":"EntryPoint","urlTemplate":"https:\/\/partsandpieces.nl\/?s={search_term_string}"},"query-input":{"@type":"PropertyValueSpecification","valueRequired":true,"valueName":"search_term_string"}}],"inLanguage":"de"}]}},"_links":{"self":[{"href":"https:\/\/partsandpieces.nl\/de\/wp-json\/wp\/v2\/product\/171","targetHints":{"allow":["GET"]}}],"collection":[{"href":"https:\/\/partsandpieces.nl\/de\/wp-json\/wp\/v2\/product"}],"about":[{"href":"https:\/\/partsandpieces.nl\/de\/wp-json\/wp\/v2\/types\/product"}],"wp:featuredmedia":[{"embeddable":true,"href":"https:\/\/partsandpieces.nl\/de\/wp-json\/wp\/v2\/media\/4624"}],"wp:attachment":[{"href":"https:\/\/partsandpieces.nl\/de\/wp-json\/wp\/v2\/media?parent=171"}],"wp:term":[{"taxonomy":"product_brand","embeddable":true,"href":"https:\/\/partsandpieces.nl\/de\/wp-json\/wp\/v2\/product_brand?post=171"},{"taxonomy":"product_cat","embeddable":true,"href":"https:\/\/partsandpieces.nl\/de\/wp-json\/wp\/v2\/product_cat?post=171"},{"taxonomy":"product_tag","embeddable":true,"href":"https:\/\/partsandpieces.nl\/de\/wp-json\/wp\/v2\/product_tag?post=171"}],"curies":[{"name":"wp","href":"https:\/\/api.w.org\/{rel}","templated":true}]}}