{"id":172,"date":"2020-05-25T17:00:32","date_gmt":"2020-05-25T15:00:32","guid":{"rendered":"https:\/\/partsandpieces.bonsaidev.nl\/?product=schuur-blokje-korrel-100"},"modified":"2026-03-25T14:51:22","modified_gmt":"2026-03-25T13:51:22","slug":"schleifklotz-98x68x26mm-kornung-100","status":"publish","type":"product","link":"https:\/\/partsandpieces.nl\/de\/product\/schuurblok-98x68x26mm-korrel-100\/","title":{"rendered":"Schleifklotz 98x68x26mm K\u00f6rnung 100"},"content":{"rendered":"<p><strong>Schleifklotz 98x68x26mm K\u00f6rnung 100<\/strong> ist ein flexibler Schleifblock auf Schaumstoffbasis mit einer extra keramikbeschichteten Aluminiumoxid-K\u00f6rnung auf vier Seiten. Der Schleifklotz kann sowohl trocken als auch nass zum universellen Schleifen aller Materialien wie Holz, Metall und PVC verwendet werden.<\/p>\n<p><strong>Ma\u00dfe<\/strong><br \/>\nDer Schleifblock 98 x 68 x 26 mm, K\u00f6rnung 100, ist 98 mm lang, 86 mm breit und 26 mm hoch.<\/p>","protected":false},"excerpt":{"rendered":"<p>Schuurblok 98x68x26mm Korrel 100 is een flexibel schuurblokje op foambasis met aan vier zijden een extra keramisch gecoate aluminiumoxide korrel. Het schuurblok kan zowel droog als nat gebruikt worden voor universeel schuren van alle materialen zoals hout, metaal en pvc. Afmetingen Schuurblok 98x68x26mm Korrel 100 is 98mm lang, 86mm breed en 26mm hoog.<\/p>","protected":false},"featured_media":8454,"template":"","meta":{"_acf_changed":false},"product_brand":[],"product_cat":[93,97],"product_tag":[],"class_list":{"0":"post-172","1":"product","2":"type-product","3":"status-publish","4":"has-post-thumbnail","6":"product_cat-diversen","7":"product_cat-schuurpapier","9":"first","10":"instock","11":"taxable","12":"shipping-taxable","13":"purchasable","14":"product-type-simple"},"acf":[],"yoast_head":"<!-- This site is optimized with the Yoast SEO plugin v27.3 - https:\/\/yoast.com\/product\/yoast-seo-wordpress\/ -->\n<title>Schuurblok 98x68x26mm Korrel 100<\/title>\n<meta name=\"description\" content=\"Schuurblok 98x68x26mm Korrel 100 kan zowel droog als nat gebruikt worden voor universeel schuren van alle materialen zoals hout, metaal en pvc.\" \/>\n<meta name=\"robots\" content=\"index, follow, max-snippet:-1, max-image-preview:large, max-video-preview:-1\" \/>\n<link rel=\"canonical\" href=\"https:\/\/partsandpieces.nl\/de\/produkt\/schleifklotz-98x68x26mm-kornung-100\/\" \/>\n<meta property=\"og:locale\" content=\"de_DE\" \/>\n<meta property=\"og:type\" content=\"article\" \/>\n<meta property=\"og:title\" content=\"Schuurblok 98x68x26mm Korrel 100\" \/>\n<meta property=\"og:description\" content=\"Schuurblok 98x68x26mm Korrel 100 kan zowel droog als nat gebruikt worden voor universeel schuren van alle materialen zoals hout, metaal en pvc.\" \/>\n<meta property=\"og:url\" content=\"https:\/\/partsandpieces.nl\/de\/produkt\/schleifklotz-98x68x26mm-kornung-100\/\" \/>\n<meta property=\"og:site_name\" content=\"Parts &amp; Pieces\" \/>\n<meta property=\"article:modified_time\" content=\"2026-03-25T13:51:22+00:00\" \/>\n<meta property=\"og:image\" content=\"https:\/\/partsandpieces.nl\/wp-content\/uploads\/2020\/05\/Schuurblok-98x68x26mm-Korrel-100.jpg\" \/>\n\t<meta property=\"og:image:width\" content=\"480\" \/>\n\t<meta property=\"og:image:height\" content=\"481\" \/>\n\t<meta property=\"og:image:type\" content=\"image\/jpeg\" \/>\n<meta name=\"twitter:card\" content=\"summary_large_image\" \/>\n<meta name=\"twitter:label1\" content=\"Gesch\u00e4tzte Lesezeit\" \/>\n\t<meta name=\"twitter:data1\" content=\"1\u00a0Minute\" \/>\n<script type=\"application\/ld+json\" class=\"yoast-schema-graph\">{\"@context\":\"https:\\\/\\\/schema.org\",\"@graph\":[{\"@type\":\"WebPage\",\"@id\":\"https:\\\/\\\/partsandpieces.nl\\\/product\\\/schuurblok-98x68x26mm-korrel-100\\\/\",\"url\":\"https:\\\/\\\/partsandpieces.nl\\\/product\\\/schuurblok-98x68x26mm-korrel-100\\\/\",\"name\":\"Schuurblok 98x68x26mm Korrel 100\",\"isPartOf\":{\"@id\":\"https:\\\/\\\/partsandpieces.nl\\\/#website\"},\"primaryImageOfPage\":{\"@id\":\"https:\\\/\\\/partsandpieces.nl\\\/product\\\/schuurblok-98x68x26mm-korrel-100\\\/#primaryimage\"},\"image\":{\"@id\":\"https:\\\/\\\/partsandpieces.nl\\\/product\\\/schuurblok-98x68x26mm-korrel-100\\\/#primaryimage\"},\"thumbnailUrl\":\"https:\\\/\\\/partsandpieces.nl\\\/wp-content\\\/uploads\\\/2020\\\/05\\\/Schuurblok-98x68x26mm-Korrel-100.jpg\",\"datePublished\":\"2020-05-25T15:00:32+00:00\",\"dateModified\":\"2026-03-25T13:51:22+00:00\",\"description\":\"Schuurblok 98x68x26mm Korrel 100 kan zowel droog als nat gebruikt worden voor universeel schuren van alle materialen zoals hout, metaal en pvc.\",\"breadcrumb\":{\"@id\":\"https:\\\/\\\/partsandpieces.nl\\\/product\\\/schuurblok-98x68x26mm-korrel-100\\\/#breadcrumb\"},\"inLanguage\":\"de\",\"potentialAction\":[{\"@type\":\"ReadAction\",\"target\":[\"https:\\\/\\\/partsandpieces.nl\\\/product\\\/schuurblok-98x68x26mm-korrel-100\\\/\"]}]},{\"@type\":\"ImageObject\",\"inLanguage\":\"de\",\"@id\":\"https:\\\/\\\/partsandpieces.nl\\\/product\\\/schuurblok-98x68x26mm-korrel-100\\\/#primaryimage\",\"url\":\"https:\\\/\\\/partsandpieces.nl\\\/wp-content\\\/uploads\\\/2020\\\/05\\\/Schuurblok-98x68x26mm-Korrel-100.jpg\",\"contentUrl\":\"https:\\\/\\\/partsandpieces.nl\\\/wp-content\\\/uploads\\\/2020\\\/05\\\/Schuurblok-98x68x26mm-Korrel-100.jpg\",\"width\":480,\"height\":481,\"caption\":\"Schuurblok 98x68x26mm Korrel 100\"},{\"@type\":\"BreadcrumbList\",\"@id\":\"https:\\\/\\\/partsandpieces.nl\\\/product\\\/schuurblok-98x68x26mm-korrel-100\\\/#breadcrumb\",\"itemListElement\":[{\"@type\":\"ListItem\",\"position\":1,\"name\":\"Home\",\"item\":\"https:\\\/\\\/partsandpieces.nl\\\/home\\\/\"},{\"@type\":\"ListItem\",\"position\":2,\"name\":\"Winkel\",\"item\":\"https:\\\/\\\/partsandpieces.nl\\\/winkel\\\/\"},{\"@type\":\"ListItem\",\"position\":3,\"name\":\"Schuurblok 98x68x26mm Korrel 100\"}]},{\"@type\":\"WebSite\",\"@id\":\"https:\\\/\\\/partsandpieces.nl\\\/#website\",\"url\":\"https:\\\/\\\/partsandpieces.nl\\\/\",\"name\":\"Parts &amp; Pieces\",\"description\":\"Alles voor uw meubelrestauratie en -onderhoud!\",\"potentialAction\":[{\"@type\":\"SearchAction\",\"target\":{\"@type\":\"EntryPoint\",\"urlTemplate\":\"https:\\\/\\\/partsandpieces.nl\\\/?s={search_term_string}\"},\"query-input\":{\"@type\":\"PropertyValueSpecification\",\"valueRequired\":true,\"valueName\":\"search_term_string\"}}],\"inLanguage\":\"de\"}]}<\/script>\n<!-- \/ Yoast SEO plugin. -->","yoast_head_json":{"title":"Schleifklotz 98x68x26mm K\u00f6rnung 100","description":"Schleifblock 98x68x26mm K\u00f6rnung 100 kann sowohl trocken als auch nass zum universellen Schleifen aller Materialien wie Holz, Metall und PVC verwendet werden.","robots":{"index":"index","follow":"follow","max-snippet":"max-snippet:-1","max-image-preview":"max-image-preview:large","max-video-preview":"max-video-preview:-1"},"canonical":"https:\/\/partsandpieces.nl\/de\/produkt\/schleifklotz-98x68x26mm-kornung-100\/","og_locale":"de_DE","og_type":"article","og_title":"Schuurblok 98x68x26mm Korrel 100","og_description":"Schuurblok 98x68x26mm Korrel 100 kan zowel droog als nat gebruikt worden voor universeel schuren van alle materialen zoals hout, metaal en pvc.","og_url":"https:\/\/partsandpieces.nl\/de\/produkt\/schleifklotz-98x68x26mm-kornung-100\/","og_site_name":"Parts &amp; Pieces","article_modified_time":"2026-03-25T13:51:22+00:00","og_image":[{"width":480,"height":481,"url":"https:\/\/partsandpieces.nl\/wp-content\/uploads\/2020\/05\/Schuurblok-98x68x26mm-Korrel-100.jpg","type":"image\/jpeg"}],"twitter_card":"summary_large_image","twitter_misc":{"Gesch\u00e4tzte Lesezeit":"1\u00a0Minute"},"schema":{"@context":"https:\/\/schema.org","@graph":[{"@type":"WebPage","@id":"https:\/\/partsandpieces.nl\/product\/schuurblok-98x68x26mm-korrel-100\/","url":"https:\/\/partsandpieces.nl\/product\/schuurblok-98x68x26mm-korrel-100\/","name":"Schleifklotz 98x68x26mm K\u00f6rnung 100","isPartOf":{"@id":"https:\/\/partsandpieces.nl\/#website"},"primaryImageOfPage":{"@id":"https:\/\/partsandpieces.nl\/product\/schuurblok-98x68x26mm-korrel-100\/#primaryimage"},"image":{"@id":"https:\/\/partsandpieces.nl\/product\/schuurblok-98x68x26mm-korrel-100\/#primaryimage"},"thumbnailUrl":"https:\/\/partsandpieces.nl\/wp-content\/uploads\/2020\/05\/Schuurblok-98x68x26mm-Korrel-100.jpg","datePublished":"2020-05-25T15:00:32+00:00","dateModified":"2026-03-25T13:51:22+00:00","description":"Schleifblock 98x68x26mm K\u00f6rnung 100 kann sowohl trocken als auch nass zum universellen Schleifen aller Materialien wie Holz, Metall und PVC verwendet werden.","breadcrumb":{"@id":"https:\/\/partsandpieces.nl\/product\/schuurblok-98x68x26mm-korrel-100\/#breadcrumb"},"inLanguage":"de","potentialAction":[{"@type":"ReadAction","target":["https:\/\/partsandpieces.nl\/product\/schuurblok-98x68x26mm-korrel-100\/"]}]},{"@type":"ImageObject","inLanguage":"de","@id":"https:\/\/partsandpieces.nl\/product\/schuurblok-98x68x26mm-korrel-100\/#primaryimage","url":"https:\/\/partsandpieces.nl\/wp-content\/uploads\/2020\/05\/Schuurblok-98x68x26mm-Korrel-100.jpg","contentUrl":"https:\/\/partsandpieces.nl\/wp-content\/uploads\/2020\/05\/Schuurblok-98x68x26mm-Korrel-100.jpg","width":480,"height":481,"caption":"Schuurblok 98x68x26mm Korrel 100"},{"@type":"BreadcrumbList","@id":"https:\/\/partsandpieces.nl\/product\/schuurblok-98x68x26mm-korrel-100\/#breadcrumb","itemListElement":[{"@type":"ListItem","position":1,"name":"Home","item":"https:\/\/partsandpieces.nl\/home\/"},{"@type":"ListItem","position":2,"name":"Winkel","item":"https:\/\/partsandpieces.nl\/winkel\/"},{"@type":"ListItem","position":3,"name":"Schuurblok 98x68x26mm Korrel 100"}]},{"@type":"WebSite","@id":"https:\/\/partsandpieces.nl\/#website","url":"https:\/\/partsandpieces.nl\/","name":"Teile &amp; St\u00fccke","description":"Alles f\u00fcr Ihre M\u00f6belrestaurierung und -pflege!","potentialAction":[{"@type":"SearchAction","target":{"@type":"EntryPoint","urlTemplate":"https:\/\/partsandpieces.nl\/?s={search_term_string}"},"query-input":{"@type":"PropertyValueSpecification","valueRequired":true,"valueName":"search_term_string"}}],"inLanguage":"de"}]}},"_links":{"self":[{"href":"https:\/\/partsandpieces.nl\/de\/wp-json\/wp\/v2\/product\/172","targetHints":{"allow":["GET"]}}],"collection":[{"href":"https:\/\/partsandpieces.nl\/de\/wp-json\/wp\/v2\/product"}],"about":[{"href":"https:\/\/partsandpieces.nl\/de\/wp-json\/wp\/v2\/types\/product"}],"wp:featuredmedia":[{"embeddable":true,"href":"https:\/\/partsandpieces.nl\/de\/wp-json\/wp\/v2\/media\/8454"}],"wp:attachment":[{"href":"https:\/\/partsandpieces.nl\/de\/wp-json\/wp\/v2\/media?parent=172"}],"wp:term":[{"taxonomy":"product_brand","embeddable":true,"href":"https:\/\/partsandpieces.nl\/de\/wp-json\/wp\/v2\/product_brand?post=172"},{"taxonomy":"product_cat","embeddable":true,"href":"https:\/\/partsandpieces.nl\/de\/wp-json\/wp\/v2\/product_cat?post=172"},{"taxonomy":"product_tag","embeddable":true,"href":"https:\/\/partsandpieces.nl\/de\/wp-json\/wp\/v2\/product_tag?post=172"}],"curies":[{"name":"wp","href":"https:\/\/api.w.org\/{rel}","templated":true}]}}