{"id":1799,"date":"2020-08-17T11:54:46","date_gmt":"2020-08-17T11:54:46","guid":{"rendered":"https:\/\/partsandpieces.bonsaidev.nl\/?product=ballfoot-oak-eiche-rond-12"},"modified":"2026-03-30T14:35:25","modified_gmt":"2026-03-30T12:35:25","slug":"schrankbein-konvexe-eiche-gros-120mm","status":"publish","type":"product","link":"https:\/\/partsandpieces.nl\/de\/product\/kastpoot-bol-eiken-groot-120mm\/","title":{"rendered":"Schrankbein Sphere Oak Large 120 mm"},"content":{"rendered":"<p><strong>Schrankbein Sphere Oak Large 120 mm<\/strong> ist ein gro\u00dfes, konvexes Schrankbein aus Eiche. Das Holz ist unbehandelt und geschliffen, sodass es f\u00fcr jede weitere Behandlung bereit ist.<\/p>\n<p><strong>Ma\u00dfe\u00a0<\/strong><br \/>\nDas Schrankbein Sphere Oak Large 120 mm hat einen Durchmesser von maximal 120 mm. Die H\u00f6he des Kugelbeins betr\u00e4gt 95 mm. Der Sockel hat einen Durchmesser von 60 mm und der Kragen 75 mm.<\/p>","protected":false},"excerpt":{"rendered":"<p>Kastpoot Bol Eiken Groot 120mm is een grote, bolle kastpoot gemaakt van eikenhout. Het hout is onbehandeld en geschuurd, dus klaar voor eventuele verdere behandeling. Afmetingen\u00a0 Kastpoot Bol Eiken Groot 120mm heeft een diameter van 120mm (maximaal). De hoogte van de bolpoot is 95mm. De voet heeft een diameter van 60mm en de kraag 75mm.<\/p>","protected":false},"featured_media":8305,"template":"","meta":{"_acf_changed":false},"product_brand":[],"product_cat":[57,54],"product_tag":[],"class_list":{"0":"post-1799","1":"product","2":"type-product","3":"status-publish","4":"has-post-thumbnail","6":"product_cat-houten-kastpoten","7":"product_cat-houten-snij-en-draaiwerk","9":"first","10":"instock","11":"taxable","12":"shipping-taxable","13":"purchasable","14":"product-type-simple"},"acf":[],"yoast_head":"<!-- This site is optimized with the Yoast SEO plugin v27.3 - https:\/\/yoast.com\/product\/yoast-seo-wordpress\/ -->\n<title>Kastpoot Bol Eiken Groot 120mm<\/title>\n<meta name=\"description\" content=\"Kastpoot Bol Eiken Groot 120mm is een grote, bolle kastpoot gemaakt van eikenhout. Het hout is onbehandeld en geschuurd. Klaar voor gebruik.\" \/>\n<meta name=\"robots\" content=\"index, follow, max-snippet:-1, max-image-preview:large, max-video-preview:-1\" \/>\n<link rel=\"canonical\" href=\"https:\/\/partsandpieces.nl\/de\/produkt\/schrankbein-konvexe-eiche-gros-120mm\/\" \/>\n<meta property=\"og:locale\" content=\"de_DE\" \/>\n<meta property=\"og:type\" content=\"article\" \/>\n<meta property=\"og:title\" content=\"Kastpoot Bol Eiken Groot 120mm\" \/>\n<meta property=\"og:description\" content=\"Kastpoot Bol Eiken Groot 120mm is een grote, bolle kastpoot gemaakt van eikenhout. Het hout is onbehandeld en geschuurd. Klaar voor gebruik.\" \/>\n<meta property=\"og:url\" content=\"https:\/\/partsandpieces.nl\/de\/produkt\/schrankbein-konvexe-eiche-gros-120mm\/\" \/>\n<meta property=\"og:site_name\" content=\"Parts &amp; Pieces\" \/>\n<meta property=\"article:modified_time\" content=\"2026-03-30T12:35:25+00:00\" \/>\n<meta property=\"og:image\" content=\"https:\/\/partsandpieces.nl\/wp-content\/uploads\/2020\/08\/Kastpoot-Bol-Eiken-Groot-120mm.jpg\" \/>\n\t<meta property=\"og:image:width\" content=\"406\" \/>\n\t<meta property=\"og:image:height\" content=\"408\" \/>\n\t<meta property=\"og:image:type\" content=\"image\/jpeg\" \/>\n<meta name=\"twitter:card\" content=\"summary_large_image\" \/>\n<meta name=\"twitter:label1\" content=\"Gesch\u00e4tzte Lesezeit\" \/>\n\t<meta name=\"twitter:data1\" content=\"1\u00a0Minute\" \/>\n<script type=\"application\/ld+json\" class=\"yoast-schema-graph\">{\"@context\":\"https:\\\/\\\/schema.org\",\"@graph\":[{\"@type\":\"WebPage\",\"@id\":\"https:\\\/\\\/partsandpieces.nl\\\/product\\\/kastpoot-bol-eiken-groot-120mm\\\/\",\"url\":\"https:\\\/\\\/partsandpieces.nl\\\/product\\\/kastpoot-bol-eiken-groot-120mm\\\/\",\"name\":\"Kastpoot Bol Eiken Groot 120mm\",\"isPartOf\":{\"@id\":\"https:\\\/\\\/partsandpieces.nl\\\/#website\"},\"primaryImageOfPage\":{\"@id\":\"https:\\\/\\\/partsandpieces.nl\\\/product\\\/kastpoot-bol-eiken-groot-120mm\\\/#primaryimage\"},\"image\":{\"@id\":\"https:\\\/\\\/partsandpieces.nl\\\/product\\\/kastpoot-bol-eiken-groot-120mm\\\/#primaryimage\"},\"thumbnailUrl\":\"https:\\\/\\\/partsandpieces.nl\\\/wp-content\\\/uploads\\\/2020\\\/08\\\/Kastpoot-Bol-Eiken-Groot-120mm.jpg\",\"datePublished\":\"2020-08-17T11:54:46+00:00\",\"dateModified\":\"2026-03-30T12:35:25+00:00\",\"description\":\"Kastpoot Bol Eiken Groot 120mm is een grote, bolle kastpoot gemaakt van eikenhout. Het hout is onbehandeld en geschuurd. Klaar voor gebruik.\",\"breadcrumb\":{\"@id\":\"https:\\\/\\\/partsandpieces.nl\\\/product\\\/kastpoot-bol-eiken-groot-120mm\\\/#breadcrumb\"},\"inLanguage\":\"de\",\"potentialAction\":[{\"@type\":\"ReadAction\",\"target\":[\"https:\\\/\\\/partsandpieces.nl\\\/product\\\/kastpoot-bol-eiken-groot-120mm\\\/\"]}]},{\"@type\":\"ImageObject\",\"inLanguage\":\"de\",\"@id\":\"https:\\\/\\\/partsandpieces.nl\\\/product\\\/kastpoot-bol-eiken-groot-120mm\\\/#primaryimage\",\"url\":\"https:\\\/\\\/partsandpieces.nl\\\/wp-content\\\/uploads\\\/2020\\\/08\\\/Kastpoot-Bol-Eiken-Groot-120mm.jpg\",\"contentUrl\":\"https:\\\/\\\/partsandpieces.nl\\\/wp-content\\\/uploads\\\/2020\\\/08\\\/Kastpoot-Bol-Eiken-Groot-120mm.jpg\",\"width\":406,\"height\":408,\"caption\":\"Kastpoot Bol Eiken Groot 120mm\"},{\"@type\":\"BreadcrumbList\",\"@id\":\"https:\\\/\\\/partsandpieces.nl\\\/product\\\/kastpoot-bol-eiken-groot-120mm\\\/#breadcrumb\",\"itemListElement\":[{\"@type\":\"ListItem\",\"position\":1,\"name\":\"Home\",\"item\":\"https:\\\/\\\/partsandpieces.nl\\\/home\\\/\"},{\"@type\":\"ListItem\",\"position\":2,\"name\":\"Winkel\",\"item\":\"https:\\\/\\\/partsandpieces.nl\\\/winkel\\\/\"},{\"@type\":\"ListItem\",\"position\":3,\"name\":\"Kastpoot Bol Eiken Groot 120mm\"}]},{\"@type\":\"WebSite\",\"@id\":\"https:\\\/\\\/partsandpieces.nl\\\/#website\",\"url\":\"https:\\\/\\\/partsandpieces.nl\\\/\",\"name\":\"Parts &amp; Pieces\",\"description\":\"Alles voor uw meubelrestauratie en -onderhoud!\",\"potentialAction\":[{\"@type\":\"SearchAction\",\"target\":{\"@type\":\"EntryPoint\",\"urlTemplate\":\"https:\\\/\\\/partsandpieces.nl\\\/?s={search_term_string}\"},\"query-input\":{\"@type\":\"PropertyValueSpecification\",\"valueRequired\":true,\"valueName\":\"search_term_string\"}}],\"inLanguage\":\"de\"}]}<\/script>\n<!-- \/ Yoast SEO plugin. -->","yoast_head_json":{"title":"Schrankbein Sphere Oak Large 120 mm","description":"Schrankbein Convex Oak Large 120 mm ist ein gro\u00dfes, konvexes Schrankbein aus Eiche. Das Holz ist unbehandelt und geschliffen. Bereit zum Benutzen.","robots":{"index":"index","follow":"follow","max-snippet":"max-snippet:-1","max-image-preview":"max-image-preview:large","max-video-preview":"max-video-preview:-1"},"canonical":"https:\/\/partsandpieces.nl\/de\/produkt\/schrankbein-konvexe-eiche-gros-120mm\/","og_locale":"de_DE","og_type":"article","og_title":"Kastpoot Bol Eiken Groot 120mm","og_description":"Kastpoot Bol Eiken Groot 120mm is een grote, bolle kastpoot gemaakt van eikenhout. Het hout is onbehandeld en geschuurd. Klaar voor gebruik.","og_url":"https:\/\/partsandpieces.nl\/de\/produkt\/schrankbein-konvexe-eiche-gros-120mm\/","og_site_name":"Parts &amp; Pieces","article_modified_time":"2026-03-30T12:35:25+00:00","og_image":[{"width":406,"height":408,"url":"https:\/\/partsandpieces.nl\/wp-content\/uploads\/2020\/08\/Kastpoot-Bol-Eiken-Groot-120mm.jpg","type":"image\/jpeg"}],"twitter_card":"summary_large_image","twitter_misc":{"Gesch\u00e4tzte Lesezeit":"1\u00a0Minute"},"schema":{"@context":"https:\/\/schema.org","@graph":[{"@type":"WebPage","@id":"https:\/\/partsandpieces.nl\/product\/kastpoot-bol-eiken-groot-120mm\/","url":"https:\/\/partsandpieces.nl\/product\/kastpoot-bol-eiken-groot-120mm\/","name":"Schrankbein Sphere Oak Large 120 mm","isPartOf":{"@id":"https:\/\/partsandpieces.nl\/#website"},"primaryImageOfPage":{"@id":"https:\/\/partsandpieces.nl\/product\/kastpoot-bol-eiken-groot-120mm\/#primaryimage"},"image":{"@id":"https:\/\/partsandpieces.nl\/product\/kastpoot-bol-eiken-groot-120mm\/#primaryimage"},"thumbnailUrl":"https:\/\/partsandpieces.nl\/wp-content\/uploads\/2020\/08\/Kastpoot-Bol-Eiken-Groot-120mm.jpg","datePublished":"2020-08-17T11:54:46+00:00","dateModified":"2026-03-30T12:35:25+00:00","description":"Schrankbein Convex Oak Large 120 mm ist ein gro\u00dfes, konvexes Schrankbein aus Eiche. Das Holz ist unbehandelt und geschliffen. Bereit zum Benutzen.","breadcrumb":{"@id":"https:\/\/partsandpieces.nl\/product\/kastpoot-bol-eiken-groot-120mm\/#breadcrumb"},"inLanguage":"de","potentialAction":[{"@type":"ReadAction","target":["https:\/\/partsandpieces.nl\/product\/kastpoot-bol-eiken-groot-120mm\/"]}]},{"@type":"ImageObject","inLanguage":"de","@id":"https:\/\/partsandpieces.nl\/product\/kastpoot-bol-eiken-groot-120mm\/#primaryimage","url":"https:\/\/partsandpieces.nl\/wp-content\/uploads\/2020\/08\/Kastpoot-Bol-Eiken-Groot-120mm.jpg","contentUrl":"https:\/\/partsandpieces.nl\/wp-content\/uploads\/2020\/08\/Kastpoot-Bol-Eiken-Groot-120mm.jpg","width":406,"height":408,"caption":"Kastpoot Bol Eiken Groot 120mm"},{"@type":"BreadcrumbList","@id":"https:\/\/partsandpieces.nl\/product\/kastpoot-bol-eiken-groot-120mm\/#breadcrumb","itemListElement":[{"@type":"ListItem","position":1,"name":"Home","item":"https:\/\/partsandpieces.nl\/home\/"},{"@type":"ListItem","position":2,"name":"Winkel","item":"https:\/\/partsandpieces.nl\/winkel\/"},{"@type":"ListItem","position":3,"name":"Kastpoot Bol Eiken Groot 120mm"}]},{"@type":"WebSite","@id":"https:\/\/partsandpieces.nl\/#website","url":"https:\/\/partsandpieces.nl\/","name":"Teile &amp; St\u00fccke","description":"Alles f\u00fcr Ihre M\u00f6belrestaurierung und -pflege!","potentialAction":[{"@type":"SearchAction","target":{"@type":"EntryPoint","urlTemplate":"https:\/\/partsandpieces.nl\/?s={search_term_string}"},"query-input":{"@type":"PropertyValueSpecification","valueRequired":true,"valueName":"search_term_string"}}],"inLanguage":"de"}]}},"_links":{"self":[{"href":"https:\/\/partsandpieces.nl\/de\/wp-json\/wp\/v2\/product\/1799","targetHints":{"allow":["GET"]}}],"collection":[{"href":"https:\/\/partsandpieces.nl\/de\/wp-json\/wp\/v2\/product"}],"about":[{"href":"https:\/\/partsandpieces.nl\/de\/wp-json\/wp\/v2\/types\/product"}],"wp:featuredmedia":[{"embeddable":true,"href":"https:\/\/partsandpieces.nl\/de\/wp-json\/wp\/v2\/media\/8305"}],"wp:attachment":[{"href":"https:\/\/partsandpieces.nl\/de\/wp-json\/wp\/v2\/media?parent=1799"}],"wp:term":[{"taxonomy":"product_brand","embeddable":true,"href":"https:\/\/partsandpieces.nl\/de\/wp-json\/wp\/v2\/product_brand?post=1799"},{"taxonomy":"product_cat","embeddable":true,"href":"https:\/\/partsandpieces.nl\/de\/wp-json\/wp\/v2\/product_cat?post=1799"},{"taxonomy":"product_tag","embeddable":true,"href":"https:\/\/partsandpieces.nl\/de\/wp-json\/wp\/v2\/product_tag?post=1799"}],"curies":[{"name":"wp","href":"https:\/\/api.w.org\/{rel}","templated":true}]}}