{"id":1801,"date":"2020-08-17T11:56:34","date_gmt":"2020-08-17T11:56:34","guid":{"rendered":"https:\/\/partsandpieces.bonsaidev.nl\/?product=bolpoot-mahonie-nl-mod-70x82mm"},"modified":"2026-03-14T12:08:19","modified_gmt":"2026-03-14T11:08:19","slug":"schrankbein-mahagoni-modell-zwiebel-67mm","status":"publish","type":"product","link":"https:\/\/partsandpieces.nl\/de\/product\/kastpoot-mahonie-model-ui-67mm\/","title":{"rendered":"Schrankbein Mahagoni Modell Onion 67mm"},"content":{"rendered":"<p><strong>Schrankbein Mahagoni Modell Onion 67mm<\/strong> ist ein wundersch\u00f6n gestaltetes Schrankbein aus Mahagoniholz. Das Holz ist unbehandelt und geschliffen, sodass es f\u00fcr jede weitere Behandlung bereit ist.<\/p>\n<p><strong>Ma\u00dfe\u00a0<\/strong><br \/>\nDas Schrankbein Mahagoni, Modell Onion 67 mm, hat einen Durchmesser von 67 mm (oben) und 35 mm unten. Die H\u00f6he des Schrankbeins betr\u00e4gt 87 mm.<\/p>","protected":false},"excerpt":{"rendered":"<p>Das Mahagoni-Schrankbein Modell Ui 67 mm ist ein formsch\u00f6nes M\u00f6belbein aus Mahagoniholz. Das Holz ist unbehandelt und geschliffen und somit f\u00fcr jede weitere Bearbeitung bereit. Abmessungen: Das Mahagoni-Schrankbein Modell Ui 67 mm hat einen Durchmesser von 67 mm (oben) und 35 mm (unten). Die H\u00f6he des M\u00f6belbeins betr\u00e4gt 87 mm.<\/p>","protected":false},"featured_media":8258,"template":"","meta":{"_acf_changed":false},"product_brand":[],"product_cat":[57,54],"product_tag":[],"class_list":{"0":"post-1801","1":"product","2":"type-product","3":"status-publish","4":"has-post-thumbnail","6":"product_cat-houten-kastpoten","7":"product_cat-houten-snij-en-draaiwerk","9":"first","10":"instock","11":"taxable","12":"shipping-taxable","13":"purchasable","14":"product-type-simple"},"acf":[],"yoast_head":"<!-- This site is optimized with the Yoast SEO plugin v27.3 - https:\/\/yoast.com\/product\/yoast-seo-wordpress\/ -->\n<title>Kastpoot Mahonie model Ui 67mm<\/title>\n<meta name=\"description\" content=\"Kastpoot Mahonie model Ui 67mm is een mooi vormgegeven kastpoot gemaakt van mahonie hout. Het hout is onbehandeld en geschuurd.\" \/>\n<meta name=\"robots\" content=\"index, follow, max-snippet:-1, max-image-preview:large, max-video-preview:-1\" \/>\n<link rel=\"canonical\" href=\"https:\/\/partsandpieces.nl\/de\/produkt\/schrankbein-mahagoni-modell-zwiebel-67mm\/\" \/>\n<meta property=\"og:locale\" content=\"de_DE\" \/>\n<meta property=\"og:type\" content=\"article\" \/>\n<meta property=\"og:title\" content=\"Kastpoot Mahonie model Ui 67mm\" \/>\n<meta property=\"og:description\" content=\"Kastpoot Mahonie model Ui 67mm is een mooi vormgegeven kastpoot gemaakt van mahonie hout. Het hout is onbehandeld en geschuurd.\" \/>\n<meta property=\"og:url\" content=\"https:\/\/partsandpieces.nl\/de\/produkt\/schrankbein-mahagoni-modell-zwiebel-67mm\/\" \/>\n<meta property=\"og:site_name\" content=\"Parts &amp; Pieces\" \/>\n<meta property=\"article:modified_time\" content=\"2026-03-14T11:08:19+00:00\" \/>\n<meta property=\"og:image\" content=\"https:\/\/partsandpieces.nl\/wp-content\/uploads\/2020\/08\/Kastpoot-Mahonie-model-Ui-67mm.jpg\" \/>\n\t<meta property=\"og:image:width\" content=\"399\" \/>\n\t<meta property=\"og:image:height\" content=\"401\" \/>\n\t<meta property=\"og:image:type\" content=\"image\/jpeg\" \/>\n<meta name=\"twitter:card\" content=\"summary_large_image\" \/>\n<meta name=\"twitter:label1\" content=\"Gesch\u00e4tzte Lesezeit\" \/>\n\t<meta name=\"twitter:data1\" content=\"1\u00a0Minute\" \/>\n<script type=\"application\/ld+json\" class=\"yoast-schema-graph\">{\"@context\":\"https:\\\/\\\/schema.org\",\"@graph\":[{\"@type\":\"WebPage\",\"@id\":\"https:\\\/\\\/partsandpieces.nl\\\/product\\\/kastpoot-mahonie-model-ui-67mm\\\/\",\"url\":\"https:\\\/\\\/partsandpieces.nl\\\/product\\\/kastpoot-mahonie-model-ui-67mm\\\/\",\"name\":\"Kastpoot Mahonie model Ui 67mm\",\"isPartOf\":{\"@id\":\"https:\\\/\\\/partsandpieces.nl\\\/#website\"},\"primaryImageOfPage\":{\"@id\":\"https:\\\/\\\/partsandpieces.nl\\\/product\\\/kastpoot-mahonie-model-ui-67mm\\\/#primaryimage\"},\"image\":{\"@id\":\"https:\\\/\\\/partsandpieces.nl\\\/product\\\/kastpoot-mahonie-model-ui-67mm\\\/#primaryimage\"},\"thumbnailUrl\":\"https:\\\/\\\/partsandpieces.nl\\\/wp-content\\\/uploads\\\/2020\\\/08\\\/Kastpoot-Mahonie-model-Ui-67mm.jpg\",\"datePublished\":\"2020-08-17T11:56:34+00:00\",\"dateModified\":\"2026-03-14T11:08:19+00:00\",\"description\":\"Kastpoot Mahonie model Ui 67mm is een mooi vormgegeven kastpoot gemaakt van mahonie hout. Het hout is onbehandeld en geschuurd.\",\"breadcrumb\":{\"@id\":\"https:\\\/\\\/partsandpieces.nl\\\/product\\\/kastpoot-mahonie-model-ui-67mm\\\/#breadcrumb\"},\"inLanguage\":\"de\",\"potentialAction\":[{\"@type\":\"ReadAction\",\"target\":[\"https:\\\/\\\/partsandpieces.nl\\\/product\\\/kastpoot-mahonie-model-ui-67mm\\\/\"]}]},{\"@type\":\"ImageObject\",\"inLanguage\":\"de\",\"@id\":\"https:\\\/\\\/partsandpieces.nl\\\/product\\\/kastpoot-mahonie-model-ui-67mm\\\/#primaryimage\",\"url\":\"https:\\\/\\\/partsandpieces.nl\\\/wp-content\\\/uploads\\\/2020\\\/08\\\/Kastpoot-Mahonie-model-Ui-67mm.jpg\",\"contentUrl\":\"https:\\\/\\\/partsandpieces.nl\\\/wp-content\\\/uploads\\\/2020\\\/08\\\/Kastpoot-Mahonie-model-Ui-67mm.jpg\",\"width\":399,\"height\":401,\"caption\":\"Kastpoot Mahonie model Ui 67mm\"},{\"@type\":\"BreadcrumbList\",\"@id\":\"https:\\\/\\\/partsandpieces.nl\\\/product\\\/kastpoot-mahonie-model-ui-67mm\\\/#breadcrumb\",\"itemListElement\":[{\"@type\":\"ListItem\",\"position\":1,\"name\":\"Home\",\"item\":\"https:\\\/\\\/partsandpieces.nl\\\/home\\\/\"},{\"@type\":\"ListItem\",\"position\":2,\"name\":\"Winkel\",\"item\":\"https:\\\/\\\/partsandpieces.nl\\\/winkel\\\/\"},{\"@type\":\"ListItem\",\"position\":3,\"name\":\"Kastpoot Mahonie model Ui 67mm\"}]},{\"@type\":\"WebSite\",\"@id\":\"https:\\\/\\\/partsandpieces.nl\\\/#website\",\"url\":\"https:\\\/\\\/partsandpieces.nl\\\/\",\"name\":\"Parts &amp; Pieces\",\"description\":\"Alles voor uw meubelrestauratie en -onderhoud!\",\"potentialAction\":[{\"@type\":\"SearchAction\",\"target\":{\"@type\":\"EntryPoint\",\"urlTemplate\":\"https:\\\/\\\/partsandpieces.nl\\\/?s={search_term_string}\"},\"query-input\":{\"@type\":\"PropertyValueSpecification\",\"valueRequired\":true,\"valueName\":\"search_term_string\"}}],\"inLanguage\":\"de\"}]}<\/script>\n<!-- \/ Yoast SEO plugin. -->","yoast_head_json":{"title":"Schrankbein Mahagoni Modell Onion 67mm","description":"Das Schrankbein Mahagoni, Modell Onion 67 mm, ist ein wundersch\u00f6n gestaltetes Schrankbein aus Mahagoniholz. Das Holz ist unbehandelt und geschliffen.","robots":{"index":"index","follow":"follow","max-snippet":"max-snippet:-1","max-image-preview":"max-image-preview:large","max-video-preview":"max-video-preview:-1"},"canonical":"https:\/\/partsandpieces.nl\/de\/produkt\/schrankbein-mahagoni-modell-zwiebel-67mm\/","og_locale":"de_DE","og_type":"article","og_title":"Kastpoot Mahonie model Ui 67mm","og_description":"Kastpoot Mahonie model Ui 67mm is een mooi vormgegeven kastpoot gemaakt van mahonie hout. Het hout is onbehandeld en geschuurd.","og_url":"https:\/\/partsandpieces.nl\/de\/produkt\/schrankbein-mahagoni-modell-zwiebel-67mm\/","og_site_name":"Parts &amp; Pieces","article_modified_time":"2026-03-14T11:08:19+00:00","og_image":[{"width":399,"height":401,"url":"https:\/\/partsandpieces.nl\/wp-content\/uploads\/2020\/08\/Kastpoot-Mahonie-model-Ui-67mm.jpg","type":"image\/jpeg"}],"twitter_card":"summary_large_image","twitter_misc":{"Gesch\u00e4tzte Lesezeit":"1\u00a0Minute"},"schema":{"@context":"https:\/\/schema.org","@graph":[{"@type":"WebPage","@id":"https:\/\/partsandpieces.nl\/product\/kastpoot-mahonie-model-ui-67mm\/","url":"https:\/\/partsandpieces.nl\/product\/kastpoot-mahonie-model-ui-67mm\/","name":"Schrankbein Mahagoni Modell Onion 67mm","isPartOf":{"@id":"https:\/\/partsandpieces.nl\/#website"},"primaryImageOfPage":{"@id":"https:\/\/partsandpieces.nl\/product\/kastpoot-mahonie-model-ui-67mm\/#primaryimage"},"image":{"@id":"https:\/\/partsandpieces.nl\/product\/kastpoot-mahonie-model-ui-67mm\/#primaryimage"},"thumbnailUrl":"https:\/\/partsandpieces.nl\/wp-content\/uploads\/2020\/08\/Kastpoot-Mahonie-model-Ui-67mm.jpg","datePublished":"2020-08-17T11:56:34+00:00","dateModified":"2026-03-14T11:08:19+00:00","description":"Das Schrankbein Mahagoni, Modell Onion 67 mm, ist ein wundersch\u00f6n gestaltetes Schrankbein aus Mahagoniholz. Das Holz ist unbehandelt und geschliffen.","breadcrumb":{"@id":"https:\/\/partsandpieces.nl\/product\/kastpoot-mahonie-model-ui-67mm\/#breadcrumb"},"inLanguage":"de","potentialAction":[{"@type":"ReadAction","target":["https:\/\/partsandpieces.nl\/product\/kastpoot-mahonie-model-ui-67mm\/"]}]},{"@type":"ImageObject","inLanguage":"de","@id":"https:\/\/partsandpieces.nl\/product\/kastpoot-mahonie-model-ui-67mm\/#primaryimage","url":"https:\/\/partsandpieces.nl\/wp-content\/uploads\/2020\/08\/Kastpoot-Mahonie-model-Ui-67mm.jpg","contentUrl":"https:\/\/partsandpieces.nl\/wp-content\/uploads\/2020\/08\/Kastpoot-Mahonie-model-Ui-67mm.jpg","width":399,"height":401,"caption":"Kastpoot Mahonie model Ui 67mm"},{"@type":"BreadcrumbList","@id":"https:\/\/partsandpieces.nl\/product\/kastpoot-mahonie-model-ui-67mm\/#breadcrumb","itemListElement":[{"@type":"ListItem","position":1,"name":"Home","item":"https:\/\/partsandpieces.nl\/home\/"},{"@type":"ListItem","position":2,"name":"Winkel","item":"https:\/\/partsandpieces.nl\/winkel\/"},{"@type":"ListItem","position":3,"name":"Kastpoot Mahonie model Ui 67mm"}]},{"@type":"WebSite","@id":"https:\/\/partsandpieces.nl\/#website","url":"https:\/\/partsandpieces.nl\/","name":"Teile &amp; St\u00fccke","description":"Alles f\u00fcr Ihre M\u00f6belrestaurierung und -pflege!","potentialAction":[{"@type":"SearchAction","target":{"@type":"EntryPoint","urlTemplate":"https:\/\/partsandpieces.nl\/?s={search_term_string}"},"query-input":{"@type":"PropertyValueSpecification","valueRequired":true,"valueName":"search_term_string"}}],"inLanguage":"de"}]}},"_links":{"self":[{"href":"https:\/\/partsandpieces.nl\/de\/wp-json\/wp\/v2\/product\/1801","targetHints":{"allow":["GET"]}}],"collection":[{"href":"https:\/\/partsandpieces.nl\/de\/wp-json\/wp\/v2\/product"}],"about":[{"href":"https:\/\/partsandpieces.nl\/de\/wp-json\/wp\/v2\/types\/product"}],"wp:featuredmedia":[{"embeddable":true,"href":"https:\/\/partsandpieces.nl\/de\/wp-json\/wp\/v2\/media\/8258"}],"wp:attachment":[{"href":"https:\/\/partsandpieces.nl\/de\/wp-json\/wp\/v2\/media?parent=1801"}],"wp:term":[{"taxonomy":"product_brand","embeddable":true,"href":"https:\/\/partsandpieces.nl\/de\/wp-json\/wp\/v2\/product_brand?post=1801"},{"taxonomy":"product_cat","embeddable":true,"href":"https:\/\/partsandpieces.nl\/de\/wp-json\/wp\/v2\/product_cat?post=1801"},{"taxonomy":"product_tag","embeddable":true,"href":"https:\/\/partsandpieces.nl\/de\/wp-json\/wp\/v2\/product_tag?post=1801"}],"curies":[{"name":"wp","href":"https:\/\/api.w.org\/{rel}","templated":true}]}}