{"id":1834,"date":"2020-08-17T12:59:50","date_gmt":"2020-08-17T12:59:50","guid":{"rendered":"https:\/\/partsandpieces.bonsaidev.nl\/?product=beukenpoot-taps-8x86x6-stokeind"},"modified":"2024-11-26T12:06:43","modified_gmt":"2024-11-26T11:06:43","slug":"bankbein-quadratisch-konisch-zulaufend-buche-mit-bolzen-76-mm","status":"publish","type":"product","link":"https:\/\/partsandpieces.nl\/de\/product\/bankpoot-vierkant-taps-beuken-met-tapeind-76mm\/","title":{"rendered":"Bankbein, quadratisch, konisch, Buche mit Bolzen 76 mm"},"content":{"rendered":"<p><strong>Bankbein, quadratisch, konisch, Buche mit Bolzen 76 mm<\/strong> ist ein Bankbein aus massivem Buchenholz mit Bolzen (M6). Das Holz ist unbehandelt und geschliffen, sodass es f\u00fcr jede weitere Behandlung bereit ist.<\/p>\n<p><strong>Ma\u00dfe\u00a0<\/strong><br \/>\nDas Bankbein aus Buche mit quadratischem, konischem Profil und Bolzen von 76 mm hat eine Trapezform. Das Bein ist oben 76 mm und unten 59 mm breit.<\/p>","protected":false},"excerpt":{"rendered":"<p>Bankbein, quadratisch, konisch, Buche mit Bolzen 76 mm, ist ein Bankbein aus massivem Buchenholz mit Bolzen (M6). Das Holz ist unbehandelt und geschliffen, sodass es f\u00fcr jede weitere Behandlung bereit ist. Abmessungen: Bankbein aus Buche, quadratisch, konisch, mit Bolzen 76 mm, hat eine Trapezform. Das Bein ist oben 76 mm und unten 59 mm breit.<\/p>","protected":false},"featured_media":8307,"template":"","meta":{"_acf_changed":false},"product_brand":[],"product_cat":[57,54],"product_tag":[],"class_list":{"0":"post-1834","1":"product","2":"type-product","3":"status-publish","4":"has-post-thumbnail","6":"product_cat-houten-kastpoten","7":"product_cat-houten-snij-en-draaiwerk","9":"first","10":"instock","11":"taxable","12":"shipping-taxable","13":"purchasable","14":"product-type-simple"},"acf":[],"yoast_head":"<!-- This site is optimized with the Yoast SEO plugin v27.3 - https:\/\/yoast.com\/product\/yoast-seo-wordpress\/ -->\n<title>Bankpoot vierkant taps Beuken met tapeind 76mm<\/title>\n<meta name=\"description\" content=\"Bankpoot vierkant taps Beuken met tapeind 76mm is een bankpoot gemaakt van massief beukenhout met een tapeind (M6). Het hout is onbehandeld en geschuurd.\" \/>\n<meta name=\"robots\" content=\"index, follow, max-snippet:-1, max-image-preview:large, max-video-preview:-1\" \/>\n<link rel=\"canonical\" href=\"https:\/\/partsandpieces.nl\/de\/produkt\/bankbein-quadratisch-konisch-zulaufend-buche-mit-bolzen-76-mm\/\" \/>\n<meta property=\"og:locale\" content=\"de_DE\" \/>\n<meta property=\"og:type\" content=\"article\" \/>\n<meta property=\"og:title\" content=\"Bankpoot vierkant taps Beuken met tapeind 76mm\" \/>\n<meta property=\"og:description\" content=\"Bankpoot vierkant taps Beuken met tapeind 76mm is een bankpoot gemaakt van massief beukenhout met een tapeind (M6). Het hout is onbehandeld en geschuurd.\" \/>\n<meta property=\"og:url\" content=\"https:\/\/partsandpieces.nl\/de\/produkt\/bankbein-quadratisch-konisch-zulaufend-buche-mit-bolzen-76-mm\/\" \/>\n<meta property=\"og:site_name\" content=\"Parts &amp; Pieces\" \/>\n<meta property=\"article:modified_time\" content=\"2024-11-26T11:06:43+00:00\" \/>\n<meta property=\"og:image\" content=\"https:\/\/partsandpieces.nl\/wp-content\/uploads\/2020\/08\/Bankpoot-vierkant-taps-Beuken-met-tapeind-76mm.jpg\" \/>\n\t<meta property=\"og:image:width\" content=\"417\" \/>\n\t<meta property=\"og:image:height\" content=\"415\" \/>\n\t<meta property=\"og:image:type\" content=\"image\/jpeg\" \/>\n<meta name=\"twitter:card\" content=\"summary_large_image\" \/>\n<meta name=\"twitter:label1\" content=\"Gesch\u00e4tzte Lesezeit\" \/>\n\t<meta name=\"twitter:data1\" content=\"1\u00a0Minute\" \/>\n<script type=\"application\/ld+json\" class=\"yoast-schema-graph\">{\"@context\":\"https:\\\/\\\/schema.org\",\"@graph\":[{\"@type\":\"WebPage\",\"@id\":\"https:\\\/\\\/partsandpieces.nl\\\/product\\\/bankpoot-vierkant-taps-beuken-met-tapeind-76mm\\\/\",\"url\":\"https:\\\/\\\/partsandpieces.nl\\\/product\\\/bankpoot-vierkant-taps-beuken-met-tapeind-76mm\\\/\",\"name\":\"Bankpoot vierkant taps Beuken met tapeind 76mm\",\"isPartOf\":{\"@id\":\"https:\\\/\\\/partsandpieces.nl\\\/#website\"},\"primaryImageOfPage\":{\"@id\":\"https:\\\/\\\/partsandpieces.nl\\\/product\\\/bankpoot-vierkant-taps-beuken-met-tapeind-76mm\\\/#primaryimage\"},\"image\":{\"@id\":\"https:\\\/\\\/partsandpieces.nl\\\/product\\\/bankpoot-vierkant-taps-beuken-met-tapeind-76mm\\\/#primaryimage\"},\"thumbnailUrl\":\"https:\\\/\\\/partsandpieces.nl\\\/wp-content\\\/uploads\\\/2020\\\/08\\\/Bankpoot-vierkant-taps-Beuken-met-tapeind-76mm.jpg\",\"datePublished\":\"2020-08-17T12:59:50+00:00\",\"dateModified\":\"2024-11-26T11:06:43+00:00\",\"description\":\"Bankpoot vierkant taps Beuken met tapeind 76mm is een bankpoot gemaakt van massief beukenhout met een tapeind (M6). Het hout is onbehandeld en geschuurd.\",\"breadcrumb\":{\"@id\":\"https:\\\/\\\/partsandpieces.nl\\\/product\\\/bankpoot-vierkant-taps-beuken-met-tapeind-76mm\\\/#breadcrumb\"},\"inLanguage\":\"de\",\"potentialAction\":[{\"@type\":\"ReadAction\",\"target\":[\"https:\\\/\\\/partsandpieces.nl\\\/product\\\/bankpoot-vierkant-taps-beuken-met-tapeind-76mm\\\/\"]}]},{\"@type\":\"ImageObject\",\"inLanguage\":\"de\",\"@id\":\"https:\\\/\\\/partsandpieces.nl\\\/product\\\/bankpoot-vierkant-taps-beuken-met-tapeind-76mm\\\/#primaryimage\",\"url\":\"https:\\\/\\\/partsandpieces.nl\\\/wp-content\\\/uploads\\\/2020\\\/08\\\/Bankpoot-vierkant-taps-Beuken-met-tapeind-76mm.jpg\",\"contentUrl\":\"https:\\\/\\\/partsandpieces.nl\\\/wp-content\\\/uploads\\\/2020\\\/08\\\/Bankpoot-vierkant-taps-Beuken-met-tapeind-76mm.jpg\",\"width\":417,\"height\":415,\"caption\":\"Bankpoot vierkant taps Beuken met tapeind 76mm\"},{\"@type\":\"BreadcrumbList\",\"@id\":\"https:\\\/\\\/partsandpieces.nl\\\/product\\\/bankpoot-vierkant-taps-beuken-met-tapeind-76mm\\\/#breadcrumb\",\"itemListElement\":[{\"@type\":\"ListItem\",\"position\":1,\"name\":\"Home\",\"item\":\"https:\\\/\\\/partsandpieces.nl\\\/home\\\/\"},{\"@type\":\"ListItem\",\"position\":2,\"name\":\"Winkel\",\"item\":\"https:\\\/\\\/partsandpieces.nl\\\/winkel\\\/\"},{\"@type\":\"ListItem\",\"position\":3,\"name\":\"Bankpoot vierkant taps Beuken met tapeind 76mm\"}]},{\"@type\":\"WebSite\",\"@id\":\"https:\\\/\\\/partsandpieces.nl\\\/#website\",\"url\":\"https:\\\/\\\/partsandpieces.nl\\\/\",\"name\":\"Parts &amp; Pieces\",\"description\":\"Alles voor uw meubelrestauratie en -onderhoud!\",\"potentialAction\":[{\"@type\":\"SearchAction\",\"target\":{\"@type\":\"EntryPoint\",\"urlTemplate\":\"https:\\\/\\\/partsandpieces.nl\\\/?s={search_term_string}\"},\"query-input\":{\"@type\":\"PropertyValueSpecification\",\"valueRequired\":true,\"valueName\":\"search_term_string\"}}],\"inLanguage\":\"de\"}]}<\/script>\n<!-- \/ Yoast SEO plugin. -->","yoast_head_json":{"title":"Bankbein, quadratisch, konisch, Buche mit Bolzen 76 mm","description":"Bankbein, quadratisch, konisch, Buche mit Bolzen 76 mm, ist ein Bankbein aus massivem Buchenholz mit Bolzen (M6). Das Holz ist unbehandelt und geschliffen.","robots":{"index":"index","follow":"follow","max-snippet":"max-snippet:-1","max-image-preview":"max-image-preview:large","max-video-preview":"max-video-preview:-1"},"canonical":"https:\/\/partsandpieces.nl\/de\/produkt\/bankbein-quadratisch-konisch-zulaufend-buche-mit-bolzen-76-mm\/","og_locale":"de_DE","og_type":"article","og_title":"Bankpoot vierkant taps Beuken met tapeind 76mm","og_description":"Bankpoot vierkant taps Beuken met tapeind 76mm is een bankpoot gemaakt van massief beukenhout met een tapeind (M6). Het hout is onbehandeld en geschuurd.","og_url":"https:\/\/partsandpieces.nl\/de\/produkt\/bankbein-quadratisch-konisch-zulaufend-buche-mit-bolzen-76-mm\/","og_site_name":"Parts &amp; Pieces","article_modified_time":"2024-11-26T11:06:43+00:00","og_image":[{"width":417,"height":415,"url":"https:\/\/partsandpieces.nl\/wp-content\/uploads\/2020\/08\/Bankpoot-vierkant-taps-Beuken-met-tapeind-76mm.jpg","type":"image\/jpeg"}],"twitter_card":"summary_large_image","twitter_misc":{"Gesch\u00e4tzte Lesezeit":"1\u00a0Minute"},"schema":{"@context":"https:\/\/schema.org","@graph":[{"@type":"WebPage","@id":"https:\/\/partsandpieces.nl\/product\/bankpoot-vierkant-taps-beuken-met-tapeind-76mm\/","url":"https:\/\/partsandpieces.nl\/product\/bankpoot-vierkant-taps-beuken-met-tapeind-76mm\/","name":"Bankbein, quadratisch, konisch, Buche mit Bolzen 76 mm","isPartOf":{"@id":"https:\/\/partsandpieces.nl\/#website"},"primaryImageOfPage":{"@id":"https:\/\/partsandpieces.nl\/product\/bankpoot-vierkant-taps-beuken-met-tapeind-76mm\/#primaryimage"},"image":{"@id":"https:\/\/partsandpieces.nl\/product\/bankpoot-vierkant-taps-beuken-met-tapeind-76mm\/#primaryimage"},"thumbnailUrl":"https:\/\/partsandpieces.nl\/wp-content\/uploads\/2020\/08\/Bankpoot-vierkant-taps-Beuken-met-tapeind-76mm.jpg","datePublished":"2020-08-17T12:59:50+00:00","dateModified":"2024-11-26T11:06:43+00:00","description":"Bankbein, quadratisch, konisch, Buche mit Bolzen 76 mm, ist ein Bankbein aus massivem Buchenholz mit Bolzen (M6). Das Holz ist unbehandelt und geschliffen.","breadcrumb":{"@id":"https:\/\/partsandpieces.nl\/product\/bankpoot-vierkant-taps-beuken-met-tapeind-76mm\/#breadcrumb"},"inLanguage":"de","potentialAction":[{"@type":"ReadAction","target":["https:\/\/partsandpieces.nl\/product\/bankpoot-vierkant-taps-beuken-met-tapeind-76mm\/"]}]},{"@type":"ImageObject","inLanguage":"de","@id":"https:\/\/partsandpieces.nl\/product\/bankpoot-vierkant-taps-beuken-met-tapeind-76mm\/#primaryimage","url":"https:\/\/partsandpieces.nl\/wp-content\/uploads\/2020\/08\/Bankpoot-vierkant-taps-Beuken-met-tapeind-76mm.jpg","contentUrl":"https:\/\/partsandpieces.nl\/wp-content\/uploads\/2020\/08\/Bankpoot-vierkant-taps-Beuken-met-tapeind-76mm.jpg","width":417,"height":415,"caption":"Bankpoot vierkant taps Beuken met tapeind 76mm"},{"@type":"BreadcrumbList","@id":"https:\/\/partsandpieces.nl\/product\/bankpoot-vierkant-taps-beuken-met-tapeind-76mm\/#breadcrumb","itemListElement":[{"@type":"ListItem","position":1,"name":"Home","item":"https:\/\/partsandpieces.nl\/home\/"},{"@type":"ListItem","position":2,"name":"Winkel","item":"https:\/\/partsandpieces.nl\/winkel\/"},{"@type":"ListItem","position":3,"name":"Bankpoot vierkant taps Beuken met tapeind 76mm"}]},{"@type":"WebSite","@id":"https:\/\/partsandpieces.nl\/#website","url":"https:\/\/partsandpieces.nl\/","name":"Teile &amp; St\u00fccke","description":"Alles f\u00fcr Ihre M\u00f6belrestaurierung und -pflege!","potentialAction":[{"@type":"SearchAction","target":{"@type":"EntryPoint","urlTemplate":"https:\/\/partsandpieces.nl\/?s={search_term_string}"},"query-input":{"@type":"PropertyValueSpecification","valueRequired":true,"valueName":"search_term_string"}}],"inLanguage":"de"}]}},"_links":{"self":[{"href":"https:\/\/partsandpieces.nl\/de\/wp-json\/wp\/v2\/product\/1834","targetHints":{"allow":["GET"]}}],"collection":[{"href":"https:\/\/partsandpieces.nl\/de\/wp-json\/wp\/v2\/product"}],"about":[{"href":"https:\/\/partsandpieces.nl\/de\/wp-json\/wp\/v2\/types\/product"}],"wp:featuredmedia":[{"embeddable":true,"href":"https:\/\/partsandpieces.nl\/de\/wp-json\/wp\/v2\/media\/8307"}],"wp:attachment":[{"href":"https:\/\/partsandpieces.nl\/de\/wp-json\/wp\/v2\/media?parent=1834"}],"wp:term":[{"taxonomy":"product_brand","embeddable":true,"href":"https:\/\/partsandpieces.nl\/de\/wp-json\/wp\/v2\/product_brand?post=1834"},{"taxonomy":"product_cat","embeddable":true,"href":"https:\/\/partsandpieces.nl\/de\/wp-json\/wp\/v2\/product_cat?post=1834"},{"taxonomy":"product_tag","embeddable":true,"href":"https:\/\/partsandpieces.nl\/de\/wp-json\/wp\/v2\/product_tag?post=1834"}],"curies":[{"name":"wp","href":"https:\/\/api.w.org\/{rel}","templated":true}]}}