{"id":184,"date":"2020-07-09T13:31:12","date_gmt":"2020-07-09T13:31:12","guid":{"rendered":"https:\/\/partsandpieces.bonsaidev.nl\/?product=tannine-sealer-grondering-750-ml"},"modified":"2026-02-24T13:57:18","modified_gmt":"2026-02-24T12:57:18","slug":"borma-wachs-anti-tannin-versiegelungsgrundierung-750-ml","status":"publish","type":"product","link":"https:\/\/partsandpieces.nl\/de\/product\/borma-wachs-anti-tannine-sealer-grondering-750ml\/","title":{"rendered":"Borma Wachs Anti-Tannin-Grundierung 750ml"},"content":{"rendered":"<p><strong>Anti-Tannin Sealer Primer von <a href=\"https:\/\/bormawachs.com\/\">Borma Wachs<\/a><\/strong> ist eine wasserbasierte und farblose Versiegelung f\u00fcr alle unbehandelten Holzarten, insbesondere Eichen- und Obsth\u00f6lzer. Es verhindert das \u201eDurchbluten\u201c von Tannin. Geeignet f\u00fcr den Innen- und Au\u00dfenbereich. Die Versiegelung ist sehr abriebfest und hat hervorragende wasserabweisende Eigenschaften. Hinterl\u00e4sst nach 2 Behandlungen ein nahezu unbehandeltes, mattes Finish.<\/p>\n<p>\u2013 schnelle Trocknungszeit und klebt nicht<br \/>\n- umweltfreundlich<br \/>\n\u2013 verschlei\u00dffest<br \/>\n- wasserabweisend<br \/>\n\u2013 Verbrauch: 12 \u2013 14 m2 pro Liter<\/p>\n<p><b>Anweisungen<\/b><br \/>\n\u2013 Tragen Sie die Anti-Tannin-Versiegelungsgrundierung mit einem Pinsel, einer Rolle oder einem Schwamm auf<br \/>\n\u2013 Glatte Oberfl\u00e4chen m\u00fcssen vorher leicht angeschliffen werden<br \/>\n\u2013 Die Oberfl\u00e4che muss sauber, trocken und staubfrei sein<br \/>\n\u2013 Tragen Sie mindestens 2 Schichten auf, um eine gute Deckkraft zu erzielen. Trockenzeit 4-6 Stunden.<\/p>","protected":false},"excerpt":{"rendered":"<p>Anti-Tannine sealer grondering van Borma Wachs is een watergedragen en kleurloze sealer geschikt voor alle onbehandelde houtsoorten en met name eiken en vruchtenhout. Het voorkomt het &#8216;doorbloeden&#8217; van tannine. Geschikt voor binnen en buiten. De sealer is zeer slijtvast en uitstekend waterafstotend. Laat na 2 behandelingen een nagenoeg onbehandelde, matte finish achter. \u2013 snelle droogtijd [&hellip;]<\/p>\n","protected":false},"featured_media":4301,"template":"","meta":{"_acf_changed":false},"product_brand":[],"product_cat":[64,83],"product_tag":[],"class_list":{"0":"post-184","1":"product","2":"type-product","3":"status-publish","4":"has-post-thumbnail","6":"product_cat-oppervlakte-behandeling-borma-wachs","7":"product_cat-teakolie-en-sealer","9":"first","10":"instock","11":"taxable","12":"shipping-taxable","13":"purchasable","14":"product-type-simple"},"acf":[],"yoast_head":"<!-- This site is optimized with the Yoast SEO plugin v27.3 - https:\/\/yoast.com\/product\/yoast-seo-wordpress\/ -->\n<title>Anti-Tannine sealer grondering<\/title>\n<meta name=\"description\" content=\"Anti-tannine sealer grondering van Borma Wachs is watergedragen en kleurloos. Voor met name eiken en vruchtenhout. Voorkomt het &#039;doorbloeden&#039; van tannine.\" \/>\n<meta name=\"robots\" content=\"index, follow, max-snippet:-1, max-image-preview:large, max-video-preview:-1\" \/>\n<link rel=\"canonical\" href=\"https:\/\/partsandpieces.nl\/de\/produkt\/borma-wachs-anti-tannin-versiegelungsgrundierung-750-ml\/\" \/>\n<meta property=\"og:locale\" content=\"de_DE\" \/>\n<meta property=\"og:type\" content=\"article\" \/>\n<meta property=\"og:title\" content=\"Anti-Tannine sealer grondering\" \/>\n<meta property=\"og:description\" content=\"Anti-tannine sealer grondering van Borma Wachs is watergedragen en kleurloos. Voor met name eiken en vruchtenhout. Voorkomt het &#039;doorbloeden&#039; van tannine.\" \/>\n<meta property=\"og:url\" content=\"https:\/\/partsandpieces.nl\/de\/produkt\/borma-wachs-anti-tannin-versiegelungsgrundierung-750-ml\/\" \/>\n<meta property=\"og:site_name\" content=\"Parts &amp; Pieces\" \/>\n<meta property=\"article:modified_time\" content=\"2026-02-24T12:57:18+00:00\" \/>\n<meta property=\"og:image\" content=\"https:\/\/partsandpieces.nl\/wp-content\/uploads\/2020\/07\/NAT4090.jpg\" \/>\n\t<meta property=\"og:image:width\" content=\"800\" \/>\n\t<meta property=\"og:image:height\" content=\"800\" \/>\n\t<meta property=\"og:image:type\" content=\"image\/jpeg\" \/>\n<meta name=\"twitter:card\" content=\"summary_large_image\" \/>\n<meta name=\"twitter:label1\" content=\"Gesch\u00e4tzte Lesezeit\" \/>\n\t<meta name=\"twitter:data1\" content=\"1\u00a0Minute\" \/>\n<script type=\"application\/ld+json\" class=\"yoast-schema-graph\">{\"@context\":\"https:\\\/\\\/schema.org\",\"@graph\":[{\"@type\":\"WebPage\",\"@id\":\"https:\\\/\\\/partsandpieces.nl\\\/product\\\/borma-wachs-anti-tannine-sealer-grondering-750ml\\\/\",\"url\":\"https:\\\/\\\/partsandpieces.nl\\\/product\\\/borma-wachs-anti-tannine-sealer-grondering-750ml\\\/\",\"name\":\"Anti-Tannine sealer grondering\",\"isPartOf\":{\"@id\":\"https:\\\/\\\/partsandpieces.nl\\\/#website\"},\"primaryImageOfPage\":{\"@id\":\"https:\\\/\\\/partsandpieces.nl\\\/product\\\/borma-wachs-anti-tannine-sealer-grondering-750ml\\\/#primaryimage\"},\"image\":{\"@id\":\"https:\\\/\\\/partsandpieces.nl\\\/product\\\/borma-wachs-anti-tannine-sealer-grondering-750ml\\\/#primaryimage\"},\"thumbnailUrl\":\"https:\\\/\\\/partsandpieces.nl\\\/wp-content\\\/uploads\\\/2020\\\/07\\\/NAT4090.jpg\",\"datePublished\":\"2020-07-09T13:31:12+00:00\",\"dateModified\":\"2026-02-24T12:57:18+00:00\",\"description\":\"Anti-tannine sealer grondering van Borma Wachs is watergedragen en kleurloos. Voor met name eiken en vruchtenhout. Voorkomt het 'doorbloeden' van tannine.\",\"breadcrumb\":{\"@id\":\"https:\\\/\\\/partsandpieces.nl\\\/product\\\/borma-wachs-anti-tannine-sealer-grondering-750ml\\\/#breadcrumb\"},\"inLanguage\":\"de\",\"potentialAction\":[{\"@type\":\"ReadAction\",\"target\":[\"https:\\\/\\\/partsandpieces.nl\\\/product\\\/borma-wachs-anti-tannine-sealer-grondering-750ml\\\/\"]}]},{\"@type\":\"ImageObject\",\"inLanguage\":\"de\",\"@id\":\"https:\\\/\\\/partsandpieces.nl\\\/product\\\/borma-wachs-anti-tannine-sealer-grondering-750ml\\\/#primaryimage\",\"url\":\"https:\\\/\\\/partsandpieces.nl\\\/wp-content\\\/uploads\\\/2020\\\/07\\\/NAT4090.jpg\",\"contentUrl\":\"https:\\\/\\\/partsandpieces.nl\\\/wp-content\\\/uploads\\\/2020\\\/07\\\/NAT4090.jpg\",\"width\":800,\"height\":800,\"caption\":\"Anti-Tannine sealer grondering\"},{\"@type\":\"BreadcrumbList\",\"@id\":\"https:\\\/\\\/partsandpieces.nl\\\/product\\\/borma-wachs-anti-tannine-sealer-grondering-750ml\\\/#breadcrumb\",\"itemListElement\":[{\"@type\":\"ListItem\",\"position\":1,\"name\":\"Home\",\"item\":\"https:\\\/\\\/partsandpieces.nl\\\/home\\\/\"},{\"@type\":\"ListItem\",\"position\":2,\"name\":\"Winkel\",\"item\":\"https:\\\/\\\/partsandpieces.nl\\\/winkel\\\/\"},{\"@type\":\"ListItem\",\"position\":3,\"name\":\"Borma Wachs Anti-Tannine sealer grondering 750ml\"}]},{\"@type\":\"WebSite\",\"@id\":\"https:\\\/\\\/partsandpieces.nl\\\/#website\",\"url\":\"https:\\\/\\\/partsandpieces.nl\\\/\",\"name\":\"Parts &amp; Pieces\",\"description\":\"Alles voor uw meubelrestauratie en -onderhoud!\",\"potentialAction\":[{\"@type\":\"SearchAction\",\"target\":{\"@type\":\"EntryPoint\",\"urlTemplate\":\"https:\\\/\\\/partsandpieces.nl\\\/?s={search_term_string}\"},\"query-input\":{\"@type\":\"PropertyValueSpecification\",\"valueRequired\":true,\"valueName\":\"search_term_string\"}}],\"inLanguage\":\"de\"}]}<\/script>\n<!-- \/ Yoast SEO plugin. -->","yoast_head_json":{"title":"Anti-Tannin-Versiegelungsprimer","description":"Anti-Tannin-Sealer-Primer von Borma Wachs ist wasserbasiert und farblos. Besonders f\u00fcr Eichen- und Obstholz. Verhindert das \u201eDurchbluten\u201c von Tannin.","robots":{"index":"index","follow":"follow","max-snippet":"max-snippet:-1","max-image-preview":"max-image-preview:large","max-video-preview":"max-video-preview:-1"},"canonical":"https:\/\/partsandpieces.nl\/de\/produkt\/borma-wachs-anti-tannin-versiegelungsgrundierung-750-ml\/","og_locale":"de_DE","og_type":"article","og_title":"Anti-Tannine sealer grondering","og_description":"Anti-tannine sealer grondering van Borma Wachs is watergedragen en kleurloos. Voor met name eiken en vruchtenhout. Voorkomt het 'doorbloeden' van tannine.","og_url":"https:\/\/partsandpieces.nl\/de\/produkt\/borma-wachs-anti-tannin-versiegelungsgrundierung-750-ml\/","og_site_name":"Parts &amp; Pieces","article_modified_time":"2026-02-24T12:57:18+00:00","og_image":[{"width":800,"height":800,"url":"https:\/\/partsandpieces.nl\/wp-content\/uploads\/2020\/07\/NAT4090.jpg","type":"image\/jpeg"}],"twitter_card":"summary_large_image","twitter_misc":{"Gesch\u00e4tzte Lesezeit":"1\u00a0Minute"},"schema":{"@context":"https:\/\/schema.org","@graph":[{"@type":"WebPage","@id":"https:\/\/partsandpieces.nl\/product\/borma-wachs-anti-tannine-sealer-grondering-750ml\/","url":"https:\/\/partsandpieces.nl\/product\/borma-wachs-anti-tannine-sealer-grondering-750ml\/","name":"Anti-Tannin-Versiegelungsprimer","isPartOf":{"@id":"https:\/\/partsandpieces.nl\/#website"},"primaryImageOfPage":{"@id":"https:\/\/partsandpieces.nl\/product\/borma-wachs-anti-tannine-sealer-grondering-750ml\/#primaryimage"},"image":{"@id":"https:\/\/partsandpieces.nl\/product\/borma-wachs-anti-tannine-sealer-grondering-750ml\/#primaryimage"},"thumbnailUrl":"https:\/\/partsandpieces.nl\/wp-content\/uploads\/2020\/07\/NAT4090.jpg","datePublished":"2020-07-09T13:31:12+00:00","dateModified":"2026-02-24T12:57:18+00:00","description":"Anti-Tannin-Sealer-Primer von Borma Wachs ist wasserbasiert und farblos. Besonders f\u00fcr Eichen- und Obstholz. Verhindert das \u201eDurchbluten\u201c von Tannin.","breadcrumb":{"@id":"https:\/\/partsandpieces.nl\/product\/borma-wachs-anti-tannine-sealer-grondering-750ml\/#breadcrumb"},"inLanguage":"de","potentialAction":[{"@type":"ReadAction","target":["https:\/\/partsandpieces.nl\/product\/borma-wachs-anti-tannine-sealer-grondering-750ml\/"]}]},{"@type":"ImageObject","inLanguage":"de","@id":"https:\/\/partsandpieces.nl\/product\/borma-wachs-anti-tannine-sealer-grondering-750ml\/#primaryimage","url":"https:\/\/partsandpieces.nl\/wp-content\/uploads\/2020\/07\/NAT4090.jpg","contentUrl":"https:\/\/partsandpieces.nl\/wp-content\/uploads\/2020\/07\/NAT4090.jpg","width":800,"height":800,"caption":"Anti-Tannine sealer grondering"},{"@type":"BreadcrumbList","@id":"https:\/\/partsandpieces.nl\/product\/borma-wachs-anti-tannine-sealer-grondering-750ml\/#breadcrumb","itemListElement":[{"@type":"ListItem","position":1,"name":"Home","item":"https:\/\/partsandpieces.nl\/home\/"},{"@type":"ListItem","position":2,"name":"Winkel","item":"https:\/\/partsandpieces.nl\/winkel\/"},{"@type":"ListItem","position":3,"name":"Borma Wachs Anti-Tannine sealer grondering 750ml"}]},{"@type":"WebSite","@id":"https:\/\/partsandpieces.nl\/#website","url":"https:\/\/partsandpieces.nl\/","name":"Teile &amp; St\u00fccke","description":"Alles f\u00fcr Ihre M\u00f6belrestaurierung und -pflege!","potentialAction":[{"@type":"SearchAction","target":{"@type":"EntryPoint","urlTemplate":"https:\/\/partsandpieces.nl\/?s={search_term_string}"},"query-input":{"@type":"PropertyValueSpecification","valueRequired":true,"valueName":"search_term_string"}}],"inLanguage":"de"}]}},"_links":{"self":[{"href":"https:\/\/partsandpieces.nl\/de\/wp-json\/wp\/v2\/product\/184","targetHints":{"allow":["GET"]}}],"collection":[{"href":"https:\/\/partsandpieces.nl\/de\/wp-json\/wp\/v2\/product"}],"about":[{"href":"https:\/\/partsandpieces.nl\/de\/wp-json\/wp\/v2\/types\/product"}],"wp:featuredmedia":[{"embeddable":true,"href":"https:\/\/partsandpieces.nl\/de\/wp-json\/wp\/v2\/media\/4301"}],"wp:attachment":[{"href":"https:\/\/partsandpieces.nl\/de\/wp-json\/wp\/v2\/media?parent=184"}],"wp:term":[{"taxonomy":"product_brand","embeddable":true,"href":"https:\/\/partsandpieces.nl\/de\/wp-json\/wp\/v2\/product_brand?post=184"},{"taxonomy":"product_cat","embeddable":true,"href":"https:\/\/partsandpieces.nl\/de\/wp-json\/wp\/v2\/product_cat?post=184"},{"taxonomy":"product_tag","embeddable":true,"href":"https:\/\/partsandpieces.nl\/de\/wp-json\/wp\/v2\/product_tag?post=184"}],"curies":[{"name":"wp","href":"https:\/\/api.w.org\/{rel}","templated":true}]}}