{"id":1856,"date":"2020-08-18T07:44:53","date_gmt":"2020-08-18T07:44:53","guid":{"rendered":"https:\/\/partsandpieces.bonsaidev.nl\/?product=deurdrukker-trekker-mat-nikkel"},"modified":"2026-02-27T12:45:16","modified_gmt":"2026-02-27T11:45:16","slug":"turgriff-nickel-mit-schwarzem-griff-quadratisch-185mm","status":"publish","type":"product","link":"https:\/\/partsandpieces.nl\/de\/product\/deurgreep-nikkel-met-zwarte-greep-vierkant-185mm\/","title":{"rendered":"T\u00fcrgriff Nickel mit schwarzem Griff quadratisch 185 mm"},"content":{"rendered":"<p><strong>T\u00fcrgriff Nickel mit schwarzem Griff quadratisch 185 mm <\/strong>ist ein wunderbarer Griff f\u00fcr gro\u00dfe Schwingt\u00fcren. Der Griff hat eine matte, gl\u00e4nzende nickelfarbene Oberfl\u00e4che. Der Schwingt\u00fcrgriff ist massiv und daher sehr schwer. Die Rosetten haben eine quadratische Form. Dieser Griff passt gut an die Schwingt\u00fcr Ihres Hotels oder Restaurants.<\/p>\n<p><strong>Ma\u00dfe<br \/>\n<\/strong>T\u00fcrgriff Nickel mit schwarzem Griff quadratisch 185 mm, H\u00f6he 18,5 cm. Die Rosetten sind 40x40mm gro\u00df. Nach der Montage ragt der Griff ca. 6 cm hervor.<\/p>\n<p><strong>Bearbeiten<br \/>\n<\/strong>Sie k\u00f6nnen diesen Faltt\u00fcrgriff mit 4 konischen Schrauben montieren. Ich werde dies f\u00fcr Sie liefern.<\/p>","protected":false},"excerpt":{"rendered":"<p>Deurgreep Nikkel met zwarte greep vierkant 185mm is een schitterende greep voor op grote klapdeuren. De greep heeft een mat blinkende nikkel kleurige finish. De klapdeur greep is massief en dus erg zwaar. De rozetten zijn vierkant van vorm. Deze greep past goed op je hotel- of restaurantklapdeur. Afmetingen Deurgreep Nikkel met zwarte greep vierkant [&hellip;]<\/p>\n","protected":false},"featured_media":8203,"template":"","meta":{"_acf_changed":false},"product_brand":[],"product_cat":[58,59],"product_tag":[],"class_list":{"0":"post-1856","1":"product","2":"type-product","3":"status-publish","4":"has-post-thumbnail","6":"product_cat-deurbeslag","7":"product_cat-klapdeur-grepen","9":"first","10":"instock","11":"taxable","12":"shipping-taxable","13":"purchasable","14":"product-type-simple"},"acf":[],"yoast_head":"<!-- This site is optimized with the Yoast SEO plugin v27.3 - https:\/\/yoast.com\/product\/yoast-seo-wordpress\/ -->\n<title>Deurgreep Nikkel met zwarte greep vierkant 185mm<\/title>\n<meta name=\"description\" content=\"Deurgreep Nikkel met zwarte greep vierkant 185mm is een schitterende greep voor op grote klapdeuren. Heeft een mat blinkende nikkel kleurige finish.\" \/>\n<meta name=\"robots\" content=\"index, follow, max-snippet:-1, max-image-preview:large, max-video-preview:-1\" \/>\n<link rel=\"canonical\" href=\"https:\/\/partsandpieces.nl\/de\/produkt\/turgriff-nickel-mit-schwarzem-griff-quadratisch-185mm\/\" \/>\n<meta property=\"og:locale\" content=\"de_DE\" \/>\n<meta property=\"og:type\" content=\"article\" \/>\n<meta property=\"og:title\" content=\"Deurgreep Nikkel met zwarte greep vierkant 185mm\" \/>\n<meta property=\"og:description\" content=\"Deurgreep Nikkel met zwarte greep vierkant 185mm is een schitterende greep voor op grote klapdeuren. Heeft een mat blinkende nikkel kleurige finish.\" \/>\n<meta property=\"og:url\" content=\"https:\/\/partsandpieces.nl\/de\/produkt\/turgriff-nickel-mit-schwarzem-griff-quadratisch-185mm\/\" \/>\n<meta property=\"og:site_name\" content=\"Parts &amp; Pieces\" \/>\n<meta property=\"article:modified_time\" content=\"2026-02-27T11:45:16+00:00\" \/>\n<meta property=\"og:image\" content=\"https:\/\/partsandpieces.nl\/wp-content\/uploads\/2020\/08\/Deurgreep-Nikkel-met-zwarte-greep-vierkant-185mm.jpg\" \/>\n\t<meta property=\"og:image:width\" content=\"441\" \/>\n\t<meta property=\"og:image:height\" content=\"442\" \/>\n\t<meta property=\"og:image:type\" content=\"image\/jpeg\" \/>\n<meta name=\"twitter:card\" content=\"summary_large_image\" \/>\n<meta name=\"twitter:label1\" content=\"Gesch\u00e4tzte Lesezeit\" \/>\n\t<meta name=\"twitter:data1\" content=\"1\u00a0Minute\" \/>\n<script type=\"application\/ld+json\" class=\"yoast-schema-graph\">{\"@context\":\"https:\\\/\\\/schema.org\",\"@graph\":[{\"@type\":\"WebPage\",\"@id\":\"https:\\\/\\\/partsandpieces.nl\\\/product\\\/deurgreep-nikkel-met-zwarte-greep-vierkant-185mm\\\/\",\"url\":\"https:\\\/\\\/partsandpieces.nl\\\/product\\\/deurgreep-nikkel-met-zwarte-greep-vierkant-185mm\\\/\",\"name\":\"Deurgreep Nikkel met zwarte greep vierkant 185mm\",\"isPartOf\":{\"@id\":\"https:\\\/\\\/partsandpieces.nl\\\/#website\"},\"primaryImageOfPage\":{\"@id\":\"https:\\\/\\\/partsandpieces.nl\\\/product\\\/deurgreep-nikkel-met-zwarte-greep-vierkant-185mm\\\/#primaryimage\"},\"image\":{\"@id\":\"https:\\\/\\\/partsandpieces.nl\\\/product\\\/deurgreep-nikkel-met-zwarte-greep-vierkant-185mm\\\/#primaryimage\"},\"thumbnailUrl\":\"https:\\\/\\\/partsandpieces.nl\\\/wp-content\\\/uploads\\\/2020\\\/08\\\/Deurgreep-Nikkel-met-zwarte-greep-vierkant-185mm.jpg\",\"datePublished\":\"2020-08-18T07:44:53+00:00\",\"dateModified\":\"2026-02-27T11:45:16+00:00\",\"description\":\"Deurgreep Nikkel met zwarte greep vierkant 185mm is een schitterende greep voor op grote klapdeuren. Heeft een mat blinkende nikkel kleurige finish.\",\"breadcrumb\":{\"@id\":\"https:\\\/\\\/partsandpieces.nl\\\/product\\\/deurgreep-nikkel-met-zwarte-greep-vierkant-185mm\\\/#breadcrumb\"},\"inLanguage\":\"de\",\"potentialAction\":[{\"@type\":\"ReadAction\",\"target\":[\"https:\\\/\\\/partsandpieces.nl\\\/product\\\/deurgreep-nikkel-met-zwarte-greep-vierkant-185mm\\\/\"]}]},{\"@type\":\"ImageObject\",\"inLanguage\":\"de\",\"@id\":\"https:\\\/\\\/partsandpieces.nl\\\/product\\\/deurgreep-nikkel-met-zwarte-greep-vierkant-185mm\\\/#primaryimage\",\"url\":\"https:\\\/\\\/partsandpieces.nl\\\/wp-content\\\/uploads\\\/2020\\\/08\\\/Deurgreep-Nikkel-met-zwarte-greep-vierkant-185mm.jpg\",\"contentUrl\":\"https:\\\/\\\/partsandpieces.nl\\\/wp-content\\\/uploads\\\/2020\\\/08\\\/Deurgreep-Nikkel-met-zwarte-greep-vierkant-185mm.jpg\",\"width\":441,\"height\":442,\"caption\":\"Deurgreep Nikkel met zwarte greep vierkant 185mm\"},{\"@type\":\"BreadcrumbList\",\"@id\":\"https:\\\/\\\/partsandpieces.nl\\\/product\\\/deurgreep-nikkel-met-zwarte-greep-vierkant-185mm\\\/#breadcrumb\",\"itemListElement\":[{\"@type\":\"ListItem\",\"position\":1,\"name\":\"Home\",\"item\":\"https:\\\/\\\/partsandpieces.nl\\\/home\\\/\"},{\"@type\":\"ListItem\",\"position\":2,\"name\":\"Winkel\",\"item\":\"https:\\\/\\\/partsandpieces.nl\\\/winkel\\\/\"},{\"@type\":\"ListItem\",\"position\":3,\"name\":\"Deurgreep Nikkel met zwarte greep vierkant 185mm\"}]},{\"@type\":\"WebSite\",\"@id\":\"https:\\\/\\\/partsandpieces.nl\\\/#website\",\"url\":\"https:\\\/\\\/partsandpieces.nl\\\/\",\"name\":\"Parts &amp; Pieces\",\"description\":\"Alles voor uw meubelrestauratie en -onderhoud!\",\"potentialAction\":[{\"@type\":\"SearchAction\",\"target\":{\"@type\":\"EntryPoint\",\"urlTemplate\":\"https:\\\/\\\/partsandpieces.nl\\\/?s={search_term_string}\"},\"query-input\":{\"@type\":\"PropertyValueSpecification\",\"valueRequired\":true,\"valueName\":\"search_term_string\"}}],\"inLanguage\":\"de\"}]}<\/script>\n<!-- \/ Yoast SEO plugin. -->","yoast_head_json":{"title":"T\u00fcrgriff Nickel mit schwarzem Griff quadratisch 185 mm","description":"T\u00fcrgriff Nickel mit schwarzem Griff quadratisch 185 mm ist ein sch\u00f6ner Griff f\u00fcr gro\u00dfe Schwingt\u00fcren. Hat eine matte, gl\u00e4nzende, nickelfarbene Oberfl\u00e4che.","robots":{"index":"index","follow":"follow","max-snippet":"max-snippet:-1","max-image-preview":"max-image-preview:large","max-video-preview":"max-video-preview:-1"},"canonical":"https:\/\/partsandpieces.nl\/de\/produkt\/turgriff-nickel-mit-schwarzem-griff-quadratisch-185mm\/","og_locale":"de_DE","og_type":"article","og_title":"Deurgreep Nikkel met zwarte greep vierkant 185mm","og_description":"Deurgreep Nikkel met zwarte greep vierkant 185mm is een schitterende greep voor op grote klapdeuren. Heeft een mat blinkende nikkel kleurige finish.","og_url":"https:\/\/partsandpieces.nl\/de\/produkt\/turgriff-nickel-mit-schwarzem-griff-quadratisch-185mm\/","og_site_name":"Parts &amp; Pieces","article_modified_time":"2026-02-27T11:45:16+00:00","og_image":[{"width":441,"height":442,"url":"https:\/\/partsandpieces.nl\/wp-content\/uploads\/2020\/08\/Deurgreep-Nikkel-met-zwarte-greep-vierkant-185mm.jpg","type":"image\/jpeg"}],"twitter_card":"summary_large_image","twitter_misc":{"Gesch\u00e4tzte Lesezeit":"1\u00a0Minute"},"schema":{"@context":"https:\/\/schema.org","@graph":[{"@type":"WebPage","@id":"https:\/\/partsandpieces.nl\/product\/deurgreep-nikkel-met-zwarte-greep-vierkant-185mm\/","url":"https:\/\/partsandpieces.nl\/product\/deurgreep-nikkel-met-zwarte-greep-vierkant-185mm\/","name":"T\u00fcrgriff Nickel mit schwarzem Griff quadratisch 185 mm","isPartOf":{"@id":"https:\/\/partsandpieces.nl\/#website"},"primaryImageOfPage":{"@id":"https:\/\/partsandpieces.nl\/product\/deurgreep-nikkel-met-zwarte-greep-vierkant-185mm\/#primaryimage"},"image":{"@id":"https:\/\/partsandpieces.nl\/product\/deurgreep-nikkel-met-zwarte-greep-vierkant-185mm\/#primaryimage"},"thumbnailUrl":"https:\/\/partsandpieces.nl\/wp-content\/uploads\/2020\/08\/Deurgreep-Nikkel-met-zwarte-greep-vierkant-185mm.jpg","datePublished":"2020-08-18T07:44:53+00:00","dateModified":"2026-02-27T11:45:16+00:00","description":"T\u00fcrgriff Nickel mit schwarzem Griff quadratisch 185 mm ist ein sch\u00f6ner Griff f\u00fcr gro\u00dfe Schwingt\u00fcren. Hat eine matte, gl\u00e4nzende, nickelfarbene Oberfl\u00e4che.","breadcrumb":{"@id":"https:\/\/partsandpieces.nl\/product\/deurgreep-nikkel-met-zwarte-greep-vierkant-185mm\/#breadcrumb"},"inLanguage":"de","potentialAction":[{"@type":"ReadAction","target":["https:\/\/partsandpieces.nl\/product\/deurgreep-nikkel-met-zwarte-greep-vierkant-185mm\/"]}]},{"@type":"ImageObject","inLanguage":"de","@id":"https:\/\/partsandpieces.nl\/product\/deurgreep-nikkel-met-zwarte-greep-vierkant-185mm\/#primaryimage","url":"https:\/\/partsandpieces.nl\/wp-content\/uploads\/2020\/08\/Deurgreep-Nikkel-met-zwarte-greep-vierkant-185mm.jpg","contentUrl":"https:\/\/partsandpieces.nl\/wp-content\/uploads\/2020\/08\/Deurgreep-Nikkel-met-zwarte-greep-vierkant-185mm.jpg","width":441,"height":442,"caption":"Deurgreep Nikkel met zwarte greep vierkant 185mm"},{"@type":"BreadcrumbList","@id":"https:\/\/partsandpieces.nl\/product\/deurgreep-nikkel-met-zwarte-greep-vierkant-185mm\/#breadcrumb","itemListElement":[{"@type":"ListItem","position":1,"name":"Home","item":"https:\/\/partsandpieces.nl\/home\/"},{"@type":"ListItem","position":2,"name":"Winkel","item":"https:\/\/partsandpieces.nl\/winkel\/"},{"@type":"ListItem","position":3,"name":"Deurgreep Nikkel met zwarte greep vierkant 185mm"}]},{"@type":"WebSite","@id":"https:\/\/partsandpieces.nl\/#website","url":"https:\/\/partsandpieces.nl\/","name":"Teile &amp; St\u00fccke","description":"Alles f\u00fcr Ihre M\u00f6belrestaurierung und -pflege!","potentialAction":[{"@type":"SearchAction","target":{"@type":"EntryPoint","urlTemplate":"https:\/\/partsandpieces.nl\/?s={search_term_string}"},"query-input":{"@type":"PropertyValueSpecification","valueRequired":true,"valueName":"search_term_string"}}],"inLanguage":"de"}]}},"_links":{"self":[{"href":"https:\/\/partsandpieces.nl\/de\/wp-json\/wp\/v2\/product\/1856","targetHints":{"allow":["GET"]}}],"collection":[{"href":"https:\/\/partsandpieces.nl\/de\/wp-json\/wp\/v2\/product"}],"about":[{"href":"https:\/\/partsandpieces.nl\/de\/wp-json\/wp\/v2\/types\/product"}],"wp:featuredmedia":[{"embeddable":true,"href":"https:\/\/partsandpieces.nl\/de\/wp-json\/wp\/v2\/media\/8203"}],"wp:attachment":[{"href":"https:\/\/partsandpieces.nl\/de\/wp-json\/wp\/v2\/media?parent=1856"}],"wp:term":[{"taxonomy":"product_brand","embeddable":true,"href":"https:\/\/partsandpieces.nl\/de\/wp-json\/wp\/v2\/product_brand?post=1856"},{"taxonomy":"product_cat","embeddable":true,"href":"https:\/\/partsandpieces.nl\/de\/wp-json\/wp\/v2\/product_cat?post=1856"},{"taxonomy":"product_tag","embeddable":true,"href":"https:\/\/partsandpieces.nl\/de\/wp-json\/wp\/v2\/product_tag?post=1856"}],"curies":[{"name":"wp","href":"https:\/\/api.w.org\/{rel}","templated":true}]}}