{"id":186,"date":"2020-07-09T13:43:52","date_gmt":"2020-07-09T11:43:52","guid":{"rendered":"https:\/\/partsandpieces.bonsaidev.nl\/?product=borma-wachs-wood-sealer-op-waterbasis-kleurloos-750ml"},"modified":"2026-04-06T21:37:32","modified_gmt":"2026-04-06T19:37:32","slug":"bormawachs-holzversiegelung-auf-wasserbasis-transparent","status":"publish","type":"product","link":"https:\/\/partsandpieces.nl\/de\/product\/borma-wachs-hout-sealer-waterbasis-transparant\/","title":{"rendered":"Borma Wachs Holzversiegelung auf Wasserbasis transparent"},"content":{"rendered":"<p><strong>Wood Sealer transparenter Van auf Wasserbasis <a href=\"https:\/\/bormawachs.com\/\">Borma Wachs<\/a><\/strong> ist eine wasserbasierte und farblose Versiegelung, geeignet f\u00fcr alle unbehandelten Holzarten, insbesondere exotische Holzarten. Geeignet f\u00fcr den Innen- und Au\u00dfenbereich. Die Holzversiegelung ist sehr abriebfest und hervorragend wasserabweisend. Hinterl\u00e4sst nach 2 Behandlungen ein nahezu unbehandeltes, mattes Finish. Auch f\u00fcr \u201eschlie\u00dfende\u201c Kreidefarben geeignet.<\/p>\n<p>\u2013 schnelle Trocknungszeit und klebt nicht<br \/>\n- umweltfreundlich<br \/>\n\u2013 verschlei\u00dffest<br \/>\n- wasserabweisend<br \/>\n\u2013 Verbrauch: 12 \u2013 14 m2 pro Liter<\/p>\n<p><b>Anweisungen<\/b><br \/>\n\u2013 Mit Pinsel, Rolle oder Schwamm auftragen.<br \/>\n\u2013 Glatte Oberfl\u00e4chen m\u00fcssen vorher leicht angeschliffen werden.<br \/>\n\u2013 Die Oberfl\u00e4che muss sauber, trocken und staubfrei sein.<br \/>\n\u2013 Tragen Sie mindestens 2 Schichten auf, um eine gute Deckkraft zu erzielen. Trockenzeit 4-6 Stunden.<\/p>\n<p><b>Bei Verwendung von \u00fcber <a href=\"https:\/\/partsandpieces.nl\/de\/produktkategorie-2\/kreidefarbe\/\">Kreidefarbe<\/a><br \/>\n<\/b>Diese transparente Holzversiegelung auf Wasserbasis eignet sich auch f\u00fcr W\u00e4nde, Holzarbeiten und andere lackierte Oberfl\u00e4chen. Die Versiegelung wird oft an der R\u00fcckwand einer K\u00fcche verwendet, damit sie extra abwaschbar wird und die Fettflecken nicht in den Lack eindringen. Es kann auch als Verkleidung an einer Wand angebracht werden, um diesen Teil der Wand besser zu sch\u00fctzen. Zum Beispiel entlang einer Treppe oder in einer Toilette.<\/p>","protected":false},"excerpt":{"rendered":"<p>Hout Sealer op waterbasis transparant van Borma Wachs is een watergedragen en kleurloze sealer geschikt voor alle onbehandelde houtsoorten en met name exotische houtsoorten. Geschikt voor binnen en buiten. De hout sealer is zeer slijtvast en uitstekend waterafstotend. Laat na 2 behandelingen een nagenoeg onbehandelde, matte finish achter. Ook geschikt voor het &#8216;afsluiten&#8217; van krijtverven. [&hellip;]<\/p>\n","protected":false},"featured_media":187,"template":"","meta":{"_acf_changed":false},"product_brand":[],"product_cat":[64,83],"product_tag":[],"class_list":{"0":"post-186","1":"product","2":"type-product","3":"status-publish","4":"has-post-thumbnail","6":"product_cat-oppervlakte-behandeling-borma-wachs","7":"product_cat-teakolie-en-sealer","9":"first","10":"instock","11":"taxable","12":"shipping-taxable","13":"purchasable","14":"product-type-variable"},"acf":[],"yoast_head":"<!-- This site is optimized with the Yoast SEO plugin v27.3 - https:\/\/yoast.com\/product\/yoast-seo-wordpress\/ -->\n<title>Hout Sealer waterbasis Transparant van Borma Wachs<\/title>\n<meta name=\"description\" content=\"De Hout\u00a0Sealer waterbasis transparant van Borma Wachs is een sealer geschikt voor alle onbehandelde houtsoorten. Geschikt voor binnen en buiten.\" \/>\n<meta name=\"robots\" content=\"index, follow, max-snippet:-1, max-image-preview:large, max-video-preview:-1\" \/>\n<link rel=\"canonical\" href=\"https:\/\/partsandpieces.nl\/de\/produkt\/bormawachs-holzversiegelung-auf-wasserbasis-transparent\/\" \/>\n<meta property=\"og:locale\" content=\"de_DE\" \/>\n<meta property=\"og:type\" content=\"article\" \/>\n<meta property=\"og:title\" content=\"Hout Sealer waterbasis Transparant van Borma Wachs\" \/>\n<meta property=\"og:description\" content=\"De Hout\u00a0Sealer waterbasis transparant van Borma Wachs is een sealer geschikt voor alle onbehandelde houtsoorten. Geschikt voor binnen en buiten.\" \/>\n<meta property=\"og:url\" content=\"https:\/\/partsandpieces.nl\/de\/produkt\/bormawachs-holzversiegelung-auf-wasserbasis-transparent\/\" \/>\n<meta property=\"og:site_name\" content=\"Parts &amp; Pieces\" \/>\n<meta property=\"article:modified_time\" content=\"2026-04-06T19:37:32+00:00\" \/>\n<meta property=\"og:image\" content=\"https:\/\/partsandpieces.nl\/wp-content\/uploads\/2022\/09\/NAT4090.jpg\" \/>\n\t<meta property=\"og:image:width\" content=\"800\" \/>\n\t<meta property=\"og:image:height\" content=\"800\" \/>\n\t<meta property=\"og:image:type\" content=\"image\/jpeg\" \/>\n<meta name=\"twitter:card\" content=\"summary_large_image\" \/>\n<meta name=\"twitter:label1\" content=\"Gesch\u00e4tzte Lesezeit\" \/>\n\t<meta name=\"twitter:data1\" content=\"1\u00a0Minute\" \/>\n<script type=\"application\/ld+json\" class=\"yoast-schema-graph\">{\"@context\":\"https:\\\/\\\/schema.org\",\"@graph\":[{\"@type\":\"WebPage\",\"@id\":\"https:\\\/\\\/partsandpieces.nl\\\/product\\\/borma-wachs-hout-sealer-waterbasis-transparant\\\/\",\"url\":\"https:\\\/\\\/partsandpieces.nl\\\/product\\\/borma-wachs-hout-sealer-waterbasis-transparant\\\/\",\"name\":\"Hout Sealer waterbasis Transparant van Borma Wachs\",\"isPartOf\":{\"@id\":\"https:\\\/\\\/partsandpieces.nl\\\/#website\"},\"primaryImageOfPage\":{\"@id\":\"https:\\\/\\\/partsandpieces.nl\\\/product\\\/borma-wachs-hout-sealer-waterbasis-transparant\\\/#primaryimage\"},\"image\":{\"@id\":\"https:\\\/\\\/partsandpieces.nl\\\/product\\\/borma-wachs-hout-sealer-waterbasis-transparant\\\/#primaryimage\"},\"thumbnailUrl\":\"https:\\\/\\\/partsandpieces.nl\\\/wp-content\\\/uploads\\\/2022\\\/09\\\/NAT4090.jpg\",\"datePublished\":\"2020-07-09T11:43:52+00:00\",\"dateModified\":\"2026-04-06T19:37:32+00:00\",\"description\":\"De Hout\u00a0Sealer waterbasis transparant van Borma Wachs is een sealer geschikt voor alle onbehandelde houtsoorten. Geschikt voor binnen en buiten.\",\"breadcrumb\":{\"@id\":\"https:\\\/\\\/partsandpieces.nl\\\/product\\\/borma-wachs-hout-sealer-waterbasis-transparant\\\/#breadcrumb\"},\"inLanguage\":\"de\",\"potentialAction\":[{\"@type\":\"ReadAction\",\"target\":[\"https:\\\/\\\/partsandpieces.nl\\\/product\\\/borma-wachs-hout-sealer-waterbasis-transparant\\\/\"]}]},{\"@type\":\"ImageObject\",\"inLanguage\":\"de\",\"@id\":\"https:\\\/\\\/partsandpieces.nl\\\/product\\\/borma-wachs-hout-sealer-waterbasis-transparant\\\/#primaryimage\",\"url\":\"https:\\\/\\\/partsandpieces.nl\\\/wp-content\\\/uploads\\\/2022\\\/09\\\/NAT4090.jpg\",\"contentUrl\":\"https:\\\/\\\/partsandpieces.nl\\\/wp-content\\\/uploads\\\/2022\\\/09\\\/NAT4090.jpg\",\"width\":800,\"height\":800},{\"@type\":\"BreadcrumbList\",\"@id\":\"https:\\\/\\\/partsandpieces.nl\\\/product\\\/borma-wachs-hout-sealer-waterbasis-transparant\\\/#breadcrumb\",\"itemListElement\":[{\"@type\":\"ListItem\",\"position\":1,\"name\":\"Home\",\"item\":\"https:\\\/\\\/partsandpieces.nl\\\/home\\\/\"},{\"@type\":\"ListItem\",\"position\":2,\"name\":\"Winkel\",\"item\":\"https:\\\/\\\/partsandpieces.nl\\\/winkel\\\/\"},{\"@type\":\"ListItem\",\"position\":3,\"name\":\"Borma Wachs Hout Sealer op waterbasis transparant\"}]},{\"@type\":\"WebSite\",\"@id\":\"https:\\\/\\\/partsandpieces.nl\\\/#website\",\"url\":\"https:\\\/\\\/partsandpieces.nl\\\/\",\"name\":\"Parts &amp; Pieces\",\"description\":\"Alles voor uw meubelrestauratie en -onderhoud!\",\"potentialAction\":[{\"@type\":\"SearchAction\",\"target\":{\"@type\":\"EntryPoint\",\"urlTemplate\":\"https:\\\/\\\/partsandpieces.nl\\\/?s={search_term_string}\"},\"query-input\":{\"@type\":\"PropertyValueSpecification\",\"valueRequired\":true,\"valueName\":\"search_term_string\"}}],\"inLanguage\":\"de\"}]}<\/script>\n<!-- \/ Yoast SEO plugin. -->","yoast_head_json":{"title":"Holzversiegelung auf Wasserbasis Transparent von Borma Wachs","description":"Die Holzversiegelung auf Wasserbasis transparent von Borma Wachs ist eine Versiegelung, die f\u00fcr alle unbehandelten Holzarten geeignet ist. Geeignet f\u00fcr den Innen- und Au\u00dfenbereich.","robots":{"index":"index","follow":"follow","max-snippet":"max-snippet:-1","max-image-preview":"max-image-preview:large","max-video-preview":"max-video-preview:-1"},"canonical":"https:\/\/partsandpieces.nl\/de\/produkt\/bormawachs-holzversiegelung-auf-wasserbasis-transparent\/","og_locale":"de_DE","og_type":"article","og_title":"Hout Sealer waterbasis Transparant van Borma Wachs","og_description":"De Hout\u00a0Sealer waterbasis transparant van Borma Wachs is een sealer geschikt voor alle onbehandelde houtsoorten. Geschikt voor binnen en buiten.","og_url":"https:\/\/partsandpieces.nl\/de\/produkt\/bormawachs-holzversiegelung-auf-wasserbasis-transparent\/","og_site_name":"Parts &amp; Pieces","article_modified_time":"2026-04-06T19:37:32+00:00","og_image":[{"width":800,"height":800,"url":"https:\/\/partsandpieces.nl\/wp-content\/uploads\/2022\/09\/NAT4090.jpg","type":"image\/jpeg"}],"twitter_card":"summary_large_image","twitter_misc":{"Gesch\u00e4tzte Lesezeit":"1\u00a0Minute"},"schema":{"@context":"https:\/\/schema.org","@graph":[{"@type":"WebPage","@id":"https:\/\/partsandpieces.nl\/product\/borma-wachs-hout-sealer-waterbasis-transparant\/","url":"https:\/\/partsandpieces.nl\/product\/borma-wachs-hout-sealer-waterbasis-transparant\/","name":"Holzversiegelung auf Wasserbasis Transparent von Borma Wachs","isPartOf":{"@id":"https:\/\/partsandpieces.nl\/#website"},"primaryImageOfPage":{"@id":"https:\/\/partsandpieces.nl\/product\/borma-wachs-hout-sealer-waterbasis-transparant\/#primaryimage"},"image":{"@id":"https:\/\/partsandpieces.nl\/product\/borma-wachs-hout-sealer-waterbasis-transparant\/#primaryimage"},"thumbnailUrl":"https:\/\/partsandpieces.nl\/wp-content\/uploads\/2022\/09\/NAT4090.jpg","datePublished":"2020-07-09T11:43:52+00:00","dateModified":"2026-04-06T19:37:32+00:00","description":"Die Holzversiegelung auf Wasserbasis transparent von Borma Wachs ist eine Versiegelung, die f\u00fcr alle unbehandelten Holzarten geeignet ist. Geeignet f\u00fcr den Innen- und Au\u00dfenbereich.","breadcrumb":{"@id":"https:\/\/partsandpieces.nl\/product\/borma-wachs-hout-sealer-waterbasis-transparant\/#breadcrumb"},"inLanguage":"de","potentialAction":[{"@type":"ReadAction","target":["https:\/\/partsandpieces.nl\/product\/borma-wachs-hout-sealer-waterbasis-transparant\/"]}]},{"@type":"ImageObject","inLanguage":"de","@id":"https:\/\/partsandpieces.nl\/product\/borma-wachs-hout-sealer-waterbasis-transparant\/#primaryimage","url":"https:\/\/partsandpieces.nl\/wp-content\/uploads\/2022\/09\/NAT4090.jpg","contentUrl":"https:\/\/partsandpieces.nl\/wp-content\/uploads\/2022\/09\/NAT4090.jpg","width":800,"height":800},{"@type":"BreadcrumbList","@id":"https:\/\/partsandpieces.nl\/product\/borma-wachs-hout-sealer-waterbasis-transparant\/#breadcrumb","itemListElement":[{"@type":"ListItem","position":1,"name":"Home","item":"https:\/\/partsandpieces.nl\/home\/"},{"@type":"ListItem","position":2,"name":"Winkel","item":"https:\/\/partsandpieces.nl\/winkel\/"},{"@type":"ListItem","position":3,"name":"Borma Wachs Hout Sealer op waterbasis transparant"}]},{"@type":"WebSite","@id":"https:\/\/partsandpieces.nl\/#website","url":"https:\/\/partsandpieces.nl\/","name":"Teile &amp; St\u00fccke","description":"Alles f\u00fcr Ihre M\u00f6belrestaurierung und -pflege!","potentialAction":[{"@type":"SearchAction","target":{"@type":"EntryPoint","urlTemplate":"https:\/\/partsandpieces.nl\/?s={search_term_string}"},"query-input":{"@type":"PropertyValueSpecification","valueRequired":true,"valueName":"search_term_string"}}],"inLanguage":"de"}]}},"_links":{"self":[{"href":"https:\/\/partsandpieces.nl\/de\/wp-json\/wp\/v2\/product\/186","targetHints":{"allow":["GET"]}}],"collection":[{"href":"https:\/\/partsandpieces.nl\/de\/wp-json\/wp\/v2\/product"}],"about":[{"href":"https:\/\/partsandpieces.nl\/de\/wp-json\/wp\/v2\/types\/product"}],"wp:featuredmedia":[{"embeddable":true,"href":"https:\/\/partsandpieces.nl\/de\/wp-json\/wp\/v2\/media\/187"}],"wp:attachment":[{"href":"https:\/\/partsandpieces.nl\/de\/wp-json\/wp\/v2\/media?parent=186"}],"wp:term":[{"taxonomy":"product_brand","embeddable":true,"href":"https:\/\/partsandpieces.nl\/de\/wp-json\/wp\/v2\/product_brand?post=186"},{"taxonomy":"product_cat","embeddable":true,"href":"https:\/\/partsandpieces.nl\/de\/wp-json\/wp\/v2\/product_cat?post=186"},{"taxonomy":"product_tag","embeddable":true,"href":"https:\/\/partsandpieces.nl\/de\/wp-json\/wp\/v2\/product_tag?post=186"}],"curies":[{"name":"wp","href":"https:\/\/api.w.org\/{rel}","templated":true}]}}