{"id":1860,"date":"2020-08-18T07:49:27","date_gmt":"2020-08-18T07:49:27","guid":{"rendered":"https:\/\/partsandpieces.bonsaidev.nl\/?product=winkel-deurgreep-groot-messing-gepolijst"},"modified":"2026-02-09T14:57:18","modified_gmt":"2026-02-09T13:57:18","slug":"faltturgriff-messing-gros-1-meter","status":"publish","type":"product","link":"https:\/\/partsandpieces.nl\/de\/product\/klapdeur-greep-messing-groot-1-meter\/","title":{"rendered":"Schwingt\u00fcrgriff Messing gro\u00df 1 Meter"},"content":{"rendered":"<p><strong>Schwingt\u00fcrgriff Messing gro\u00df 1 Meter 1 Schwingt\u00fcrgriff Messing gro\u00df 1 Meter <\/strong>ist ein wundersch\u00f6ner gl\u00e4nzender Messinggriff f\u00fcr gro\u00dfe Schwingt\u00fcren. Der Griff besteht aus Metall mit Messingfinish. Der Griff ist oben und unten mit einem majest\u00e4tisch verzierten Knauf verziert. Mit diesem Griff werden Sie Ihre G\u00e4ste wirklich beeindrucken!<\/p>\n<p><strong>Ma\u00dfe<br \/>\n<\/strong>Pendelt\u00fcrgriff Messing gro\u00df 1 Meter ist insgesamt 1 Meter lang. Der Durchmesser des Rohrs betr\u00e4gt 38 mm. Die Befestigungspunkte haben einen Abstand von 44 mm (Mitte\/Mitte).<\/p>\n<p><strong>Bearbeiten<br \/>\n<\/strong>Sie k\u00f6nnen diesen Faltt\u00fcrgriff an 2 Stellen mit 2x3 Schrauben montieren. Ich werde dies Ihrer Bestellung beif\u00fcgen.<\/p>","protected":false},"excerpt":{"rendered":"<p>Klapdeur greep Messing Groot 1 meter 1Klapdeur greep Messing Groot 1 meter is een schitterende glanzende messing greep voor op grote klapdeuren. De greep is gemaakt metaal met een messing finish. Zowel aan de boven- als onderzijde is de greep versierd met een majestueuze versierde knop. Met deze greep maak je echt indruk op je [&hellip;]<\/p>\n","protected":false},"featured_media":8218,"template":"","meta":{"_acf_changed":false},"product_brand":[],"product_cat":[58,59],"product_tag":[],"class_list":{"0":"post-1860","1":"product","2":"type-product","3":"status-publish","4":"has-post-thumbnail","6":"product_cat-deurbeslag","7":"product_cat-klapdeur-grepen","9":"first","10":"instock","11":"taxable","12":"shipping-taxable","13":"purchasable","14":"product-type-simple"},"acf":[],"yoast_head":"<!-- This site is optimized with the Yoast SEO plugin v27.3 - https:\/\/yoast.com\/product\/yoast-seo-wordpress\/ -->\n<title>Klapdeur greep Messing Groot 1 meter<\/title>\n<meta name=\"description\" content=\"Klapdeur greep Messing Groot 1 meter is een schitterende glanzende messing greep voor op grote klapdeuren. Met deze greep maak je echt indruk op je gasten!\" \/>\n<meta name=\"robots\" content=\"index, follow, max-snippet:-1, max-image-preview:large, max-video-preview:-1\" \/>\n<link rel=\"canonical\" href=\"https:\/\/partsandpieces.nl\/de\/produkt\/faltturgriff-messing-gros-1-meter\/\" \/>\n<meta property=\"og:locale\" content=\"de_DE\" \/>\n<meta property=\"og:type\" content=\"article\" \/>\n<meta property=\"og:title\" content=\"Klapdeur greep Messing Groot 1 meter\" \/>\n<meta property=\"og:description\" content=\"Klapdeur greep Messing Groot 1 meter is een schitterende glanzende messing greep voor op grote klapdeuren. Met deze greep maak je echt indruk op je gasten!\" \/>\n<meta property=\"og:url\" content=\"https:\/\/partsandpieces.nl\/de\/produkt\/faltturgriff-messing-gros-1-meter\/\" \/>\n<meta property=\"og:site_name\" content=\"Parts &amp; Pieces\" \/>\n<meta property=\"article:modified_time\" content=\"2026-02-09T13:57:18+00:00\" \/>\n<meta property=\"og:image\" content=\"https:\/\/partsandpieces.nl\/wp-content\/uploads\/2020\/08\/Klapdeur-greep-Messing-Groot-1-meter.jpg\" \/>\n\t<meta property=\"og:image:width\" content=\"480\" \/>\n\t<meta property=\"og:image:height\" content=\"481\" \/>\n\t<meta property=\"og:image:type\" content=\"image\/jpeg\" \/>\n<meta name=\"twitter:card\" content=\"summary_large_image\" \/>\n<meta name=\"twitter:label1\" content=\"Gesch\u00e4tzte Lesezeit\" \/>\n\t<meta name=\"twitter:data1\" content=\"1\u00a0Minute\" \/>\n<script type=\"application\/ld+json\" class=\"yoast-schema-graph\">{\"@context\":\"https:\\\/\\\/schema.org\",\"@graph\":[{\"@type\":\"WebPage\",\"@id\":\"https:\\\/\\\/partsandpieces.nl\\\/product\\\/klapdeur-greep-messing-groot-1-meter\\\/\",\"url\":\"https:\\\/\\\/partsandpieces.nl\\\/product\\\/klapdeur-greep-messing-groot-1-meter\\\/\",\"name\":\"Klapdeur greep Messing Groot 1 meter\",\"isPartOf\":{\"@id\":\"https:\\\/\\\/partsandpieces.nl\\\/#website\"},\"primaryImageOfPage\":{\"@id\":\"https:\\\/\\\/partsandpieces.nl\\\/product\\\/klapdeur-greep-messing-groot-1-meter\\\/#primaryimage\"},\"image\":{\"@id\":\"https:\\\/\\\/partsandpieces.nl\\\/product\\\/klapdeur-greep-messing-groot-1-meter\\\/#primaryimage\"},\"thumbnailUrl\":\"https:\\\/\\\/partsandpieces.nl\\\/wp-content\\\/uploads\\\/2020\\\/08\\\/Klapdeur-greep-Messing-Groot-1-meter.jpg\",\"datePublished\":\"2020-08-18T07:49:27+00:00\",\"dateModified\":\"2026-02-09T13:57:18+00:00\",\"description\":\"Klapdeur greep Messing Groot 1 meter is een schitterende glanzende messing greep voor op grote klapdeuren. Met deze greep maak je echt indruk op je gasten!\",\"breadcrumb\":{\"@id\":\"https:\\\/\\\/partsandpieces.nl\\\/product\\\/klapdeur-greep-messing-groot-1-meter\\\/#breadcrumb\"},\"inLanguage\":\"de\",\"potentialAction\":[{\"@type\":\"ReadAction\",\"target\":[\"https:\\\/\\\/partsandpieces.nl\\\/product\\\/klapdeur-greep-messing-groot-1-meter\\\/\"]}]},{\"@type\":\"ImageObject\",\"inLanguage\":\"de\",\"@id\":\"https:\\\/\\\/partsandpieces.nl\\\/product\\\/klapdeur-greep-messing-groot-1-meter\\\/#primaryimage\",\"url\":\"https:\\\/\\\/partsandpieces.nl\\\/wp-content\\\/uploads\\\/2020\\\/08\\\/Klapdeur-greep-Messing-Groot-1-meter.jpg\",\"contentUrl\":\"https:\\\/\\\/partsandpieces.nl\\\/wp-content\\\/uploads\\\/2020\\\/08\\\/Klapdeur-greep-Messing-Groot-1-meter.jpg\",\"width\":480,\"height\":481,\"caption\":\"Klapdeur greep Messing Groot 1 meter\"},{\"@type\":\"BreadcrumbList\",\"@id\":\"https:\\\/\\\/partsandpieces.nl\\\/product\\\/klapdeur-greep-messing-groot-1-meter\\\/#breadcrumb\",\"itemListElement\":[{\"@type\":\"ListItem\",\"position\":1,\"name\":\"Home\",\"item\":\"https:\\\/\\\/partsandpieces.nl\\\/home\\\/\"},{\"@type\":\"ListItem\",\"position\":2,\"name\":\"Winkel\",\"item\":\"https:\\\/\\\/partsandpieces.nl\\\/winkel\\\/\"},{\"@type\":\"ListItem\",\"position\":3,\"name\":\"Klapdeur greep Messing Groot 1 meter\"}]},{\"@type\":\"WebSite\",\"@id\":\"https:\\\/\\\/partsandpieces.nl\\\/#website\",\"url\":\"https:\\\/\\\/partsandpieces.nl\\\/\",\"name\":\"Parts &amp; Pieces\",\"description\":\"Alles voor uw meubelrestauratie en -onderhoud!\",\"potentialAction\":[{\"@type\":\"SearchAction\",\"target\":{\"@type\":\"EntryPoint\",\"urlTemplate\":\"https:\\\/\\\/partsandpieces.nl\\\/?s={search_term_string}\"},\"query-input\":{\"@type\":\"PropertyValueSpecification\",\"valueRequired\":true,\"valueName\":\"search_term_string\"}}],\"inLanguage\":\"de\"}]}<\/script>\n<!-- \/ Yoast SEO plugin. -->","yoast_head_json":{"title":"Schwingt\u00fcrgriff Messing gro\u00df 1 Meter","description":"Schwingt\u00fcrgriff Messing gro\u00df 1 Meter ist ein wundersch\u00f6ner gl\u00e4nzender Messinggriff f\u00fcr gro\u00dfe Schwingt\u00fcren. Mit diesem Griff werden Sie Ihre G\u00e4ste wirklich beeindrucken!","robots":{"index":"index","follow":"follow","max-snippet":"max-snippet:-1","max-image-preview":"max-image-preview:large","max-video-preview":"max-video-preview:-1"},"canonical":"https:\/\/partsandpieces.nl\/de\/produkt\/faltturgriff-messing-gros-1-meter\/","og_locale":"de_DE","og_type":"article","og_title":"Klapdeur greep Messing Groot 1 meter","og_description":"Klapdeur greep Messing Groot 1 meter is een schitterende glanzende messing greep voor op grote klapdeuren. Met deze greep maak je echt indruk op je gasten!","og_url":"https:\/\/partsandpieces.nl\/de\/produkt\/faltturgriff-messing-gros-1-meter\/","og_site_name":"Parts &amp; Pieces","article_modified_time":"2026-02-09T13:57:18+00:00","og_image":[{"width":480,"height":481,"url":"https:\/\/partsandpieces.nl\/wp-content\/uploads\/2020\/08\/Klapdeur-greep-Messing-Groot-1-meter.jpg","type":"image\/jpeg"}],"twitter_card":"summary_large_image","twitter_misc":{"Gesch\u00e4tzte Lesezeit":"1\u00a0Minute"},"schema":{"@context":"https:\/\/schema.org","@graph":[{"@type":"WebPage","@id":"https:\/\/partsandpieces.nl\/product\/klapdeur-greep-messing-groot-1-meter\/","url":"https:\/\/partsandpieces.nl\/product\/klapdeur-greep-messing-groot-1-meter\/","name":"Schwingt\u00fcrgriff Messing gro\u00df 1 Meter","isPartOf":{"@id":"https:\/\/partsandpieces.nl\/#website"},"primaryImageOfPage":{"@id":"https:\/\/partsandpieces.nl\/product\/klapdeur-greep-messing-groot-1-meter\/#primaryimage"},"image":{"@id":"https:\/\/partsandpieces.nl\/product\/klapdeur-greep-messing-groot-1-meter\/#primaryimage"},"thumbnailUrl":"https:\/\/partsandpieces.nl\/wp-content\/uploads\/2020\/08\/Klapdeur-greep-Messing-Groot-1-meter.jpg","datePublished":"2020-08-18T07:49:27+00:00","dateModified":"2026-02-09T13:57:18+00:00","description":"Schwingt\u00fcrgriff Messing gro\u00df 1 Meter ist ein wundersch\u00f6ner gl\u00e4nzender Messinggriff f\u00fcr gro\u00dfe Schwingt\u00fcren. Mit diesem Griff werden Sie Ihre G\u00e4ste wirklich beeindrucken!","breadcrumb":{"@id":"https:\/\/partsandpieces.nl\/product\/klapdeur-greep-messing-groot-1-meter\/#breadcrumb"},"inLanguage":"de","potentialAction":[{"@type":"ReadAction","target":["https:\/\/partsandpieces.nl\/product\/klapdeur-greep-messing-groot-1-meter\/"]}]},{"@type":"ImageObject","inLanguage":"de","@id":"https:\/\/partsandpieces.nl\/product\/klapdeur-greep-messing-groot-1-meter\/#primaryimage","url":"https:\/\/partsandpieces.nl\/wp-content\/uploads\/2020\/08\/Klapdeur-greep-Messing-Groot-1-meter.jpg","contentUrl":"https:\/\/partsandpieces.nl\/wp-content\/uploads\/2020\/08\/Klapdeur-greep-Messing-Groot-1-meter.jpg","width":480,"height":481,"caption":"Klapdeur greep Messing Groot 1 meter"},{"@type":"BreadcrumbList","@id":"https:\/\/partsandpieces.nl\/product\/klapdeur-greep-messing-groot-1-meter\/#breadcrumb","itemListElement":[{"@type":"ListItem","position":1,"name":"Home","item":"https:\/\/partsandpieces.nl\/home\/"},{"@type":"ListItem","position":2,"name":"Winkel","item":"https:\/\/partsandpieces.nl\/winkel\/"},{"@type":"ListItem","position":3,"name":"Klapdeur greep Messing Groot 1 meter"}]},{"@type":"WebSite","@id":"https:\/\/partsandpieces.nl\/#website","url":"https:\/\/partsandpieces.nl\/","name":"Teile &amp; St\u00fccke","description":"Alles f\u00fcr Ihre M\u00f6belrestaurierung und -pflege!","potentialAction":[{"@type":"SearchAction","target":{"@type":"EntryPoint","urlTemplate":"https:\/\/partsandpieces.nl\/?s={search_term_string}"},"query-input":{"@type":"PropertyValueSpecification","valueRequired":true,"valueName":"search_term_string"}}],"inLanguage":"de"}]}},"_links":{"self":[{"href":"https:\/\/partsandpieces.nl\/de\/wp-json\/wp\/v2\/product\/1860","targetHints":{"allow":["GET"]}}],"collection":[{"href":"https:\/\/partsandpieces.nl\/de\/wp-json\/wp\/v2\/product"}],"about":[{"href":"https:\/\/partsandpieces.nl\/de\/wp-json\/wp\/v2\/types\/product"}],"wp:featuredmedia":[{"embeddable":true,"href":"https:\/\/partsandpieces.nl\/de\/wp-json\/wp\/v2\/media\/8218"}],"wp:attachment":[{"href":"https:\/\/partsandpieces.nl\/de\/wp-json\/wp\/v2\/media?parent=1860"}],"wp:term":[{"taxonomy":"product_brand","embeddable":true,"href":"https:\/\/partsandpieces.nl\/de\/wp-json\/wp\/v2\/product_brand?post=1860"},{"taxonomy":"product_cat","embeddable":true,"href":"https:\/\/partsandpieces.nl\/de\/wp-json\/wp\/v2\/product_cat?post=1860"},{"taxonomy":"product_tag","embeddable":true,"href":"https:\/\/partsandpieces.nl\/de\/wp-json\/wp\/v2\/product_tag?post=1860"}],"curies":[{"name":"wp","href":"https:\/\/api.w.org\/{rel}","templated":true}]}}