{"id":1879,"date":"2020-08-18T08:19:16","date_gmt":"2020-08-18T08:19:16","guid":{"rendered":"https:\/\/partsandpieces.bonsaidev.nl\/?product=kapstokhaak-ant-79x205"},"modified":"2025-11-20T17:14:08","modified_gmt":"2025-11-20T16:14:08","slug":"garderobenhaken-aus-antikem-messing-21-x-7-x-7-cm","status":"publish","type":"product","link":"https:\/\/partsandpieces.nl\/de\/product\/kapstokhaak-messing-antiek-21x7x7cm\/","title":{"rendered":"Kleiderhaken Messing Antik 21x7x7cm"},"content":{"rendered":"<p><strong>Kleiderhaken Messing Antik 21x7x7cm<\/strong> ist ein klassischer Kleiderhaken mit Locken und Rundungen. Der Kleiderhaken besteht aus Zamak*. Dies passt gut in ein klassisches oder l\u00e4ndliches Interieur.<\/p>\n<p>Dieser hochwertige Kleiderhaken wird in Italien hergestellt.<\/p>\n<p><strong>Ma\u00dfe<br \/>\n<\/strong>Kleiderhaken Messing Antik 21x7x7cm ist 21cm hoch und 7cm breit. Nach der Montage ragt dieser Kleiderhaken ca. 7 cm heraus.<\/p>\n<p><strong>Bearbeiten<br \/>\n<\/strong>Sie k\u00f6nnen den Kleiderhaken mit montieren <span style=\"text-decoration: underline;\"><a href=\"https:\/\/partsandpieces.nl\/de\/produkt\/schrauben-flachkopf-antik-bronze-mit-schlitz-3x12mm\/\">Schraube Rundkopf Antik Bronze mit Schlitz (3x12mm)<\/a><\/span>. Ich schicke diese Schraube <strong>FREI<\/strong> mit Ihrer Bestellung.<\/p>\n<p>* Zamak ist eine Legierung mit Zink als Hauptbestandteil. Es hat einen relativ niedrigen Schmelzpunkt und ist leicht zu gie\u00dfen. Der Name ist ein Akronym, abgeleitet von den Anfangsbuchstaben der deutschen Bezeichnungen f\u00fcr die Metalle, aus denen sich der Werkstoff zusammensetzt: Zink, Aluminium, MAGnesium, Kupfer. Zamak wird in der Auto- und M\u00f6belindustrie f\u00fcr T\u00fcrgriffe, Griffe, Logos und Zierleisten verwendet. Es wird auch h\u00e4ufig als Ersatz f\u00fcr das giftige Blei verwendet.<\/p>","protected":false},"excerpt":{"rendered":"<p>Kapstokhaak Messing Antiek 21x7x7cm is een klassieke kapstokhaak met krullen en rondingen. De kapstokhaak is gemaakt van zamak*. Deze past mooi in een klassiek of landelijk interieur. Deze kwalitatief uitstekende kapstokhaak is gemaakt in Itali\u00eb. Afmetingen Kapstokhaak Messing Antiek 21x7x7cm is 21cm hoog en 7cm breed. Na montage steekt deze kapstokhaak ongeveer 7cm uit. Montage [&hellip;]<\/p>\n","protected":false},"featured_media":5592,"template":"","meta":{"_acf_changed":false},"product_brand":[],"product_cat":[58,63],"product_tag":[],"class_list":{"0":"post-1879","1":"product","2":"type-product","3":"status-publish","4":"has-post-thumbnail","6":"product_cat-deurbeslag","7":"product_cat-kapstokhaken","9":"first","10":"instock","11":"sale","12":"taxable","13":"shipping-taxable","14":"purchasable","15":"product-type-simple"},"acf":[],"yoast_head":"<!-- This site is optimized with the Yoast SEO plugin v27.3 - https:\/\/yoast.com\/product\/yoast-seo-wordpress\/ -->\n<title>Kapstokhaak Messing Antiek 21x7x7cm<\/title>\n<meta name=\"description\" content=\"Kapstokhaak Messing Antiek 21x7x7cm is een klassieke kapstokhaak met krullen en rondingen. Deze past mooi in een klassiek of landelijk interieur.\" \/>\n<meta name=\"robots\" content=\"index, follow, max-snippet:-1, max-image-preview:large, max-video-preview:-1\" \/>\n<link rel=\"canonical\" href=\"https:\/\/partsandpieces.nl\/de\/produkt\/garderobenhaken-aus-antikem-messing-21-x-7-x-7-cm\/\" \/>\n<meta property=\"og:locale\" content=\"de_DE\" \/>\n<meta property=\"og:type\" content=\"article\" \/>\n<meta property=\"og:title\" content=\"Kapstokhaak Messing Antiek 21x7x7cm\" \/>\n<meta property=\"og:description\" content=\"Kapstokhaak Messing Antiek 21x7x7cm is een klassieke kapstokhaak met krullen en rondingen. Deze past mooi in een klassiek of landelijk interieur.\" \/>\n<meta property=\"og:url\" content=\"https:\/\/partsandpieces.nl\/de\/produkt\/garderobenhaken-aus-antikem-messing-21-x-7-x-7-cm\/\" \/>\n<meta property=\"og:site_name\" content=\"Parts &amp; Pieces\" \/>\n<meta property=\"article:modified_time\" content=\"2025-11-20T16:14:08+00:00\" \/>\n<meta property=\"og:image\" content=\"https:\/\/partsandpieces.nl\/wp-content\/uploads\/2020\/08\/Kapstokhaak-Messing-Antiek-21x7x7cm.jpg\" \/>\n\t<meta property=\"og:image:width\" content=\"480\" \/>\n\t<meta property=\"og:image:height\" content=\"482\" \/>\n\t<meta property=\"og:image:type\" content=\"image\/jpeg\" \/>\n<meta name=\"twitter:card\" content=\"summary_large_image\" \/>\n<meta name=\"twitter:label1\" content=\"Gesch\u00e4tzte Lesezeit\" \/>\n\t<meta name=\"twitter:data1\" content=\"1\u00a0Minute\" \/>\n<script type=\"application\/ld+json\" class=\"yoast-schema-graph\">{\"@context\":\"https:\\\/\\\/schema.org\",\"@graph\":[{\"@type\":\"WebPage\",\"@id\":\"https:\\\/\\\/partsandpieces.nl\\\/product\\\/kapstokhaak-messing-antiek-21x7x7cm\\\/\",\"url\":\"https:\\\/\\\/partsandpieces.nl\\\/product\\\/kapstokhaak-messing-antiek-21x7x7cm\\\/\",\"name\":\"Kapstokhaak Messing Antiek 21x7x7cm\",\"isPartOf\":{\"@id\":\"https:\\\/\\\/partsandpieces.nl\\\/#website\"},\"primaryImageOfPage\":{\"@id\":\"https:\\\/\\\/partsandpieces.nl\\\/product\\\/kapstokhaak-messing-antiek-21x7x7cm\\\/#primaryimage\"},\"image\":{\"@id\":\"https:\\\/\\\/partsandpieces.nl\\\/product\\\/kapstokhaak-messing-antiek-21x7x7cm\\\/#primaryimage\"},\"thumbnailUrl\":\"https:\\\/\\\/partsandpieces.nl\\\/wp-content\\\/uploads\\\/2020\\\/08\\\/Kapstokhaak-Messing-Antiek-21x7x7cm.jpg\",\"datePublished\":\"2020-08-18T08:19:16+00:00\",\"dateModified\":\"2025-11-20T16:14:08+00:00\",\"description\":\"Kapstokhaak Messing Antiek 21x7x7cm is een klassieke kapstokhaak met krullen en rondingen. Deze past mooi in een klassiek of landelijk interieur.\",\"breadcrumb\":{\"@id\":\"https:\\\/\\\/partsandpieces.nl\\\/product\\\/kapstokhaak-messing-antiek-21x7x7cm\\\/#breadcrumb\"},\"inLanguage\":\"de\",\"potentialAction\":[{\"@type\":\"ReadAction\",\"target\":[\"https:\\\/\\\/partsandpieces.nl\\\/product\\\/kapstokhaak-messing-antiek-21x7x7cm\\\/\"]}]},{\"@type\":\"ImageObject\",\"inLanguage\":\"de\",\"@id\":\"https:\\\/\\\/partsandpieces.nl\\\/product\\\/kapstokhaak-messing-antiek-21x7x7cm\\\/#primaryimage\",\"url\":\"https:\\\/\\\/partsandpieces.nl\\\/wp-content\\\/uploads\\\/2020\\\/08\\\/Kapstokhaak-Messing-Antiek-21x7x7cm.jpg\",\"contentUrl\":\"https:\\\/\\\/partsandpieces.nl\\\/wp-content\\\/uploads\\\/2020\\\/08\\\/Kapstokhaak-Messing-Antiek-21x7x7cm.jpg\",\"width\":480,\"height\":482,\"caption\":\"Kapstokhaak Messing Antiek 21x7x7cm\"},{\"@type\":\"BreadcrumbList\",\"@id\":\"https:\\\/\\\/partsandpieces.nl\\\/product\\\/kapstokhaak-messing-antiek-21x7x7cm\\\/#breadcrumb\",\"itemListElement\":[{\"@type\":\"ListItem\",\"position\":1,\"name\":\"Home\",\"item\":\"https:\\\/\\\/partsandpieces.nl\\\/home\\\/\"},{\"@type\":\"ListItem\",\"position\":2,\"name\":\"Winkel\",\"item\":\"https:\\\/\\\/partsandpieces.nl\\\/winkel\\\/\"},{\"@type\":\"ListItem\",\"position\":3,\"name\":\"Kapstokhaak Messing Antiek 21x7x7cm\"}]},{\"@type\":\"WebSite\",\"@id\":\"https:\\\/\\\/partsandpieces.nl\\\/#website\",\"url\":\"https:\\\/\\\/partsandpieces.nl\\\/\",\"name\":\"Parts &amp; Pieces\",\"description\":\"Alles voor uw meubelrestauratie en -onderhoud!\",\"potentialAction\":[{\"@type\":\"SearchAction\",\"target\":{\"@type\":\"EntryPoint\",\"urlTemplate\":\"https:\\\/\\\/partsandpieces.nl\\\/?s={search_term_string}\"},\"query-input\":{\"@type\":\"PropertyValueSpecification\",\"valueRequired\":true,\"valueName\":\"search_term_string\"}}],\"inLanguage\":\"de\"}]}<\/script>\n<!-- \/ Yoast SEO plugin. -->","yoast_head_json":{"title":"Kleiderhaken Messing Antik 21x7x7cm","description":"Kleiderhaken Messing Antik 21x7x7cm ist ein klassischer Kleiderhaken mit Locken und Rundungen. Dies passt gut in ein klassisches oder l\u00e4ndliches Interieur.","robots":{"index":"index","follow":"follow","max-snippet":"max-snippet:-1","max-image-preview":"max-image-preview:large","max-video-preview":"max-video-preview:-1"},"canonical":"https:\/\/partsandpieces.nl\/de\/produkt\/garderobenhaken-aus-antikem-messing-21-x-7-x-7-cm\/","og_locale":"de_DE","og_type":"article","og_title":"Kapstokhaak Messing Antiek 21x7x7cm","og_description":"Kapstokhaak Messing Antiek 21x7x7cm is een klassieke kapstokhaak met krullen en rondingen. Deze past mooi in een klassiek of landelijk interieur.","og_url":"https:\/\/partsandpieces.nl\/de\/produkt\/garderobenhaken-aus-antikem-messing-21-x-7-x-7-cm\/","og_site_name":"Parts &amp; Pieces","article_modified_time":"2025-11-20T16:14:08+00:00","og_image":[{"width":480,"height":482,"url":"https:\/\/partsandpieces.nl\/wp-content\/uploads\/2020\/08\/Kapstokhaak-Messing-Antiek-21x7x7cm.jpg","type":"image\/jpeg"}],"twitter_card":"summary_large_image","twitter_misc":{"Gesch\u00e4tzte Lesezeit":"1\u00a0Minute"},"schema":{"@context":"https:\/\/schema.org","@graph":[{"@type":"WebPage","@id":"https:\/\/partsandpieces.nl\/product\/kapstokhaak-messing-antiek-21x7x7cm\/","url":"https:\/\/partsandpieces.nl\/product\/kapstokhaak-messing-antiek-21x7x7cm\/","name":"Kleiderhaken Messing Antik 21x7x7cm","isPartOf":{"@id":"https:\/\/partsandpieces.nl\/#website"},"primaryImageOfPage":{"@id":"https:\/\/partsandpieces.nl\/product\/kapstokhaak-messing-antiek-21x7x7cm\/#primaryimage"},"image":{"@id":"https:\/\/partsandpieces.nl\/product\/kapstokhaak-messing-antiek-21x7x7cm\/#primaryimage"},"thumbnailUrl":"https:\/\/partsandpieces.nl\/wp-content\/uploads\/2020\/08\/Kapstokhaak-Messing-Antiek-21x7x7cm.jpg","datePublished":"2020-08-18T08:19:16+00:00","dateModified":"2025-11-20T16:14:08+00:00","description":"Kleiderhaken Messing Antik 21x7x7cm ist ein klassischer Kleiderhaken mit Locken und Rundungen. Dies passt gut in ein klassisches oder l\u00e4ndliches Interieur.","breadcrumb":{"@id":"https:\/\/partsandpieces.nl\/product\/kapstokhaak-messing-antiek-21x7x7cm\/#breadcrumb"},"inLanguage":"de","potentialAction":[{"@type":"ReadAction","target":["https:\/\/partsandpieces.nl\/product\/kapstokhaak-messing-antiek-21x7x7cm\/"]}]},{"@type":"ImageObject","inLanguage":"de","@id":"https:\/\/partsandpieces.nl\/product\/kapstokhaak-messing-antiek-21x7x7cm\/#primaryimage","url":"https:\/\/partsandpieces.nl\/wp-content\/uploads\/2020\/08\/Kapstokhaak-Messing-Antiek-21x7x7cm.jpg","contentUrl":"https:\/\/partsandpieces.nl\/wp-content\/uploads\/2020\/08\/Kapstokhaak-Messing-Antiek-21x7x7cm.jpg","width":480,"height":482,"caption":"Kapstokhaak Messing Antiek 21x7x7cm"},{"@type":"BreadcrumbList","@id":"https:\/\/partsandpieces.nl\/product\/kapstokhaak-messing-antiek-21x7x7cm\/#breadcrumb","itemListElement":[{"@type":"ListItem","position":1,"name":"Home","item":"https:\/\/partsandpieces.nl\/home\/"},{"@type":"ListItem","position":2,"name":"Winkel","item":"https:\/\/partsandpieces.nl\/winkel\/"},{"@type":"ListItem","position":3,"name":"Kapstokhaak Messing Antiek 21x7x7cm"}]},{"@type":"WebSite","@id":"https:\/\/partsandpieces.nl\/#website","url":"https:\/\/partsandpieces.nl\/","name":"Teile &amp; St\u00fccke","description":"Alles f\u00fcr Ihre M\u00f6belrestaurierung und -pflege!","potentialAction":[{"@type":"SearchAction","target":{"@type":"EntryPoint","urlTemplate":"https:\/\/partsandpieces.nl\/?s={search_term_string}"},"query-input":{"@type":"PropertyValueSpecification","valueRequired":true,"valueName":"search_term_string"}}],"inLanguage":"de"}]}},"_links":{"self":[{"href":"https:\/\/partsandpieces.nl\/de\/wp-json\/wp\/v2\/product\/1879","targetHints":{"allow":["GET"]}}],"collection":[{"href":"https:\/\/partsandpieces.nl\/de\/wp-json\/wp\/v2\/product"}],"about":[{"href":"https:\/\/partsandpieces.nl\/de\/wp-json\/wp\/v2\/types\/product"}],"wp:featuredmedia":[{"embeddable":true,"href":"https:\/\/partsandpieces.nl\/de\/wp-json\/wp\/v2\/media\/5592"}],"wp:attachment":[{"href":"https:\/\/partsandpieces.nl\/de\/wp-json\/wp\/v2\/media?parent=1879"}],"wp:term":[{"taxonomy":"product_brand","embeddable":true,"href":"https:\/\/partsandpieces.nl\/de\/wp-json\/wp\/v2\/product_brand?post=1879"},{"taxonomy":"product_cat","embeddable":true,"href":"https:\/\/partsandpieces.nl\/de\/wp-json\/wp\/v2\/product_cat?post=1879"},{"taxonomy":"product_tag","embeddable":true,"href":"https:\/\/partsandpieces.nl\/de\/wp-json\/wp\/v2\/product_tag?post=1879"}],"curies":[{"name":"wp","href":"https:\/\/api.w.org\/{rel}","templated":true}]}}