{"id":1895,"date":"2020-08-18T08:36:41","date_gmt":"2020-08-18T08:36:41","guid":{"rendered":"https:\/\/partsandpieces.bonsaidev.nl\/?product=iron-hook-black-large-curl"},"modified":"2026-02-06T10:42:17","modified_gmt":"2026-02-06T09:42:17","slug":"garderobenhaken-gusseisen-150x70mm","status":"publish","type":"product","link":"https:\/\/partsandpieces.nl\/de\/product\/kapstokhaak-gietijzer-150x70mm\/","title":{"rendered":"Kleiderhaken Gusseisen 150x70mm"},"content":{"rendered":"<p><strong>Kleiderhaken Gusseisen 150x70mm<\/strong> ist ein klassischer Kleiderhaken mit einem Lockenmotiv an beiden Enden. Der Kleiderhaken besteht aus Gusseisen und hat eine sch\u00f6ne mattschwarze Oberfl\u00e4che. Dies passt gut in ein klassisches oder l\u00e4ndliches Interieur.<\/p>\n<p><strong>Ma\u00dfe<br \/>\n<\/strong>Der Kleiderhaken Gusseisen 150x70mm ist 150mm hoch und ragt nach der Montage ca. 70mm heraus. Die Rosette hat eine Breite von 35 mm und eine H\u00f6he von 50 mm.<\/p>\n<p><strong>Bearbeiten<br \/>\n<\/strong>Sie befestigen den Kleiderhaken mit 2 konischen Schrauben. Ich schicke diese Befestigungsschrauben mit Ihrer Bestellung.<\/p>","protected":false},"excerpt":{"rendered":"<p>Kapstokhaak Gietijzer 150x70mm is een klassieke kapstokhaak met een krul motief aan beide uiteindes. De kapstokhaak is gemaakt van gietijzer en is mooi mat zwart afgewerkt. Deze past mooi in een klassiek of landelijk interieur. Afmetingen Kapstokhaak Gietijzer 150x70mm is 150mm hoog en steekt na montage ongeveer 70mm uit. Het rozet heeft een breedte van [&hellip;]<\/p>\n","protected":false},"featured_media":8243,"template":"","meta":{"_acf_changed":false},"product_brand":[],"product_cat":[58,63],"product_tag":[],"class_list":{"0":"post-1895","1":"product","2":"type-product","3":"status-publish","4":"has-post-thumbnail","6":"product_cat-deurbeslag","7":"product_cat-kapstokhaken","9":"first","10":"instock","11":"taxable","12":"shipping-taxable","13":"purchasable","14":"product-type-simple"},"acf":[],"yoast_head":"<!-- This site is optimized with the Yoast SEO plugin v27.3 - https:\/\/yoast.com\/product\/yoast-seo-wordpress\/ -->\n<title>Kapstokhaak Gietijzer 150x70mm<\/title>\n<meta name=\"description\" content=\"Kapstokhaak Gietijzer 150x70mm is een klassieke kapstokhaak met een krul motief aan beide uiteindes. Deze past mooi in een klassiek of landelijk interieur.\" \/>\n<meta name=\"robots\" content=\"index, follow, max-snippet:-1, max-image-preview:large, max-video-preview:-1\" \/>\n<link rel=\"canonical\" href=\"https:\/\/partsandpieces.nl\/de\/produkt\/garderobenhaken-gusseisen-150x70mm\/\" \/>\n<meta property=\"og:locale\" content=\"de_DE\" \/>\n<meta property=\"og:type\" content=\"article\" \/>\n<meta property=\"og:title\" content=\"Kapstokhaak Gietijzer 150x70mm\" \/>\n<meta property=\"og:description\" content=\"Kapstokhaak Gietijzer 150x70mm is een klassieke kapstokhaak met een krul motief aan beide uiteindes. Deze past mooi in een klassiek of landelijk interieur.\" \/>\n<meta property=\"og:url\" content=\"https:\/\/partsandpieces.nl\/de\/produkt\/garderobenhaken-gusseisen-150x70mm\/\" \/>\n<meta property=\"og:site_name\" content=\"Parts &amp; Pieces\" \/>\n<meta property=\"article:modified_time\" content=\"2026-02-06T09:42:17+00:00\" \/>\n<meta property=\"og:image\" content=\"https:\/\/partsandpieces.nl\/wp-content\/uploads\/2020\/08\/Kapstokhaak-Gietijzer-150x70mm.jpg\" \/>\n\t<meta property=\"og:image:width\" content=\"426\" \/>\n\t<meta property=\"og:image:height\" content=\"424\" \/>\n\t<meta property=\"og:image:type\" content=\"image\/jpeg\" \/>\n<meta name=\"twitter:card\" content=\"summary_large_image\" \/>\n<meta name=\"twitter:label1\" content=\"Gesch\u00e4tzte Lesezeit\" \/>\n\t<meta name=\"twitter:data1\" content=\"1\u00a0Minute\" \/>\n<script type=\"application\/ld+json\" class=\"yoast-schema-graph\">{\"@context\":\"https:\\\/\\\/schema.org\",\"@graph\":[{\"@type\":\"WebPage\",\"@id\":\"https:\\\/\\\/partsandpieces.nl\\\/product\\\/kapstokhaak-gietijzer-150x70mm\\\/\",\"url\":\"https:\\\/\\\/partsandpieces.nl\\\/product\\\/kapstokhaak-gietijzer-150x70mm\\\/\",\"name\":\"Kapstokhaak Gietijzer 150x70mm\",\"isPartOf\":{\"@id\":\"https:\\\/\\\/partsandpieces.nl\\\/#website\"},\"primaryImageOfPage\":{\"@id\":\"https:\\\/\\\/partsandpieces.nl\\\/product\\\/kapstokhaak-gietijzer-150x70mm\\\/#primaryimage\"},\"image\":{\"@id\":\"https:\\\/\\\/partsandpieces.nl\\\/product\\\/kapstokhaak-gietijzer-150x70mm\\\/#primaryimage\"},\"thumbnailUrl\":\"https:\\\/\\\/partsandpieces.nl\\\/wp-content\\\/uploads\\\/2020\\\/08\\\/Kapstokhaak-Gietijzer-150x70mm.jpg\",\"datePublished\":\"2020-08-18T08:36:41+00:00\",\"dateModified\":\"2026-02-06T09:42:17+00:00\",\"description\":\"Kapstokhaak Gietijzer 150x70mm is een klassieke kapstokhaak met een krul motief aan beide uiteindes. Deze past mooi in een klassiek of landelijk interieur.\",\"breadcrumb\":{\"@id\":\"https:\\\/\\\/partsandpieces.nl\\\/product\\\/kapstokhaak-gietijzer-150x70mm\\\/#breadcrumb\"},\"inLanguage\":\"de\",\"potentialAction\":[{\"@type\":\"ReadAction\",\"target\":[\"https:\\\/\\\/partsandpieces.nl\\\/product\\\/kapstokhaak-gietijzer-150x70mm\\\/\"]}]},{\"@type\":\"ImageObject\",\"inLanguage\":\"de\",\"@id\":\"https:\\\/\\\/partsandpieces.nl\\\/product\\\/kapstokhaak-gietijzer-150x70mm\\\/#primaryimage\",\"url\":\"https:\\\/\\\/partsandpieces.nl\\\/wp-content\\\/uploads\\\/2020\\\/08\\\/Kapstokhaak-Gietijzer-150x70mm.jpg\",\"contentUrl\":\"https:\\\/\\\/partsandpieces.nl\\\/wp-content\\\/uploads\\\/2020\\\/08\\\/Kapstokhaak-Gietijzer-150x70mm.jpg\",\"width\":426,\"height\":424,\"caption\":\"Kapstokhaak Gietijzer 150x70mm\"},{\"@type\":\"BreadcrumbList\",\"@id\":\"https:\\\/\\\/partsandpieces.nl\\\/product\\\/kapstokhaak-gietijzer-150x70mm\\\/#breadcrumb\",\"itemListElement\":[{\"@type\":\"ListItem\",\"position\":1,\"name\":\"Home\",\"item\":\"https:\\\/\\\/partsandpieces.nl\\\/home\\\/\"},{\"@type\":\"ListItem\",\"position\":2,\"name\":\"Winkel\",\"item\":\"https:\\\/\\\/partsandpieces.nl\\\/winkel\\\/\"},{\"@type\":\"ListItem\",\"position\":3,\"name\":\"Kapstokhaak Gietijzer 150x70mm\"}]},{\"@type\":\"WebSite\",\"@id\":\"https:\\\/\\\/partsandpieces.nl\\\/#website\",\"url\":\"https:\\\/\\\/partsandpieces.nl\\\/\",\"name\":\"Parts &amp; Pieces\",\"description\":\"Alles voor uw meubelrestauratie en -onderhoud!\",\"potentialAction\":[{\"@type\":\"SearchAction\",\"target\":{\"@type\":\"EntryPoint\",\"urlTemplate\":\"https:\\\/\\\/partsandpieces.nl\\\/?s={search_term_string}\"},\"query-input\":{\"@type\":\"PropertyValueSpecification\",\"valueRequired\":true,\"valueName\":\"search_term_string\"}}],\"inLanguage\":\"de\"}]}<\/script>\n<!-- \/ Yoast SEO plugin. -->","yoast_head_json":{"title":"Kleiderhaken Gusseisen 150x70mm","description":"Der Kleiderhaken Gusseisen 150 x 70 mm ist ein klassischer Kleiderhaken mit einem Lockenmotiv an beiden Enden. Dies passt gut in ein klassisches oder l\u00e4ndliches Interieur.","robots":{"index":"index","follow":"follow","max-snippet":"max-snippet:-1","max-image-preview":"max-image-preview:large","max-video-preview":"max-video-preview:-1"},"canonical":"https:\/\/partsandpieces.nl\/de\/produkt\/garderobenhaken-gusseisen-150x70mm\/","og_locale":"de_DE","og_type":"article","og_title":"Kapstokhaak Gietijzer 150x70mm","og_description":"Kapstokhaak Gietijzer 150x70mm is een klassieke kapstokhaak met een krul motief aan beide uiteindes. Deze past mooi in een klassiek of landelijk interieur.","og_url":"https:\/\/partsandpieces.nl\/de\/produkt\/garderobenhaken-gusseisen-150x70mm\/","og_site_name":"Parts &amp; Pieces","article_modified_time":"2026-02-06T09:42:17+00:00","og_image":[{"width":426,"height":424,"url":"https:\/\/partsandpieces.nl\/wp-content\/uploads\/2020\/08\/Kapstokhaak-Gietijzer-150x70mm.jpg","type":"image\/jpeg"}],"twitter_card":"summary_large_image","twitter_misc":{"Gesch\u00e4tzte Lesezeit":"1\u00a0Minute"},"schema":{"@context":"https:\/\/schema.org","@graph":[{"@type":"WebPage","@id":"https:\/\/partsandpieces.nl\/product\/kapstokhaak-gietijzer-150x70mm\/","url":"https:\/\/partsandpieces.nl\/product\/kapstokhaak-gietijzer-150x70mm\/","name":"Kleiderhaken Gusseisen 150x70mm","isPartOf":{"@id":"https:\/\/partsandpieces.nl\/#website"},"primaryImageOfPage":{"@id":"https:\/\/partsandpieces.nl\/product\/kapstokhaak-gietijzer-150x70mm\/#primaryimage"},"image":{"@id":"https:\/\/partsandpieces.nl\/product\/kapstokhaak-gietijzer-150x70mm\/#primaryimage"},"thumbnailUrl":"https:\/\/partsandpieces.nl\/wp-content\/uploads\/2020\/08\/Kapstokhaak-Gietijzer-150x70mm.jpg","datePublished":"2020-08-18T08:36:41+00:00","dateModified":"2026-02-06T09:42:17+00:00","description":"Der Kleiderhaken Gusseisen 150 x 70 mm ist ein klassischer Kleiderhaken mit einem Lockenmotiv an beiden Enden. Dies passt gut in ein klassisches oder l\u00e4ndliches Interieur.","breadcrumb":{"@id":"https:\/\/partsandpieces.nl\/product\/kapstokhaak-gietijzer-150x70mm\/#breadcrumb"},"inLanguage":"de","potentialAction":[{"@type":"ReadAction","target":["https:\/\/partsandpieces.nl\/product\/kapstokhaak-gietijzer-150x70mm\/"]}]},{"@type":"ImageObject","inLanguage":"de","@id":"https:\/\/partsandpieces.nl\/product\/kapstokhaak-gietijzer-150x70mm\/#primaryimage","url":"https:\/\/partsandpieces.nl\/wp-content\/uploads\/2020\/08\/Kapstokhaak-Gietijzer-150x70mm.jpg","contentUrl":"https:\/\/partsandpieces.nl\/wp-content\/uploads\/2020\/08\/Kapstokhaak-Gietijzer-150x70mm.jpg","width":426,"height":424,"caption":"Kapstokhaak Gietijzer 150x70mm"},{"@type":"BreadcrumbList","@id":"https:\/\/partsandpieces.nl\/product\/kapstokhaak-gietijzer-150x70mm\/#breadcrumb","itemListElement":[{"@type":"ListItem","position":1,"name":"Home","item":"https:\/\/partsandpieces.nl\/home\/"},{"@type":"ListItem","position":2,"name":"Winkel","item":"https:\/\/partsandpieces.nl\/winkel\/"},{"@type":"ListItem","position":3,"name":"Kapstokhaak Gietijzer 150x70mm"}]},{"@type":"WebSite","@id":"https:\/\/partsandpieces.nl\/#website","url":"https:\/\/partsandpieces.nl\/","name":"Teile &amp; St\u00fccke","description":"Alles f\u00fcr Ihre M\u00f6belrestaurierung und -pflege!","potentialAction":[{"@type":"SearchAction","target":{"@type":"EntryPoint","urlTemplate":"https:\/\/partsandpieces.nl\/?s={search_term_string}"},"query-input":{"@type":"PropertyValueSpecification","valueRequired":true,"valueName":"search_term_string"}}],"inLanguage":"de"}]}},"_links":{"self":[{"href":"https:\/\/partsandpieces.nl\/de\/wp-json\/wp\/v2\/product\/1895","targetHints":{"allow":["GET"]}}],"collection":[{"href":"https:\/\/partsandpieces.nl\/de\/wp-json\/wp\/v2\/product"}],"about":[{"href":"https:\/\/partsandpieces.nl\/de\/wp-json\/wp\/v2\/types\/product"}],"wp:featuredmedia":[{"embeddable":true,"href":"https:\/\/partsandpieces.nl\/de\/wp-json\/wp\/v2\/media\/8243"}],"wp:attachment":[{"href":"https:\/\/partsandpieces.nl\/de\/wp-json\/wp\/v2\/media?parent=1895"}],"wp:term":[{"taxonomy":"product_brand","embeddable":true,"href":"https:\/\/partsandpieces.nl\/de\/wp-json\/wp\/v2\/product_brand?post=1895"},{"taxonomy":"product_cat","embeddable":true,"href":"https:\/\/partsandpieces.nl\/de\/wp-json\/wp\/v2\/product_cat?post=1895"},{"taxonomy":"product_tag","embeddable":true,"href":"https:\/\/partsandpieces.nl\/de\/wp-json\/wp\/v2\/product_tag?post=1895"}],"curies":[{"name":"wp","href":"https:\/\/api.w.org\/{rel}","templated":true}]}}