{"id":1897,"date":"2020-08-18T08:38:27","date_gmt":"2020-08-18T08:38:27","guid":{"rendered":"https:\/\/partsandpieces.bonsaidev.nl\/?product=kapstokhaak-messing-ant-45x130-mm"},"modified":"2026-02-08T21:50:51","modified_gmt":"2026-02-08T20:50:51","slug":"garderobenhaken-messing-ameise-45x130-mm","status":"publish","type":"product","link":"https:\/\/partsandpieces.nl\/de\/product\/kapstokhaak-messing-ant-45x130-mm\/","title":{"rendered":"Kleiderhaken Bronze antik 140x70mm"},"content":{"rendered":"<p><strong>Kleiderhaken Bronze antik 140x70mm<\/strong> ist ein klassischer Kleiderhaken mit einem Lockenmotiv an beiden Enden. Der Kleiderhaken besteht aus Eisen und hat eine sch\u00f6ne bronzefarbene Oberfl\u00e4che. Dies passt gut in ein klassisches oder l\u00e4ndliches Interieur.<\/p>\n<p><strong>Ma\u00dfe<br \/>\n<\/strong>Der Kleiderhaken Bronze antik 140x70mm ist 140mm hoch und ragt nach der Montage ca. 70mm hervor. Die Rosette hat eine Breite von 48 mm und eine H\u00f6he von 55 mm.<\/p>\n<p><strong>Bearbeiten<br \/>\n<\/strong>Sie befestigen den Kleiderhaken mit 2 konischen Schrauben. Ich werde diese Befestigungsschrauben NICHT mit Ihrer Bestellung verschicken.<\/p>","protected":false},"excerpt":{"rendered":"<p>Kapstokhaak Brons antiek 140x70mm is een klassieke kapstokhaak met een krul motief aan beide uiteindes. De kapstokhaak is gemaakt van ijzer en heeft een mooie bronskleurige afwerking. Deze past mooi in een klassiek of landelijk interieur. Afmetingen Kapstokhaak Brons antiek 140x70mm is 140mm hoog en steekt na montage ongeveer 70mm uit. Het rozet heeft een [&hellip;]<\/p>\n","protected":false},"featured_media":7974,"template":"","meta":{"_acf_changed":false},"product_brand":[],"product_cat":[58,63],"product_tag":[],"class_list":{"0":"post-1897","1":"product","2":"type-product","3":"status-publish","4":"has-post-thumbnail","6":"product_cat-deurbeslag","7":"product_cat-kapstokhaken","9":"first","10":"instock","11":"taxable","12":"shipping-taxable","13":"purchasable","14":"product-type-simple"},"acf":[],"yoast_head":"<!-- This site is optimized with the Yoast SEO plugin v27.3 - https:\/\/yoast.com\/product\/yoast-seo-wordpress\/ -->\n<title>Kapstokhaak Brons antiek 140x70mm<\/title>\n<meta name=\"description\" content=\"Kapstokhaak Brons antiek 140x70mm is een klassieke kapstokhaak met een krul motief aan beide uiteindes. Heeft een mooie bronskleurige afwerking.\" \/>\n<meta name=\"robots\" content=\"index, follow, max-snippet:-1, max-image-preview:large, max-video-preview:-1\" \/>\n<link rel=\"canonical\" href=\"https:\/\/partsandpieces.nl\/de\/produkt\/garderobenhaken-messing-ameise-45x130-mm\/\" \/>\n<meta property=\"og:locale\" content=\"de_DE\" \/>\n<meta property=\"og:type\" content=\"article\" \/>\n<meta property=\"og:title\" content=\"Kapstokhaak Brons antiek 140x70mm\" \/>\n<meta property=\"og:description\" content=\"Kapstokhaak Brons antiek 140x70mm is een klassieke kapstokhaak met een krul motief aan beide uiteindes. Heeft een mooie bronskleurige afwerking.\" \/>\n<meta property=\"og:url\" content=\"https:\/\/partsandpieces.nl\/de\/produkt\/garderobenhaken-messing-ameise-45x130-mm\/\" \/>\n<meta property=\"og:site_name\" content=\"Parts &amp; Pieces\" \/>\n<meta property=\"article:modified_time\" content=\"2026-02-08T20:50:51+00:00\" \/>\n<meta property=\"og:image\" content=\"https:\/\/partsandpieces.nl\/wp-content\/uploads\/2020\/08\/Kapstokhaak-Brons-antiek-140x70mm.jpg\" \/>\n\t<meta property=\"og:image:width\" content=\"449\" \/>\n\t<meta property=\"og:image:height\" content=\"450\" \/>\n\t<meta property=\"og:image:type\" content=\"image\/jpeg\" \/>\n<meta name=\"twitter:card\" content=\"summary_large_image\" \/>\n<meta name=\"twitter:label1\" content=\"Gesch\u00e4tzte Lesezeit\" \/>\n\t<meta name=\"twitter:data1\" content=\"1\u00a0Minute\" \/>\n<script type=\"application\/ld+json\" class=\"yoast-schema-graph\">{\"@context\":\"https:\\\/\\\/schema.org\",\"@graph\":[{\"@type\":\"WebPage\",\"@id\":\"https:\\\/\\\/partsandpieces.nl\\\/product\\\/kapstokhaak-messing-ant-45x130-mm\\\/\",\"url\":\"https:\\\/\\\/partsandpieces.nl\\\/product\\\/kapstokhaak-messing-ant-45x130-mm\\\/\",\"name\":\"Kapstokhaak Brons antiek 140x70mm\",\"isPartOf\":{\"@id\":\"https:\\\/\\\/partsandpieces.nl\\\/#website\"},\"primaryImageOfPage\":{\"@id\":\"https:\\\/\\\/partsandpieces.nl\\\/product\\\/kapstokhaak-messing-ant-45x130-mm\\\/#primaryimage\"},\"image\":{\"@id\":\"https:\\\/\\\/partsandpieces.nl\\\/product\\\/kapstokhaak-messing-ant-45x130-mm\\\/#primaryimage\"},\"thumbnailUrl\":\"https:\\\/\\\/partsandpieces.nl\\\/wp-content\\\/uploads\\\/2020\\\/08\\\/Kapstokhaak-Brons-antiek-140x70mm.jpg\",\"datePublished\":\"2020-08-18T08:38:27+00:00\",\"dateModified\":\"2026-02-08T20:50:51+00:00\",\"description\":\"Kapstokhaak Brons antiek 140x70mm is een klassieke kapstokhaak met een krul motief aan beide uiteindes. Heeft een mooie bronskleurige afwerking.\",\"breadcrumb\":{\"@id\":\"https:\\\/\\\/partsandpieces.nl\\\/product\\\/kapstokhaak-messing-ant-45x130-mm\\\/#breadcrumb\"},\"inLanguage\":\"de\",\"potentialAction\":[{\"@type\":\"ReadAction\",\"target\":[\"https:\\\/\\\/partsandpieces.nl\\\/product\\\/kapstokhaak-messing-ant-45x130-mm\\\/\"]}]},{\"@type\":\"ImageObject\",\"inLanguage\":\"de\",\"@id\":\"https:\\\/\\\/partsandpieces.nl\\\/product\\\/kapstokhaak-messing-ant-45x130-mm\\\/#primaryimage\",\"url\":\"https:\\\/\\\/partsandpieces.nl\\\/wp-content\\\/uploads\\\/2020\\\/08\\\/Kapstokhaak-Brons-antiek-140x70mm.jpg\",\"contentUrl\":\"https:\\\/\\\/partsandpieces.nl\\\/wp-content\\\/uploads\\\/2020\\\/08\\\/Kapstokhaak-Brons-antiek-140x70mm.jpg\",\"width\":449,\"height\":450,\"caption\":\"Kapstokhaak Brons antiek 140x70mm\"},{\"@type\":\"BreadcrumbList\",\"@id\":\"https:\\\/\\\/partsandpieces.nl\\\/product\\\/kapstokhaak-messing-ant-45x130-mm\\\/#breadcrumb\",\"itemListElement\":[{\"@type\":\"ListItem\",\"position\":1,\"name\":\"Home\",\"item\":\"https:\\\/\\\/partsandpieces.nl\\\/home\\\/\"},{\"@type\":\"ListItem\",\"position\":2,\"name\":\"Winkel\",\"item\":\"https:\\\/\\\/partsandpieces.nl\\\/winkel\\\/\"},{\"@type\":\"ListItem\",\"position\":3,\"name\":\"Kapstokhaak Brons antiek 140x70mm\"}]},{\"@type\":\"WebSite\",\"@id\":\"https:\\\/\\\/partsandpieces.nl\\\/#website\",\"url\":\"https:\\\/\\\/partsandpieces.nl\\\/\",\"name\":\"Parts &amp; Pieces\",\"description\":\"Alles voor uw meubelrestauratie en -onderhoud!\",\"potentialAction\":[{\"@type\":\"SearchAction\",\"target\":{\"@type\":\"EntryPoint\",\"urlTemplate\":\"https:\\\/\\\/partsandpieces.nl\\\/?s={search_term_string}\"},\"query-input\":{\"@type\":\"PropertyValueSpecification\",\"valueRequired\":true,\"valueName\":\"search_term_string\"}}],\"inLanguage\":\"de\"}]}<\/script>\n<!-- \/ Yoast SEO plugin. -->","yoast_head_json":{"title":"Kleiderhaken Bronze antik 140x70mm","description":"Der Kleiderhaken Bronze antik 140x70mm ist ein klassischer Kleiderhaken mit einem Lockenmotiv an beiden Enden. Hat eine sch\u00f6ne bronzefarbene Oberfl\u00e4che.","robots":{"index":"index","follow":"follow","max-snippet":"max-snippet:-1","max-image-preview":"max-image-preview:large","max-video-preview":"max-video-preview:-1"},"canonical":"https:\/\/partsandpieces.nl\/de\/produkt\/garderobenhaken-messing-ameise-45x130-mm\/","og_locale":"de_DE","og_type":"article","og_title":"Kapstokhaak Brons antiek 140x70mm","og_description":"Kapstokhaak Brons antiek 140x70mm is een klassieke kapstokhaak met een krul motief aan beide uiteindes. Heeft een mooie bronskleurige afwerking.","og_url":"https:\/\/partsandpieces.nl\/de\/produkt\/garderobenhaken-messing-ameise-45x130-mm\/","og_site_name":"Parts &amp; Pieces","article_modified_time":"2026-02-08T20:50:51+00:00","og_image":[{"width":449,"height":450,"url":"https:\/\/partsandpieces.nl\/wp-content\/uploads\/2020\/08\/Kapstokhaak-Brons-antiek-140x70mm.jpg","type":"image\/jpeg"}],"twitter_card":"summary_large_image","twitter_misc":{"Gesch\u00e4tzte Lesezeit":"1\u00a0Minute"},"schema":{"@context":"https:\/\/schema.org","@graph":[{"@type":"WebPage","@id":"https:\/\/partsandpieces.nl\/product\/kapstokhaak-messing-ant-45x130-mm\/","url":"https:\/\/partsandpieces.nl\/product\/kapstokhaak-messing-ant-45x130-mm\/","name":"Kleiderhaken Bronze antik 140x70mm","isPartOf":{"@id":"https:\/\/partsandpieces.nl\/#website"},"primaryImageOfPage":{"@id":"https:\/\/partsandpieces.nl\/product\/kapstokhaak-messing-ant-45x130-mm\/#primaryimage"},"image":{"@id":"https:\/\/partsandpieces.nl\/product\/kapstokhaak-messing-ant-45x130-mm\/#primaryimage"},"thumbnailUrl":"https:\/\/partsandpieces.nl\/wp-content\/uploads\/2020\/08\/Kapstokhaak-Brons-antiek-140x70mm.jpg","datePublished":"2020-08-18T08:38:27+00:00","dateModified":"2026-02-08T20:50:51+00:00","description":"Der Kleiderhaken Bronze antik 140x70mm ist ein klassischer Kleiderhaken mit einem Lockenmotiv an beiden Enden. Hat eine sch\u00f6ne bronzefarbene Oberfl\u00e4che.","breadcrumb":{"@id":"https:\/\/partsandpieces.nl\/product\/kapstokhaak-messing-ant-45x130-mm\/#breadcrumb"},"inLanguage":"de","potentialAction":[{"@type":"ReadAction","target":["https:\/\/partsandpieces.nl\/product\/kapstokhaak-messing-ant-45x130-mm\/"]}]},{"@type":"ImageObject","inLanguage":"de","@id":"https:\/\/partsandpieces.nl\/product\/kapstokhaak-messing-ant-45x130-mm\/#primaryimage","url":"https:\/\/partsandpieces.nl\/wp-content\/uploads\/2020\/08\/Kapstokhaak-Brons-antiek-140x70mm.jpg","contentUrl":"https:\/\/partsandpieces.nl\/wp-content\/uploads\/2020\/08\/Kapstokhaak-Brons-antiek-140x70mm.jpg","width":449,"height":450,"caption":"Kapstokhaak Brons antiek 140x70mm"},{"@type":"BreadcrumbList","@id":"https:\/\/partsandpieces.nl\/product\/kapstokhaak-messing-ant-45x130-mm\/#breadcrumb","itemListElement":[{"@type":"ListItem","position":1,"name":"Home","item":"https:\/\/partsandpieces.nl\/home\/"},{"@type":"ListItem","position":2,"name":"Winkel","item":"https:\/\/partsandpieces.nl\/winkel\/"},{"@type":"ListItem","position":3,"name":"Kapstokhaak Brons antiek 140x70mm"}]},{"@type":"WebSite","@id":"https:\/\/partsandpieces.nl\/#website","url":"https:\/\/partsandpieces.nl\/","name":"Teile &amp; St\u00fccke","description":"Alles f\u00fcr Ihre M\u00f6belrestaurierung und -pflege!","potentialAction":[{"@type":"SearchAction","target":{"@type":"EntryPoint","urlTemplate":"https:\/\/partsandpieces.nl\/?s={search_term_string}"},"query-input":{"@type":"PropertyValueSpecification","valueRequired":true,"valueName":"search_term_string"}}],"inLanguage":"de"}]}},"_links":{"self":[{"href":"https:\/\/partsandpieces.nl\/de\/wp-json\/wp\/v2\/product\/1897","targetHints":{"allow":["GET"]}}],"collection":[{"href":"https:\/\/partsandpieces.nl\/de\/wp-json\/wp\/v2\/product"}],"about":[{"href":"https:\/\/partsandpieces.nl\/de\/wp-json\/wp\/v2\/types\/product"}],"wp:featuredmedia":[{"embeddable":true,"href":"https:\/\/partsandpieces.nl\/de\/wp-json\/wp\/v2\/media\/7974"}],"wp:attachment":[{"href":"https:\/\/partsandpieces.nl\/de\/wp-json\/wp\/v2\/media?parent=1897"}],"wp:term":[{"taxonomy":"product_brand","embeddable":true,"href":"https:\/\/partsandpieces.nl\/de\/wp-json\/wp\/v2\/product_brand?post=1897"},{"taxonomy":"product_cat","embeddable":true,"href":"https:\/\/partsandpieces.nl\/de\/wp-json\/wp\/v2\/product_cat?post=1897"},{"taxonomy":"product_tag","embeddable":true,"href":"https:\/\/partsandpieces.nl\/de\/wp-json\/wp\/v2\/product_tag?post=1897"}],"curies":[{"name":"wp","href":"https:\/\/api.w.org\/{rel}","templated":true}]}}