{"id":1905,"date":"2020-08-18T08:48:55","date_gmt":"2020-08-18T08:48:55","guid":{"rendered":"https:\/\/partsandpieces.bonsaidev.nl\/?product=raamgreep-sluit-links-messing-ant"},"modified":"2026-03-17T11:37:18","modified_gmt":"2026-03-17T10:37:18","slug":"fensterbaum-bronze-antik-mit-schwarzem-griff-und-anschlag-links","status":"publish","type":"product","link":"https:\/\/partsandpieces.nl\/de\/product\/raamboom-brons-antiek-met-zwart-heft-en-aanslag-links\/","title":{"rendered":"Fensterbaum Bronze Antik mit schwarzem Griff und Anschlag links"},"content":{"rendered":"<p><strong>Fensterbaum Bronze Antik mit schwarzem Griff und Anschlag links <\/strong>ist ein klassischer Fensterverschluss bzw. Fensterbaum. Der Fensterverschluss besteht aus Metall mit bronzefarbenem Antik-Finish. Dieser Fensterladen passt gut in ein klassisches Interieur. Dieses Modell ist f\u00fcr nach links \u00f6ffnende Fenster gedacht. Ich habe dieses Modell auch in einer rechtsh\u00e4ndigen Variante im Sortiment.<\/p>\n<p><strong>Ma\u00dfe<br \/>\n<\/strong>Fenstergriff Bronze Antik mit schwarzem Griff und Anschlag. Der linke hat einen Griff, der 110 mm lang ist. Das Schlie\u00dfblech ist 58x18mm gro\u00df und hat eine ovale Form. Die Lippe des Verschlusses steht etwa 15 mm hervor. Die Anschlagplatte ist 58x18mm gro\u00df und 26mm tief.<\/p>\n<p><strong>Bearbeiten<br \/>\n<\/strong>Sie montieren diesen Fensterverschluss mit 4 konischen Schrauben. Ich werde dies f\u00fcr Sie liefern.<\/p>","protected":false},"excerpt":{"rendered":"<p>Raamboom Brons Antiek met zwart heft en aanslag Links is een klassieke raamsluiting of raamboom. De raamsluiting is gemaakt van metaal met een bronzen antieke finish. Deze sluiter past goed in een klassiek interieur. Dit model is bedoeld voor naar links draaiende ramen. Ik heb dit model ook in een rechts draaiende variant in het [&hellip;]<\/p>\n","protected":false},"featured_media":8228,"template":"","meta":{"_acf_changed":false},"product_brand":[],"product_cat":[58,62],"product_tag":[],"class_list":{"0":"post-1905","1":"product","2":"type-product","3":"status-publish","4":"has-post-thumbnail","6":"product_cat-deurbeslag","7":"product_cat-raamgrepen-en-sluiters","9":"first","10":"instock","11":"taxable","12":"shipping-taxable","13":"purchasable","14":"product-type-simple"},"acf":[],"yoast_head":"<!-- This site is optimized with the Yoast SEO plugin v27.3 - https:\/\/yoast.com\/product\/yoast-seo-wordpress\/ -->\n<title>Raamboom Brons Antiek Links met zwart heft en aanslag<\/title>\n<meta name=\"description\" content=\"Raamboom Brons Antiek met zwart heft en aanslag Links is een klassieke raamsluiting of raamboom. Deze sluiter past goed in een klassiek interieur.\" \/>\n<meta name=\"robots\" content=\"index, follow, max-snippet:-1, max-image-preview:large, max-video-preview:-1\" \/>\n<link rel=\"canonical\" href=\"https:\/\/partsandpieces.nl\/de\/produkt\/fensterbaum-bronze-antik-mit-schwarzem-griff-und-anschlag-links\/\" \/>\n<meta property=\"og:locale\" content=\"de_DE\" \/>\n<meta property=\"og:type\" content=\"article\" \/>\n<meta property=\"og:title\" content=\"Raamboom Brons Antiek Links met zwart heft en aanslag\" \/>\n<meta property=\"og:description\" content=\"Raamboom Brons Antiek met zwart heft en aanslag Links is een klassieke raamsluiting of raamboom. Deze sluiter past goed in een klassiek interieur.\" \/>\n<meta property=\"og:url\" content=\"https:\/\/partsandpieces.nl\/de\/produkt\/fensterbaum-bronze-antik-mit-schwarzem-griff-und-anschlag-links\/\" \/>\n<meta property=\"og:site_name\" content=\"Parts &amp; Pieces\" \/>\n<meta property=\"article:modified_time\" content=\"2026-03-17T10:37:18+00:00\" \/>\n<meta property=\"og:image\" content=\"https:\/\/partsandpieces.nl\/wp-content\/uploads\/2020\/08\/Raamboom-Brons-Antiek-met-zwart-heft-en-aanslag-Links.jpg\" \/>\n\t<meta property=\"og:image:width\" content=\"409\" \/>\n\t<meta property=\"og:image:height\" content=\"409\" \/>\n\t<meta property=\"og:image:type\" content=\"image\/jpeg\" \/>\n<meta name=\"twitter:card\" content=\"summary_large_image\" \/>\n<meta name=\"twitter:label1\" content=\"Gesch\u00e4tzte Lesezeit\" \/>\n\t<meta name=\"twitter:data1\" content=\"1\u00a0Minute\" \/>\n<script type=\"application\/ld+json\" class=\"yoast-schema-graph\">{\"@context\":\"https:\\\/\\\/schema.org\",\"@graph\":[{\"@type\":\"WebPage\",\"@id\":\"https:\\\/\\\/partsandpieces.nl\\\/product\\\/raamboom-brons-antiek-met-zwart-heft-en-aanslag-links\\\/\",\"url\":\"https:\\\/\\\/partsandpieces.nl\\\/product\\\/raamboom-brons-antiek-met-zwart-heft-en-aanslag-links\\\/\",\"name\":\"Raamboom Brons Antiek Links met zwart heft en aanslag\",\"isPartOf\":{\"@id\":\"https:\\\/\\\/partsandpieces.nl\\\/#website\"},\"primaryImageOfPage\":{\"@id\":\"https:\\\/\\\/partsandpieces.nl\\\/product\\\/raamboom-brons-antiek-met-zwart-heft-en-aanslag-links\\\/#primaryimage\"},\"image\":{\"@id\":\"https:\\\/\\\/partsandpieces.nl\\\/product\\\/raamboom-brons-antiek-met-zwart-heft-en-aanslag-links\\\/#primaryimage\"},\"thumbnailUrl\":\"https:\\\/\\\/partsandpieces.nl\\\/wp-content\\\/uploads\\\/2020\\\/08\\\/Raamboom-Brons-Antiek-met-zwart-heft-en-aanslag-Links.jpg\",\"datePublished\":\"2020-08-18T08:48:55+00:00\",\"dateModified\":\"2026-03-17T10:37:18+00:00\",\"description\":\"Raamboom Brons Antiek met zwart heft en aanslag Links is een klassieke raamsluiting of raamboom. Deze sluiter past goed in een klassiek interieur.\",\"breadcrumb\":{\"@id\":\"https:\\\/\\\/partsandpieces.nl\\\/product\\\/raamboom-brons-antiek-met-zwart-heft-en-aanslag-links\\\/#breadcrumb\"},\"inLanguage\":\"de\",\"potentialAction\":[{\"@type\":\"ReadAction\",\"target\":[\"https:\\\/\\\/partsandpieces.nl\\\/product\\\/raamboom-brons-antiek-met-zwart-heft-en-aanslag-links\\\/\"]}]},{\"@type\":\"ImageObject\",\"inLanguage\":\"de\",\"@id\":\"https:\\\/\\\/partsandpieces.nl\\\/product\\\/raamboom-brons-antiek-met-zwart-heft-en-aanslag-links\\\/#primaryimage\",\"url\":\"https:\\\/\\\/partsandpieces.nl\\\/wp-content\\\/uploads\\\/2020\\\/08\\\/Raamboom-Brons-Antiek-met-zwart-heft-en-aanslag-Links.jpg\",\"contentUrl\":\"https:\\\/\\\/partsandpieces.nl\\\/wp-content\\\/uploads\\\/2020\\\/08\\\/Raamboom-Brons-Antiek-met-zwart-heft-en-aanslag-Links.jpg\",\"width\":409,\"height\":409,\"caption\":\"Raamboom Brons Antiek met zwart heft en aanslag Links\"},{\"@type\":\"BreadcrumbList\",\"@id\":\"https:\\\/\\\/partsandpieces.nl\\\/product\\\/raamboom-brons-antiek-met-zwart-heft-en-aanslag-links\\\/#breadcrumb\",\"itemListElement\":[{\"@type\":\"ListItem\",\"position\":1,\"name\":\"Home\",\"item\":\"https:\\\/\\\/partsandpieces.nl\\\/home\\\/\"},{\"@type\":\"ListItem\",\"position\":2,\"name\":\"Winkel\",\"item\":\"https:\\\/\\\/partsandpieces.nl\\\/winkel\\\/\"},{\"@type\":\"ListItem\",\"position\":3,\"name\":\"Raamboom Brons Antiek met zwart heft en aanslag Links\"}]},{\"@type\":\"WebSite\",\"@id\":\"https:\\\/\\\/partsandpieces.nl\\\/#website\",\"url\":\"https:\\\/\\\/partsandpieces.nl\\\/\",\"name\":\"Parts &amp; Pieces\",\"description\":\"Alles voor uw meubelrestauratie en -onderhoud!\",\"potentialAction\":[{\"@type\":\"SearchAction\",\"target\":{\"@type\":\"EntryPoint\",\"urlTemplate\":\"https:\\\/\\\/partsandpieces.nl\\\/?s={search_term_string}\"},\"query-input\":{\"@type\":\"PropertyValueSpecification\",\"valueRequired\":true,\"valueName\":\"search_term_string\"}}],\"inLanguage\":\"de\"}]}<\/script>\n<!-- \/ Yoast SEO plugin. -->","yoast_head_json":{"title":"Fensterbaum Bronze Antik Links mit schwarzem Griff und Anschlag","description":"Fensterbaum Bronze Antik mit schwarzem Griff und Anschlag. Links ist ein klassischer Fensterverschluss bzw. Fensterbaum. Dieser Fensterladen passt gut in ein klassisches Interieur.","robots":{"index":"index","follow":"follow","max-snippet":"max-snippet:-1","max-image-preview":"max-image-preview:large","max-video-preview":"max-video-preview:-1"},"canonical":"https:\/\/partsandpieces.nl\/de\/produkt\/fensterbaum-bronze-antik-mit-schwarzem-griff-und-anschlag-links\/","og_locale":"de_DE","og_type":"article","og_title":"Raamboom Brons Antiek Links met zwart heft en aanslag","og_description":"Raamboom Brons Antiek met zwart heft en aanslag Links is een klassieke raamsluiting of raamboom. Deze sluiter past goed in een klassiek interieur.","og_url":"https:\/\/partsandpieces.nl\/de\/produkt\/fensterbaum-bronze-antik-mit-schwarzem-griff-und-anschlag-links\/","og_site_name":"Parts &amp; Pieces","article_modified_time":"2026-03-17T10:37:18+00:00","og_image":[{"width":409,"height":409,"url":"https:\/\/partsandpieces.nl\/wp-content\/uploads\/2020\/08\/Raamboom-Brons-Antiek-met-zwart-heft-en-aanslag-Links.jpg","type":"image\/jpeg"}],"twitter_card":"summary_large_image","twitter_misc":{"Gesch\u00e4tzte Lesezeit":"1\u00a0Minute"},"schema":{"@context":"https:\/\/schema.org","@graph":[{"@type":"WebPage","@id":"https:\/\/partsandpieces.nl\/product\/raamboom-brons-antiek-met-zwart-heft-en-aanslag-links\/","url":"https:\/\/partsandpieces.nl\/product\/raamboom-brons-antiek-met-zwart-heft-en-aanslag-links\/","name":"Fensterbaum Bronze Antik Links mit schwarzem Griff und Anschlag","isPartOf":{"@id":"https:\/\/partsandpieces.nl\/#website"},"primaryImageOfPage":{"@id":"https:\/\/partsandpieces.nl\/product\/raamboom-brons-antiek-met-zwart-heft-en-aanslag-links\/#primaryimage"},"image":{"@id":"https:\/\/partsandpieces.nl\/product\/raamboom-brons-antiek-met-zwart-heft-en-aanslag-links\/#primaryimage"},"thumbnailUrl":"https:\/\/partsandpieces.nl\/wp-content\/uploads\/2020\/08\/Raamboom-Brons-Antiek-met-zwart-heft-en-aanslag-Links.jpg","datePublished":"2020-08-18T08:48:55+00:00","dateModified":"2026-03-17T10:37:18+00:00","description":"Fensterbaum Bronze Antik mit schwarzem Griff und Anschlag. Links ist ein klassischer Fensterverschluss bzw. Fensterbaum. Dieser Fensterladen passt gut in ein klassisches Interieur.","breadcrumb":{"@id":"https:\/\/partsandpieces.nl\/product\/raamboom-brons-antiek-met-zwart-heft-en-aanslag-links\/#breadcrumb"},"inLanguage":"de","potentialAction":[{"@type":"ReadAction","target":["https:\/\/partsandpieces.nl\/product\/raamboom-brons-antiek-met-zwart-heft-en-aanslag-links\/"]}]},{"@type":"ImageObject","inLanguage":"de","@id":"https:\/\/partsandpieces.nl\/product\/raamboom-brons-antiek-met-zwart-heft-en-aanslag-links\/#primaryimage","url":"https:\/\/partsandpieces.nl\/wp-content\/uploads\/2020\/08\/Raamboom-Brons-Antiek-met-zwart-heft-en-aanslag-Links.jpg","contentUrl":"https:\/\/partsandpieces.nl\/wp-content\/uploads\/2020\/08\/Raamboom-Brons-Antiek-met-zwart-heft-en-aanslag-Links.jpg","width":409,"height":409,"caption":"Raamboom Brons Antiek met zwart heft en aanslag Links"},{"@type":"BreadcrumbList","@id":"https:\/\/partsandpieces.nl\/product\/raamboom-brons-antiek-met-zwart-heft-en-aanslag-links\/#breadcrumb","itemListElement":[{"@type":"ListItem","position":1,"name":"Home","item":"https:\/\/partsandpieces.nl\/home\/"},{"@type":"ListItem","position":2,"name":"Winkel","item":"https:\/\/partsandpieces.nl\/winkel\/"},{"@type":"ListItem","position":3,"name":"Raamboom Brons Antiek met zwart heft en aanslag Links"}]},{"@type":"WebSite","@id":"https:\/\/partsandpieces.nl\/#website","url":"https:\/\/partsandpieces.nl\/","name":"Teile &amp; St\u00fccke","description":"Alles f\u00fcr Ihre M\u00f6belrestaurierung und -pflege!","potentialAction":[{"@type":"SearchAction","target":{"@type":"EntryPoint","urlTemplate":"https:\/\/partsandpieces.nl\/?s={search_term_string}"},"query-input":{"@type":"PropertyValueSpecification","valueRequired":true,"valueName":"search_term_string"}}],"inLanguage":"de"}]}},"_links":{"self":[{"href":"https:\/\/partsandpieces.nl\/de\/wp-json\/wp\/v2\/product\/1905","targetHints":{"allow":["GET"]}}],"collection":[{"href":"https:\/\/partsandpieces.nl\/de\/wp-json\/wp\/v2\/product"}],"about":[{"href":"https:\/\/partsandpieces.nl\/de\/wp-json\/wp\/v2\/types\/product"}],"wp:featuredmedia":[{"embeddable":true,"href":"https:\/\/partsandpieces.nl\/de\/wp-json\/wp\/v2\/media\/8228"}],"wp:attachment":[{"href":"https:\/\/partsandpieces.nl\/de\/wp-json\/wp\/v2\/media?parent=1905"}],"wp:term":[{"taxonomy":"product_brand","embeddable":true,"href":"https:\/\/partsandpieces.nl\/de\/wp-json\/wp\/v2\/product_brand?post=1905"},{"taxonomy":"product_cat","embeddable":true,"href":"https:\/\/partsandpieces.nl\/de\/wp-json\/wp\/v2\/product_cat?post=1905"},{"taxonomy":"product_tag","embeddable":true,"href":"https:\/\/partsandpieces.nl\/de\/wp-json\/wp\/v2\/product_tag?post=1905"}],"curies":[{"name":"wp","href":"https:\/\/api.w.org\/{rel}","templated":true}]}}