{"id":1906,"date":"2020-08-18T08:56:19","date_gmt":"2020-08-18T08:56:19","guid":{"rendered":"https:\/\/partsandpieces.bonsaidev.nl\/?product=raamgreep-sluit-rechts-messing-ant"},"modified":"2025-11-20T17:14:08","modified_gmt":"2025-11-20T16:14:08","slug":"fensterbaum-bronze-antik-mit-schwarzem-griff-und-anschlag-rechts","status":"publish","type":"product","link":"https:\/\/partsandpieces.nl\/de\/product\/raamboom-brons-antiek-met-zwart-heft-en-aanslag-rechts\/","title":{"rendered":"Fensterbaum Bronze Antik mit schwarzem Griff und Anschlag rechts"},"content":{"rendered":"<p><strong>Fensterbaum Bronze Antik mit schwarzem Griff und Anschlag rechts <\/strong>ist ein klassischer Fensterverschluss bzw. Fensterbaum. Der Fensterverschluss besteht aus Metall mit bronzefarbenem Antik-Finish. Dieser Fensterladen passt gut in ein klassisches Interieur. Dieses Modell ist f\u00fcr Fenster gedacht, die nach rechts \u00f6ffnen. Ich habe dieses Modell auch in einer Linksh\u00e4nder-Variante im Sortiment.<\/p>\n<p><strong>Ma\u00dfe<br \/>\n<\/strong>Fenstergriff Bronze Antik mit schwarzem Griff und Anschlag. Der rechte hat einen Griff, der 110 mm lang ist. Das Schlie\u00dfblech ist 58x18mm gro\u00df und hat eine ovale Form. Die Lippe des Verschlusses steht etwa 15 mm hervor. Die Anschlagplatte ist 58x18mm gro\u00df und 26mm tief.<\/p>\n<p><strong>Bearbeiten<br \/>\n<\/strong>Sie montieren diesen Fensterverschluss mit 4 konischen Schrauben. Ich werde dies f\u00fcr Sie liefern.<\/p>","protected":false},"excerpt":{"rendered":"<p>Raamboom Brons Antiek met zwart heft en aanslag Rechts is een klassieke raamsluiting of raamboom. De raamsluiting is gemaakt van metaal met een bronzen antieke finish. Deze sluiter past goed in een klassiek interieur. Dit model is bedoeld voor naar rechts draaiende ramen. Ik heb dit model ook in een links draaiende variant in het [&hellip;]<\/p>\n","protected":false},"featured_media":8227,"template":"","meta":{"_acf_changed":false},"product_brand":[],"product_cat":[58,62],"product_tag":[],"class_list":{"0":"post-1906","1":"product","2":"type-product","3":"status-publish","4":"has-post-thumbnail","6":"product_cat-deurbeslag","7":"product_cat-raamgrepen-en-sluiters","9":"first","10":"instock","11":"taxable","12":"shipping-taxable","13":"purchasable","14":"product-type-simple"},"acf":[],"yoast_head":"<!-- This site is optimized with the Yoast SEO plugin v27.3 - https:\/\/yoast.com\/product\/yoast-seo-wordpress\/ -->\n<title>Raamboom Brons Antiek Rechts met zwart heft en aanslag<\/title>\n<meta name=\"description\" content=\"Raamboom Brons Antiek met zwart heft en aanslag Rechts is een klassieke raamsluiting of raamboom. Deze sluiter past goed in een klassiek interieur.\" \/>\n<meta name=\"robots\" content=\"index, follow, max-snippet:-1, max-image-preview:large, max-video-preview:-1\" \/>\n<link rel=\"canonical\" href=\"https:\/\/partsandpieces.nl\/de\/produkt\/fensterbaum-bronze-antik-mit-schwarzem-griff-und-anschlag-rechts\/\" \/>\n<meta property=\"og:locale\" content=\"de_DE\" \/>\n<meta property=\"og:type\" content=\"article\" \/>\n<meta property=\"og:title\" content=\"Raamboom Brons Antiek Rechts met zwart heft en aanslag\" \/>\n<meta property=\"og:description\" content=\"Raamboom Brons Antiek met zwart heft en aanslag Rechts is een klassieke raamsluiting of raamboom. Deze sluiter past goed in een klassiek interieur.\" \/>\n<meta property=\"og:url\" content=\"https:\/\/partsandpieces.nl\/de\/produkt\/fensterbaum-bronze-antik-mit-schwarzem-griff-und-anschlag-rechts\/\" \/>\n<meta property=\"og:site_name\" content=\"Parts &amp; Pieces\" \/>\n<meta property=\"article:modified_time\" content=\"2025-11-20T16:14:08+00:00\" \/>\n<meta property=\"og:image\" content=\"https:\/\/partsandpieces.nl\/wp-content\/uploads\/2020\/08\/Raamboom-Brons-Antiek-met-zwart-heft-en-aanslag-Rechts.jpg\" \/>\n\t<meta property=\"og:image:width\" content=\"432\" \/>\n\t<meta property=\"og:image:height\" content=\"433\" \/>\n\t<meta property=\"og:image:type\" content=\"image\/jpeg\" \/>\n<meta name=\"twitter:card\" content=\"summary_large_image\" \/>\n<meta name=\"twitter:label1\" content=\"Gesch\u00e4tzte Lesezeit\" \/>\n\t<meta name=\"twitter:data1\" content=\"1\u00a0Minute\" \/>\n<script type=\"application\/ld+json\" class=\"yoast-schema-graph\">{\"@context\":\"https:\\\/\\\/schema.org\",\"@graph\":[{\"@type\":\"WebPage\",\"@id\":\"https:\\\/\\\/partsandpieces.nl\\\/product\\\/raamboom-brons-antiek-met-zwart-heft-en-aanslag-rechts\\\/\",\"url\":\"https:\\\/\\\/partsandpieces.nl\\\/product\\\/raamboom-brons-antiek-met-zwart-heft-en-aanslag-rechts\\\/\",\"name\":\"Raamboom Brons Antiek Rechts met zwart heft en aanslag\",\"isPartOf\":{\"@id\":\"https:\\\/\\\/partsandpieces.nl\\\/#website\"},\"primaryImageOfPage\":{\"@id\":\"https:\\\/\\\/partsandpieces.nl\\\/product\\\/raamboom-brons-antiek-met-zwart-heft-en-aanslag-rechts\\\/#primaryimage\"},\"image\":{\"@id\":\"https:\\\/\\\/partsandpieces.nl\\\/product\\\/raamboom-brons-antiek-met-zwart-heft-en-aanslag-rechts\\\/#primaryimage\"},\"thumbnailUrl\":\"https:\\\/\\\/partsandpieces.nl\\\/wp-content\\\/uploads\\\/2020\\\/08\\\/Raamboom-Brons-Antiek-met-zwart-heft-en-aanslag-Rechts.jpg\",\"datePublished\":\"2020-08-18T08:56:19+00:00\",\"dateModified\":\"2025-11-20T16:14:08+00:00\",\"description\":\"Raamboom Brons Antiek met zwart heft en aanslag Rechts is een klassieke raamsluiting of raamboom. Deze sluiter past goed in een klassiek interieur.\",\"breadcrumb\":{\"@id\":\"https:\\\/\\\/partsandpieces.nl\\\/product\\\/raamboom-brons-antiek-met-zwart-heft-en-aanslag-rechts\\\/#breadcrumb\"},\"inLanguage\":\"de\",\"potentialAction\":[{\"@type\":\"ReadAction\",\"target\":[\"https:\\\/\\\/partsandpieces.nl\\\/product\\\/raamboom-brons-antiek-met-zwart-heft-en-aanslag-rechts\\\/\"]}]},{\"@type\":\"ImageObject\",\"inLanguage\":\"de\",\"@id\":\"https:\\\/\\\/partsandpieces.nl\\\/product\\\/raamboom-brons-antiek-met-zwart-heft-en-aanslag-rechts\\\/#primaryimage\",\"url\":\"https:\\\/\\\/partsandpieces.nl\\\/wp-content\\\/uploads\\\/2020\\\/08\\\/Raamboom-Brons-Antiek-met-zwart-heft-en-aanslag-Rechts.jpg\",\"contentUrl\":\"https:\\\/\\\/partsandpieces.nl\\\/wp-content\\\/uploads\\\/2020\\\/08\\\/Raamboom-Brons-Antiek-met-zwart-heft-en-aanslag-Rechts.jpg\",\"width\":432,\"height\":433,\"caption\":\"Raamboom Brons Antiek met zwart heft en aanslag Rechts\"},{\"@type\":\"BreadcrumbList\",\"@id\":\"https:\\\/\\\/partsandpieces.nl\\\/product\\\/raamboom-brons-antiek-met-zwart-heft-en-aanslag-rechts\\\/#breadcrumb\",\"itemListElement\":[{\"@type\":\"ListItem\",\"position\":1,\"name\":\"Home\",\"item\":\"https:\\\/\\\/partsandpieces.nl\\\/home\\\/\"},{\"@type\":\"ListItem\",\"position\":2,\"name\":\"Winkel\",\"item\":\"https:\\\/\\\/partsandpieces.nl\\\/winkel\\\/\"},{\"@type\":\"ListItem\",\"position\":3,\"name\":\"Raamboom Brons Antiek met zwart heft en aanslag Rechts\"}]},{\"@type\":\"WebSite\",\"@id\":\"https:\\\/\\\/partsandpieces.nl\\\/#website\",\"url\":\"https:\\\/\\\/partsandpieces.nl\\\/\",\"name\":\"Parts &amp; Pieces\",\"description\":\"Alles voor uw meubelrestauratie en -onderhoud!\",\"potentialAction\":[{\"@type\":\"SearchAction\",\"target\":{\"@type\":\"EntryPoint\",\"urlTemplate\":\"https:\\\/\\\/partsandpieces.nl\\\/?s={search_term_string}\"},\"query-input\":{\"@type\":\"PropertyValueSpecification\",\"valueRequired\":true,\"valueName\":\"search_term_string\"}}],\"inLanguage\":\"de\"}]}<\/script>\n<!-- \/ Yoast SEO plugin. -->","yoast_head_json":{"title":"Fensterbaum Bronze Antik Rechts mit schwarzem Griff und Anschlag","description":"Fensterbaum Bronze Antik mit schwarzem Griff und Anschlag. Rechts ist ein klassischer Fensterverschluss bzw. Fensterbaum. Dieser Fensterladen passt gut in ein klassisches Interieur.","robots":{"index":"index","follow":"follow","max-snippet":"max-snippet:-1","max-image-preview":"max-image-preview:large","max-video-preview":"max-video-preview:-1"},"canonical":"https:\/\/partsandpieces.nl\/de\/produkt\/fensterbaum-bronze-antik-mit-schwarzem-griff-und-anschlag-rechts\/","og_locale":"de_DE","og_type":"article","og_title":"Raamboom Brons Antiek Rechts met zwart heft en aanslag","og_description":"Raamboom Brons Antiek met zwart heft en aanslag Rechts is een klassieke raamsluiting of raamboom. Deze sluiter past goed in een klassiek interieur.","og_url":"https:\/\/partsandpieces.nl\/de\/produkt\/fensterbaum-bronze-antik-mit-schwarzem-griff-und-anschlag-rechts\/","og_site_name":"Parts &amp; Pieces","article_modified_time":"2025-11-20T16:14:08+00:00","og_image":[{"width":432,"height":433,"url":"https:\/\/partsandpieces.nl\/wp-content\/uploads\/2020\/08\/Raamboom-Brons-Antiek-met-zwart-heft-en-aanslag-Rechts.jpg","type":"image\/jpeg"}],"twitter_card":"summary_large_image","twitter_misc":{"Gesch\u00e4tzte Lesezeit":"1\u00a0Minute"},"schema":{"@context":"https:\/\/schema.org","@graph":[{"@type":"WebPage","@id":"https:\/\/partsandpieces.nl\/product\/raamboom-brons-antiek-met-zwart-heft-en-aanslag-rechts\/","url":"https:\/\/partsandpieces.nl\/product\/raamboom-brons-antiek-met-zwart-heft-en-aanslag-rechts\/","name":"Fensterbaum Bronze Antik Rechts mit schwarzem Griff und Anschlag","isPartOf":{"@id":"https:\/\/partsandpieces.nl\/#website"},"primaryImageOfPage":{"@id":"https:\/\/partsandpieces.nl\/product\/raamboom-brons-antiek-met-zwart-heft-en-aanslag-rechts\/#primaryimage"},"image":{"@id":"https:\/\/partsandpieces.nl\/product\/raamboom-brons-antiek-met-zwart-heft-en-aanslag-rechts\/#primaryimage"},"thumbnailUrl":"https:\/\/partsandpieces.nl\/wp-content\/uploads\/2020\/08\/Raamboom-Brons-Antiek-met-zwart-heft-en-aanslag-Rechts.jpg","datePublished":"2020-08-18T08:56:19+00:00","dateModified":"2025-11-20T16:14:08+00:00","description":"Fensterbaum Bronze Antik mit schwarzem Griff und Anschlag. Rechts ist ein klassischer Fensterverschluss bzw. Fensterbaum. Dieser Fensterladen passt gut in ein klassisches Interieur.","breadcrumb":{"@id":"https:\/\/partsandpieces.nl\/product\/raamboom-brons-antiek-met-zwart-heft-en-aanslag-rechts\/#breadcrumb"},"inLanguage":"de","potentialAction":[{"@type":"ReadAction","target":["https:\/\/partsandpieces.nl\/product\/raamboom-brons-antiek-met-zwart-heft-en-aanslag-rechts\/"]}]},{"@type":"ImageObject","inLanguage":"de","@id":"https:\/\/partsandpieces.nl\/product\/raamboom-brons-antiek-met-zwart-heft-en-aanslag-rechts\/#primaryimage","url":"https:\/\/partsandpieces.nl\/wp-content\/uploads\/2020\/08\/Raamboom-Brons-Antiek-met-zwart-heft-en-aanslag-Rechts.jpg","contentUrl":"https:\/\/partsandpieces.nl\/wp-content\/uploads\/2020\/08\/Raamboom-Brons-Antiek-met-zwart-heft-en-aanslag-Rechts.jpg","width":432,"height":433,"caption":"Raamboom Brons Antiek met zwart heft en aanslag Rechts"},{"@type":"BreadcrumbList","@id":"https:\/\/partsandpieces.nl\/product\/raamboom-brons-antiek-met-zwart-heft-en-aanslag-rechts\/#breadcrumb","itemListElement":[{"@type":"ListItem","position":1,"name":"Home","item":"https:\/\/partsandpieces.nl\/home\/"},{"@type":"ListItem","position":2,"name":"Winkel","item":"https:\/\/partsandpieces.nl\/winkel\/"},{"@type":"ListItem","position":3,"name":"Raamboom Brons Antiek met zwart heft en aanslag Rechts"}]},{"@type":"WebSite","@id":"https:\/\/partsandpieces.nl\/#website","url":"https:\/\/partsandpieces.nl\/","name":"Teile &amp; St\u00fccke","description":"Alles f\u00fcr Ihre M\u00f6belrestaurierung und -pflege!","potentialAction":[{"@type":"SearchAction","target":{"@type":"EntryPoint","urlTemplate":"https:\/\/partsandpieces.nl\/?s={search_term_string}"},"query-input":{"@type":"PropertyValueSpecification","valueRequired":true,"valueName":"search_term_string"}}],"inLanguage":"de"}]}},"_links":{"self":[{"href":"https:\/\/partsandpieces.nl\/de\/wp-json\/wp\/v2\/product\/1906","targetHints":{"allow":["GET"]}}],"collection":[{"href":"https:\/\/partsandpieces.nl\/de\/wp-json\/wp\/v2\/product"}],"about":[{"href":"https:\/\/partsandpieces.nl\/de\/wp-json\/wp\/v2\/types\/product"}],"wp:featuredmedia":[{"embeddable":true,"href":"https:\/\/partsandpieces.nl\/de\/wp-json\/wp\/v2\/media\/8227"}],"wp:attachment":[{"href":"https:\/\/partsandpieces.nl\/de\/wp-json\/wp\/v2\/media?parent=1906"}],"wp:term":[{"taxonomy":"product_brand","embeddable":true,"href":"https:\/\/partsandpieces.nl\/de\/wp-json\/wp\/v2\/product_brand?post=1906"},{"taxonomy":"product_cat","embeddable":true,"href":"https:\/\/partsandpieces.nl\/de\/wp-json\/wp\/v2\/product_cat?post=1906"},{"taxonomy":"product_tag","embeddable":true,"href":"https:\/\/partsandpieces.nl\/de\/wp-json\/wp\/v2\/product_tag?post=1906"}],"curies":[{"name":"wp","href":"https:\/\/api.w.org\/{rel}","templated":true}]}}