{"id":1912,"date":"2020-08-18T09:11:46","date_gmt":"2020-08-18T09:11:46","guid":{"rendered":"https:\/\/partsandpieces.bonsaidev.nl\/?product=draai-kiep-greep-klink-messing-ant"},"modified":"2026-03-31T15:30:25","modified_gmt":"2026-03-31T13:30:25","slug":"fenstergriff-bronze-antik-mit-schwarzem-griff","status":"publish","type":"product","link":"https:\/\/partsandpieces.nl\/de\/product\/raamkruk-brons-antiek-met-zwart-heft\/","title":{"rendered":"Fenstergriff Bronze antik mit schwarzem Griff"},"content":{"rendered":"<p><strong>Fenstergriff Bronze antik mit schwarzem Griff <\/strong>ist ein klassischer Fenstergriff f\u00fcr Dreh-Kipp-Fenster. Der Fenstergriff besteht aus Metall mit einem bronzefarbenen Antik-Finish. Das passt gut in ein klassisches Interieur.<\/p>\n<p><strong>Ma\u00dfe<br \/>\n<\/strong>Der Fenstergriff aus Bronze antik mit schwarzem Griff hat einen 125 mm langen Hebel. Das Schlie\u00dfblech ist 65 x 30 mm gro\u00df und hat eine ovale Form. Ich liefere einen passenden Marker (7x7mm) mit.<\/p>\n<p><strong>Bearbeiten<br \/>\n<\/strong>Sie montieren diesen Fensterverschluss mit 2 konischen Schrauben. Ich werde dies f\u00fcr Sie liefern.<\/p>","protected":false},"excerpt":{"rendered":"<p>Raamkruk Brons antiek met zwart heft is een klassieke raamkruk voor draai- en kiepramen. De raamkruk is gemaakt van metaal met een bronzen antieke finish. Deze past goed in een klassiek interieur. Afmetingen Raamkruk Brons antiek met zwart heft heeft een hendel die 125mm lang is. De sluitplaat is 65x30mm groot en heeft een ovale [&hellip;]<\/p>\n","protected":false},"featured_media":8240,"template":"","meta":{"_acf_changed":false},"product_brand":[],"product_cat":[58,62],"product_tag":[],"class_list":{"0":"post-1912","1":"product","2":"type-product","3":"status-publish","4":"has-post-thumbnail","6":"product_cat-deurbeslag","7":"product_cat-raamgrepen-en-sluiters","9":"first","10":"instock","11":"taxable","12":"shipping-taxable","13":"purchasable","14":"product-type-simple"},"acf":[],"yoast_head":"<!-- This site is optimized with the Yoast SEO plugin v27.3 - https:\/\/yoast.com\/product\/yoast-seo-wordpress\/ -->\n<title>Raamkruk Brons met zwart heft antiek<\/title>\n<meta name=\"description\" content=\"Raamkruk Brons antiek met zwart heft is een klassieke raamkruk voor draai- en kiepramen. Deze past goed in een klassiek interieur.\" \/>\n<meta name=\"robots\" content=\"index, follow, max-snippet:-1, max-image-preview:large, max-video-preview:-1\" \/>\n<link rel=\"canonical\" href=\"https:\/\/partsandpieces.nl\/de\/produkt\/fenstergriff-bronze-antik-mit-schwarzem-griff\/\" \/>\n<meta property=\"og:locale\" content=\"de_DE\" \/>\n<meta property=\"og:type\" content=\"article\" \/>\n<meta property=\"og:title\" content=\"Raamkruk Brons met zwart heft antiek\" \/>\n<meta property=\"og:description\" content=\"Raamkruk Brons antiek met zwart heft is een klassieke raamkruk voor draai- en kiepramen. Deze past goed in een klassiek interieur.\" \/>\n<meta property=\"og:url\" content=\"https:\/\/partsandpieces.nl\/de\/produkt\/fenstergriff-bronze-antik-mit-schwarzem-griff\/\" \/>\n<meta property=\"og:site_name\" content=\"Parts &amp; Pieces\" \/>\n<meta property=\"article:modified_time\" content=\"2026-03-31T13:30:25+00:00\" \/>\n<meta property=\"og:image\" content=\"https:\/\/partsandpieces.nl\/wp-content\/uploads\/2020\/08\/Raamkruk-Brons-antiek-met-zwart-heft-1-rotated.jpg\" \/>\n\t<meta property=\"og:image:width\" content=\"468\" \/>\n\t<meta property=\"og:image:height\" content=\"467\" \/>\n\t<meta property=\"og:image:type\" content=\"image\/jpeg\" \/>\n<meta name=\"twitter:card\" content=\"summary_large_image\" \/>\n<meta name=\"twitter:label1\" content=\"Gesch\u00e4tzte Lesezeit\" \/>\n\t<meta name=\"twitter:data1\" content=\"1\u00a0Minute\" \/>\n<script type=\"application\/ld+json\" class=\"yoast-schema-graph\">{\"@context\":\"https:\\\/\\\/schema.org\",\"@graph\":[{\"@type\":\"WebPage\",\"@id\":\"https:\\\/\\\/partsandpieces.nl\\\/product\\\/raamkruk-brons-antiek-met-zwart-heft\\\/\",\"url\":\"https:\\\/\\\/partsandpieces.nl\\\/product\\\/raamkruk-brons-antiek-met-zwart-heft\\\/\",\"name\":\"Raamkruk Brons met zwart heft antiek\",\"isPartOf\":{\"@id\":\"https:\\\/\\\/partsandpieces.nl\\\/#website\"},\"primaryImageOfPage\":{\"@id\":\"https:\\\/\\\/partsandpieces.nl\\\/product\\\/raamkruk-brons-antiek-met-zwart-heft\\\/#primaryimage\"},\"image\":{\"@id\":\"https:\\\/\\\/partsandpieces.nl\\\/product\\\/raamkruk-brons-antiek-met-zwart-heft\\\/#primaryimage\"},\"thumbnailUrl\":\"https:\\\/\\\/partsandpieces.nl\\\/wp-content\\\/uploads\\\/2020\\\/08\\\/Raamkruk-Brons-antiek-met-zwart-heft-1-rotated.jpg\",\"datePublished\":\"2020-08-18T09:11:46+00:00\",\"dateModified\":\"2026-03-31T13:30:25+00:00\",\"description\":\"Raamkruk Brons antiek met zwart heft is een klassieke raamkruk voor draai- en kiepramen. Deze past goed in een klassiek interieur.\",\"breadcrumb\":{\"@id\":\"https:\\\/\\\/partsandpieces.nl\\\/product\\\/raamkruk-brons-antiek-met-zwart-heft\\\/#breadcrumb\"},\"inLanguage\":\"de\",\"potentialAction\":[{\"@type\":\"ReadAction\",\"target\":[\"https:\\\/\\\/partsandpieces.nl\\\/product\\\/raamkruk-brons-antiek-met-zwart-heft\\\/\"]}]},{\"@type\":\"ImageObject\",\"inLanguage\":\"de\",\"@id\":\"https:\\\/\\\/partsandpieces.nl\\\/product\\\/raamkruk-brons-antiek-met-zwart-heft\\\/#primaryimage\",\"url\":\"https:\\\/\\\/partsandpieces.nl\\\/wp-content\\\/uploads\\\/2020\\\/08\\\/Raamkruk-Brons-antiek-met-zwart-heft-1-rotated.jpg\",\"contentUrl\":\"https:\\\/\\\/partsandpieces.nl\\\/wp-content\\\/uploads\\\/2020\\\/08\\\/Raamkruk-Brons-antiek-met-zwart-heft-1-rotated.jpg\",\"width\":468,\"height\":467,\"caption\":\"Raamkruk Brons antiek met zwart heft\"},{\"@type\":\"BreadcrumbList\",\"@id\":\"https:\\\/\\\/partsandpieces.nl\\\/product\\\/raamkruk-brons-antiek-met-zwart-heft\\\/#breadcrumb\",\"itemListElement\":[{\"@type\":\"ListItem\",\"position\":1,\"name\":\"Home\",\"item\":\"https:\\\/\\\/partsandpieces.nl\\\/home\\\/\"},{\"@type\":\"ListItem\",\"position\":2,\"name\":\"Winkel\",\"item\":\"https:\\\/\\\/partsandpieces.nl\\\/winkel\\\/\"},{\"@type\":\"ListItem\",\"position\":3,\"name\":\"Raamkruk Brons antiek met zwart heft\"}]},{\"@type\":\"WebSite\",\"@id\":\"https:\\\/\\\/partsandpieces.nl\\\/#website\",\"url\":\"https:\\\/\\\/partsandpieces.nl\\\/\",\"name\":\"Parts &amp; Pieces\",\"description\":\"Alles voor uw meubelrestauratie en -onderhoud!\",\"potentialAction\":[{\"@type\":\"SearchAction\",\"target\":{\"@type\":\"EntryPoint\",\"urlTemplate\":\"https:\\\/\\\/partsandpieces.nl\\\/?s={search_term_string}\"},\"query-input\":{\"@type\":\"PropertyValueSpecification\",\"valueRequired\":true,\"valueName\":\"search_term_string\"}}],\"inLanguage\":\"de\"}]}<\/script>\n<!-- \/ Yoast SEO plugin. -->","yoast_head_json":{"title":"Fenstergriff Bronze mit schwarzem Griff antik","description":"Fenstergriff Bronze antik mit schwarzem Griff ist ein klassischer Fenstergriff f\u00fcr Dreh-Kipp-Fenster. Das passt gut in ein klassisches Interieur.","robots":{"index":"index","follow":"follow","max-snippet":"max-snippet:-1","max-image-preview":"max-image-preview:large","max-video-preview":"max-video-preview:-1"},"canonical":"https:\/\/partsandpieces.nl\/de\/produkt\/fenstergriff-bronze-antik-mit-schwarzem-griff\/","og_locale":"de_DE","og_type":"article","og_title":"Raamkruk Brons met zwart heft antiek","og_description":"Raamkruk Brons antiek met zwart heft is een klassieke raamkruk voor draai- en kiepramen. Deze past goed in een klassiek interieur.","og_url":"https:\/\/partsandpieces.nl\/de\/produkt\/fenstergriff-bronze-antik-mit-schwarzem-griff\/","og_site_name":"Parts &amp; Pieces","article_modified_time":"2026-03-31T13:30:25+00:00","og_image":[{"width":468,"height":467,"url":"https:\/\/partsandpieces.nl\/wp-content\/uploads\/2020\/08\/Raamkruk-Brons-antiek-met-zwart-heft-1-rotated.jpg","type":"image\/jpeg"}],"twitter_card":"summary_large_image","twitter_misc":{"Gesch\u00e4tzte Lesezeit":"1\u00a0Minute"},"schema":{"@context":"https:\/\/schema.org","@graph":[{"@type":"WebPage","@id":"https:\/\/partsandpieces.nl\/product\/raamkruk-brons-antiek-met-zwart-heft\/","url":"https:\/\/partsandpieces.nl\/product\/raamkruk-brons-antiek-met-zwart-heft\/","name":"Fenstergriff Bronze mit schwarzem Griff antik","isPartOf":{"@id":"https:\/\/partsandpieces.nl\/#website"},"primaryImageOfPage":{"@id":"https:\/\/partsandpieces.nl\/product\/raamkruk-brons-antiek-met-zwart-heft\/#primaryimage"},"image":{"@id":"https:\/\/partsandpieces.nl\/product\/raamkruk-brons-antiek-met-zwart-heft\/#primaryimage"},"thumbnailUrl":"https:\/\/partsandpieces.nl\/wp-content\/uploads\/2020\/08\/Raamkruk-Brons-antiek-met-zwart-heft-1-rotated.jpg","datePublished":"2020-08-18T09:11:46+00:00","dateModified":"2026-03-31T13:30:25+00:00","description":"Fenstergriff Bronze antik mit schwarzem Griff ist ein klassischer Fenstergriff f\u00fcr Dreh-Kipp-Fenster. Das passt gut in ein klassisches Interieur.","breadcrumb":{"@id":"https:\/\/partsandpieces.nl\/product\/raamkruk-brons-antiek-met-zwart-heft\/#breadcrumb"},"inLanguage":"de","potentialAction":[{"@type":"ReadAction","target":["https:\/\/partsandpieces.nl\/product\/raamkruk-brons-antiek-met-zwart-heft\/"]}]},{"@type":"ImageObject","inLanguage":"de","@id":"https:\/\/partsandpieces.nl\/product\/raamkruk-brons-antiek-met-zwart-heft\/#primaryimage","url":"https:\/\/partsandpieces.nl\/wp-content\/uploads\/2020\/08\/Raamkruk-Brons-antiek-met-zwart-heft-1-rotated.jpg","contentUrl":"https:\/\/partsandpieces.nl\/wp-content\/uploads\/2020\/08\/Raamkruk-Brons-antiek-met-zwart-heft-1-rotated.jpg","width":468,"height":467,"caption":"Raamkruk Brons antiek met zwart heft"},{"@type":"BreadcrumbList","@id":"https:\/\/partsandpieces.nl\/product\/raamkruk-brons-antiek-met-zwart-heft\/#breadcrumb","itemListElement":[{"@type":"ListItem","position":1,"name":"Home","item":"https:\/\/partsandpieces.nl\/home\/"},{"@type":"ListItem","position":2,"name":"Winkel","item":"https:\/\/partsandpieces.nl\/winkel\/"},{"@type":"ListItem","position":3,"name":"Raamkruk Brons antiek met zwart heft"}]},{"@type":"WebSite","@id":"https:\/\/partsandpieces.nl\/#website","url":"https:\/\/partsandpieces.nl\/","name":"Teile &amp; St\u00fccke","description":"Alles f\u00fcr Ihre M\u00f6belrestaurierung und -pflege!","potentialAction":[{"@type":"SearchAction","target":{"@type":"EntryPoint","urlTemplate":"https:\/\/partsandpieces.nl\/?s={search_term_string}"},"query-input":{"@type":"PropertyValueSpecification","valueRequired":true,"valueName":"search_term_string"}}],"inLanguage":"de"}]}},"_links":{"self":[{"href":"https:\/\/partsandpieces.nl\/de\/wp-json\/wp\/v2\/product\/1912","targetHints":{"allow":["GET"]}}],"collection":[{"href":"https:\/\/partsandpieces.nl\/de\/wp-json\/wp\/v2\/product"}],"about":[{"href":"https:\/\/partsandpieces.nl\/de\/wp-json\/wp\/v2\/types\/product"}],"wp:featuredmedia":[{"embeddable":true,"href":"https:\/\/partsandpieces.nl\/de\/wp-json\/wp\/v2\/media\/8240"}],"wp:attachment":[{"href":"https:\/\/partsandpieces.nl\/de\/wp-json\/wp\/v2\/media?parent=1912"}],"wp:term":[{"taxonomy":"product_brand","embeddable":true,"href":"https:\/\/partsandpieces.nl\/de\/wp-json\/wp\/v2\/product_brand?post=1912"},{"taxonomy":"product_cat","embeddable":true,"href":"https:\/\/partsandpieces.nl\/de\/wp-json\/wp\/v2\/product_cat?post=1912"},{"taxonomy":"product_tag","embeddable":true,"href":"https:\/\/partsandpieces.nl\/de\/wp-json\/wp\/v2\/product_tag?post=1912"}],"curies":[{"name":"wp","href":"https:\/\/api.w.org\/{rel}","templated":true}]}}