{"id":1914,"date":"2020-08-18T09:13:38","date_gmt":"2020-08-18T09:13:38","guid":{"rendered":"https:\/\/partsandpieces.bonsaidev.nl\/?product=draai-kiep-greep-mat-nikkel-zwart"},"modified":"2025-05-23T14:50:39","modified_gmt":"2025-05-23T12:50:39","slug":"fenstergriff-nickel-mit-schwarzem-griff","status":"publish","type":"product","link":"https:\/\/partsandpieces.nl\/de\/product\/raamkruk-nikkel-met-zwart-heft\/","title":{"rendered":"Fenstergriff Nickel mit schwarzem Griff"},"content":{"rendered":"<p><strong>Fenstergriff Nickel mit schwarzem Griff <\/strong>ist ein klassischer Fenstergriff f\u00fcr Dreh-Kipp-Fenster. Der Fenstergriff besteht aus Metall mit nickelfarbener Oberfl\u00e4che. Das passt gut in ein klassisches Interieur.<\/p>\n<p><strong>Ma\u00dfe<br \/>\n<\/strong>Der Fenstergriff Nickel mit schwarzem Griff hat eine Griffl\u00e4nge von 125 mm. Das Schlie\u00dfblech ist 65 x 30 mm gro\u00df und hat eine ovale Form. Ich liefere einen passenden Marker (7x7mm) mit.<\/p>\n<p><strong>Bearbeiten<br \/>\n<\/strong>Sie montieren diesen Fensterverschluss mit 2 konischen Schrauben. Ich werde dies f\u00fcr Sie liefern.<\/p>","protected":false},"excerpt":{"rendered":"<p>Raamkruk Nikkel met zwart heft is een klassieke raamkruk voor draai- en kiepramen. De raamkruk is gemaakt van metaal met een nikkel kleurige finish. Deze past goed in een klassiek interieur. Afmetingen Raamkruk Nikkel met zwart heft heeft een hendel die 125mm lang is. De sluitplaat is 65x30mm groot en heeft een ovale vorm. Ik [&hellip;]<\/p>\n","protected":false},"featured_media":8241,"template":"","meta":{"_acf_changed":false},"product_brand":[],"product_cat":[58,62],"product_tag":[],"class_list":{"0":"post-1914","1":"product","2":"type-product","3":"status-publish","4":"has-post-thumbnail","6":"product_cat-deurbeslag","7":"product_cat-raamgrepen-en-sluiters","9":"first","10":"instock","11":"taxable","12":"shipping-taxable","13":"purchasable","14":"product-type-simple"},"acf":[],"yoast_head":"<!-- This site is optimized with the Yoast SEO plugin v27.3 - https:\/\/yoast.com\/product\/yoast-seo-wordpress\/ -->\n<title>Raamkruk Nikkel met zwart heft<\/title>\n<meta name=\"description\" content=\"Raamkruk Nikkel met zwart heft is een klassieke raamkruk voor draai- en kiepramen. Deze past goed in een klassiek interieur.\" \/>\n<meta name=\"robots\" content=\"index, follow, max-snippet:-1, max-image-preview:large, max-video-preview:-1\" \/>\n<link rel=\"canonical\" href=\"https:\/\/partsandpieces.nl\/de\/produkt\/fenstergriff-nickel-mit-schwarzem-griff\/\" \/>\n<meta property=\"og:locale\" content=\"de_DE\" \/>\n<meta property=\"og:type\" content=\"article\" \/>\n<meta property=\"og:title\" content=\"Raamkruk Nikkel met zwart heft\" \/>\n<meta property=\"og:description\" content=\"Raamkruk Nikkel met zwart heft is een klassieke raamkruk voor draai- en kiepramen. Deze past goed in een klassiek interieur.\" \/>\n<meta property=\"og:url\" content=\"https:\/\/partsandpieces.nl\/de\/produkt\/fenstergriff-nickel-mit-schwarzem-griff\/\" \/>\n<meta property=\"og:site_name\" content=\"Parts &amp; Pieces\" \/>\n<meta property=\"article:modified_time\" content=\"2025-05-23T12:50:39+00:00\" \/>\n<meta property=\"og:image\" content=\"https:\/\/partsandpieces.nl\/wp-content\/uploads\/2020\/08\/Raamkruk-Nikkel-met-zwart-heft-rotated.jpg\" \/>\n\t<meta property=\"og:image:width\" content=\"480\" \/>\n\t<meta property=\"og:image:height\" content=\"480\" \/>\n\t<meta property=\"og:image:type\" content=\"image\/jpeg\" \/>\n<meta name=\"twitter:card\" content=\"summary_large_image\" \/>\n<meta name=\"twitter:label1\" content=\"Gesch\u00e4tzte Lesezeit\" \/>\n\t<meta name=\"twitter:data1\" content=\"1\u00a0Minute\" \/>\n<script type=\"application\/ld+json\" class=\"yoast-schema-graph\">{\"@context\":\"https:\\\/\\\/schema.org\",\"@graph\":[{\"@type\":\"WebPage\",\"@id\":\"https:\\\/\\\/partsandpieces.nl\\\/product\\\/raamkruk-nikkel-met-zwart-heft\\\/\",\"url\":\"https:\\\/\\\/partsandpieces.nl\\\/product\\\/raamkruk-nikkel-met-zwart-heft\\\/\",\"name\":\"Raamkruk Nikkel met zwart heft\",\"isPartOf\":{\"@id\":\"https:\\\/\\\/partsandpieces.nl\\\/#website\"},\"primaryImageOfPage\":{\"@id\":\"https:\\\/\\\/partsandpieces.nl\\\/product\\\/raamkruk-nikkel-met-zwart-heft\\\/#primaryimage\"},\"image\":{\"@id\":\"https:\\\/\\\/partsandpieces.nl\\\/product\\\/raamkruk-nikkel-met-zwart-heft\\\/#primaryimage\"},\"thumbnailUrl\":\"https:\\\/\\\/partsandpieces.nl\\\/wp-content\\\/uploads\\\/2020\\\/08\\\/Raamkruk-Nikkel-met-zwart-heft-rotated.jpg\",\"datePublished\":\"2020-08-18T09:13:38+00:00\",\"dateModified\":\"2025-05-23T12:50:39+00:00\",\"description\":\"Raamkruk Nikkel met zwart heft is een klassieke raamkruk voor draai- en kiepramen. Deze past goed in een klassiek interieur.\",\"breadcrumb\":{\"@id\":\"https:\\\/\\\/partsandpieces.nl\\\/product\\\/raamkruk-nikkel-met-zwart-heft\\\/#breadcrumb\"},\"inLanguage\":\"de\",\"potentialAction\":[{\"@type\":\"ReadAction\",\"target\":[\"https:\\\/\\\/partsandpieces.nl\\\/product\\\/raamkruk-nikkel-met-zwart-heft\\\/\"]}]},{\"@type\":\"ImageObject\",\"inLanguage\":\"de\",\"@id\":\"https:\\\/\\\/partsandpieces.nl\\\/product\\\/raamkruk-nikkel-met-zwart-heft\\\/#primaryimage\",\"url\":\"https:\\\/\\\/partsandpieces.nl\\\/wp-content\\\/uploads\\\/2020\\\/08\\\/Raamkruk-Nikkel-met-zwart-heft-rotated.jpg\",\"contentUrl\":\"https:\\\/\\\/partsandpieces.nl\\\/wp-content\\\/uploads\\\/2020\\\/08\\\/Raamkruk-Nikkel-met-zwart-heft-rotated.jpg\",\"width\":480,\"height\":480,\"caption\":\"Raamkruk Nikkel met zwart heft\"},{\"@type\":\"BreadcrumbList\",\"@id\":\"https:\\\/\\\/partsandpieces.nl\\\/product\\\/raamkruk-nikkel-met-zwart-heft\\\/#breadcrumb\",\"itemListElement\":[{\"@type\":\"ListItem\",\"position\":1,\"name\":\"Home\",\"item\":\"https:\\\/\\\/partsandpieces.nl\\\/home\\\/\"},{\"@type\":\"ListItem\",\"position\":2,\"name\":\"Winkel\",\"item\":\"https:\\\/\\\/partsandpieces.nl\\\/winkel\\\/\"},{\"@type\":\"ListItem\",\"position\":3,\"name\":\"Raamkruk Nikkel met zwart heft\"}]},{\"@type\":\"WebSite\",\"@id\":\"https:\\\/\\\/partsandpieces.nl\\\/#website\",\"url\":\"https:\\\/\\\/partsandpieces.nl\\\/\",\"name\":\"Parts &amp; Pieces\",\"description\":\"Alles voor uw meubelrestauratie en -onderhoud!\",\"potentialAction\":[{\"@type\":\"SearchAction\",\"target\":{\"@type\":\"EntryPoint\",\"urlTemplate\":\"https:\\\/\\\/partsandpieces.nl\\\/?s={search_term_string}\"},\"query-input\":{\"@type\":\"PropertyValueSpecification\",\"valueRequired\":true,\"valueName\":\"search_term_string\"}}],\"inLanguage\":\"de\"}]}<\/script>\n<!-- \/ Yoast SEO plugin. -->","yoast_head_json":{"title":"Fenstergriff Nickel mit schwarzem Griff","description":"Fenstergriff Nickel mit schwarzem Griff ist ein klassischer Fenstergriff f\u00fcr Dreh-Kipp-Fenster. Das passt gut in ein klassisches Interieur.","robots":{"index":"index","follow":"follow","max-snippet":"max-snippet:-1","max-image-preview":"max-image-preview:large","max-video-preview":"max-video-preview:-1"},"canonical":"https:\/\/partsandpieces.nl\/de\/produkt\/fenstergriff-nickel-mit-schwarzem-griff\/","og_locale":"de_DE","og_type":"article","og_title":"Raamkruk Nikkel met zwart heft","og_description":"Raamkruk Nikkel met zwart heft is een klassieke raamkruk voor draai- en kiepramen. Deze past goed in een klassiek interieur.","og_url":"https:\/\/partsandpieces.nl\/de\/produkt\/fenstergriff-nickel-mit-schwarzem-griff\/","og_site_name":"Parts &amp; Pieces","article_modified_time":"2025-05-23T12:50:39+00:00","og_image":[{"width":480,"height":480,"url":"https:\/\/partsandpieces.nl\/wp-content\/uploads\/2020\/08\/Raamkruk-Nikkel-met-zwart-heft-rotated.jpg","type":"image\/jpeg"}],"twitter_card":"summary_large_image","twitter_misc":{"Gesch\u00e4tzte Lesezeit":"1\u00a0Minute"},"schema":{"@context":"https:\/\/schema.org","@graph":[{"@type":"WebPage","@id":"https:\/\/partsandpieces.nl\/product\/raamkruk-nikkel-met-zwart-heft\/","url":"https:\/\/partsandpieces.nl\/product\/raamkruk-nikkel-met-zwart-heft\/","name":"Fenstergriff Nickel mit schwarzem Griff","isPartOf":{"@id":"https:\/\/partsandpieces.nl\/#website"},"primaryImageOfPage":{"@id":"https:\/\/partsandpieces.nl\/product\/raamkruk-nikkel-met-zwart-heft\/#primaryimage"},"image":{"@id":"https:\/\/partsandpieces.nl\/product\/raamkruk-nikkel-met-zwart-heft\/#primaryimage"},"thumbnailUrl":"https:\/\/partsandpieces.nl\/wp-content\/uploads\/2020\/08\/Raamkruk-Nikkel-met-zwart-heft-rotated.jpg","datePublished":"2020-08-18T09:13:38+00:00","dateModified":"2025-05-23T12:50:39+00:00","description":"Fenstergriff Nickel mit schwarzem Griff ist ein klassischer Fenstergriff f\u00fcr Dreh-Kipp-Fenster. Das passt gut in ein klassisches Interieur.","breadcrumb":{"@id":"https:\/\/partsandpieces.nl\/product\/raamkruk-nikkel-met-zwart-heft\/#breadcrumb"},"inLanguage":"de","potentialAction":[{"@type":"ReadAction","target":["https:\/\/partsandpieces.nl\/product\/raamkruk-nikkel-met-zwart-heft\/"]}]},{"@type":"ImageObject","inLanguage":"de","@id":"https:\/\/partsandpieces.nl\/product\/raamkruk-nikkel-met-zwart-heft\/#primaryimage","url":"https:\/\/partsandpieces.nl\/wp-content\/uploads\/2020\/08\/Raamkruk-Nikkel-met-zwart-heft-rotated.jpg","contentUrl":"https:\/\/partsandpieces.nl\/wp-content\/uploads\/2020\/08\/Raamkruk-Nikkel-met-zwart-heft-rotated.jpg","width":480,"height":480,"caption":"Raamkruk Nikkel met zwart heft"},{"@type":"BreadcrumbList","@id":"https:\/\/partsandpieces.nl\/product\/raamkruk-nikkel-met-zwart-heft\/#breadcrumb","itemListElement":[{"@type":"ListItem","position":1,"name":"Home","item":"https:\/\/partsandpieces.nl\/home\/"},{"@type":"ListItem","position":2,"name":"Winkel","item":"https:\/\/partsandpieces.nl\/winkel\/"},{"@type":"ListItem","position":3,"name":"Raamkruk Nikkel met zwart heft"}]},{"@type":"WebSite","@id":"https:\/\/partsandpieces.nl\/#website","url":"https:\/\/partsandpieces.nl\/","name":"Teile &amp; St\u00fccke","description":"Alles f\u00fcr Ihre M\u00f6belrestaurierung und -pflege!","potentialAction":[{"@type":"SearchAction","target":{"@type":"EntryPoint","urlTemplate":"https:\/\/partsandpieces.nl\/?s={search_term_string}"},"query-input":{"@type":"PropertyValueSpecification","valueRequired":true,"valueName":"search_term_string"}}],"inLanguage":"de"}]}},"_links":{"self":[{"href":"https:\/\/partsandpieces.nl\/de\/wp-json\/wp\/v2\/product\/1914","targetHints":{"allow":["GET"]}}],"collection":[{"href":"https:\/\/partsandpieces.nl\/de\/wp-json\/wp\/v2\/product"}],"about":[{"href":"https:\/\/partsandpieces.nl\/de\/wp-json\/wp\/v2\/types\/product"}],"wp:featuredmedia":[{"embeddable":true,"href":"https:\/\/partsandpieces.nl\/de\/wp-json\/wp\/v2\/media\/8241"}],"wp:attachment":[{"href":"https:\/\/partsandpieces.nl\/de\/wp-json\/wp\/v2\/media?parent=1914"}],"wp:term":[{"taxonomy":"product_brand","embeddable":true,"href":"https:\/\/partsandpieces.nl\/de\/wp-json\/wp\/v2\/product_brand?post=1914"},{"taxonomy":"product_cat","embeddable":true,"href":"https:\/\/partsandpieces.nl\/de\/wp-json\/wp\/v2\/product_cat?post=1914"},{"taxonomy":"product_tag","embeddable":true,"href":"https:\/\/partsandpieces.nl\/de\/wp-json\/wp\/v2\/product_tag?post=1914"}],"curies":[{"name":"wp","href":"https:\/\/api.w.org\/{rel}","templated":true}]}}