{"id":1925,"date":"2020-08-18T12:43:56","date_gmt":"2020-08-18T10:43:56","guid":{"rendered":"https:\/\/partsandpieces.bonsaidev.nl\/?product=borma-wachs-antiek-patina-1-liter"},"modified":"2025-12-31T16:02:16","modified_gmt":"2025-12-31T15:02:16","slug":"bormawachs-antike-patina-1-liter","status":"publish","type":"product","link":"https:\/\/partsandpieces.nl\/de\/product\/borma-wachs-antiek-patina-1-liter\/","title":{"rendered":"Borma Wachs Antik Patina 1 Liter"},"content":{"rendered":"<p><strong>Antike Patina<\/strong> von <a href=\"http:\/\/www.bormawachs.com\">Borma Wachs<\/a> wird auf der Basis von j\u00fcdischem Bitumen hergestellt. Dies ist das ideale Produkt, um allen Holzoberfl\u00e4chen ein gealtertes und lackiertes Aussehen zu verleihen. Entwickelt mit Respekt f\u00fcr die \u00e4ltesten Traditionen der M\u00f6belrestaurierung. Nahezu geruchlos, gebrauchsfertig und einfach aufzutragen.<\/p>\n<p><b>Anweisungen<br \/>\n\u2013\u00a0<\/b>Tragen Sie die Antik Patina mit einem Pinsel oder Wattepad auf eine wachs-, \u00f6l- und fettfreie Oberfl\u00e4che auf<br \/>\n\u2013 30 Minuten einwirken lassen<br \/>\n\u2013 \u00dcbersch\u00fcssige Patina mit entfernen <span style=\"text-decoration: underline;\"><a href=\"https:\/\/partsandpieces.nl\/de\/produktkategorie-2\/sonstiges\/stahlwolle\/\" target=\"_blank\" rel=\"noopener\">Stahlwolle<\/a><\/span> oder ein fusselfreies Tuch<br \/>\n\u2013 Mindestens 4 Stunden trocknen lassen. Ende mit <a href=\"https:\/\/partsandpieces.nl\/de\/produktkategorie-2\/oberflachenbehandlung-2\/schellack-und-politur\/\" target=\"_blank\" rel=\"noopener\"><span style=\"text-decoration: underline;\">Shellac-Politur<\/span><\/a>, oder mit <span style=\"text-decoration: underline;\"><a href=\"https:\/\/partsandpieces.nl\/de\/produktkategorie-2\/oberflachenbehandlung-2\/bienenwachs\/\" target=\"_blank\" rel=\"noopener\">Bienenwachs<\/a><\/span> in Pastenform.<\/p>","protected":false},"excerpt":{"rendered":"<p>Antiek Patina van Borma Wachs is gemaakt op basis van joods bitumen. Dit is het ideale product om alle houten oppervlakken een verouderd en gelakt uiterlijk te geven. Ontwikkeld met respect voor de oudste tradities van meubelrestaurateurs. Vrijwel geurloos, klaar voor gebruik en gemakkelijk aan te brengen. Gebruiksaanwijzing &#8211;\u00a0Op een was-, olie- en vetvrije ondergrond [&hellip;]<\/p>\n","protected":false},"featured_media":1926,"template":"","meta":{"_acf_changed":false},"product_brand":[],"product_cat":[64,65],"product_tag":[],"class_list":{"0":"post-1925","1":"product","2":"type-product","3":"status-publish","4":"has-post-thumbnail","6":"product_cat-oppervlakte-behandeling-borma-wachs","7":"product_cat-patina","9":"first","10":"outofstock","11":"taxable","12":"shipping-taxable","13":"purchasable","14":"product-type-simple"},"acf":[],"yoast_head":"<!-- This site is optimized with the Yoast SEO plugin v27.3 - https:\/\/yoast.com\/product\/yoast-seo-wordpress\/ -->\n<title>Borma Wachs Antiek Patina 1 liter<\/title>\n<meta name=\"description\" content=\"Borma Wachs Antiek Patina geeft alle houten oppervlakken een verouderd en gelakt uiterlijk. Geurloos, klaar voor gebruik en gemakkelijk aan te brengen.\u00a0\" \/>\n<meta name=\"robots\" content=\"index, follow, max-snippet:-1, max-image-preview:large, max-video-preview:-1\" \/>\n<link rel=\"canonical\" href=\"https:\/\/partsandpieces.nl\/de\/produkt\/bormawachs-antike-patina-1-liter\/\" \/>\n<meta property=\"og:locale\" content=\"de_DE\" \/>\n<meta property=\"og:type\" content=\"article\" \/>\n<meta property=\"og:title\" content=\"Borma Wachs Antiek Patina 1 liter\" \/>\n<meta property=\"og:description\" content=\"Borma Wachs Antiek Patina geeft alle houten oppervlakken een verouderd en gelakt uiterlijk. Geurloos, klaar voor gebruik en gemakkelijk aan te brengen.\u00a0\" \/>\n<meta property=\"og:url\" content=\"https:\/\/partsandpieces.nl\/de\/produkt\/bormawachs-antike-patina-1-liter\/\" \/>\n<meta property=\"og:site_name\" content=\"Parts &amp; Pieces\" \/>\n<meta property=\"article:modified_time\" content=\"2025-12-31T15:02:16+00:00\" \/>\n<meta property=\"og:image\" content=\"https:\/\/partsandpieces.nl\/wp-content\/uploads\/2022\/09\/3560.jpg\" \/>\n\t<meta property=\"og:image:width\" content=\"800\" \/>\n\t<meta property=\"og:image:height\" content=\"800\" \/>\n\t<meta property=\"og:image:type\" content=\"image\/jpeg\" \/>\n<meta name=\"twitter:card\" content=\"summary_large_image\" \/>\n<meta name=\"twitter:label1\" content=\"Gesch\u00e4tzte Lesezeit\" \/>\n\t<meta name=\"twitter:data1\" content=\"1\u00a0Minute\" \/>\n<script type=\"application\/ld+json\" class=\"yoast-schema-graph\">{\"@context\":\"https:\\\/\\\/schema.org\",\"@graph\":[{\"@type\":\"WebPage\",\"@id\":\"https:\\\/\\\/partsandpieces.nl\\\/product\\\/borma-wachs-antiek-patina-1-liter\\\/\",\"url\":\"https:\\\/\\\/partsandpieces.nl\\\/product\\\/borma-wachs-antiek-patina-1-liter\\\/\",\"name\":\"Borma Wachs Antiek Patina 1 liter\",\"isPartOf\":{\"@id\":\"https:\\\/\\\/partsandpieces.nl\\\/#website\"},\"primaryImageOfPage\":{\"@id\":\"https:\\\/\\\/partsandpieces.nl\\\/product\\\/borma-wachs-antiek-patina-1-liter\\\/#primaryimage\"},\"image\":{\"@id\":\"https:\\\/\\\/partsandpieces.nl\\\/product\\\/borma-wachs-antiek-patina-1-liter\\\/#primaryimage\"},\"thumbnailUrl\":\"https:\\\/\\\/partsandpieces.nl\\\/wp-content\\\/uploads\\\/2022\\\/09\\\/3560.jpg\",\"datePublished\":\"2020-08-18T10:43:56+00:00\",\"dateModified\":\"2025-12-31T15:02:16+00:00\",\"description\":\"Borma Wachs Antiek Patina geeft alle houten oppervlakken een verouderd en gelakt uiterlijk. Geurloos, klaar voor gebruik en gemakkelijk aan te brengen.\u00a0\",\"breadcrumb\":{\"@id\":\"https:\\\/\\\/partsandpieces.nl\\\/product\\\/borma-wachs-antiek-patina-1-liter\\\/#breadcrumb\"},\"inLanguage\":\"de\",\"potentialAction\":[{\"@type\":\"ReadAction\",\"target\":[\"https:\\\/\\\/partsandpieces.nl\\\/product\\\/borma-wachs-antiek-patina-1-liter\\\/\"]}]},{\"@type\":\"ImageObject\",\"inLanguage\":\"de\",\"@id\":\"https:\\\/\\\/partsandpieces.nl\\\/product\\\/borma-wachs-antiek-patina-1-liter\\\/#primaryimage\",\"url\":\"https:\\\/\\\/partsandpieces.nl\\\/wp-content\\\/uploads\\\/2022\\\/09\\\/3560.jpg\",\"contentUrl\":\"https:\\\/\\\/partsandpieces.nl\\\/wp-content\\\/uploads\\\/2022\\\/09\\\/3560.jpg\",\"width\":800,\"height\":800},{\"@type\":\"BreadcrumbList\",\"@id\":\"https:\\\/\\\/partsandpieces.nl\\\/product\\\/borma-wachs-antiek-patina-1-liter\\\/#breadcrumb\",\"itemListElement\":[{\"@type\":\"ListItem\",\"position\":1,\"name\":\"Home\",\"item\":\"https:\\\/\\\/partsandpieces.nl\\\/home\\\/\"},{\"@type\":\"ListItem\",\"position\":2,\"name\":\"Winkel\",\"item\":\"https:\\\/\\\/partsandpieces.nl\\\/winkel\\\/\"},{\"@type\":\"ListItem\",\"position\":3,\"name\":\"Borma Wachs Antiek Patina 1 liter\"}]},{\"@type\":\"WebSite\",\"@id\":\"https:\\\/\\\/partsandpieces.nl\\\/#website\",\"url\":\"https:\\\/\\\/partsandpieces.nl\\\/\",\"name\":\"Parts &amp; Pieces\",\"description\":\"Alles voor uw meubelrestauratie en -onderhoud!\",\"potentialAction\":[{\"@type\":\"SearchAction\",\"target\":{\"@type\":\"EntryPoint\",\"urlTemplate\":\"https:\\\/\\\/partsandpieces.nl\\\/?s={search_term_string}\"},\"query-input\":{\"@type\":\"PropertyValueSpecification\",\"valueRequired\":true,\"valueName\":\"search_term_string\"}}],\"inLanguage\":\"de\"}]}<\/script>\n<!-- \/ Yoast SEO plugin. -->","yoast_head_json":{"title":"Borma Wachs Antik Patina 1 Liter","description":"Borma Wachs Antique Patina verleiht allen Holzoberfl\u00e4chen ein gealtertes und lackiertes Aussehen. Geruchlos, gebrauchsfertig und einfach anzuwenden.\u00a0","robots":{"index":"index","follow":"follow","max-snippet":"max-snippet:-1","max-image-preview":"max-image-preview:large","max-video-preview":"max-video-preview:-1"},"canonical":"https:\/\/partsandpieces.nl\/de\/produkt\/bormawachs-antike-patina-1-liter\/","og_locale":"de_DE","og_type":"article","og_title":"Borma Wachs Antiek Patina 1 liter","og_description":"Borma Wachs Antiek Patina geeft alle houten oppervlakken een verouderd en gelakt uiterlijk. Geurloos, klaar voor gebruik en gemakkelijk aan te brengen.\u00a0","og_url":"https:\/\/partsandpieces.nl\/de\/produkt\/bormawachs-antike-patina-1-liter\/","og_site_name":"Parts &amp; Pieces","article_modified_time":"2025-12-31T15:02:16+00:00","og_image":[{"width":800,"height":800,"url":"https:\/\/partsandpieces.nl\/wp-content\/uploads\/2022\/09\/3560.jpg","type":"image\/jpeg"}],"twitter_card":"summary_large_image","twitter_misc":{"Gesch\u00e4tzte Lesezeit":"1\u00a0Minute"},"schema":{"@context":"https:\/\/schema.org","@graph":[{"@type":"WebPage","@id":"https:\/\/partsandpieces.nl\/product\/borma-wachs-antiek-patina-1-liter\/","url":"https:\/\/partsandpieces.nl\/product\/borma-wachs-antiek-patina-1-liter\/","name":"Borma Wachs Antik Patina 1 Liter","isPartOf":{"@id":"https:\/\/partsandpieces.nl\/#website"},"primaryImageOfPage":{"@id":"https:\/\/partsandpieces.nl\/product\/borma-wachs-antiek-patina-1-liter\/#primaryimage"},"image":{"@id":"https:\/\/partsandpieces.nl\/product\/borma-wachs-antiek-patina-1-liter\/#primaryimage"},"thumbnailUrl":"https:\/\/partsandpieces.nl\/wp-content\/uploads\/2022\/09\/3560.jpg","datePublished":"2020-08-18T10:43:56+00:00","dateModified":"2025-12-31T15:02:16+00:00","description":"Borma Wachs Antique Patina verleiht allen Holzoberfl\u00e4chen ein gealtertes und lackiertes Aussehen. Geruchlos, gebrauchsfertig und einfach anzuwenden.\u00a0","breadcrumb":{"@id":"https:\/\/partsandpieces.nl\/product\/borma-wachs-antiek-patina-1-liter\/#breadcrumb"},"inLanguage":"de","potentialAction":[{"@type":"ReadAction","target":["https:\/\/partsandpieces.nl\/product\/borma-wachs-antiek-patina-1-liter\/"]}]},{"@type":"ImageObject","inLanguage":"de","@id":"https:\/\/partsandpieces.nl\/product\/borma-wachs-antiek-patina-1-liter\/#primaryimage","url":"https:\/\/partsandpieces.nl\/wp-content\/uploads\/2022\/09\/3560.jpg","contentUrl":"https:\/\/partsandpieces.nl\/wp-content\/uploads\/2022\/09\/3560.jpg","width":800,"height":800},{"@type":"BreadcrumbList","@id":"https:\/\/partsandpieces.nl\/product\/borma-wachs-antiek-patina-1-liter\/#breadcrumb","itemListElement":[{"@type":"ListItem","position":1,"name":"Home","item":"https:\/\/partsandpieces.nl\/home\/"},{"@type":"ListItem","position":2,"name":"Winkel","item":"https:\/\/partsandpieces.nl\/winkel\/"},{"@type":"ListItem","position":3,"name":"Borma Wachs Antiek Patina 1 liter"}]},{"@type":"WebSite","@id":"https:\/\/partsandpieces.nl\/#website","url":"https:\/\/partsandpieces.nl\/","name":"Teile &amp; St\u00fccke","description":"Alles f\u00fcr Ihre M\u00f6belrestaurierung und -pflege!","potentialAction":[{"@type":"SearchAction","target":{"@type":"EntryPoint","urlTemplate":"https:\/\/partsandpieces.nl\/?s={search_term_string}"},"query-input":{"@type":"PropertyValueSpecification","valueRequired":true,"valueName":"search_term_string"}}],"inLanguage":"de"}]}},"_links":{"self":[{"href":"https:\/\/partsandpieces.nl\/de\/wp-json\/wp\/v2\/product\/1925","targetHints":{"allow":["GET"]}}],"collection":[{"href":"https:\/\/partsandpieces.nl\/de\/wp-json\/wp\/v2\/product"}],"about":[{"href":"https:\/\/partsandpieces.nl\/de\/wp-json\/wp\/v2\/types\/product"}],"wp:featuredmedia":[{"embeddable":true,"href":"https:\/\/partsandpieces.nl\/de\/wp-json\/wp\/v2\/media\/1926"}],"wp:attachment":[{"href":"https:\/\/partsandpieces.nl\/de\/wp-json\/wp\/v2\/media?parent=1925"}],"wp:term":[{"taxonomy":"product_brand","embeddable":true,"href":"https:\/\/partsandpieces.nl\/de\/wp-json\/wp\/v2\/product_brand?post=1925"},{"taxonomy":"product_cat","embeddable":true,"href":"https:\/\/partsandpieces.nl\/de\/wp-json\/wp\/v2\/product_cat?post=1925"},{"taxonomy":"product_tag","embeddable":true,"href":"https:\/\/partsandpieces.nl\/de\/wp-json\/wp\/v2\/product_tag?post=1925"}],"curies":[{"name":"wp","href":"https:\/\/api.w.org\/{rel}","templated":true}]}}