{"id":1927,"date":"2020-08-18T12:46:37","date_gmt":"2020-08-18T10:46:37","guid":{"rendered":"https:\/\/partsandpieces.bonsaidev.nl\/?product=holz-hout-antix-2008-1-lit"},"modified":"2025-11-06T10:28:24","modified_gmt":"2025-11-06T09:28:24","slug":"borma-wachs-holz-antix-2008-fur-antikeffekt-auf-holzmobeln-1-liter","status":"publish","type":"product","link":"https:\/\/partsandpieces.nl\/de\/product\/borma-wachs-holz-antix-2008-voor-antiek-effect-op-houten-meubels-1-liter\/","title":{"rendered":"Borma Wachs Holz Antix 2008 f\u00fcr Antik-Effekt auf Holzm\u00f6beln 1 Liter"},"content":{"rendered":"<p><strong>Holz Antix 2008 f\u00fcr Antik-Effekt auf Holzm\u00f6beln<\/strong> von <a href=\"http:\/\/www.bormawachs.com\">Borma Wachs<\/a> ist eine gebrauchsfertige Beize auf Wasserbasis, die einen besonderen Alterungseffekt verleiht. Auf gerbstoffreichen H\u00f6lzern (z. B. Eiche) erzielt man einen sehr sch\u00f6nen Alterungseffekt.<\/p>\n<p><strong>Anweisungen<\/strong><br \/>\n\u2013 Holz Antix 2008 f\u00fcr Antik-Effekt auf Holzm\u00f6beln direkt mit einem Pinsel oder Spray auf die Holzoberfl\u00e4che auftragen<br \/>\n\u2013 Lassen Sie es 6\/8 Stunden einwirken und warten Sie, bis die Oberfl\u00e4che vollst\u00e4ndig trocken ist<br \/>\n\u2013 Schleifen Sie weiter<br \/>\n\u2013 Stellen Sie sicher, dass die Oberfl\u00e4che vollst\u00e4ndig trocken ist, bevor Sie sie mit \u00d6l oder Wachs bearbeiten.<\/p>","protected":false},"excerpt":{"rendered":"<p>Holz Antix 2008 voor antiek effect op houten meubels van Borma Wachs is een kant en klare beits op waterbasis dat een bijzonder verouderingseffect geeft. Gebruikt op houtsoorten die rijk zijn aan tannines (bijvoorbeeld eiken) krijg je een zeer mooi verouderingseffect. Gebruiksaanwijzing &#8211; De Holz Antix 2008 voor antiek effect op houten meubels direct met [&hellip;]<\/p>\n","protected":false},"featured_media":1928,"template":"","meta":{"_acf_changed":false},"product_brand":[],"product_cat":[64,65],"product_tag":[],"class_list":{"0":"post-1927","1":"product","2":"type-product","3":"status-publish","4":"has-post-thumbnail","6":"product_cat-oppervlakte-behandeling-borma-wachs","7":"product_cat-patina","9":"first","10":"instock","11":"sale","12":"taxable","13":"shipping-taxable","14":"purchasable","15":"product-type-simple"},"acf":[],"yoast_head":"<!-- This site is optimized with the Yoast SEO plugin v27.3 - https:\/\/yoast.com\/product\/yoast-seo-wordpress\/ -->\n<title>Holz Antix 2008 voor antiek effect op houten meubels<\/title>\n<meta name=\"description\" content=\"Holz Antix 2008 voor antiek effect op houten meubels van Borma Wachs is een beits op voor een verouderingseffect op hout rijk aan tannines (o.a. Eiken).\" \/>\n<meta name=\"robots\" content=\"index, follow, max-snippet:-1, max-image-preview:large, max-video-preview:-1\" \/>\n<link rel=\"canonical\" href=\"https:\/\/partsandpieces.nl\/de\/produkt\/borma-wachs-holz-antix-2008-fur-antikeffekt-auf-holzmobeln-1-liter\/\" \/>\n<meta property=\"og:locale\" content=\"de_DE\" \/>\n<meta property=\"og:type\" content=\"article\" \/>\n<meta property=\"og:title\" content=\"Holz Antix 2008 voor antiek effect op houten meubels\" \/>\n<meta property=\"og:description\" content=\"Holz Antix 2008 voor antiek effect op houten meubels van Borma Wachs is een beits op voor een verouderingseffect op hout rijk aan tannines (o.a. Eiken).\" \/>\n<meta property=\"og:url\" content=\"https:\/\/partsandpieces.nl\/de\/produkt\/borma-wachs-holz-antix-2008-fur-antikeffekt-auf-holzmobeln-1-liter\/\" \/>\n<meta property=\"og:site_name\" content=\"Parts &amp; Pieces\" \/>\n<meta property=\"article:modified_time\" content=\"2025-11-06T09:28:24+00:00\" \/>\n<meta property=\"og:image\" content=\"https:\/\/partsandpieces.nl\/wp-content\/uploads\/2022\/09\/HolzHoutAntix20081lit..jpg\" \/>\n\t<meta property=\"og:image:width\" content=\"800\" \/>\n\t<meta property=\"og:image:height\" content=\"800\" \/>\n\t<meta property=\"og:image:type\" content=\"image\/jpeg\" \/>\n<meta name=\"twitter:card\" content=\"summary_large_image\" \/>\n<meta name=\"twitter:label1\" content=\"Gesch\u00e4tzte Lesezeit\" \/>\n\t<meta name=\"twitter:data1\" content=\"1\u00a0Minute\" \/>\n<script type=\"application\/ld+json\" class=\"yoast-schema-graph\">{\"@context\":\"https:\\\/\\\/schema.org\",\"@graph\":[{\"@type\":\"WebPage\",\"@id\":\"https:\\\/\\\/partsandpieces.nl\\\/product\\\/borma-wachs-holz-antix-2008-voor-antiek-effect-op-houten-meubels-1-liter\\\/\",\"url\":\"https:\\\/\\\/partsandpieces.nl\\\/product\\\/borma-wachs-holz-antix-2008-voor-antiek-effect-op-houten-meubels-1-liter\\\/\",\"name\":\"Holz Antix 2008 voor antiek effect op houten meubels\",\"isPartOf\":{\"@id\":\"https:\\\/\\\/partsandpieces.nl\\\/#website\"},\"primaryImageOfPage\":{\"@id\":\"https:\\\/\\\/partsandpieces.nl\\\/product\\\/borma-wachs-holz-antix-2008-voor-antiek-effect-op-houten-meubels-1-liter\\\/#primaryimage\"},\"image\":{\"@id\":\"https:\\\/\\\/partsandpieces.nl\\\/product\\\/borma-wachs-holz-antix-2008-voor-antiek-effect-op-houten-meubels-1-liter\\\/#primaryimage\"},\"thumbnailUrl\":\"https:\\\/\\\/partsandpieces.nl\\\/wp-content\\\/uploads\\\/2022\\\/09\\\/HolzHoutAntix20081lit..jpg\",\"datePublished\":\"2020-08-18T10:46:37+00:00\",\"dateModified\":\"2025-11-06T09:28:24+00:00\",\"description\":\"Holz Antix 2008 voor antiek effect op houten meubels van Borma Wachs is een beits op voor een verouderingseffect op hout rijk aan tannines (o.a. Eiken).\",\"breadcrumb\":{\"@id\":\"https:\\\/\\\/partsandpieces.nl\\\/product\\\/borma-wachs-holz-antix-2008-voor-antiek-effect-op-houten-meubels-1-liter\\\/#breadcrumb\"},\"inLanguage\":\"de\",\"potentialAction\":[{\"@type\":\"ReadAction\",\"target\":[\"https:\\\/\\\/partsandpieces.nl\\\/product\\\/borma-wachs-holz-antix-2008-voor-antiek-effect-op-houten-meubels-1-liter\\\/\"]}]},{\"@type\":\"ImageObject\",\"inLanguage\":\"de\",\"@id\":\"https:\\\/\\\/partsandpieces.nl\\\/product\\\/borma-wachs-holz-antix-2008-voor-antiek-effect-op-houten-meubels-1-liter\\\/#primaryimage\",\"url\":\"https:\\\/\\\/partsandpieces.nl\\\/wp-content\\\/uploads\\\/2022\\\/09\\\/HolzHoutAntix20081lit..jpg\",\"contentUrl\":\"https:\\\/\\\/partsandpieces.nl\\\/wp-content\\\/uploads\\\/2022\\\/09\\\/HolzHoutAntix20081lit..jpg\",\"width\":800,\"height\":800},{\"@type\":\"BreadcrumbList\",\"@id\":\"https:\\\/\\\/partsandpieces.nl\\\/product\\\/borma-wachs-holz-antix-2008-voor-antiek-effect-op-houten-meubels-1-liter\\\/#breadcrumb\",\"itemListElement\":[{\"@type\":\"ListItem\",\"position\":1,\"name\":\"Home\",\"item\":\"https:\\\/\\\/partsandpieces.nl\\\/home\\\/\"},{\"@type\":\"ListItem\",\"position\":2,\"name\":\"Winkel\",\"item\":\"https:\\\/\\\/partsandpieces.nl\\\/winkel\\\/\"},{\"@type\":\"ListItem\",\"position\":3,\"name\":\"Borma Wachs Holz Antix 2008 voor antiek effect op houten meubels 1 liter\"}]},{\"@type\":\"WebSite\",\"@id\":\"https:\\\/\\\/partsandpieces.nl\\\/#website\",\"url\":\"https:\\\/\\\/partsandpieces.nl\\\/\",\"name\":\"Parts &amp; Pieces\",\"description\":\"Alles voor uw meubelrestauratie en -onderhoud!\",\"potentialAction\":[{\"@type\":\"SearchAction\",\"target\":{\"@type\":\"EntryPoint\",\"urlTemplate\":\"https:\\\/\\\/partsandpieces.nl\\\/?s={search_term_string}\"},\"query-input\":{\"@type\":\"PropertyValueSpecification\",\"valueRequired\":true,\"valueName\":\"search_term_string\"}}],\"inLanguage\":\"de\"}]}<\/script>\n<!-- \/ Yoast SEO plugin. -->","yoast_head_json":{"title":"Holz Antix 2008 f\u00fcr Antik-Effekt auf Holzm\u00f6beln","description":"Holz Antix 2008 f\u00fcr einen Antikeffekt auf Holzm\u00f6beln von Borma Wachs ist eine Beize f\u00fcr einen Alterungseffekt auf gerbstoffreichen H\u00f6lzern (z. B. Eiche).","robots":{"index":"index","follow":"follow","max-snippet":"max-snippet:-1","max-image-preview":"max-image-preview:large","max-video-preview":"max-video-preview:-1"},"canonical":"https:\/\/partsandpieces.nl\/de\/produkt\/borma-wachs-holz-antix-2008-fur-antikeffekt-auf-holzmobeln-1-liter\/","og_locale":"de_DE","og_type":"article","og_title":"Holz Antix 2008 voor antiek effect op houten meubels","og_description":"Holz Antix 2008 voor antiek effect op houten meubels van Borma Wachs is een beits op voor een verouderingseffect op hout rijk aan tannines (o.a. Eiken).","og_url":"https:\/\/partsandpieces.nl\/de\/produkt\/borma-wachs-holz-antix-2008-fur-antikeffekt-auf-holzmobeln-1-liter\/","og_site_name":"Parts &amp; Pieces","article_modified_time":"2025-11-06T09:28:24+00:00","og_image":[{"width":800,"height":800,"url":"https:\/\/partsandpieces.nl\/wp-content\/uploads\/2022\/09\/HolzHoutAntix20081lit..jpg","type":"image\/jpeg"}],"twitter_card":"summary_large_image","twitter_misc":{"Gesch\u00e4tzte Lesezeit":"1\u00a0Minute"},"schema":{"@context":"https:\/\/schema.org","@graph":[{"@type":"WebPage","@id":"https:\/\/partsandpieces.nl\/product\/borma-wachs-holz-antix-2008-voor-antiek-effect-op-houten-meubels-1-liter\/","url":"https:\/\/partsandpieces.nl\/product\/borma-wachs-holz-antix-2008-voor-antiek-effect-op-houten-meubels-1-liter\/","name":"Holz Antix 2008 f\u00fcr Antik-Effekt auf Holzm\u00f6beln","isPartOf":{"@id":"https:\/\/partsandpieces.nl\/#website"},"primaryImageOfPage":{"@id":"https:\/\/partsandpieces.nl\/product\/borma-wachs-holz-antix-2008-voor-antiek-effect-op-houten-meubels-1-liter\/#primaryimage"},"image":{"@id":"https:\/\/partsandpieces.nl\/product\/borma-wachs-holz-antix-2008-voor-antiek-effect-op-houten-meubels-1-liter\/#primaryimage"},"thumbnailUrl":"https:\/\/partsandpieces.nl\/wp-content\/uploads\/2022\/09\/HolzHoutAntix20081lit..jpg","datePublished":"2020-08-18T10:46:37+00:00","dateModified":"2025-11-06T09:28:24+00:00","description":"Holz Antix 2008 f\u00fcr einen Antikeffekt auf Holzm\u00f6beln von Borma Wachs ist eine Beize f\u00fcr einen Alterungseffekt auf gerbstoffreichen H\u00f6lzern (z. B. Eiche).","breadcrumb":{"@id":"https:\/\/partsandpieces.nl\/product\/borma-wachs-holz-antix-2008-voor-antiek-effect-op-houten-meubels-1-liter\/#breadcrumb"},"inLanguage":"de","potentialAction":[{"@type":"ReadAction","target":["https:\/\/partsandpieces.nl\/product\/borma-wachs-holz-antix-2008-voor-antiek-effect-op-houten-meubels-1-liter\/"]}]},{"@type":"ImageObject","inLanguage":"de","@id":"https:\/\/partsandpieces.nl\/product\/borma-wachs-holz-antix-2008-voor-antiek-effect-op-houten-meubels-1-liter\/#primaryimage","url":"https:\/\/partsandpieces.nl\/wp-content\/uploads\/2022\/09\/HolzHoutAntix20081lit..jpg","contentUrl":"https:\/\/partsandpieces.nl\/wp-content\/uploads\/2022\/09\/HolzHoutAntix20081lit..jpg","width":800,"height":800},{"@type":"BreadcrumbList","@id":"https:\/\/partsandpieces.nl\/product\/borma-wachs-holz-antix-2008-voor-antiek-effect-op-houten-meubels-1-liter\/#breadcrumb","itemListElement":[{"@type":"ListItem","position":1,"name":"Home","item":"https:\/\/partsandpieces.nl\/home\/"},{"@type":"ListItem","position":2,"name":"Winkel","item":"https:\/\/partsandpieces.nl\/winkel\/"},{"@type":"ListItem","position":3,"name":"Borma Wachs Holz Antix 2008 voor antiek effect op houten meubels 1 liter"}]},{"@type":"WebSite","@id":"https:\/\/partsandpieces.nl\/#website","url":"https:\/\/partsandpieces.nl\/","name":"Teile &amp; St\u00fccke","description":"Alles f\u00fcr Ihre M\u00f6belrestaurierung und -pflege!","potentialAction":[{"@type":"SearchAction","target":{"@type":"EntryPoint","urlTemplate":"https:\/\/partsandpieces.nl\/?s={search_term_string}"},"query-input":{"@type":"PropertyValueSpecification","valueRequired":true,"valueName":"search_term_string"}}],"inLanguage":"de"}]}},"_links":{"self":[{"href":"https:\/\/partsandpieces.nl\/de\/wp-json\/wp\/v2\/product\/1927","targetHints":{"allow":["GET"]}}],"collection":[{"href":"https:\/\/partsandpieces.nl\/de\/wp-json\/wp\/v2\/product"}],"about":[{"href":"https:\/\/partsandpieces.nl\/de\/wp-json\/wp\/v2\/types\/product"}],"wp:featuredmedia":[{"embeddable":true,"href":"https:\/\/partsandpieces.nl\/de\/wp-json\/wp\/v2\/media\/1928"}],"wp:attachment":[{"href":"https:\/\/partsandpieces.nl\/de\/wp-json\/wp\/v2\/media?parent=1927"}],"wp:term":[{"taxonomy":"product_brand","embeddable":true,"href":"https:\/\/partsandpieces.nl\/de\/wp-json\/wp\/v2\/product_brand?post=1927"},{"taxonomy":"product_cat","embeddable":true,"href":"https:\/\/partsandpieces.nl\/de\/wp-json\/wp\/v2\/product_cat?post=1927"},{"taxonomy":"product_tag","embeddable":true,"href":"https:\/\/partsandpieces.nl\/de\/wp-json\/wp\/v2\/product_tag?post=1927"}],"curies":[{"name":"wp","href":"https:\/\/api.w.org\/{rel}","templated":true}]}}