{"id":1929,"date":"2020-08-18T12:49:42","date_gmt":"2020-08-18T12:49:42","guid":{"rendered":"https:\/\/partsandpieces.bonsaidev.nl\/?product=holz-hout-antix-2010-1-lit"},"modified":"2026-02-05T15:26:09","modified_gmt":"2026-02-05T14:26:09","slug":"borma-wachs-holz-antix-2010-fur-graustufeneffekt-auf-holzmobeln-1-liter","status":"publish","type":"product","link":"https:\/\/partsandpieces.nl\/de\/product\/borma-wachs-holz-antix-2010-voor-grijstint-effect-op-houten-meubels-1-liter\/","title":{"rendered":"Borma Wachs Holz Antix 2010 f\u00fcr Graustich auf Holzm\u00f6beln 1 Liter"},"content":{"rendered":"<p><strong>Holz Antix 2010 f\u00fcr Graustufeneffekt auf Holzm\u00f6beln<\/strong>\u00a0von\u00a0<a href=\"http:\/\/www.bormawachs.com\/\">Borma Wachs<\/a> ist eine gebrauchsfertige Beize auf Wasserbasis mit besonderer Alterungsf\u00e4higkeit. Ideal f\u00fcr Eichenholz (reich an Tanninen). Es erm\u00f6glicht ganz einfach, mit speziellen Graut\u00f6nen einzigartige Vintage-Effekte zu erzielen.<\/p>\n<p><strong>Anweisungen<\/strong><br \/>\n\u2013 Tragen Sie das Holz Antix 2010 f\u00fcr Antik-Effekt auf Holzm\u00f6beln mit einem Pinsel oder Spray direkt auf die Holzoberfl\u00e4che auf<br \/>\n\u2013 6\/8 Stunden einwirken lassen und warten, bis die Oberfl\u00e4che vollst\u00e4ndig trocken ist<br \/>\n\u2013 Weiter schleifen<br \/>\n\u2013 Stellen Sie sicher, dass die Oberfl\u00e4che vollst\u00e4ndig trocken ist, bevor Sie sie mit \u00d6l oder Wachs bearbeiten.<\/p>","protected":false},"excerpt":{"rendered":"<p>Holz Antix 2010 voor grijstint effect op houten meubels\u00a0van\u00a0Borma Wachs is een kant en klare beits op waterbasis met een bijzonder verouderingsvermogen. Ideaal voor eikenhout (rijk aan tannines). Het maakt het mogelijk om eenvoudig unieke vintage-effecten te cre\u00ebren met speciale grijstinten. Gebruiksaanwijzing \u2013 De Holz Antix 2010 voor antiek effect op houten meubels direct met [&hellip;]<\/p>\n","protected":false},"featured_media":1930,"template":"","meta":{"_acf_changed":false},"product_brand":[],"product_cat":[64,65],"product_tag":[],"class_list":{"0":"post-1929","1":"product","2":"type-product","3":"status-publish","4":"has-post-thumbnail","6":"product_cat-oppervlakte-behandeling-borma-wachs","7":"product_cat-patina","9":"first","10":"instock","11":"sale","12":"taxable","13":"shipping-taxable","14":"purchasable","15":"product-type-simple"},"acf":[],"yoast_head":"<!-- This site is optimized with the Yoast SEO plugin v27.3 - https:\/\/yoast.com\/product\/yoast-seo-wordpress\/ -->\n<title>Holz Antix 2010 voor grijstint effect op houten meubels 1 liter<\/title>\n<meta name=\"description\" content=\"Holz Antix 2010 voor grijstint effect op houten meubels\u00a0van\u00a0Borma Wachs voor een unieke vintage-effect met speciale grijstinten op eikenhout.\" \/>\n<meta name=\"robots\" content=\"index, follow, max-snippet:-1, max-image-preview:large, max-video-preview:-1\" \/>\n<link rel=\"canonical\" href=\"https:\/\/partsandpieces.nl\/de\/produkt\/borma-wachs-holz-antix-2010-fur-graustufeneffekt-auf-holzmobeln-1-liter\/\" \/>\n<meta property=\"og:locale\" content=\"de_DE\" \/>\n<meta property=\"og:type\" content=\"article\" \/>\n<meta property=\"og:title\" content=\"Holz Antix 2010 voor grijstint effect op houten meubels 1 liter\" \/>\n<meta property=\"og:description\" content=\"Holz Antix 2010 voor grijstint effect op houten meubels\u00a0van\u00a0Borma Wachs voor een unieke vintage-effect met speciale grijstinten op eikenhout.\" \/>\n<meta property=\"og:url\" content=\"https:\/\/partsandpieces.nl\/de\/produkt\/borma-wachs-holz-antix-2010-fur-graustufeneffekt-auf-holzmobeln-1-liter\/\" \/>\n<meta property=\"og:site_name\" content=\"Parts &amp; Pieces\" \/>\n<meta property=\"article:modified_time\" content=\"2026-02-05T14:26:09+00:00\" \/>\n<meta property=\"og:image\" content=\"https:\/\/partsandpieces.nl\/wp-content\/uploads\/2022\/09\/Holzhoutantix20101lit..jpg\" \/>\n\t<meta property=\"og:image:width\" content=\"350\" \/>\n\t<meta property=\"og:image:height\" content=\"350\" \/>\n\t<meta property=\"og:image:type\" content=\"image\/jpeg\" \/>\n<meta name=\"twitter:card\" content=\"summary_large_image\" \/>\n<meta name=\"twitter:label1\" content=\"Gesch\u00e4tzte Lesezeit\" \/>\n\t<meta name=\"twitter:data1\" content=\"1\u00a0Minute\" \/>\n<script type=\"application\/ld+json\" class=\"yoast-schema-graph\">{\"@context\":\"https:\\\/\\\/schema.org\",\"@graph\":[{\"@type\":\"WebPage\",\"@id\":\"https:\\\/\\\/partsandpieces.nl\\\/product\\\/borma-wachs-holz-antix-2010-voor-grijstint-effect-op-houten-meubels-1-liter\\\/\",\"url\":\"https:\\\/\\\/partsandpieces.nl\\\/product\\\/borma-wachs-holz-antix-2010-voor-grijstint-effect-op-houten-meubels-1-liter\\\/\",\"name\":\"Holz Antix 2010 voor grijstint effect op houten meubels 1 liter\",\"isPartOf\":{\"@id\":\"https:\\\/\\\/partsandpieces.nl\\\/#website\"},\"primaryImageOfPage\":{\"@id\":\"https:\\\/\\\/partsandpieces.nl\\\/product\\\/borma-wachs-holz-antix-2010-voor-grijstint-effect-op-houten-meubels-1-liter\\\/#primaryimage\"},\"image\":{\"@id\":\"https:\\\/\\\/partsandpieces.nl\\\/product\\\/borma-wachs-holz-antix-2010-voor-grijstint-effect-op-houten-meubels-1-liter\\\/#primaryimage\"},\"thumbnailUrl\":\"https:\\\/\\\/partsandpieces.nl\\\/wp-content\\\/uploads\\\/2022\\\/09\\\/Holzhoutantix20101lit..jpg\",\"datePublished\":\"2020-08-18T12:49:42+00:00\",\"dateModified\":\"2026-02-05T14:26:09+00:00\",\"description\":\"Holz Antix 2010 voor grijstint effect op houten meubels\u00a0van\u00a0Borma Wachs voor een unieke vintage-effect met speciale grijstinten op eikenhout.\",\"breadcrumb\":{\"@id\":\"https:\\\/\\\/partsandpieces.nl\\\/product\\\/borma-wachs-holz-antix-2010-voor-grijstint-effect-op-houten-meubels-1-liter\\\/#breadcrumb\"},\"inLanguage\":\"de\",\"potentialAction\":[{\"@type\":\"ReadAction\",\"target\":[\"https:\\\/\\\/partsandpieces.nl\\\/product\\\/borma-wachs-holz-antix-2010-voor-grijstint-effect-op-houten-meubels-1-liter\\\/\"]}]},{\"@type\":\"ImageObject\",\"inLanguage\":\"de\",\"@id\":\"https:\\\/\\\/partsandpieces.nl\\\/product\\\/borma-wachs-holz-antix-2010-voor-grijstint-effect-op-houten-meubels-1-liter\\\/#primaryimage\",\"url\":\"https:\\\/\\\/partsandpieces.nl\\\/wp-content\\\/uploads\\\/2022\\\/09\\\/Holzhoutantix20101lit..jpg\",\"contentUrl\":\"https:\\\/\\\/partsandpieces.nl\\\/wp-content\\\/uploads\\\/2022\\\/09\\\/Holzhoutantix20101lit..jpg\",\"width\":350,\"height\":350},{\"@type\":\"BreadcrumbList\",\"@id\":\"https:\\\/\\\/partsandpieces.nl\\\/product\\\/borma-wachs-holz-antix-2010-voor-grijstint-effect-op-houten-meubels-1-liter\\\/#breadcrumb\",\"itemListElement\":[{\"@type\":\"ListItem\",\"position\":1,\"name\":\"Home\",\"item\":\"https:\\\/\\\/partsandpieces.nl\\\/home\\\/\"},{\"@type\":\"ListItem\",\"position\":2,\"name\":\"Winkel\",\"item\":\"https:\\\/\\\/partsandpieces.nl\\\/winkel\\\/\"},{\"@type\":\"ListItem\",\"position\":3,\"name\":\"Borma Wachs Holz Antix 2010 voor grijstint effect op houten meubels 1 liter\"}]},{\"@type\":\"WebSite\",\"@id\":\"https:\\\/\\\/partsandpieces.nl\\\/#website\",\"url\":\"https:\\\/\\\/partsandpieces.nl\\\/\",\"name\":\"Parts &amp; Pieces\",\"description\":\"Alles voor uw meubelrestauratie en -onderhoud!\",\"potentialAction\":[{\"@type\":\"SearchAction\",\"target\":{\"@type\":\"EntryPoint\",\"urlTemplate\":\"https:\\\/\\\/partsandpieces.nl\\\/?s={search_term_string}\"},\"query-input\":{\"@type\":\"PropertyValueSpecification\",\"valueRequired\":true,\"valueName\":\"search_term_string\"}}],\"inLanguage\":\"de\"}]}<\/script>\n<!-- \/ Yoast SEO plugin. -->","yoast_head_json":{"title":"Holz Antix 2010 f\u00fcr Graustufeneffekt auf Holzm\u00f6beln 1 Liter","description":"Holz Antix 2010 f\u00fcr Grautoneffekte auf Holzm\u00f6beln von Borma Wachs f\u00fcr einen einzigartigen Vintage-Effekt mit besonderen Graut\u00f6nen auf Eiche.","robots":{"index":"index","follow":"follow","max-snippet":"max-snippet:-1","max-image-preview":"max-image-preview:large","max-video-preview":"max-video-preview:-1"},"canonical":"https:\/\/partsandpieces.nl\/de\/produkt\/borma-wachs-holz-antix-2010-fur-graustufeneffekt-auf-holzmobeln-1-liter\/","og_locale":"de_DE","og_type":"article","og_title":"Holz Antix 2010 voor grijstint effect op houten meubels 1 liter","og_description":"Holz Antix 2010 voor grijstint effect op houten meubels\u00a0van\u00a0Borma Wachs voor een unieke vintage-effect met speciale grijstinten op eikenhout.","og_url":"https:\/\/partsandpieces.nl\/de\/produkt\/borma-wachs-holz-antix-2010-fur-graustufeneffekt-auf-holzmobeln-1-liter\/","og_site_name":"Parts &amp; Pieces","article_modified_time":"2026-02-05T14:26:09+00:00","og_image":[{"width":350,"height":350,"url":"https:\/\/partsandpieces.nl\/wp-content\/uploads\/2022\/09\/Holzhoutantix20101lit..jpg","type":"image\/jpeg"}],"twitter_card":"summary_large_image","twitter_misc":{"Gesch\u00e4tzte Lesezeit":"1\u00a0Minute"},"schema":{"@context":"https:\/\/schema.org","@graph":[{"@type":"WebPage","@id":"https:\/\/partsandpieces.nl\/product\/borma-wachs-holz-antix-2010-voor-grijstint-effect-op-houten-meubels-1-liter\/","url":"https:\/\/partsandpieces.nl\/product\/borma-wachs-holz-antix-2010-voor-grijstint-effect-op-houten-meubels-1-liter\/","name":"Holz Antix 2010 f\u00fcr Graustufeneffekt auf Holzm\u00f6beln 1 Liter","isPartOf":{"@id":"https:\/\/partsandpieces.nl\/#website"},"primaryImageOfPage":{"@id":"https:\/\/partsandpieces.nl\/product\/borma-wachs-holz-antix-2010-voor-grijstint-effect-op-houten-meubels-1-liter\/#primaryimage"},"image":{"@id":"https:\/\/partsandpieces.nl\/product\/borma-wachs-holz-antix-2010-voor-grijstint-effect-op-houten-meubels-1-liter\/#primaryimage"},"thumbnailUrl":"https:\/\/partsandpieces.nl\/wp-content\/uploads\/2022\/09\/Holzhoutantix20101lit..jpg","datePublished":"2020-08-18T12:49:42+00:00","dateModified":"2026-02-05T14:26:09+00:00","description":"Holz Antix 2010 f\u00fcr Grautoneffekte auf Holzm\u00f6beln von Borma Wachs f\u00fcr einen einzigartigen Vintage-Effekt mit besonderen Graut\u00f6nen auf Eiche.","breadcrumb":{"@id":"https:\/\/partsandpieces.nl\/product\/borma-wachs-holz-antix-2010-voor-grijstint-effect-op-houten-meubels-1-liter\/#breadcrumb"},"inLanguage":"de","potentialAction":[{"@type":"ReadAction","target":["https:\/\/partsandpieces.nl\/product\/borma-wachs-holz-antix-2010-voor-grijstint-effect-op-houten-meubels-1-liter\/"]}]},{"@type":"ImageObject","inLanguage":"de","@id":"https:\/\/partsandpieces.nl\/product\/borma-wachs-holz-antix-2010-voor-grijstint-effect-op-houten-meubels-1-liter\/#primaryimage","url":"https:\/\/partsandpieces.nl\/wp-content\/uploads\/2022\/09\/Holzhoutantix20101lit..jpg","contentUrl":"https:\/\/partsandpieces.nl\/wp-content\/uploads\/2022\/09\/Holzhoutantix20101lit..jpg","width":350,"height":350},{"@type":"BreadcrumbList","@id":"https:\/\/partsandpieces.nl\/product\/borma-wachs-holz-antix-2010-voor-grijstint-effect-op-houten-meubels-1-liter\/#breadcrumb","itemListElement":[{"@type":"ListItem","position":1,"name":"Home","item":"https:\/\/partsandpieces.nl\/home\/"},{"@type":"ListItem","position":2,"name":"Winkel","item":"https:\/\/partsandpieces.nl\/winkel\/"},{"@type":"ListItem","position":3,"name":"Borma Wachs Holz Antix 2010 voor grijstint effect op houten meubels 1 liter"}]},{"@type":"WebSite","@id":"https:\/\/partsandpieces.nl\/#website","url":"https:\/\/partsandpieces.nl\/","name":"Teile &amp; St\u00fccke","description":"Alles f\u00fcr Ihre M\u00f6belrestaurierung und -pflege!","potentialAction":[{"@type":"SearchAction","target":{"@type":"EntryPoint","urlTemplate":"https:\/\/partsandpieces.nl\/?s={search_term_string}"},"query-input":{"@type":"PropertyValueSpecification","valueRequired":true,"valueName":"search_term_string"}}],"inLanguage":"de"}]}},"_links":{"self":[{"href":"https:\/\/partsandpieces.nl\/de\/wp-json\/wp\/v2\/product\/1929","targetHints":{"allow":["GET"]}}],"collection":[{"href":"https:\/\/partsandpieces.nl\/de\/wp-json\/wp\/v2\/product"}],"about":[{"href":"https:\/\/partsandpieces.nl\/de\/wp-json\/wp\/v2\/types\/product"}],"wp:featuredmedia":[{"embeddable":true,"href":"https:\/\/partsandpieces.nl\/de\/wp-json\/wp\/v2\/media\/1930"}],"wp:attachment":[{"href":"https:\/\/partsandpieces.nl\/de\/wp-json\/wp\/v2\/media?parent=1929"}],"wp:term":[{"taxonomy":"product_brand","embeddable":true,"href":"https:\/\/partsandpieces.nl\/de\/wp-json\/wp\/v2\/product_brand?post=1929"},{"taxonomy":"product_cat","embeddable":true,"href":"https:\/\/partsandpieces.nl\/de\/wp-json\/wp\/v2\/product_cat?post=1929"},{"taxonomy":"product_tag","embeddable":true,"href":"https:\/\/partsandpieces.nl\/de\/wp-json\/wp\/v2\/product_tag?post=1929"}],"curies":[{"name":"wp","href":"https:\/\/api.w.org\/{rel}","templated":true}]}}