{"id":1940,"date":"2020-08-18T13:31:10","date_gmt":"2020-08-18T13:31:10","guid":{"rendered":"https:\/\/partsandpieces.bonsaidev.nl\/?product=thermo-wood-hout-olie-transp-1-lit"},"modified":"2026-04-07T09:14:00","modified_gmt":"2026-04-07T07:14:00","slug":"bormawachs-thermoholzol-fur-thermisch-behandeltes-holz-farblos","status":"publish","type":"product","link":"https:\/\/partsandpieces.nl\/de\/product\/borma-wachs-thermowood-olie-voor-thermisch-behandeld-hout-kleurloos\/","title":{"rendered":"Borma Wachs Thermoholz\u00f6l f\u00fcr thermisch behandeltes Holz (farblos) 1 Liter"},"content":{"rendered":"<p><strong>Thermoholz\u00f6l f\u00fcr thermisch behandeltes Holz (farblos)<\/strong> von <a href=\"http:\/\/www.bormawachs.com\">Borma Wachs<\/a> ist eine Mischung aus nat\u00fcrlichen \u00d6lharzen zur Anwendung auf thermisch behandeltem Holz. Es kann sowohl drinnen als auch drau\u00dfen verwendet werden. Dank seiner hohen Benetzungseigenschaften sch\u00fctzt es das Holz optimal und verst\u00e4rkt die dekorative Wirkung. Das Holz wird resistent gegen Wasser und Witterungseinfl\u00fcsse. Das \u00d6l ist mit UV-Filtern angereichert, die verhindern, dass sich die Farbe des Holzes durch Sonnenlicht ver\u00e4ndert. <strong>Perfekt f\u00fcr alle Thermoholzoberfl\u00e4chen: Gartenm\u00f6bel, Terrassen, Pergolen usw.<br \/>\n<\/strong><br \/>\nVerbrauch: 20-24 m\u00b2\/Liter.<\/p>\n<p>Anweisungen<br \/>\n\u2013 Thermowood Oil f\u00fcr thermisch modifiziertes Holz\u00f6l ist gebrauchsfertig und f\u00fcr alle thermisch behandelten Holzoberfl\u00e4chen geeignet<br \/>\n\u2013 Sie k\u00f6nnen es durch Eintauchen, mit einem Pinsel oder einer Rolle auftragen<br \/>\n\u2013 Mindestens zwei Schichten gleichm\u00e4\u00dfig auftragen und zwischen den Schichten trocknen lassen. Die nat\u00fcrliche und oxidative Trocknungszeit wird stark von der Bel\u00fcftung und den allgemeinen Wetterbedingungen beeinflusst<br \/>\n\u2013 Behandelte Fl\u00e4chen k\u00f6nnen bei Bedarf nach dem Schleifen \u00fcberlackiert werden.<\/p>","protected":false},"excerpt":{"rendered":"<p>Thermowood Olie voor thermisch behandeld hout (kleurloos) van Borma Wachs is een mengsel van natuurlijke olieharsen voor gebruik op thermisch behandeld hout. Het is zowel binnen als buiten te gebruiken. Dankzij de hoge bevochtigende eigenschappen beschermt het het hout optimaal en versterkt het het decoratieve effect. Het hout wordt bestand tegen water en weersinvloeden. De [&hellip;]<\/p>\n","protected":false},"featured_media":1941,"template":"","meta":{"_acf_changed":false},"product_brand":[],"product_cat":[67,74,64,76],"product_tag":[],"class_list":{"0":"post-1940","1":"product","2":"type-product","3":"status-publish","4":"has-post-thumbnail","6":"product_cat-danish-oil-en-outdoor-olie","7":"product_cat-meubelolie","8":"product_cat-oppervlakte-behandeling-borma-wachs","9":"product_cat-parketolie","11":"first","12":"instock","13":"taxable","14":"shipping-taxable","15":"purchasable","16":"product-type-simple"},"acf":[],"yoast_head":"<!-- This site is optimized with the Yoast SEO plugin v27.3 - https:\/\/yoast.com\/product\/yoast-seo-wordpress\/ -->\n<title>Olie voor thermisch behandeld hout van Borma Wachs<\/title>\n<meta name=\"description\" content=\"Thermowood Olie voor thermisch behandeld hout (kleurloos) van Borma Wachs is perfect voor elk thermisch houten oppervlak. Voor binnen en buiten..\" \/>\n<meta name=\"robots\" content=\"index, follow, max-snippet:-1, max-image-preview:large, max-video-preview:-1\" \/>\n<link rel=\"canonical\" href=\"https:\/\/partsandpieces.nl\/de\/produkt\/bormawachs-thermoholzol-fur-thermisch-behandeltes-holz-farblos\/\" \/>\n<meta property=\"og:locale\" content=\"de_DE\" \/>\n<meta property=\"og:type\" content=\"article\" \/>\n<meta property=\"og:title\" content=\"Olie voor thermisch behandeld hout van Borma Wachs\" \/>\n<meta property=\"og:description\" content=\"Thermowood Olie voor thermisch behandeld hout (kleurloos) van Borma Wachs is perfect voor elk thermisch houten oppervlak. Voor binnen en buiten..\" \/>\n<meta property=\"og:url\" content=\"https:\/\/partsandpieces.nl\/de\/produkt\/bormawachs-thermoholzol-fur-thermisch-behandeltes-holz-farblos\/\" \/>\n<meta property=\"og:site_name\" content=\"Parts &amp; Pieces\" \/>\n<meta property=\"article:modified_time\" content=\"2026-04-07T07:14:00+00:00\" \/>\n<meta property=\"og:image\" content=\"https:\/\/partsandpieces.nl\/wp-content\/uploads\/2022\/09\/ThermowoodhoutolieTransp.1lit..jpg\" \/>\n\t<meta property=\"og:image:width\" content=\"600\" \/>\n\t<meta property=\"og:image:height\" content=\"600\" \/>\n\t<meta property=\"og:image:type\" content=\"image\/jpeg\" \/>\n<meta name=\"twitter:card\" content=\"summary_large_image\" \/>\n<meta name=\"twitter:label1\" content=\"Gesch\u00e4tzte Lesezeit\" \/>\n\t<meta name=\"twitter:data1\" content=\"1\u00a0Minute\" \/>\n<script type=\"application\/ld+json\" class=\"yoast-schema-graph\">{\"@context\":\"https:\\\/\\\/schema.org\",\"@graph\":[{\"@type\":\"WebPage\",\"@id\":\"https:\\\/\\\/partsandpieces.nl\\\/product\\\/borma-wachs-thermowood-olie-voor-thermisch-behandeld-hout-kleurloos\\\/\",\"url\":\"https:\\\/\\\/partsandpieces.nl\\\/product\\\/borma-wachs-thermowood-olie-voor-thermisch-behandeld-hout-kleurloos\\\/\",\"name\":\"Olie voor thermisch behandeld hout van Borma Wachs\",\"isPartOf\":{\"@id\":\"https:\\\/\\\/partsandpieces.nl\\\/#website\"},\"primaryImageOfPage\":{\"@id\":\"https:\\\/\\\/partsandpieces.nl\\\/product\\\/borma-wachs-thermowood-olie-voor-thermisch-behandeld-hout-kleurloos\\\/#primaryimage\"},\"image\":{\"@id\":\"https:\\\/\\\/partsandpieces.nl\\\/product\\\/borma-wachs-thermowood-olie-voor-thermisch-behandeld-hout-kleurloos\\\/#primaryimage\"},\"thumbnailUrl\":\"https:\\\/\\\/partsandpieces.nl\\\/wp-content\\\/uploads\\\/2022\\\/09\\\/ThermowoodhoutolieTransp.1lit..jpg\",\"datePublished\":\"2020-08-18T13:31:10+00:00\",\"dateModified\":\"2026-04-07T07:14:00+00:00\",\"description\":\"Thermowood Olie voor thermisch behandeld hout (kleurloos) van Borma Wachs is perfect voor elk thermisch houten oppervlak. Voor binnen en buiten..\",\"breadcrumb\":{\"@id\":\"https:\\\/\\\/partsandpieces.nl\\\/product\\\/borma-wachs-thermowood-olie-voor-thermisch-behandeld-hout-kleurloos\\\/#breadcrumb\"},\"inLanguage\":\"de\",\"potentialAction\":[{\"@type\":\"ReadAction\",\"target\":[\"https:\\\/\\\/partsandpieces.nl\\\/product\\\/borma-wachs-thermowood-olie-voor-thermisch-behandeld-hout-kleurloos\\\/\"]}]},{\"@type\":\"ImageObject\",\"inLanguage\":\"de\",\"@id\":\"https:\\\/\\\/partsandpieces.nl\\\/product\\\/borma-wachs-thermowood-olie-voor-thermisch-behandeld-hout-kleurloos\\\/#primaryimage\",\"url\":\"https:\\\/\\\/partsandpieces.nl\\\/wp-content\\\/uploads\\\/2022\\\/09\\\/ThermowoodhoutolieTransp.1lit..jpg\",\"contentUrl\":\"https:\\\/\\\/partsandpieces.nl\\\/wp-content\\\/uploads\\\/2022\\\/09\\\/ThermowoodhoutolieTransp.1lit..jpg\",\"width\":600,\"height\":600},{\"@type\":\"BreadcrumbList\",\"@id\":\"https:\\\/\\\/partsandpieces.nl\\\/product\\\/borma-wachs-thermowood-olie-voor-thermisch-behandeld-hout-kleurloos\\\/#breadcrumb\",\"itemListElement\":[{\"@type\":\"ListItem\",\"position\":1,\"name\":\"Home\",\"item\":\"https:\\\/\\\/partsandpieces.nl\\\/home\\\/\"},{\"@type\":\"ListItem\",\"position\":2,\"name\":\"Winkel\",\"item\":\"https:\\\/\\\/partsandpieces.nl\\\/winkel\\\/\"},{\"@type\":\"ListItem\",\"position\":3,\"name\":\"Borma Wachs Thermowood Olie voor thermisch behandeld hout (kleurloos) 1 liter\"}]},{\"@type\":\"WebSite\",\"@id\":\"https:\\\/\\\/partsandpieces.nl\\\/#website\",\"url\":\"https:\\\/\\\/partsandpieces.nl\\\/\",\"name\":\"Parts &amp; Pieces\",\"description\":\"Alles voor uw meubelrestauratie en -onderhoud!\",\"potentialAction\":[{\"@type\":\"SearchAction\",\"target\":{\"@type\":\"EntryPoint\",\"urlTemplate\":\"https:\\\/\\\/partsandpieces.nl\\\/?s={search_term_string}\"},\"query-input\":{\"@type\":\"PropertyValueSpecification\",\"valueRequired\":true,\"valueName\":\"search_term_string\"}}],\"inLanguage\":\"de\"}]}<\/script>\n<!-- \/ Yoast SEO plugin. -->","yoast_head_json":{"title":"\u00d6l f\u00fcr thermisch behandeltes Holz von Borma Wachs","description":"Thermoholz\u00f6l f\u00fcr thermisch behandeltes Holz (farblos) von Borma Wachs ist perfekt f\u00fcr alle thermisch behandelten Holzoberfl\u00e4chen. F\u00fcr drinnen und drau\u00dfen.","robots":{"index":"index","follow":"follow","max-snippet":"max-snippet:-1","max-image-preview":"max-image-preview:large","max-video-preview":"max-video-preview:-1"},"canonical":"https:\/\/partsandpieces.nl\/de\/produkt\/bormawachs-thermoholzol-fur-thermisch-behandeltes-holz-farblos\/","og_locale":"de_DE","og_type":"article","og_title":"Olie voor thermisch behandeld hout van Borma Wachs","og_description":"Thermowood Olie voor thermisch behandeld hout (kleurloos) van Borma Wachs is perfect voor elk thermisch houten oppervlak. Voor binnen en buiten..","og_url":"https:\/\/partsandpieces.nl\/de\/produkt\/bormawachs-thermoholzol-fur-thermisch-behandeltes-holz-farblos\/","og_site_name":"Parts &amp; Pieces","article_modified_time":"2026-04-07T07:14:00+00:00","og_image":[{"width":600,"height":600,"url":"https:\/\/partsandpieces.nl\/wp-content\/uploads\/2022\/09\/ThermowoodhoutolieTransp.1lit..jpg","type":"image\/jpeg"}],"twitter_card":"summary_large_image","twitter_misc":{"Gesch\u00e4tzte Lesezeit":"1\u00a0Minute"},"schema":{"@context":"https:\/\/schema.org","@graph":[{"@type":"WebPage","@id":"https:\/\/partsandpieces.nl\/product\/borma-wachs-thermowood-olie-voor-thermisch-behandeld-hout-kleurloos\/","url":"https:\/\/partsandpieces.nl\/product\/borma-wachs-thermowood-olie-voor-thermisch-behandeld-hout-kleurloos\/","name":"\u00d6l f\u00fcr thermisch behandeltes Holz von Borma Wachs","isPartOf":{"@id":"https:\/\/partsandpieces.nl\/#website"},"primaryImageOfPage":{"@id":"https:\/\/partsandpieces.nl\/product\/borma-wachs-thermowood-olie-voor-thermisch-behandeld-hout-kleurloos\/#primaryimage"},"image":{"@id":"https:\/\/partsandpieces.nl\/product\/borma-wachs-thermowood-olie-voor-thermisch-behandeld-hout-kleurloos\/#primaryimage"},"thumbnailUrl":"https:\/\/partsandpieces.nl\/wp-content\/uploads\/2022\/09\/ThermowoodhoutolieTransp.1lit..jpg","datePublished":"2020-08-18T13:31:10+00:00","dateModified":"2026-04-07T07:14:00+00:00","description":"Thermoholz\u00f6l f\u00fcr thermisch behandeltes Holz (farblos) von Borma Wachs ist perfekt f\u00fcr alle thermisch behandelten Holzoberfl\u00e4chen. F\u00fcr drinnen und drau\u00dfen.","breadcrumb":{"@id":"https:\/\/partsandpieces.nl\/product\/borma-wachs-thermowood-olie-voor-thermisch-behandeld-hout-kleurloos\/#breadcrumb"},"inLanguage":"de","potentialAction":[{"@type":"ReadAction","target":["https:\/\/partsandpieces.nl\/product\/borma-wachs-thermowood-olie-voor-thermisch-behandeld-hout-kleurloos\/"]}]},{"@type":"ImageObject","inLanguage":"de","@id":"https:\/\/partsandpieces.nl\/product\/borma-wachs-thermowood-olie-voor-thermisch-behandeld-hout-kleurloos\/#primaryimage","url":"https:\/\/partsandpieces.nl\/wp-content\/uploads\/2022\/09\/ThermowoodhoutolieTransp.1lit..jpg","contentUrl":"https:\/\/partsandpieces.nl\/wp-content\/uploads\/2022\/09\/ThermowoodhoutolieTransp.1lit..jpg","width":600,"height":600},{"@type":"BreadcrumbList","@id":"https:\/\/partsandpieces.nl\/product\/borma-wachs-thermowood-olie-voor-thermisch-behandeld-hout-kleurloos\/#breadcrumb","itemListElement":[{"@type":"ListItem","position":1,"name":"Home","item":"https:\/\/partsandpieces.nl\/home\/"},{"@type":"ListItem","position":2,"name":"Winkel","item":"https:\/\/partsandpieces.nl\/winkel\/"},{"@type":"ListItem","position":3,"name":"Borma Wachs Thermowood Olie voor thermisch behandeld hout (kleurloos) 1 liter"}]},{"@type":"WebSite","@id":"https:\/\/partsandpieces.nl\/#website","url":"https:\/\/partsandpieces.nl\/","name":"Teile &amp; St\u00fccke","description":"Alles f\u00fcr Ihre M\u00f6belrestaurierung und -pflege!","potentialAction":[{"@type":"SearchAction","target":{"@type":"EntryPoint","urlTemplate":"https:\/\/partsandpieces.nl\/?s={search_term_string}"},"query-input":{"@type":"PropertyValueSpecification","valueRequired":true,"valueName":"search_term_string"}}],"inLanguage":"de"}]}},"_links":{"self":[{"href":"https:\/\/partsandpieces.nl\/de\/wp-json\/wp\/v2\/product\/1940","targetHints":{"allow":["GET"]}}],"collection":[{"href":"https:\/\/partsandpieces.nl\/de\/wp-json\/wp\/v2\/product"}],"about":[{"href":"https:\/\/partsandpieces.nl\/de\/wp-json\/wp\/v2\/types\/product"}],"wp:featuredmedia":[{"embeddable":true,"href":"https:\/\/partsandpieces.nl\/de\/wp-json\/wp\/v2\/media\/1941"}],"wp:attachment":[{"href":"https:\/\/partsandpieces.nl\/de\/wp-json\/wp\/v2\/media?parent=1940"}],"wp:term":[{"taxonomy":"product_brand","embeddable":true,"href":"https:\/\/partsandpieces.nl\/de\/wp-json\/wp\/v2\/product_brand?post=1940"},{"taxonomy":"product_cat","embeddable":true,"href":"https:\/\/partsandpieces.nl\/de\/wp-json\/wp\/v2\/product_cat?post=1940"},{"taxonomy":"product_tag","embeddable":true,"href":"https:\/\/partsandpieces.nl\/de\/wp-json\/wp\/v2\/product_tag?post=1940"}],"curies":[{"name":"wp","href":"https:\/\/api.w.org\/{rel}","templated":true}]}}